{"id":9076,"date":"2024-05-12T21:12:08","date_gmt":"2024-05-12T19:12:08","guid":{"rendered":"https:\/\/kurt-singer.com\/reiseseiten\/?page_id=9076"},"modified":"2026-04-11T22:01:48","modified_gmt":"2026-04-11T20:01:48","slug":"ueber-mich","status":"publish","type":"page","link":"https:\/\/kurt-singer.com\/reiseseiten\/","title":{"rendered":"\u00dcber mich"},"content":{"rendered":"\n<div class=\"et_pb_section_0 et_pb_section et_section_regular et_block_section\"><div class=\"et_pb_row_0 et_pb_row et_block_row\"><div class=\"et_pb_column_0 et_pb_column et_pb_column_4_4 et-last-child et_block_column et_pb_css_mix_blend_mode_passthrough\"><div class=\"et_pb_text_0 et_pb_text et_pb_bg_layout_light et_pb_module et_block_module\"><div class=\"et_pb_text_inner\"><h1 style=\"text-align: center;\">Zu Gast in der Welt<\/h1>\n<\/div><\/div><div class=\"et_pb_text_1 et_pb_text et_pb_bg_layout_light et_pb_module et_block_module\"><div class=\"et_pb_text_inner\"><h3 style=\"text-align: center;\">Ich m\u00f6chte sie Dir zeigen<\/h3>\n<\/div><\/div><div class=\"et_pb_text_2 et_pb_text et_pb_bg_layout_dark et_pb_module et_block_module\"><div class=\"et_pb_text_inner\"><h3>\u00dcber mich<\/h3>\n<\/div><\/div><\/div><\/div><div class=\"et_pb_row_1 et_pb_row et_block_row\"><div class=\"et_pb_column_1 et_pb_column et_pb_column_1_3 et_block_column et_pb_css_mix_blend_mode_passthrough\"><div class=\"et_pb_text_3 et_pb_text et_pb_bg_layout_light et_pb_module et_block_module\"><div class=\"et_pb_text_inner\"><div class=\"elementor-element elementor-element-trqbcvj elementor-column elementor-col-33 elementor-top-column\" data-id=\"trqbcvj\" data-element_type=\"column\">\n<div class=\"elementor-column-wrap elementor-element-populated\">\n<div class=\"elementor-widget-wrap\">\n<div class=\"elementor-element elementor-element-tlkrv38 elementor-widget elementor-widget-text-editor\" data-id=\"tlkrv38\" data-element_type=\"text-editor.default\">\n<div class=\"elementor-widget-container\">\n<div class=\"elementor-text-editor elementor-clearfix\">\n<p>Irgendwann entstand die Idee zu einer Internetseite, die die Welt in ihren Facetten vorstellt. Dazu haben wir das Internet durchforstet und werden das weiter tun, um die f\u00fcr uns subjektiv sch\u00f6nsten Reiseseiten zu suchen und hier vorzustellen.<\/p>\n<p>Wir wollten eigentlich f\u00fcr jedes Ziel nur eine Seite aufnehmen, f\u00fcr ein Land auch Unterziele, die wir gemeinsam beurteilt und f\u00fcr gut befunden haben. Das Gleiche gilt auch f\u00fcr besondere Hobbies wie Tauchen, Motorradfahren o.\u00e4, die mit Reisen verbunden sind. Aber bei der hohen Zahl gefundener Sites sollen alle Internetseiten, die ein Land, eine Region oder eine Stadt in besonderer Weise vorstellen, hier zu Wort kommen k\u00f6nnen, um Dir die M\u00f6glichkeit des virtuellen Reisens zu er\u00f6ffnen. Viel Spa\u00df beim St\u00f6bern.<\/p>\n<\/div>\n<\/div>\n<\/div>\n<\/div>\n<\/div>\n<\/div>\n<\/div><\/div><\/div><div class=\"et_pb_column_2 et_pb_column et_pb_column_1_3 et_block_column et_pb_css_mix_blend_mode_passthrough\"><div class=\"et_pb_text_4 et_pb_text et_pb_bg_layout_light et_pb_module et_block_module\"><div class=\"et_pb_text_inner\"><div class=\"elementor-element elementor-element-fyr9ow5 elementor-column elementor-col-33 elementor-top-column\" data-id=\"fyr9ow5\" data-element_type=\"column\">\n<div class=\"elementor-column-wrap elementor-element-populated\">\n<div class=\"elementor-widget-wrap\">\n<div class=\"elementor-element elementor-element-5v5irkb elementor-widget elementor-widget-text-editor\" data-id=\"5v5irkb\" data-element_type=\"text-editor.default\">\n<div class=\"elementor-widget-container\">\n<div class=\"elementor-text-editor elementor-clearfix\">\n<p>Wir haben keinerlei finanzielle Interessen, weder jetzt noch in der Zukunft. Wir m\u00f6chten in Zusammenarbeit mit den jeweiligen Erstellern, Betreibern und Reiseliebhabern diese Website zu einer umfassenden Informationsseite ausbauen. Nat\u00fcrlich k\u00f6nnte das dazu beitragen, da\u00df Deine Seite bei den Suchmaschinen h\u00f6her eingestuft wird, da\u00df mehr Menschen Deine Seite besuchen \u2013 den Erfolg kennen wir noch nicht.<\/p>\n<p>Am 28. Dezember 2015 haben wir begonnen, das Interesse an einem solchen Portal zu erkunden. Und deshalb bitten wir um Deine Mitarbeit, die eigentlich nur darin besteht, uns vielleicht einen eigenen, besonderen Banner zur Verf\u00fcgung zu stellen, mit dem wir dann den von uns erstellten ersetzen.<\/p>\n<\/div>\n<\/div>\n<\/div>\n<\/div>\n<\/div>\n<\/div>\n<\/div><\/div><\/div><div class=\"et_pb_column_3 et_pb_column et_pb_column_1_3 et-last-child et_block_column et_pb_css_mix_blend_mode_passthrough\"><div class=\"et_pb_text_5 et_pb_text et_pb_bg_layout_light et_pb_module et_block_module\"><div class=\"et_pb_text_inner\"><div class=\"elementor-element elementor-element-rfc6ruj elementor-column elementor-col-33 elementor-top-column\" data-id=\"rfc6ruj\" data-element_type=\"column\">\n<div class=\"elementor-column-wrap elementor-element-populated\">\n<div class=\"elementor-widget-wrap\">\n<div class=\"elementor-element elementor-element-vy1jq4y elementor-widget elementor-widget-text-editor\" data-id=\"vy1jq4y\" data-element_type=\"text-editor.default\">\n<div class=\"elementor-widget-container\">\n<div class=\"elementor-text-editor elementor-clearfix\">\n<p>Ausgew\u00e4hlt werden die Internetseiten (und neuerdings auch Blogs) durch das Team nach durchaus subjektiven Eindr\u00fccken, die sich auf das Webdesign und den Internetauftritt, vor allem aber auf den Inhalt st\u00fctzen. Wir alleine entscheiden, wen wir zur Darstellung einladen. Wenn Du m\u00f6chtest, kannst Du mitgestalten durch einen Banner, und Du kannst auch gerne einen eigenen Text formulieren, in dem Du auch Deinen eigenen Bezug zum dargestellten Ziel erkl\u00e4ren kannst.<\/p>\n<p>Ideen zur unserer Seitengestaltung und zum weiteren Aufbau nehmen wir gerne an.<\/p>\n<p>&nbsp;<\/p>\n<p><strong>Update<\/strong><\/p>\n<p>Inzwischen hat sich Engelbert hier ganz zur\u00fcck gezogen. Aber seine<a href=\"https:\/\/finnland.rupnow.eu\/\" target=\"_blank\" rel=\"noopener\"> Finnland-Seite<\/a> besteht noch und ist immer einen Besuch wert.<\/p>\n<\/div>\n<\/div>\n<\/div>\n<\/div>\n<\/div>\n<\/div>\n<\/div><\/div><\/div><\/div><div class=\"et_pb_row_2 et_pb_row et_block_row\"><div class=\"et_pb_column_4 et_pb_column et_pb_column_1_3 et_block_column et_pb_css_mix_blend_mode_passthrough\"><div class=\"et_pb_text_6 et_pb_text et_pb_bg_layout_light et_pb_module et_block_module\"><div class=\"et_pb_text_inner\"><p><a href=\"mailto:webmaster@kurt-singer.com\">Schreib mir eine Mail<\/a><\/p>\n<\/div><\/div><\/div><div class=\"et_pb_column_5 et_pb_column et_pb_column_1_3 et_block_column et_pb_css_mix_blend_mode_passthrough\"><div class=\"et_pb_text_7 et_pb_text et_pb_bg_layout_light et_pb_module et_block_module\"><div class=\"et_pb_text_inner\"><p>Letzte Aktualisierung: 19.02.2026<\/p>\n<\/div><\/div><\/div><div class=\"et_pb_column_6 et_pb_column et_pb_column_1_3 et-last-child et_block_column et_pb_column_empty et_pb_css_mix_blend_mode_passthrough\"><\/div><\/div><\/div>\n","protected":false},"excerpt":{"rendered":"","protected":false},"author":1,"featured_media":0,"parent":0,"menu_order":0,"comment_status":"closed","ping_status":"closed","template":"","meta":{"footnotes":""},"class_list":["post-9076","page","type-page","status-publish","hentry"],"_links":{"self":[{"href":"https:\/\/kurt-singer.com\/reiseseiten\/wp-json\/wp\/v2\/pages\/9076","targetHints":{"allow":["GET"]}}],"collection":[{"href":"https:\/\/kurt-singer.com\/reiseseiten\/wp-json\/wp\/v2\/pages"}],"about":[{"href":"https:\/\/kurt-singer.com\/reiseseiten\/wp-json\/wp\/v2\/types\/page"}],"author":[{"embeddable":true,"href":"https:\/\/kurt-singer.com\/reiseseiten\/wp-json\/wp\/v2\/users\/1"}],"replies":[{"embeddable":true,"href":"https:\/\/kurt-singer.com\/reiseseiten\/wp-json\/wp\/v2\/comments?post=9076"}],"version-history":[{"count":10,"href":"https:\/\/kurt-singer.com\/reiseseiten\/wp-json\/wp\/v2\/pages\/9076\/revisions"}],"predecessor-version":[{"id":9353,"href":"https:\/\/kurt-singer.com\/reiseseiten\/wp-json\/wp\/v2\/pages\/9076\/revisions\/9353"}],"wp:attachment":[{"href":"https:\/\/kurt-singer.com\/reiseseiten\/wp-json\/wp\/v2\/media?parent=9076"}],"curies":[{"name":"wp","href":"https:\/\/api.w.org\/{rel}","templated":true}]}}