{"id":9117,"date":"2024-05-12T21:35:07","date_gmt":"2024-05-12T19:35:07","guid":{"rendered":"https:\/\/kurt-singer.com\/reiseseiten\/?page_id=9117"},"modified":"2026-04-11T22:01:53","modified_gmt":"2026-04-11T20:01:53","slug":"deutschland","status":"publish","type":"page","link":"https:\/\/kurt-singer.com\/reiseseiten\/deutschland\/","title":{"rendered":"Deutschland"},"content":{"rendered":"<div class=\"et_pb_section_0 et_pb_section et_section_regular et_block_section\"><div class=\"et_pb_row_0 et_pb_row et_block_row\"><div class=\"et_pb_column_0 et_pb_column et_pb_column_4_4 et-last-child et_block_column et_pb_css_mix_blend_mode_passthrough\"><div class=\"et_pb_text_0 et_pb_text et_pb_bg_layout_dark et_pb_module et_block_module\"><div class=\"et_pb_text_inner\"><h3>Seiten aus Deutschland<\/h3>\n<\/div><\/div><\/div><\/div><div class=\"et_pb_row_1 et_pb_row et_block_row\"><div class=\"et_pb_column_1 et_pb_column et_pb_column_4_4 et-last-child et_block_column et_pb_css_mix_blend_mode_passthrough\"><div class=\"et_pb_image_0 et_pb_image et_pb_image_sticky et_pb_module et_block_module\"><span class=\"et_pb_image_wrap\"><img loading=\"lazy\" decoding=\"async\" src=\"https:\/\/kurt-singer.com\/reiseseiten\/wp-content\/uploads\/sites\/3\/2024\/05\/Banner-Ehrenbreitstein.jpg\" width=\"1200\" height=\"120\" srcset=\"https:\/\/kurt-singer.com\/reiseseiten\/wp-content\/uploads\/sites\/3\/2024\/05\/Banner-Ehrenbreitstein.jpg 1200w, https:\/\/kurt-singer.com\/reiseseiten\/wp-content\/uploads\/sites\/3\/2024\/05\/Banner-Ehrenbreitstein-980x98.jpg 980w, https:\/\/kurt-singer.com\/reiseseiten\/wp-content\/uploads\/sites\/3\/2024\/05\/Banner-Ehrenbreitstein-480x48.jpg 480w\" sizes=\"(min-width: 0px) and (max-width: 480px) 480px, (min-width: 481px) and (max-width: 980px) 980px, (min-width: 981px) 1200px, 100vw\" class=\"wp-image-35\" \/><\/span><\/div><\/div><\/div><div class=\"et_pb_row_2 et_pb_row et_pb_row_3-4_1-4 et_block_row et_block_row_3-4_1-4\"><div class=\"et_pb_column_2 et_pb_column et_pb_column_3_4 et_block_column et_pb_css_mix_blend_mode_passthrough\"><div class=\"et_pb_text_1 et_pb_text et_pb_bg_layout_light et_pb_module et_block_module\"><div class=\"et_pb_text_inner\"><p>Dies ist meine private Seite \u00fcber das Dahl und die Festung. Sie enth\u00e4lt umfangreiche Informationen \u00fcber die Geschichte, aktuelle Themen. Mit mehr als 1700 alten und neuen Fotos der ehemaligen selbst\u00e4ndigen Residenzstadt, davon mehr als 300 Fotos von der <a href=\"https:\/\/www.ehrenbreitstein.de\/festung\/\">Festung<\/a>, gibt sie auch einen visuellen \u00dcberblick.<\/p>\n<\/div><\/div><\/div><div class=\"et_pb_column_3 et_pb_column et_pb_column_1_4 et-last-child et_block_column et_pb_css_mix_blend_mode_passthrough\"><div class=\"et_pb_image_1 et_pb_image et_pb_module et_block_module\"><a href=\"https:\/\/www.ehrenbreitstein.de\" target=\"_blank\"><span class=\"et_pb_image_wrap\"><img loading=\"lazy\" decoding=\"async\" src=\"https:\/\/kurt-singer.com\/reiseseiten\/wp-content\/uploads\/sites\/3\/2024\/05\/ZurWebsite.png\" width=\"200\" height=\"37\" srcset=\"https:\/\/kurt-singer.com\/reiseseiten\/wp-content\/uploads\/sites\/3\/2024\/05\/ZurWebsite.png 200w\" sizes=\"(max-width: 200px) 100vw, 200px\" class=\"wp-image-6\" \/><\/span><\/a><\/div><\/div><\/div><div class=\"et_pb_row_3 et_pb_row et_block_row\"><div class=\"et_pb_column_4 et_pb_column et_pb_column_4_4 et-last-child et_block_column et_pb_css_mix_blend_mode_passthrough\"><div class=\"et_pb_divider_0 et_pb_divider et_pb_space et_pb_divider_position_top et_pb_module\"><div class=\"et_pb_divider_internal\"><\/div><\/div><\/div><\/div><\/div><div class=\"et_pb_section_1 et_pb_section et_section_regular et_block_section\"><div class=\"et_pb_row_4 et_pb_row et_block_row\"><div class=\"et_pb_column_5 et_pb_column et_pb_column_4_4 et-last-child et_block_column et_pb_css_mix_blend_mode_passthrough\"><div class=\"et_pb_image_2 et_pb_image et_pb_image_sticky et_pb_module et_block_module\"><span class=\"et_pb_image_wrap\"><img loading=\"lazy\" decoding=\"async\" src=\"https:\/\/kurt-singer.com\/reiseseiten\/wp-content\/uploads\/sites\/3\/2024\/05\/Banner-Hamburg.jpg\" width=\"1200\" height=\"120\" srcset=\"https:\/\/kurt-singer.com\/reiseseiten\/wp-content\/uploads\/sites\/3\/2024\/05\/Banner-Hamburg.jpg 1200w, https:\/\/kurt-singer.com\/reiseseiten\/wp-content\/uploads\/sites\/3\/2024\/05\/Banner-Hamburg-980x98.jpg 980w, https:\/\/kurt-singer.com\/reiseseiten\/wp-content\/uploads\/sites\/3\/2024\/05\/Banner-Hamburg-480x48.jpg 480w\" sizes=\"(min-width: 0px) and (max-width: 480px) 480px, (min-width: 481px) and (max-width: 980px) 980px, (min-width: 981px) 1200px, 100vw\" class=\"wp-image-34\" \/><\/span><\/div><\/div><\/div><div class=\"et_pb_row_5 et_pb_row et_pb_row_3-4_1-4 et_block_row et_block_row_3-4_1-4\"><div class=\"et_pb_column_6 et_pb_column et_pb_column_3_4 et_block_column et_pb_css_mix_blend_mode_passthrough\"><div class=\"et_pb_text_2 et_pb_text et_pb_bg_layout_light et_pb_module et_block_module\"><div class=\"et_pb_text_inner\"><p><span class=\"fs12lh1-5 cf1 ff1\">Die Hamburger Geschichte zum Nachlesen. Die wichtigen Daten, die Hamburg ver\u00e4nderten und alles, was aus der urspr\u00fcnglichen Hammaburg die Gro\u00dfstadt Hamburg machte.<\/span><\/p>\n<\/div><\/div><\/div><div class=\"et_pb_column_7 et_pb_column et_pb_column_1_4 et-last-child et_block_column et_pb_css_mix_blend_mode_passthrough\"><div class=\"et_pb_image_3 et_pb_image et_pb_module et_block_module\"><a href=\"https:\/\/hh-tipps.de\/\" target=\"_blank\"><span class=\"et_pb_image_wrap\"><img loading=\"lazy\" decoding=\"async\" src=\"https:\/\/kurt-singer.com\/reiseseiten\/wp-content\/uploads\/sites\/3\/2024\/05\/ZurWebsite.png\" width=\"200\" height=\"37\" srcset=\"https:\/\/kurt-singer.com\/reiseseiten\/wp-content\/uploads\/sites\/3\/2024\/05\/ZurWebsite.png 200w\" sizes=\"(max-width: 200px) 100vw, 200px\" class=\"wp-image-6\" \/><\/span><\/a><\/div><\/div><\/div><div class=\"et_pb_row_6 et_pb_row et_block_row\"><div class=\"et_pb_column_8 et_pb_column et_pb_column_4_4 et-last-child et_block_column et_pb_css_mix_blend_mode_passthrough\"><div class=\"et_pb_divider_1 et_pb_divider et_pb_space et_pb_divider_position_top et_pb_module\"><div class=\"et_pb_divider_internal\"><\/div><\/div><\/div><\/div><\/div><div class=\"et_pb_section_2 et_pb_section et_section_regular et_block_section\"><div class=\"et_pb_row_7 et_pb_row et_block_row\"><div class=\"et_pb_column_9 et_pb_column et_pb_column_4_4 et-last-child et_block_column et_pb_css_mix_blend_mode_passthrough\"><div class=\"et_pb_image_4 et_pb_image et_pb_image_sticky et_pb_module et_block_module\"><span class=\"et_pb_image_wrap\"><img loading=\"lazy\" decoding=\"async\" src=\"https:\/\/kurt-singer.com\/reiseseiten\/wp-content\/uploads\/sites\/3\/2024\/05\/Banner-Helgoland.jpg\" width=\"1200\" height=\"140\" srcset=\"https:\/\/kurt-singer.com\/reiseseiten\/wp-content\/uploads\/sites\/3\/2024\/05\/Banner-Helgoland.jpg 1200w, https:\/\/kurt-singer.com\/reiseseiten\/wp-content\/uploads\/sites\/3\/2024\/05\/Banner-Helgoland-980x114.jpg 980w, https:\/\/kurt-singer.com\/reiseseiten\/wp-content\/uploads\/sites\/3\/2024\/05\/Banner-Helgoland-480x56.jpg 480w\" sizes=\"(min-width: 0px) and (max-width: 480px) 480px, (min-width: 481px) and (max-width: 980px) 980px, (min-width: 981px) 1200px, 100vw\" class=\"wp-image-33\" \/><\/span><\/div><\/div><\/div><div class=\"et_pb_row_8 et_pb_row et_pb_row_3-4_1-4 et_block_row et_block_row_3-4_1-4\"><div class=\"et_pb_column_10 et_pb_column et_pb_column_3_4 et_block_column et_pb_css_mix_blend_mode_passthrough\"><div class=\"et_pb_text_3 et_pb_text et_pb_bg_layout_light et_pb_module et_block_module\"><div class=\"et_pb_text_inner\"><p>Der gar nicht einmal so kleine Buntsandsteinfelsen mit seiner vorgelagerten D\u00fcne inmitten der Nordsee geh\u00f6rt \u2013 nicht nur aus fotografischer Sicht \u2013 zu den wohl interessantesten Gegenden Deutschlands und ist an Abwechslungsreichtum kaum zu \u00fcberbieten. Wer einmal etwas mehr Zeit auf der Insel verbracht hat, wei\u00df ihre Vorz\u00fcge zu sch\u00e4tzen und wird immer wieder gerne herkommen.<\/p>\n<\/div><\/div><\/div><div class=\"et_pb_column_11 et_pb_column et_pb_column_1_4 et-last-child et_block_column et_pb_css_mix_blend_mode_passthrough\"><div class=\"et_pb_image_5 et_pb_image et_pb_module et_block_module\"><a href=\"https:\/\/www.helgoland-fan.de\/\" target=\"_blank\"><span class=\"et_pb_image_wrap\"><img loading=\"lazy\" decoding=\"async\" src=\"https:\/\/kurt-singer.com\/reiseseiten\/wp-content\/uploads\/sites\/3\/2024\/05\/ZurWebsite.png\" width=\"200\" height=\"37\" srcset=\"https:\/\/kurt-singer.com\/reiseseiten\/wp-content\/uploads\/sites\/3\/2024\/05\/ZurWebsite.png 200w\" sizes=\"(max-width: 200px) 100vw, 200px\" class=\"wp-image-6\" \/><\/span><\/a><\/div><\/div><\/div><div class=\"et_pb_row_9 et_pb_row et_block_row\"><div class=\"et_pb_column_12 et_pb_column et_pb_column_4_4 et-last-child et_block_column et_pb_css_mix_blend_mode_passthrough\"><div class=\"et_pb_divider_2 et_pb_divider et_pb_space et_pb_divider_position_top et_pb_module\"><div class=\"et_pb_divider_internal\"><\/div><\/div><\/div><\/div><\/div><div class=\"et_pb_section_3 et_pb_section et_section_regular et_block_section\"><div class=\"et_pb_row_10 et_pb_row et_block_row\"><div class=\"et_pb_column_13 et_pb_column et_pb_column_4_4 et-last-child et_block_column et_pb_css_mix_blend_mode_passthrough\"><div class=\"et_pb_image_6 et_pb_image et_pb_image_sticky et_pb_module et_block_module\"><span class=\"et_pb_image_wrap\"><img loading=\"lazy\" decoding=\"async\" src=\"https:\/\/kurt-singer.com\/reiseseiten\/wp-content\/uploads\/sites\/3\/2025\/08\/Mein-Ruhrgebiet.jpg\" width=\"1772\" height=\"260\" srcset=\"https:\/\/kurt-singer.com\/reiseseiten\/wp-content\/uploads\/sites\/3\/2025\/08\/Mein-Ruhrgebiet.jpg 1772w, https:\/\/kurt-singer.com\/reiseseiten\/wp-content\/uploads\/sites\/3\/2025\/08\/Mein-Ruhrgebiet-1280x188.jpg 1280w, https:\/\/kurt-singer.com\/reiseseiten\/wp-content\/uploads\/sites\/3\/2025\/08\/Mein-Ruhrgebiet-980x144.jpg 980w, https:\/\/kurt-singer.com\/reiseseiten\/wp-content\/uploads\/sites\/3\/2025\/08\/Mein-Ruhrgebiet-480x70.jpg 480w\" sizes=\"(min-width: 0px) and (max-width: 480px) 480px, (min-width: 481px) and (max-width: 980px) 980px, (min-width: 981px) and (max-width: 1280px) 1280px, (min-width: 1281px) 1772px, 100vw\" class=\"wp-image-9194\" title=\"Mein Ruhrgebiet\" \/><\/span><\/div><\/div><\/div><div class=\"et_pb_row_11 et_pb_row et_pb_row_3-4_1-4 et_block_row et_block_row_3-4_1-4\"><div class=\"et_pb_column_14 et_pb_column et_pb_column_3_4 et_block_column et_pb_css_mix_blend_mode_passthrough\"><div class=\"et_pb_text_4 et_pb_text et_pb_bg_layout_light et_pb_module et_block_module\"><div class=\"et_pb_text_inner\"><p>Dir ist es sicher auch nicht entgangen - der Sommer bringt uns immer h\u00f6here Temperaturen und der Hitzerekord in Duisburg liegt bei 41,2 Grad. Mir hilft an solchen Tagen nur eins: Eine Abk\u00fchlung! Und da ich damit nat\u00fcrlich nicht den Gartenschlauch oder das 2m\u00b2 Planschbecken auf dem Balkon meine, verrate ich dir meine vier liebsten Badeseen im Ruhrgebiet \u2013 und noch ein paar mehr.<\/p>\n<\/div><\/div><\/div><div class=\"et_pb_column_15 et_pb_column et_pb_column_1_4 et-last-child et_block_column et_pb_css_mix_blend_mode_passthrough\"><div class=\"et_pb_image_7 et_pb_image et_pb_module et_block_module\"><a href=\"https:\/\/www.mein-ruhrgebiet.blog\/badeseen\/\" target=\"_blank\"><span class=\"et_pb_image_wrap\"><img loading=\"lazy\" decoding=\"async\" src=\"https:\/\/kurt-singer.com\/reiseseiten\/wp-content\/uploads\/sites\/3\/2024\/05\/ZurWebsite.png\" width=\"200\" height=\"37\" srcset=\"https:\/\/kurt-singer.com\/reiseseiten\/wp-content\/uploads\/sites\/3\/2024\/05\/ZurWebsite.png 200w\" sizes=\"(max-width: 200px) 100vw, 200px\" class=\"wp-image-6\" \/><\/span><\/a><\/div><\/div><\/div><div class=\"et_pb_row_12 et_pb_row et_block_row\"><div class=\"et_pb_column_16 et_pb_column et_pb_column_4_4 et-last-child et_block_column et_pb_css_mix_blend_mode_passthrough\"><div class=\"et_pb_divider_3 et_pb_divider et_pb_space et_pb_divider_position_top et_pb_module\"><div class=\"et_pb_divider_internal\"><\/div><\/div><\/div><\/div><\/div>","protected":false},"excerpt":{"rendered":"","protected":false},"author":1,"featured_media":0,"parent":0,"menu_order":0,"comment_status":"closed","ping_status":"closed","template":"","meta":{"footnotes":""},"class_list":["post-9117","page","type-page","status-publish","hentry"],"_links":{"self":[{"href":"https:\/\/kurt-singer.com\/reiseseiten\/wp-json\/wp\/v2\/pages\/9117","targetHints":{"allow":["GET"]}}],"collection":[{"href":"https:\/\/kurt-singer.com\/reiseseiten\/wp-json\/wp\/v2\/pages"}],"about":[{"href":"https:\/\/kurt-singer.com\/reiseseiten\/wp-json\/wp\/v2\/types\/page"}],"author":[{"embeddable":true,"href":"https:\/\/kurt-singer.com\/reiseseiten\/wp-json\/wp\/v2\/users\/1"}],"replies":[{"embeddable":true,"href":"https:\/\/kurt-singer.com\/reiseseiten\/wp-json\/wp\/v2\/comments?post=9117"}],"version-history":[{"count":9,"href":"https:\/\/kurt-singer.com\/reiseseiten\/wp-json\/wp\/v2\/pages\/9117\/revisions"}],"predecessor-version":[{"id":9358,"href":"https:\/\/kurt-singer.com\/reiseseiten\/wp-json\/wp\/v2\/pages\/9117\/revisions\/9358"}],"wp:attachment":[{"href":"https:\/\/kurt-singer.com\/reiseseiten\/wp-json\/wp\/v2\/media?parent=9117"}],"curies":[{"name":"wp","href":"https:\/\/api.w.org\/{rel}","templated":true}]}}