{"id":9121,"date":"2024-05-12T21:35:50","date_gmt":"2024-05-12T19:35:50","guid":{"rendered":"https:\/\/kurt-singer.com\/reiseseiten\/?page_id=9121"},"modified":"2026-04-11T22:01:56","modified_gmt":"2026-04-11T20:01:56","slug":"italien","status":"publish","type":"page","link":"https:\/\/kurt-singer.com\/reiseseiten\/italien\/","title":{"rendered":"Italien"},"content":{"rendered":"<div class=\"et_pb_section_0 et_pb_section et_section_regular et_block_section\"><div class=\"et_pb_row_0 et_pb_row et_block_row\"><div class=\"et_pb_column_0 et_pb_column et_pb_column_4_4 et-last-child et_block_column et_pb_css_mix_blend_mode_passthrough\"><div class=\"et_pb_text_0 et_pb_text et_pb_bg_layout_dark et_pb_module et_block_module\"><div class=\"et_pb_text_inner\"><h3>Seiten aus Italien<\/h3>\n<\/div><\/div><\/div><\/div><div class=\"et_pb_row_1 et_pb_row et_block_row\"><div class=\"et_pb_column_1 et_pb_column et_pb_column_4_4 et-last-child et_block_column et_pb_css_mix_blend_mode_passthrough\"><div class=\"et_pb_image_0 et_pb_image et_pb_image_sticky et_pb_module et_block_module\"><span class=\"et_pb_image_wrap\"><img loading=\"lazy\" decoding=\"async\" src=\"https:\/\/kurt-singer.com\/reiseseiten\/wp-content\/uploads\/sites\/3\/2024\/05\/Banner-Elba.jpg\" width=\"1200\" height=\"120\" srcset=\"https:\/\/kurt-singer.com\/reiseseiten\/wp-content\/uploads\/sites\/3\/2024\/05\/Banner-Elba.jpg 1200w, https:\/\/kurt-singer.com\/reiseseiten\/wp-content\/uploads\/sites\/3\/2024\/05\/Banner-Elba-980x98.jpg 980w, https:\/\/kurt-singer.com\/reiseseiten\/wp-content\/uploads\/sites\/3\/2024\/05\/Banner-Elba-480x48.jpg 480w\" sizes=\"(min-width: 0px) and (max-width: 480px) 480px, (min-width: 481px) and (max-width: 980px) 980px, (min-width: 981px) 1200px, 100vw\" class=\"wp-image-31\" \/><\/span><\/div><\/div><\/div><div class=\"et_pb_row_2 et_pb_row et_pb_row_3-4_1-4 et_block_row et_block_row_3-4_1-4\"><div class=\"et_pb_column_2 et_pb_column et_pb_column_3_4 et_block_column et_pb_css_mix_blend_mode_passthrough\"><div class=\"et_pb_text_1 et_pb_text et_pb_bg_layout_light et_pb_module et_block_module\"><div class=\"et_pb_text_inner\"><p>Entspannung, Sport, Vergn\u00fcgen und Geschichte, das alles in einer atemberaubenden Natur und eingebettet im azurblauen Meer - Das sind die wichtigsten Zutaten, die einen Urlaub auf der toskanischen Insel Elba lohnenswert machen.<\/p>\n<p>Auf der drittgr\u00f6\u00dften Insel Italiens und zugleich der gr\u00f6\u00dften des toskanischen Archipels wohnen rund 35.000 Menschen, verteilt in acht Gemeinden, wovon ca. 12.000 in der Inselhauptstadt Portoferraio leben.<\/p>\n<\/div><\/div><\/div><div class=\"et_pb_column_3 et_pb_column et_pb_column_1_4 et-last-child et_block_column et_pb_css_mix_blend_mode_passthrough\"><div class=\"et_pb_image_1 et_pb_image et_pb_module et_block_module\"><a href=\"https:\/\/elbahome.de\/index.html\" target=\"_blank\"><span class=\"et_pb_image_wrap\"><img loading=\"lazy\" decoding=\"async\" src=\"https:\/\/kurt-singer.com\/reiseseiten\/wp-content\/uploads\/sites\/3\/2024\/05\/ZurWebsite.png\" width=\"200\" height=\"37\" srcset=\"https:\/\/kurt-singer.com\/reiseseiten\/wp-content\/uploads\/sites\/3\/2024\/05\/ZurWebsite.png 200w\" sizes=\"(max-width: 200px) 100vw, 200px\" class=\"wp-image-6\" \/><\/span><\/a><\/div><\/div><\/div><div class=\"et_pb_row_3 et_pb_row et_block_row\"><div class=\"et_pb_column_4 et_pb_column et_pb_column_4_4 et-last-child et_block_column et_pb_css_mix_blend_mode_passthrough\"><div class=\"et_pb_divider_0 et_pb_divider et_pb_space et_pb_divider_position_top et_pb_module\"><div class=\"et_pb_divider_internal\"><\/div><\/div><\/div><\/div><\/div>","protected":false},"excerpt":{"rendered":"","protected":false},"author":1,"featured_media":0,"parent":0,"menu_order":0,"comment_status":"closed","ping_status":"closed","template":"","meta":{"footnotes":""},"class_list":["post-9121","page","type-page","status-publish","hentry"],"_links":{"self":[{"href":"https:\/\/kurt-singer.com\/reiseseiten\/wp-json\/wp\/v2\/pages\/9121","targetHints":{"allow":["GET"]}}],"collection":[{"href":"https:\/\/kurt-singer.com\/reiseseiten\/wp-json\/wp\/v2\/pages"}],"about":[{"href":"https:\/\/kurt-singer.com\/reiseseiten\/wp-json\/wp\/v2\/types\/page"}],"author":[{"embeddable":true,"href":"https:\/\/kurt-singer.com\/reiseseiten\/wp-json\/wp\/v2\/users\/1"}],"replies":[{"embeddable":true,"href":"https:\/\/kurt-singer.com\/reiseseiten\/wp-json\/wp\/v2\/comments?post=9121"}],"version-history":[{"count":4,"href":"https:\/\/kurt-singer.com\/reiseseiten\/wp-json\/wp\/v2\/pages\/9121\/revisions"}],"predecessor-version":[{"id":9360,"href":"https:\/\/kurt-singer.com\/reiseseiten\/wp-json\/wp\/v2\/pages\/9121\/revisions\/9360"}],"wp:attachment":[{"href":"https:\/\/kurt-singer.com\/reiseseiten\/wp-json\/wp\/v2\/media?parent=9121"}],"curies":[{"name":"wp","href":"https:\/\/api.w.org\/{rel}","templated":true}]}}