{"id":9143,"date":"2024-05-12T22:14:46","date_gmt":"2024-05-12T20:14:46","guid":{"rendered":"https:\/\/kurt-singer.com\/reiseseiten\/?page_id=9143"},"modified":"2026-04-11T22:01:59","modified_gmt":"2026-04-11T20:01:59","slug":"indonesien","status":"publish","type":"page","link":"https:\/\/kurt-singer.com\/reiseseiten\/indonesien\/","title":{"rendered":"Indonesien"},"content":{"rendered":"<div class=\"et_pb_section_0 et_pb_section et_section_regular et_block_section\"><div class=\"et_pb_row_0 et_pb_row et_block_row\"><div class=\"et_pb_column_0 et_pb_column et_pb_column_4_4 et-last-child et_block_column et_pb_css_mix_blend_mode_passthrough\"><div class=\"et_pb_text_0 et_pb_text et_pb_bg_layout_dark et_pb_module et_block_module\"><div class=\"et_pb_text_inner\"><h3>Seiten aus Indonesien<\/h3>\n<\/div><\/div><\/div><\/div><div class=\"et_pb_row_1 et_pb_row et_block_row\"><div class=\"et_pb_column_1 et_pb_column et_pb_column_4_4 et-last-child et_block_column et_pb_css_mix_blend_mode_passthrough\"><div class=\"et_pb_image_0 et_pb_image et_pb_image_sticky et_pb_module et_block_module\"><span class=\"et_pb_image_wrap\"><img loading=\"lazy\" decoding=\"async\" src=\"https:\/\/kurt-singer.com\/reiseseiten\/wp-content\/uploads\/sites\/3\/2024\/05\/Banner-Bali.jpg\" width=\"1200\" height=\"120\" srcset=\"https:\/\/kurt-singer.com\/reiseseiten\/wp-content\/uploads\/sites\/3\/2024\/05\/Banner-Bali.jpg 1200w, https:\/\/kurt-singer.com\/reiseseiten\/wp-content\/uploads\/sites\/3\/2024\/05\/Banner-Bali-980x98.jpg 980w, https:\/\/kurt-singer.com\/reiseseiten\/wp-content\/uploads\/sites\/3\/2024\/05\/Banner-Bali-480x48.jpg 480w\" sizes=\"(min-width: 0px) and (max-width: 480px) 480px, (min-width: 481px) and (max-width: 980px) 980px, (min-width: 981px) 1200px, 100vw\" class=\"wp-image-21\" \/><\/span><\/div><\/div><\/div><div class=\"et_pb_row_2 et_pb_row et_pb_row_3-4_1-4 et_block_row et_block_row_3-4_1-4\"><div class=\"et_pb_column_2 et_pb_column et_pb_column_3_4 et_block_column et_pb_css_mix_blend_mode_passthrough\"><div class=\"et_pb_text_1 et_pb_text et_pb_bg_layout_light et_pb_module et_block_module\"><div class=\"et_pb_text_inner\"><p>Diese Seite entsteht, weil wir selbst Bali lieben und deshalb m\u00f6chten wir euch informieren, was man da so alles machen und erleben kann.<br \/>\nFalls Ihr noch nicht wi\u00dft, wo Ihr euren n\u00e4chsten Urlaub verbringen wollt, dann k\u00f6nnen wir vielleicht mit Hilfe dieser Seite Euer Interesse erwecken, nach Bali zu fliegen.<br \/>\nZudem m\u00f6chten wir Euch unsere Lieblingsstadt Surabaya (Die Stadt der Helden) und das Dorf Trowulan vorstellen.<\/p>\n<\/div><\/div><\/div><div class=\"et_pb_column_3 et_pb_column et_pb_column_1_4 et-last-child et_block_column et_pb_css_mix_blend_mode_passthrough\"><div class=\"et_pb_image_1 et_pb_image et_pb_module et_block_module\"><a href=\"http:\/\/www.bali-indonesien.de\/\" target=\"_blank\"><span class=\"et_pb_image_wrap\"><img loading=\"lazy\" decoding=\"async\" src=\"https:\/\/kurt-singer.com\/reiseseiten\/wp-content\/uploads\/sites\/3\/2024\/05\/ZurWebsite.png\" width=\"200\" height=\"37\" srcset=\"https:\/\/kurt-singer.com\/reiseseiten\/wp-content\/uploads\/sites\/3\/2024\/05\/ZurWebsite.png 200w\" sizes=\"(max-width: 200px) 100vw, 200px\" class=\"wp-image-6\" \/><\/span><\/a><\/div><\/div><\/div><div class=\"et_pb_row_3 et_pb_row et_block_row\"><div class=\"et_pb_column_4 et_pb_column et_pb_column_4_4 et-last-child et_block_column et_pb_css_mix_blend_mode_passthrough\"><div class=\"et_pb_divider_0 et_pb_divider et_pb_space et_pb_divider_position_top et_pb_module\"><div class=\"et_pb_divider_internal\"><\/div><\/div><\/div><\/div><\/div><div class=\"et_pb_section_1 et_pb_section et_section_regular et_block_section\"><div class=\"et_pb_row_4 et_pb_row et_block_row\"><div class=\"et_pb_column_5 et_pb_column et_pb_column_4_4 et-last-child et_block_column et_pb_css_mix_blend_mode_passthrough\"><div class=\"et_pb_image_2 et_pb_image et_pb_image_sticky et_pb_module et_block_module\"><span class=\"et_pb_image_wrap\"><img loading=\"lazy\" decoding=\"async\" src=\"https:\/\/kurt-singer.com\/reiseseiten\/wp-content\/uploads\/sites\/3\/2024\/05\/Banner-Lombok.jpg\" width=\"1200\" height=\"120\" srcset=\"https:\/\/kurt-singer.com\/reiseseiten\/wp-content\/uploads\/sites\/3\/2024\/05\/Banner-Lombok.jpg 1200w, https:\/\/kurt-singer.com\/reiseseiten\/wp-content\/uploads\/sites\/3\/2024\/05\/Banner-Lombok-980x98.jpg 980w, https:\/\/kurt-singer.com\/reiseseiten\/wp-content\/uploads\/sites\/3\/2024\/05\/Banner-Lombok-480x48.jpg 480w\" sizes=\"(min-width: 0px) and (max-width: 480px) 480px, (min-width: 481px) and (max-width: 980px) 980px, (min-width: 981px) 1200px, 100vw\" class=\"wp-image-20\" \/><\/span><\/div><\/div><\/div><div class=\"et_pb_row_5 et_pb_row et_pb_row_3-4_1-4 et_block_row et_block_row_3-4_1-4\"><div class=\"et_pb_column_6 et_pb_column et_pb_column_3_4 et_block_column et_pb_css_mix_blend_mode_passthrough\"><div class=\"et_pb_text_2 et_pb_text et_pb_bg_layout_light et_pb_module et_block_module\"><div class=\"et_pb_text_inner\"><p><strong>Selamat Datang \u2013 Willkommen in Kuta-Lombok, Indonesien!<\/strong><\/p>\n<p>\u00d6stlich der Insel Bali, Indonesien, liegt die Insel Lombok. An Lombok\u2019s S\u00fcdk\u00fcste befindet sich das kleine Fischerdorf Kuta-Lombok. Ganz anders als seine gro\u00dfe Schwester Kuta in Bali ist Kuta-Lombok ein kleines Dorf das sich noch ganz urspr\u00fcnglich darstellt.<\/p>\n<p>Der Name Lombok bedeutet Chili und das ist auch allerorts zu sehen und zu schmecken, ob an B\u00fcschen, auf dem Marktplatz oder in den Warungs, den einheimischen Gark\u00fcchen, die es wahrlich auszahlt zu besuchen.<\/p>\n<\/div><\/div><\/div><div class=\"et_pb_column_7 et_pb_column et_pb_column_1_4 et-last-child et_block_column et_pb_css_mix_blend_mode_passthrough\"><div class=\"et_pb_image_3 et_pb_image et_pb_module et_block_module\"><a href=\"http:\/\/www.kuta-lombok.net\/\" target=\"_blank\"><span class=\"et_pb_image_wrap\"><img loading=\"lazy\" decoding=\"async\" src=\"https:\/\/kurt-singer.com\/reiseseiten\/wp-content\/uploads\/sites\/3\/2024\/05\/ZurWebsite.png\" width=\"200\" height=\"37\" srcset=\"https:\/\/kurt-singer.com\/reiseseiten\/wp-content\/uploads\/sites\/3\/2024\/05\/ZurWebsite.png 200w\" sizes=\"(max-width: 200px) 100vw, 200px\" class=\"wp-image-6\" \/><\/span><\/a><\/div><\/div><\/div><div class=\"et_pb_row_6 et_pb_row et_block_row\"><div class=\"et_pb_column_8 et_pb_column et_pb_column_4_4 et-last-child et_block_column et_pb_css_mix_blend_mode_passthrough\"><div class=\"et_pb_divider_1 et_pb_divider et_pb_space et_pb_divider_position_top et_pb_module\"><div class=\"et_pb_divider_internal\"><\/div><\/div><\/div><\/div><\/div>","protected":false},"excerpt":{"rendered":"","protected":false},"author":1,"featured_media":0,"parent":0,"menu_order":0,"comment_status":"closed","ping_status":"closed","template":"","meta":{"footnotes":""},"class_list":["post-9143","page","type-page","status-publish","hentry"],"_links":{"self":[{"href":"https:\/\/kurt-singer.com\/reiseseiten\/wp-json\/wp\/v2\/pages\/9143","targetHints":{"allow":["GET"]}}],"collection":[{"href":"https:\/\/kurt-singer.com\/reiseseiten\/wp-json\/wp\/v2\/pages"}],"about":[{"href":"https:\/\/kurt-singer.com\/reiseseiten\/wp-json\/wp\/v2\/types\/page"}],"author":[{"embeddable":true,"href":"https:\/\/kurt-singer.com\/reiseseiten\/wp-json\/wp\/v2\/users\/1"}],"replies":[{"embeddable":true,"href":"https:\/\/kurt-singer.com\/reiseseiten\/wp-json\/wp\/v2\/comments?post=9143"}],"version-history":[{"count":4,"href":"https:\/\/kurt-singer.com\/reiseseiten\/wp-json\/wp\/v2\/pages\/9143\/revisions"}],"predecessor-version":[{"id":9363,"href":"https:\/\/kurt-singer.com\/reiseseiten\/wp-json\/wp\/v2\/pages\/9143\/revisions\/9363"}],"wp:attachment":[{"href":"https:\/\/kurt-singer.com\/reiseseiten\/wp-json\/wp\/v2\/media?parent=9143"}],"curies":[{"name":"wp","href":"https:\/\/api.w.org\/{rel}","templated":true}]}}