{"id":9145,"date":"2024-05-12T22:15:53","date_gmt":"2024-05-12T20:15:53","guid":{"rendered":"https:\/\/kurt-singer.com\/reiseseiten\/?page_id=9145"},"modified":"2026-04-11T22:02:00","modified_gmt":"2026-04-11T20:02:00","slug":"philippinen","status":"publish","type":"page","link":"https:\/\/kurt-singer.com\/reiseseiten\/philippinen\/","title":{"rendered":"Philippinen"},"content":{"rendered":"<div class=\"et_pb_section_0 et_pb_section et_section_regular et_block_section\"><div class=\"et_pb_row_0 et_pb_row et_block_row\"><div class=\"et_pb_column_0 et_pb_column et_pb_column_4_4 et-last-child et_block_column et_pb_css_mix_blend_mode_passthrough\"><div class=\"et_pb_text_0 et_pb_text et_pb_bg_layout_dark et_pb_module et_block_module\"><div class=\"et_pb_text_inner\"><h3>Seiten aus den Philippinen<\/h3>\n<\/div><\/div><\/div><\/div><div class=\"et_pb_row_1 et_pb_row et_block_row\"><div class=\"et_pb_column_1 et_pb_column et_pb_column_4_4 et-last-child et_block_column et_pb_css_mix_blend_mode_passthrough\"><div class=\"et_pb_image_0 et_pb_image et_pb_image_sticky et_pb_module et_block_module\"><span class=\"et_pb_image_wrap\"><img loading=\"lazy\" decoding=\"async\" src=\"https:\/\/kurt-singer.com\/reiseseiten\/wp-content\/uploads\/sites\/3\/2024\/05\/Banner-Boracay.jpg\" width=\"1200\" height=\"120\" srcset=\"https:\/\/kurt-singer.com\/reiseseiten\/wp-content\/uploads\/sites\/3\/2024\/05\/Banner-Boracay.jpg 1200w, https:\/\/kurt-singer.com\/reiseseiten\/wp-content\/uploads\/sites\/3\/2024\/05\/Banner-Boracay-980x98.jpg 980w, https:\/\/kurt-singer.com\/reiseseiten\/wp-content\/uploads\/sites\/3\/2024\/05\/Banner-Boracay-480x48.jpg 480w\" sizes=\"(min-width: 0px) and (max-width: 480px) 480px, (min-width: 481px) and (max-width: 980px) 980px, (min-width: 981px) 1200px, 100vw\" class=\"wp-image-19\" \/><\/span><\/div><\/div><\/div><div class=\"et_pb_row_2 et_pb_row et_pb_row_3-4_1-4 et_block_row et_block_row_3-4_1-4\"><div class=\"et_pb_column_2 et_pb_column et_pb_column_3_4 et_block_column et_pb_css_mix_blend_mode_passthrough\"><div class=\"et_pb_text_1 et_pb_text et_pb_bg_layout_light et_pb_module et_block_module\"><div class=\"et_pb_text_inner\"><p>Gerd Winterfeld lebt schon sehr lange in S\u00fcdostasien und hat sich zuletzt f\u00fcr Boracay entschieden. Er schildert diese Insel, die vor Jahrzehnten als reines Backpackerziel bekannt wurde und jetzt auch f\u00fcr den so genannten Qualit\u00e4tstourismus aufbereitet wurde, aus eigenem Er-\u201dLeben\u201d.<\/p>\n<p>Man kann auch leicht feststellen, da\u00df Tauchen zu seinen Vorlieben geh\u00f6rt.<\/p>\n<\/div><\/div><\/div><div class=\"et_pb_column_3 et_pb_column et_pb_column_1_4 et-last-child et_block_column et_pb_css_mix_blend_mode_passthrough\"><div class=\"et_pb_image_1 et_pb_image et_pb_module et_block_module\"><a href=\"https:\/\/www.boracay-philippinen.de\/\" target=\"_blank\"><span class=\"et_pb_image_wrap\"><img loading=\"lazy\" decoding=\"async\" src=\"https:\/\/kurt-singer.com\/reiseseiten\/wp-content\/uploads\/sites\/3\/2024\/05\/ZurWebsite.png\" width=\"200\" height=\"37\" srcset=\"https:\/\/kurt-singer.com\/reiseseiten\/wp-content\/uploads\/sites\/3\/2024\/05\/ZurWebsite.png 200w\" sizes=\"(max-width: 200px) 100vw, 200px\" class=\"wp-image-6\" \/><\/span><\/a><\/div><\/div><\/div><div class=\"et_pb_row_3 et_pb_row et_block_row\"><div class=\"et_pb_column_4 et_pb_column et_pb_column_4_4 et-last-child et_block_column et_pb_css_mix_blend_mode_passthrough\"><div class=\"et_pb_divider_0 et_pb_divider et_pb_space et_pb_divider_position_top et_pb_module\"><div class=\"et_pb_divider_internal\"><\/div><\/div><\/div><\/div><\/div><div class=\"et_pb_section_1 et_pb_section et_section_regular et_block_section\"><div class=\"et_pb_row_4 et_pb_row et_block_row\"><div class=\"et_pb_column_5 et_pb_column et_pb_column_4_4 et-last-child et_block_column et_pb_css_mix_blend_mode_passthrough\"><div class=\"et_pb_image_2 et_pb_image et_pb_image_sticky et_pb_module et_block_module\"><span class=\"et_pb_image_wrap\"><img loading=\"lazy\" decoding=\"async\" src=\"https:\/\/kurt-singer.com\/reiseseiten\/wp-content\/uploads\/sites\/3\/2024\/05\/Banner-Cebu.jpg\" width=\"1200\" height=\"120\" srcset=\"https:\/\/kurt-singer.com\/reiseseiten\/wp-content\/uploads\/sites\/3\/2024\/05\/Banner-Cebu.jpg 1200w, https:\/\/kurt-singer.com\/reiseseiten\/wp-content\/uploads\/sites\/3\/2024\/05\/Banner-Cebu-980x98.jpg 980w, https:\/\/kurt-singer.com\/reiseseiten\/wp-content\/uploads\/sites\/3\/2024\/05\/Banner-Cebu-480x48.jpg 480w\" sizes=\"(min-width: 0px) and (max-width: 480px) 480px, (min-width: 481px) and (max-width: 980px) 980px, (min-width: 981px) 1200px, 100vw\" class=\"wp-image-18\" \/><\/span><\/div><\/div><\/div><div class=\"et_pb_row_5 et_pb_row et_pb_row_3-4_1-4 et_block_row et_block_row_3-4_1-4\"><div class=\"et_pb_column_6 et_pb_column et_pb_column_3_4 et_block_column et_pb_css_mix_blend_mode_passthrough\"><div class=\"et_pb_text_2 et_pb_text et_pb_bg_layout_light et_pb_module et_block_module\"><div class=\"et_pb_text_inner\"><p>Die Seite ist sehr umfangreich und bietet viele Informationen \u00fcber die Insel Cebu. Auch pers\u00f6nliche Eindr\u00fccke und Erlebnisse sind geschildert. Mir hat vor allem gut gefallen die Schilderung einer Landung in Frankfurt nach einem Aufenthalt in Cebu auf der Seite Kulturschock.<\/p>\n<p>Kurt Singer<\/p>\n<\/div><\/div><\/div><div class=\"et_pb_column_7 et_pb_column et_pb_column_1_4 et-last-child et_block_column et_pb_css_mix_blend_mode_passthrough\"><div class=\"et_pb_image_3 et_pb_image et_pb_module et_block_module\"><a href=\"http:\/\/www.cebu-life.de\/\" target=\"_blank\"><span class=\"et_pb_image_wrap\"><img loading=\"lazy\" decoding=\"async\" src=\"https:\/\/kurt-singer.com\/reiseseiten\/wp-content\/uploads\/sites\/3\/2024\/05\/ZurWebsite.png\" width=\"200\" height=\"37\" srcset=\"https:\/\/kurt-singer.com\/reiseseiten\/wp-content\/uploads\/sites\/3\/2024\/05\/ZurWebsite.png 200w\" sizes=\"(max-width: 200px) 100vw, 200px\" class=\"wp-image-6\" \/><\/span><\/a><\/div><\/div><\/div><div class=\"et_pb_row_6 et_pb_row et_block_row\"><div class=\"et_pb_column_8 et_pb_column et_pb_column_4_4 et-last-child et_block_column et_pb_css_mix_blend_mode_passthrough\"><div class=\"et_pb_divider_1 et_pb_divider et_pb_space et_pb_divider_position_top et_pb_module\"><div class=\"et_pb_divider_internal\"><\/div><\/div><\/div><\/div><\/div>","protected":false},"excerpt":{"rendered":"","protected":false},"author":1,"featured_media":0,"parent":0,"menu_order":0,"comment_status":"closed","ping_status":"closed","template":"","meta":{"footnotes":""},"class_list":["post-9145","page","type-page","status-publish","hentry"],"_links":{"self":[{"href":"https:\/\/kurt-singer.com\/reiseseiten\/wp-json\/wp\/v2\/pages\/9145","targetHints":{"allow":["GET"]}}],"collection":[{"href":"https:\/\/kurt-singer.com\/reiseseiten\/wp-json\/wp\/v2\/pages"}],"about":[{"href":"https:\/\/kurt-singer.com\/reiseseiten\/wp-json\/wp\/v2\/types\/page"}],"author":[{"embeddable":true,"href":"https:\/\/kurt-singer.com\/reiseseiten\/wp-json\/wp\/v2\/users\/1"}],"replies":[{"embeddable":true,"href":"https:\/\/kurt-singer.com\/reiseseiten\/wp-json\/wp\/v2\/comments?post=9145"}],"version-history":[{"count":4,"href":"https:\/\/kurt-singer.com\/reiseseiten\/wp-json\/wp\/v2\/pages\/9145\/revisions"}],"predecessor-version":[{"id":9364,"href":"https:\/\/kurt-singer.com\/reiseseiten\/wp-json\/wp\/v2\/pages\/9145\/revisions\/9364"}],"wp:attachment":[{"href":"https:\/\/kurt-singer.com\/reiseseiten\/wp-json\/wp\/v2\/media?parent=9145"}],"curies":[{"name":"wp","href":"https:\/\/api.w.org\/{rel}","templated":true}]}}