{"id":9174,"date":"2025-03-28T10:25:41","date_gmt":"2025-03-28T09:25:41","guid":{"rendered":"https:\/\/kurt-singer.com\/reiseseiten\/?page_id=9174"},"modified":"2026-04-11T22:02:03","modified_gmt":"2026-04-11T20:02:03","slug":"kombiseite","status":"publish","type":"page","link":"https:\/\/kurt-singer.com\/reiseseiten\/kombiseite\/","title":{"rendered":"Kombiseite"},"content":{"rendered":"\n<div class=\"et_pb_section_0 et_pb_section et_section_regular et_block_section et_pb_section_parallax\"><span class=\"et-pb-parallax-wrapper\"><span class=\"et-pb-parallax-background et-pb-parallax-background-module--divi-section-0\" style=\"background-image:url(https:\/\/kurt-singer.com\/reiseseiten\/wp-content\/uploads\/sites\/3\/2024\/05\/Panorama.jpg)\"><\/span><\/span><div class=\"et_pb_row_0 et_pb_row et_block_row\"><div class=\"et_pb_column_0 et_pb_column et_pb_column_4_4 et-last-child et_block_column et_pb_css_mix_blend_mode_passthrough\"><div class=\"et_pb_text_0 et_pb_text et_pb_bg_layout_dark et_pb_module et_block_module\"><div class=\"et_pb_text_inner\"><h3>Kombinationsseiten<\/h3>\n<\/div><\/div><\/div><\/div><div class=\"et_pb_row_1 et_pb_row et_block_row\"><div class=\"et_pb_column_1 et_pb_column et_pb_column_4_4 et-last-child et_block_column et_pb_css_mix_blend_mode_passthrough\"><div class=\"et_pb_text_1 et_pb_text et_pb_bg_layout_light et_pb_module et_block_module\"><div class=\"et_pb_text_inner\"><div class=\"entry-content\">\n<div class=\"elementor elementor-128\">\n<div class=\"elementor-inner\">\n<div class=\"elementor-section-wrap\">\n<section class=\"elementor-element elementor-element-s60a14v elementor-section-boxed elementor-section-height-default elementor-section-height-default elementor-section elementor-top-section\" data-id=\"s60a14v\" data-element_type=\"section\">\n<div class=\"elementor-container elementor-column-gap-default\">\n<div class=\"elementor-row\">\n<div class=\"elementor-element elementor-element-br58bzg elementor-column elementor-col-100 elementor-top-column\" data-id=\"br58bzg\" data-element_type=\"column\">\n<div class=\"elementor-column-wrap elementor-element-populated\">\n<div class=\"elementor-widget-wrap\">\n<div class=\"elementor-element elementor-element-jbosv6i elementor-widget elementor-widget-heading\" data-id=\"jbosv6i\" data-element_type=\"heading.default\">\n<div class=\"elementor-widget-container\">\n<h3 class=\"elementor-heading-title elementor-size-default\">Miteinander verbunden<\/h3>\n<\/div>\n<\/div>\n<\/div>\n<\/div>\n<\/div>\n<\/div>\n<\/div>\n<\/section>\n<section class=\"elementor-element elementor-element-q7b75z0 elementor-section-boxed elementor-section-height-default elementor-section-height-default elementor-section elementor-top-section\" data-id=\"q7b75z0\" data-element_type=\"section\">\n<div class=\"elementor-container elementor-column-gap-default\">\n<div class=\"elementor-row\">\n<div class=\"elementor-element elementor-element-ktcbvnf elementor-column elementor-col-100 elementor-top-column\" data-id=\"ktcbvnf\" data-element_type=\"column\">\n<div class=\"elementor-column-wrap elementor-element-populated\">\n<div class=\"elementor-widget-wrap\">\n<div class=\"elementor-element elementor-element-xbw10wk elementor-widget elementor-widget-text-editor\" data-id=\"xbw10wk\" data-element_type=\"text-editor.default\">\n<div class=\"elementor-widget-container\">\n<div class=\"elementor-text-editor elementor-clearfix\">\n<p>Einige Websites beinhalten nicht nur Reisen in ein Land, sondern verbinden mehrere L\u00e4nder oder sogar Erdteile miteinander und auch andere T\u00e4tigkeitsfelder der Ersteller. Diese kombinierten Websites habe ich hier zusammen gefa\u00dft.<\/p>\n<p>Freue Dich also auch auf diese Vorstellungen.<\/p>\n<p>Kurt Singer<\/p>\n<\/div>\n<\/div>\n<\/div>\n<\/div>\n<\/div>\n<\/div>\n<\/div>\n<\/div>\n<\/section>\n<\/div>\n<\/div>\n<\/div>\n<\/div>\n<\/div><\/div><\/div><\/div><\/div><div class=\"et_pb_section_1 et_pb_section et_section_regular et_block_section\"><div class=\"et_pb_row_2 et_pb_row et_block_row\"><div class=\"et_pb_column_2 et_pb_column et_pb_column_4_4 et-last-child et_block_column et_pb_css_mix_blend_mode_passthrough\"><div class=\"et_pb_image_0 et_pb_image et_pb_image_sticky et_pb_module et_block_module\"><span class=\"et_pb_image_wrap\"><img loading=\"lazy\" decoding=\"async\" src=\"https:\/\/kurt-singer.com\/reiseseiten\/wp-content\/uploads\/sites\/3\/2025\/03\/Banner-Maenamstefan.jpg\" width=\"1197\" height=\"171\" srcset=\"https:\/\/kurt-singer.com\/reiseseiten\/wp-content\/uploads\/sites\/3\/2025\/03\/Banner-Maenamstefan.jpg 1197w, https:\/\/kurt-singer.com\/reiseseiten\/wp-content\/uploads\/sites\/3\/2025\/03\/Banner-Maenamstefan-980x140.jpg 980w, https:\/\/kurt-singer.com\/reiseseiten\/wp-content\/uploads\/sites\/3\/2025\/03\/Banner-Maenamstefan-480x69.jpg 480w\" sizes=\"(min-width: 0px) and (max-width: 480px) 480px, (min-width: 481px) and (max-width: 980px) 980px, (min-width: 981px) 1197px, 100vw\" class=\"wp-image-9190\" title=\"Banner-Maenamstefan\" \/><\/span><\/div><\/div><\/div><div class=\"et_pb_row_3 et_pb_row et_pb_row_3-4_1-4 et_block_row et_block_row_3-4_1-4\"><div class=\"et_pb_column_3 et_pb_column et_pb_column_3_4 et_block_column et_pb_css_mix_blend_mode_passthrough\"><div class=\"et_pb_text_2 et_pb_text et_pb_bg_layout_light et_pb_module et_block_module\"><div class=\"et_pb_text_inner\"><p><strong>Die Site von Stefan Toeplitz<\/strong><\/p>\n<p>Die Webseite ist ein Fotoalbum meiner Interessen. Reisen, besonders seit 2002 S\u00fcd-Ost-Asien, Flugzeuge, meine Heimatstadt Berlin, in der ich meist mit dem Fahrrad unterwegs bin.<\/p>\n<p>Mit dem Astronauten Story Musgrave bin ich seit 2002 befreundet, ich habe ihn bei dem Rohschnitt eines Dokumentarfilmes \u00fcber ihn kennengelernt. Dazu noch ein paar Sachen \"Vermischtes\", z.B. Yoko Ono, die in Berlin mit Videos ihre Ausstellung 2007 in Bremen vorbereitet hat; ein paar Kurztrips. 2013 hielt der letzte \"Moonwalker\" Eugene Cernan einen Vortrag \u00fcber seine drei Raumfl\u00fcge.<\/p>\n<\/div><\/div><\/div><div class=\"et_pb_column_4 et_pb_column et_pb_column_1_4 et-last-child et_block_column et_pb_css_mix_blend_mode_passthrough\"><div class=\"et_pb_image_1 et_pb_image et_pb_module et_block_module\"><a href=\"https:\/\/stefantoeplitz.eu\/\" target=\"_blank\"><span class=\"et_pb_image_wrap\"><img loading=\"lazy\" decoding=\"async\" src=\"https:\/\/kurt-singer.com\/reiseseiten\/wp-content\/uploads\/sites\/3\/2024\/05\/ZurWebsite.png\" width=\"200\" height=\"37\" srcset=\"https:\/\/kurt-singer.com\/reiseseiten\/wp-content\/uploads\/sites\/3\/2024\/05\/ZurWebsite.png 200w\" sizes=\"(max-width: 200px) 100vw, 200px\" class=\"wp-image-6\" title=\"ZurWebsite\" \/><\/span><\/a><\/div><\/div><\/div><div class=\"et_pb_row_4 et_pb_row et_block_row\"><div class=\"et_pb_column_5 et_pb_column et_pb_column_4_4 et-last-child et_block_column et_pb_css_mix_blend_mode_passthrough\"><div class=\"et_pb_divider_0 et_pb_divider et_pb_space et_pb_divider_position_top et_pb_module\"><div class=\"et_pb_divider_internal\"><\/div><\/div><\/div><\/div><\/div><div class=\"et_pb_section_2 et_pb_section et_section_regular et_block_section\"><div class=\"et_pb_row_5 et_pb_row et_block_row\"><div class=\"et_pb_column_6 et_pb_column et_pb_column_4_4 et-last-child et_block_column et_pb_css_mix_blend_mode_passthrough\"><div class=\"et_pb_image_2 et_pb_image et_pb_image_sticky et_pb_module et_block_module\"><span class=\"et_pb_image_wrap\"><img loading=\"lazy\" decoding=\"async\" src=\"https:\/\/kurt-singer.com\/reiseseiten\/wp-content\/uploads\/sites\/3\/2025\/11\/021pano.jpg\" width=\"1913\" height=\"300\" srcset=\"https:\/\/kurt-singer.com\/reiseseiten\/wp-content\/uploads\/sites\/3\/2025\/11\/021pano.jpg 1913w, https:\/\/kurt-singer.com\/reiseseiten\/wp-content\/uploads\/sites\/3\/2025\/11\/021pano-1280x201.jpg 1280w, https:\/\/kurt-singer.com\/reiseseiten\/wp-content\/uploads\/sites\/3\/2025\/11\/021pano-980x154.jpg 980w, https:\/\/kurt-singer.com\/reiseseiten\/wp-content\/uploads\/sites\/3\/2025\/11\/021pano-480x75.jpg 480w\" sizes=\"(min-width: 0px) and (max-width: 480px) 480px, (min-width: 481px) and (max-width: 980px) 980px, (min-width: 981px) and (max-width: 1280px) 1280px, (min-width: 1281px) 1913px, 100vw\" class=\"wp-image-9204\" title=\"021pano\" \/><\/span><\/div><\/div><\/div><div class=\"et_pb_row_6 et_pb_row et_pb_row_3-4_1-4 et_block_row et_block_row_3-4_1-4\"><div class=\"et_pb_column_7 et_pb_column et_pb_column_3_4 et_block_column et_pb_css_mix_blend_mode_passthrough\"><div class=\"et_pb_text_3 et_pb_text et_pb_bg_layout_light et_pb_module et_block_module\"><div class=\"et_pb_text_inner\"><p>Reiseberichte und Reiseinformationen \u00fcber meine Reisen in die USA, Mexiko, aber auch nach \u00c4gypten, Irland und Spanien. Begleitet mich in den USA durch die Bundesstaaten, Arizona, Kalifornien, New Mexiko, Utah, Colorado, Wyoming und Nevada und in \u00c4gypten auf meinen Kreuzfahrten \u00fcber den Nil und den Nassersee<\/p>\n<\/div><\/div><\/div><div class=\"et_pb_column_8 et_pb_column et_pb_column_1_4 et-last-child et_block_column et_pb_css_mix_blend_mode_passthrough\"><div class=\"et_pb_image_3 et_pb_image et_pb_module et_block_module\"><a href=\"https:\/\/www.beate-unterwegs.de\/\" target=\"_blank\"><span class=\"et_pb_image_wrap\"><img loading=\"lazy\" decoding=\"async\" src=\"https:\/\/kurt-singer.com\/reiseseiten\/wp-content\/uploads\/sites\/3\/2024\/05\/ZurWebsite.png\" width=\"200\" height=\"37\" srcset=\"https:\/\/kurt-singer.com\/reiseseiten\/wp-content\/uploads\/sites\/3\/2024\/05\/ZurWebsite.png 200w\" sizes=\"(max-width: 200px) 100vw, 200px\" class=\"wp-image-6\" \/><\/span><\/a><\/div><\/div><\/div><div class=\"et_pb_row_7 et_pb_row et_block_row\"><div class=\"et_pb_column_9 et_pb_column et_pb_column_4_4 et-last-child et_block_column et_pb_css_mix_blend_mode_passthrough\"><div class=\"et_pb_divider_1 et_pb_divider et_pb_space et_pb_divider_position_top et_pb_module\"><div class=\"et_pb_divider_internal\"><\/div><\/div><\/div><\/div><\/div><div class=\"et_pb_section_3 et_pb_section et_section_regular et_block_section\"><div class=\"et_pb_row_8 et_pb_row et_block_row\"><div class=\"et_pb_column_10 et_pb_column et_pb_column_4_4 et-last-child et_block_column et_pb_css_mix_blend_mode_passthrough\"><div class=\"et_pb_text_4 et_pb_text et_pb_bg_layout_dark et_pb_module et_block_module\"><div class=\"et_pb_text_inner\"><p>Foto- und Reiseblog<\/p>\n<\/div><\/div><\/div><\/div><div class=\"et_pb_row_9 et_pb_row et_block_row\"><div class=\"et_pb_column_11 et_pb_column et_pb_column_4_4 et-last-child et_block_column et_pb_css_mix_blend_mode_passthrough\"><div class=\"et_pb_image_4 et_pb_image et_pb_image_sticky et_pb_module et_block_module\"><span class=\"et_pb_image_wrap\"><img loading=\"lazy\" decoding=\"async\" src=\"https:\/\/kurt-singer.com\/reiseseiten\/wp-content\/uploads\/sites\/3\/2026\/02\/Reiseblog.jpg\" width=\"1018\" height=\"222\" srcset=\"https:\/\/kurt-singer.com\/reiseseiten\/wp-content\/uploads\/sites\/3\/2026\/02\/Reiseblog.jpg 1018w, https:\/\/kurt-singer.com\/reiseseiten\/wp-content\/uploads\/sites\/3\/2026\/02\/Reiseblog-980x214.jpg 980w, https:\/\/kurt-singer.com\/reiseseiten\/wp-content\/uploads\/sites\/3\/2026\/02\/Reiseblog-480x105.jpg 480w\" sizes=\"(min-width: 0px) and (max-width: 480px) 480px, (min-width: 481px) and (max-width: 980px) 980px, (min-width: 981px) 1018px, 100vw\" class=\"wp-image-9225\" title=\"Reiseblog\" \/><\/span><\/div><\/div><\/div><div class=\"et_pb_row_10 et_pb_row et_pb_row_3-4_1-4 et_block_row et_block_row_3-4_1-4\"><div class=\"et_pb_column_12 et_pb_column et_pb_column_3_4 et_block_column et_pb_css_mix_blend_mode_passthrough\"><div class=\"et_pb_text_5 et_pb_text et_pb_bg_layout_light et_pb_module et_block_module\"><div class=\"et_pb_text_inner\"><p>\u00dcber den Blogbetreiber Reiner Kerner erf\u00e4hrt man erstmal - nichts. Aber man erf\u00e4hrt viel \u00fcber ihn, wenn man sein Blog durchforstet. Seine Fotos zeigen Erstaunliches, was selbst dem erfahrenen Reisenden oft nicht auff\u00e4llt. Er stellt nicht sich in den Vordergrund, sondern sein Blog, sein Werk, seine Fotos, seine Eindr\u00fccke. Ein Besuch ist absolut lohnenswert.<\/p>\n<\/div><\/div><\/div><div class=\"et_pb_column_13 et_pb_column et_pb_column_1_4 et-last-child et_block_column et_pb_css_mix_blend_mode_passthrough\"><div class=\"et_pb_image_5 et_pb_image et_pb_module et_block_module\"><a href=\"https:\/\/foto-reiseblog.de\/\" target=\"_blank\"><span class=\"et_pb_image_wrap\"><img loading=\"lazy\" decoding=\"async\" src=\"https:\/\/kurt-singer.com\/reiseseiten\/wp-content\/uploads\/sites\/3\/2024\/05\/ZurWebsite.png\" width=\"200\" height=\"37\" srcset=\"https:\/\/kurt-singer.com\/reiseseiten\/wp-content\/uploads\/sites\/3\/2024\/05\/ZurWebsite.png 200w\" sizes=\"(max-width: 200px) 100vw, 200px\" class=\"wp-image-6\" \/><\/span><\/a><\/div><\/div><\/div><div class=\"et_pb_row_11 et_pb_row et_block_row\"><div class=\"et_pb_column_14 et_pb_column et_pb_column_4_4 et-last-child et_block_column et_pb_css_mix_blend_mode_passthrough\"><div class=\"et_pb_divider_2 et_pb_divider et_pb_space et_pb_divider_position_top et_pb_module\"><div class=\"et_pb_divider_internal\"><\/div><\/div><\/div><\/div><\/div>\n","protected":false},"excerpt":{"rendered":"","protected":false},"author":1,"featured_media":0,"parent":0,"menu_order":0,"comment_status":"closed","ping_status":"closed","template":"","meta":{"footnotes":""},"class_list":["post-9174","page","type-page","status-publish","hentry"],"_links":{"self":[{"href":"https:\/\/kurt-singer.com\/reiseseiten\/wp-json\/wp\/v2\/pages\/9174","targetHints":{"allow":["GET"]}}],"collection":[{"href":"https:\/\/kurt-singer.com\/reiseseiten\/wp-json\/wp\/v2\/pages"}],"about":[{"href":"https:\/\/kurt-singer.com\/reiseseiten\/wp-json\/wp\/v2\/types\/page"}],"author":[{"embeddable":true,"href":"https:\/\/kurt-singer.com\/reiseseiten\/wp-json\/wp\/v2\/users\/1"}],"replies":[{"embeddable":true,"href":"https:\/\/kurt-singer.com\/reiseseiten\/wp-json\/wp\/v2\/comments?post=9174"}],"version-history":[{"count":17,"href":"https:\/\/kurt-singer.com\/reiseseiten\/wp-json\/wp\/v2\/pages\/9174\/revisions"}],"predecessor-version":[{"id":9366,"href":"https:\/\/kurt-singer.com\/reiseseiten\/wp-json\/wp\/v2\/pages\/9174\/revisions\/9366"}],"wp:attachment":[{"href":"https:\/\/kurt-singer.com\/reiseseiten\/wp-json\/wp\/v2\/media?parent=9174"}],"curies":[{"name":"wp","href":"https:\/\/api.w.org\/{rel}","templated":true}]}}