{"id":13517,"date":"2024-08-02T09:22:17","date_gmt":"2024-08-02T07:22:17","guid":{"rendered":"https:\/\/kurt-singer.com\/thailand\/?page_id=13517"},"modified":"2026-03-25T00:42:46","modified_gmt":"2026-03-24T23:42:46","slug":"thailand","status":"publish","type":"page","link":"https:\/\/kurt-singer.com\/thailand\/","title":{"rendered":"Thailand"},"content":{"rendered":"\n<div class=\"et_pb_section_0 et_pb_section et_pb_fullwidth_section et_section_regular et_block_section\"><div class=\"et_pb_fullwidth_slider_0 et_pb_slider et_slider_auto et_slider_speed_7000 et_pb_module\"><div class=\"et_pb_slides\"><div class=\"et_pb_slide_0 et_pb_slide et_pb_media_alignment_center et_pb_bg_layout_dark et_pb_text_align_center et_pb_section_parallax\" data-slide-id=\"divi\/slide-0\"><span class=\"et-pb-parallax-wrapper\"><span class=\"et-pb-parallax-background et-pb-parallax-background-module--divi-slide-0\" style=\"background-image:url(https:\/\/kurt-singer.com\/thailand\/wp-content\/uploads\/sites\/7\/2024\/08\/01-Thailand-o.jpg)\"><\/span><\/span><div class=\"et_pb_container\"><div class=\"et_pb_slider_container_inner\"><div class=\"et_pb_slide_description\"><h2 class=\"et_pb_slide_title\"><a href=\"#1Thailand\" target=\"\" class=\"et_pb_slide_title_link\">Thailand - eine Liebeserkl\u00e4rung<\/a><\/h2><div class=\"et_pb_slide_content\"><p>Foto:Wat Phra Kheo, Bangkok<\/p>\n<\/div><div class=\"et_pb_button_wrapper\"><a class=\"et_pb_button et_pb_more_button\" href=\"#1Thailand\">Was will diese Seite?<\/a><\/div><\/div><\/div><\/div><\/div><\/div><\/div><\/div><div class=\"et_pb_section_1 et_pb_section et_section_regular et_block_section\" id=\"start\"><div class=\"et_pb_row_0 et_pb_row et_block_row\"><div class=\"et_pb_column_0 et_pb_column et_pb_column_4_4 et-last-child et_block_column et_pb_css_mix_blend_mode_passthrough\"><div class=\"et_pb_text_0 et_pb_text et_pb_bg_layout_light et_pb_module et_block_module\" id=\"1Thailand\"><div class=\"et_pb_text_inner\"><h1 style=\"text-align: center;\">Thailand ist mehr als nur sch\u00f6n.<\/h1>\n<\/div><\/div><\/div><\/div><div class=\"et_pb_row_1 et_pb_row et_block_row\"><div class=\"et_pb_column_1 et_pb_column et_pb_column_4_4 et-last-child et_block_column et_pb_css_mix_blend_mode_passthrough\"><div class=\"et_pb_text_1 et_pb_text et_pb_bg_layout_light et_pb_module et_block_module et_pb_text_align_center\"><div class=\"et_pb_text_inner\"><p style=\"text-align: center;\">Diese Site wollte Thailand so vorstellen, wie ich es real und in meinen Tr\u00e4umen erlebt habe. Nun gehen Tr\u00e4ume und Realit\u00e4t langsam ihrem Ende entgegen. Ich bin nicht mehr der Erlebnisreisende fr\u00fcherer Jahre. Ich m\u00f6chte noch einmal meine Familie in Korat sehen, die sich so r\u00fchrend und aufopferungsvoll um meine Frau gek\u00fcmmert hat zu Beginn ihrer Leidenszeit, die in Korat begann und in Koblenz endete. Meine Reiseberichte und meine Erz\u00e4hlungen stellen den sch\u00f6nsten Teil meine Lebens dar, und sie sollen bestehen bleiben, solange ich bestehe. Und in meinen Fotoalben werde ich aus der Sammlung von mehr als 80.000 Fotos aus Thailand meine Erinnerungen erg\u00e4nzen. Ich bin nicht b\u00f6se, wenn sie niemand mit mir teilt, aber sie werden mir manche langen Abende versch\u00f6nern, Abende, die ich dann mit meiner Frau Pour, genannt All, und meinen Erinnerungen vor ihrem Altar teilen werde.<\/p>\n<\/div><\/div><\/div><\/div><\/div><div class=\"et_pb_section_2 et_pb_section et_section_regular et_block_section et_pb_section_parallax\"><span class=\"et-pb-parallax-wrapper\"><span class=\"et-pb-parallax-background et-pb-parallax-background--css et-pb-parallax-background-module--divi-section-2\" style=\"background-image:url(https:\/\/kurt-singer.com\/thailand\/wp-content\/uploads\/sites\/7\/2024\/08\/02-Thailand.jpg)\"><\/span><\/span><\/div>\n","protected":false},"excerpt":{"rendered":"","protected":false},"author":1,"featured_media":0,"parent":0,"menu_order":0,"comment_status":"closed","ping_status":"closed","template":"","meta":{"footnotes":""},"class_list":["post-13517","page","type-page","status-publish","hentry"],"_links":{"self":[{"href":"https:\/\/kurt-singer.com\/thailand\/wp-json\/wp\/v2\/pages\/13517","targetHints":{"allow":["GET"]}}],"collection":[{"href":"https:\/\/kurt-singer.com\/thailand\/wp-json\/wp\/v2\/pages"}],"about":[{"href":"https:\/\/kurt-singer.com\/thailand\/wp-json\/wp\/v2\/types\/page"}],"author":[{"embeddable":true,"href":"https:\/\/kurt-singer.com\/thailand\/wp-json\/wp\/v2\/users\/1"}],"replies":[{"embeddable":true,"href":"https:\/\/kurt-singer.com\/thailand\/wp-json\/wp\/v2\/comments?post=13517"}],"version-history":[{"count":13,"href":"https:\/\/kurt-singer.com\/thailand\/wp-json\/wp\/v2\/pages\/13517\/revisions"}],"predecessor-version":[{"id":15977,"href":"https:\/\/kurt-singer.com\/thailand\/wp-json\/wp\/v2\/pages\/13517\/revisions\/15977"}],"wp:attachment":[{"href":"https:\/\/kurt-singer.com\/thailand\/wp-json\/wp\/v2\/media?parent=13517"}],"curies":[{"name":"wp","href":"https:\/\/api.w.org\/{rel}","templated":true}]}}