{"id":13524,"date":"2024-08-02T09:29:16","date_gmt":"2024-08-02T07:29:16","guid":{"rendered":"https:\/\/kurt-singer.com\/thailand\/?page_id=13524"},"modified":"2026-03-25T00:42:48","modified_gmt":"2026-03-24T23:42:48","slug":"erzaehlungen","status":"publish","type":"page","link":"https:\/\/kurt-singer.com\/thailand\/erzaehlungen\/","title":{"rendered":"Erzaehlungen"},"content":{"rendered":"<div class=\"et_pb_section_0 et_pb_section et_pb_fullwidth_section et_section_regular et_block_section\"><div class=\"et_pb_fullwidth_slider_0 et_pb_slider et_slider_auto et_slider_speed_7000 et_pb_module\"><div class=\"box-shadow-overlay\"><\/div><div class=\"et_pb_slides\"><div class=\"et_pb_slide_0 et_pb_slide et_pb_media_alignment_center et_pb_bg_layout_dark et_pb_text_align_center et_pb_section_parallax\" data-slide-id=\"divi\/slide-0\"><span class=\"et-pb-parallax-wrapper\"><span class=\"et-pb-parallax-background et-pb-parallax-background-module--divi-slide-0\" style=\"background-image:url(https:\/\/kurt-singer.com\/thailand\/wp-content\/uploads\/sites\/7\/2024\/08\/01-Geschichten.jpg)\"><\/span><\/span><div class=\"et_pb_container\"><div class=\"et_pb_slider_container_inner\"><div class=\"et_pb_slide_description\"><h2 class=\"et_pb_slide_title\"><a href=\"#start\" target=\"\" class=\"et_pb_slide_title_link\">Meine Erz\u00e4hlungen aus Thailand<\/a><\/h2><div class=\"et_pb_slide_content\"><p>Foto: Einfaches Haus im Dorf<\/p>\n<\/div><div class=\"et_pb_button_wrapper\"><a class=\"et_pb_button et_pb_more_button\" href=\"#start\">Warum? Weshalb?<\/a><\/div><\/div><\/div><\/div><\/div><\/div><\/div><\/div><div class=\"et_pb_section_1 et_pb_section et_section_regular et_block_section\" id=\"start\"><div class=\"et_pb_row_0 et_pb_row et_block_row\"><div class=\"et_pb_column_0 et_pb_column et_pb_column_4_4 et-last-child et_block_column et_pb_css_mix_blend_mode_passthrough\"><div class=\"et_pb_text_0 et_pb_text et_pb_bg_layout_light et_pb_module et_block_module et_pb_text_align_center\"><div class=\"et_pb_text_inner\"><h1>Erz\u00e4hlungen in und um und aus Thailand.<\/h1>\n<p>In den Erz\u00e4hlungen aus Thailand schildere ich ein wenig Hintergrund, ein wenig Pers\u00f6nliches. Ich m\u00f6chte dabei nicht nur frohlocken und lobpreisen, sondern auch ein wenig nachdenklich stimmen durch das Aufzeigen von Problemen, wo immer ich sie auch im Paradies angetroffen habe. Es ist einiges aus meinem Leben und dem meiner Familie.<br \/>Die Fotos in diesem Teil der Erz\u00e4hlungen sind auch Analogfotos aus der damaligen Zeit.<\/p>\n<p>Ich mu\u00df es nicht bekennen: ich liebe Thailand - phom rak prathet Thai.<\/p>\n<p>&nbsp;<\/p>\n<\/div><\/div><\/div><\/div><\/div><div class=\"et_pb_section_2 et_pb_section et_section_regular et_block_section et_pb_section_parallax\"><span class=\"et-pb-parallax-wrapper\"><span class=\"et-pb-parallax-background et-pb-parallax-background--css et-pb-parallax-background-module--divi-section-2\" style=\"background-image:url(https:\/\/kurt-singer.com\/thailand\/wp-content\/uploads\/sites\/7\/2024\/08\/02-Thailand.jpg)\"><\/span><\/span><div class=\"et_pb_row_1 et_pb_row et_block_row\"><div class=\"et_pb_column_1 et_pb_column et_pb_column_4_4 et-last-child et_block_column et_pb_css_mix_blend_mode_passthrough\"><div class=\"et_pb_text_1 et_pb_text et_pb_bg_layout_dark et_pb_module et_block_module et_pb_text_align_center\"><div class=\"et_pb_text_inner\"><p>\"Bitte - bitte besuchen Sie mich in Bangkok. Meine Frau m\u00f6chte sicher gerne einmal wieder deutsch sprechen, sie hat es von mir gelernt. \u201c Oh, da h\u00f6rte ich die warnenden Stimmen von zuhause: Schlepper, Nepper, Touristenf\u00e4nger... Nat\u00fcrlich sagte ich zu, steckte die Karte ein, verabschiedete mich ... und vergass.<\/p>\n<p>Dabei hat dieser Satz mein Leben bis heute ver\u00e4ndert.<\/p>\n<\/div><\/div><\/div><\/div><\/div>","protected":false},"excerpt":{"rendered":"","protected":false},"author":1,"featured_media":0,"parent":0,"menu_order":0,"comment_status":"closed","ping_status":"closed","template":"","meta":{"footnotes":""},"class_list":["post-13524","page","type-page","status-publish","hentry"],"_links":{"self":[{"href":"https:\/\/kurt-singer.com\/thailand\/wp-json\/wp\/v2\/pages\/13524","targetHints":{"allow":["GET"]}}],"collection":[{"href":"https:\/\/kurt-singer.com\/thailand\/wp-json\/wp\/v2\/pages"}],"about":[{"href":"https:\/\/kurt-singer.com\/thailand\/wp-json\/wp\/v2\/types\/page"}],"author":[{"embeddable":true,"href":"https:\/\/kurt-singer.com\/thailand\/wp-json\/wp\/v2\/users\/1"}],"replies":[{"embeddable":true,"href":"https:\/\/kurt-singer.com\/thailand\/wp-json\/wp\/v2\/comments?post=13524"}],"version-history":[{"count":5,"href":"https:\/\/kurt-singer.com\/thailand\/wp-json\/wp\/v2\/pages\/13524\/revisions"}],"predecessor-version":[{"id":15979,"href":"https:\/\/kurt-singer.com\/thailand\/wp-json\/wp\/v2\/pages\/13524\/revisions\/15979"}],"wp:attachment":[{"href":"https:\/\/kurt-singer.com\/thailand\/wp-json\/wp\/v2\/media?parent=13524"}],"curies":[{"name":"wp","href":"https:\/\/api.w.org\/{rel}","templated":true}]}}