{"id":13526,"date":"2024-08-02T09:29:36","date_gmt":"2024-08-02T07:29:36","guid":{"rendered":"https:\/\/kurt-singer.com\/thailand\/?page_id=13526"},"modified":"2026-03-25T00:42:49","modified_gmt":"2026-03-24T23:42:49","slug":"reiseberichte","status":"publish","type":"page","link":"https:\/\/kurt-singer.com\/thailand\/reiseberichte\/","title":{"rendered":"Reiseberichte"},"content":{"rendered":"<div class=\"et_pb_section_0 et_pb_section et_pb_fullwidth_section et_section_regular et_block_section\"><div class=\"et_pb_fullwidth_slider_0 et_pb_slider et_slider_auto et_slider_speed_7000 et_pb_module\"><div class=\"et_pb_slides\"><div class=\"et_pb_slide_0 et_pb_slide et_pb_media_alignment_center et_pb_bg_layout_dark et_pb_text_align_center et_pb_section_parallax\" data-slide-id=\"divi\/slide-0\"><span class=\"et-pb-parallax-wrapper\"><span class=\"et-pb-parallax-background et-pb-parallax-background-module--divi-slide-0\" style=\"background-image:url(https:\/\/kurt-singer.com\/thailand\/wp-content\/uploads\/sites\/7\/2024\/08\/01-Reiseberichte.jpg)\"><\/span><\/span><div class=\"et_pb_container\"><div class=\"et_pb_slider_container_inner\"><div class=\"et_pb_slide_description\"><h2 class=\"et_pb_slide_title\"><a href=\"#start\" target=\"\" class=\"et_pb_slide_title_link\">Abenteuer Thailand - meine Reiseberichte<\/a><\/h2><div class=\"et_pb_slide_content\"><p>Foto: Nan in Nordthailand<\/p>\n<\/div><div class=\"et_pb_button_wrapper\"><a class=\"et_pb_button et_pb_more_button\" href=\"#start\">Warum? Weshalb?<\/a><\/div><\/div><\/div><\/div><\/div><\/div><\/div><\/div><div class=\"et_pb_section_1 et_pb_section et_section_regular et_block_section\" id=\"start\"><div class=\"et_pb_row_0 et_pb_row et_block_row\"><div class=\"et_pb_column_0 et_pb_column et_pb_column_4_4 et-last-child et_block_column et_pb_css_mix_blend_mode_passthrough\"><div class=\"et_pb_text_0 et_pb_text et_pb_bg_layout_light et_pb_module et_block_module et_pb_text_align_center\"><div class=\"et_pb_text_inner\"><h1>Reiseberichte unserer\/meiner letzten Reisen nach Thailand<\/h1>\n<p style=\"text-align: center;\">1969 erstmals und sp\u00e4ter so oft wie m\u00f6glich habe ich Reisen nach Thailand unternommen. Manchmal war es auch in Verbindung mit anderen L\u00e4ndern, haupts\u00e4chlich zu den unmittelbaren Nachbarn Laos, Myanmar und Kambodscha, aber auch mit Nepal, Hong Kong und Singapore. Nie war mir ein Weg zu weit und eine M\u00fche zu gro\u00df. Dieses herrliche Land bietet mit der Metropole Bangkok eine Grossstadt, die trotz aller Hektik und allem Verkehr auch eine liebenswerte Seite hat, es bietet tropischen Regenwald im Norden, weitl\u00e4ufige Reisefelder in Zentralthailand und dem sprichw\u00f6rtlich \u00e4rmsten Landesteil, dem Nordosten, Isaan genannt. Und die Buchten mit Palmen, Mangrovens\u00fcmpfen und feinen Sandstr\u00e4nden im S\u00fcden sind Hauptanziehungspunkt f\u00fcr Touristen. Machen Sie unsere Reisen mit, lassen Sie sich dazu animieren, mehr als nur Hotels und den Strand zu besichtigen. Ich habe mich bei den Reiseberichten auf wenige Bilder und hoffentlich kurze Beschreibungen beschr\u00e4nkt. Schwelgen Sie mit mir in meinen Erinnerungen.<\/p>\n<\/div><\/div><\/div><\/div><\/div><div class=\"et_pb_section_2 et_pb_section et_section_regular et_block_section et_pb_section_parallax\"><span class=\"et-pb-parallax-wrapper\"><span class=\"et-pb-parallax-background et-pb-parallax-background--css et-pb-parallax-background-module--divi-section-2\" style=\"background-image:url(https:\/\/kurt-singer.com\/thailand\/wp-content\/uploads\/sites\/7\/2024\/08\/02-Thailand.jpg)\"><\/span><\/span><div class=\"et_pb_row_1 et_pb_row et_block_row\"><div class=\"et_pb_column_1 et_pb_column et_pb_column_4_4 et-last-child et_block_column et_pb_css_mix_blend_mode_passthrough\"><div class=\"et_pb_text_1 et_pb_text et_pb_bg_layout_dark et_pb_module et_block_module et_pb_text_align_center\"><div class=\"et_pb_text_inner\"><p>Eines muss ich noch erkl\u00e4ren, damit Sie alle Bemerkungen, Anmerkungen und Gedanken verstehen: mein thail\u00e4ndischer Name ist \u201cdogmai\u201d, das hei\u00dft \u00fcbersetzt Blume. In fr\u00fcheren Zeiten, als ich noch Vollbart trug, nannte man mich gelegentlich auch \u201cKaktus\u201d.<\/p>\n<p>Heute, am 2. August 2018, bin ich fertig mit der \u00dcberarbeitung der Reiseberichte zu der jetzigen Form. Ich habe jeden Tag erneut miterlebt, als passiere er gerade. Ich habe jeden Tag mitgef\u00fchlt, als sei ich gerade dort, wor\u00fcber ich schreibe. Ich sehe jeden und alles vor mir, als hielte ich meinen Fotoapparat gerade zum Aufnehmen bereit. Ich habe diese Reiseberichte genau daf\u00fcr geschrieben.<\/p>\n<\/div><\/div><\/div><\/div><\/div>","protected":false},"excerpt":{"rendered":"","protected":false},"author":1,"featured_media":0,"parent":0,"menu_order":0,"comment_status":"closed","ping_status":"closed","template":"","meta":{"footnotes":""},"class_list":["post-13526","page","type-page","status-publish","hentry"],"_links":{"self":[{"href":"https:\/\/kurt-singer.com\/thailand\/wp-json\/wp\/v2\/pages\/13526","targetHints":{"allow":["GET"]}}],"collection":[{"href":"https:\/\/kurt-singer.com\/thailand\/wp-json\/wp\/v2\/pages"}],"about":[{"href":"https:\/\/kurt-singer.com\/thailand\/wp-json\/wp\/v2\/types\/page"}],"author":[{"embeddable":true,"href":"https:\/\/kurt-singer.com\/thailand\/wp-json\/wp\/v2\/users\/1"}],"replies":[{"embeddable":true,"href":"https:\/\/kurt-singer.com\/thailand\/wp-json\/wp\/v2\/comments?post=13526"}],"version-history":[{"count":5,"href":"https:\/\/kurt-singer.com\/thailand\/wp-json\/wp\/v2\/pages\/13526\/revisions"}],"predecessor-version":[{"id":15980,"href":"https:\/\/kurt-singer.com\/thailand\/wp-json\/wp\/v2\/pages\/13526\/revisions\/15980"}],"wp:attachment":[{"href":"https:\/\/kurt-singer.com\/thailand\/wp-json\/wp\/v2\/media?parent=13526"}],"curies":[{"name":"wp","href":"https:\/\/api.w.org\/{rel}","templated":true}]}}