{"id":13681,"date":"2024-08-02T19:42:44","date_gmt":"2024-08-02T17:42:44","guid":{"rendered":"https:\/\/kurt-singer.com\/thailand\/?page_id=13681"},"modified":"2026-03-25T00:42:55","modified_gmt":"2026-03-24T23:42:55","slug":"familiengruendung","status":"publish","type":"page","link":"https:\/\/kurt-singer.com\/thailand\/familiengruendung\/","title":{"rendered":"Familiengr\u00fcndung"},"content":{"rendered":"<div class=\"et_pb_section_0 et_pb_section et_section_regular et_block_section\"><div class=\"et_pb_row_0 et_pb_row et_block_row\"><div class=\"et_pb_column_0 et_pb_column et_pb_column_4_4 et-last-child et_block_column et_pb_css_mix_blend_mode_passthrough\"><div class=\"et_pb_text_0 et_pb_text et_pb_bg_layout_light et_pb_module et_block_module\"><div class=\"et_pb_text_inner\"><h1>Eine wahrheitsgem\u00e4\u00dfe Geschichte.<\/h1>\n<\/div><\/div><\/div><\/div><div class=\"et_pb_row_1 et_pb_row et_block_row\"><div class=\"et_pb_column_1 et_pb_column et_pb_column_1_2 et_block_column et_pb_css_mix_blend_mode_passthrough\"><div class=\"et_pb_text_1 et_pb_text et_pb_bg_layout_light et_pb_module et_block_module\"><div class=\"et_pb_text_inner\"><p><strong>Gedacht als Hinweis f\u00fcr diejenigen, die gleiches tun m\u00f6chten und nicht wissen wie.<\/strong><\/p>\n<p>Die Geschichte handelt von einer jungen Frau, in Thailand geboren und jetzt deutsche Staatsb\u00fcrgerin, und einem jungen Mann, auch in Thailand geboren und immer noch thail\u00e4ndischer Staatsangeh\u00f6riger.<\/p>\n<p>Er spiegelt den genauen Ablauf wieder von Beh\u00f6rdeng\u00e4ngen, von Irrungen und Wirrungen, von Bestimmungen und Verwaltungen, nicht immer im Wortlaut der Gesetze, Artikel, Paragraphen und Verwaltungsanweisungen - immer authentisch und wahrheitsgem\u00e4ss, jedoch stark abgek\u00fcrzt.<\/p>\n<p>Ich kann es bezeugen, denn ich war immer dabei gewesen. Genauso hat sich die Geschichte abgespielt. Die Namen sind ge\u00e4ndert - ich nenne die junge Frau Pung und den jungen Mann Pong.<\/p>\n<\/div><\/div><\/div><div class=\"et_pb_column_2 et_pb_column et_pb_column_1_2 et-last-child et_block_column et_pb_css_mix_blend_mode_passthrough\"><div class=\"et_pb_text_2 et_pb_text et_pb_bg_layout_light et_pb_module et_block_module\"><div class=\"et_pb_text_inner\"><p>\u00dcbrigens - ich heisse Peter. Der Einfachheit halber.<\/p>\n<p>P.s.: da es sich beim Ausl\u00e4nderrecht um Bundesrecht handelt, kann unter Umst\u00e4nden eventuell davon ausgegangen werden, dass die Dokumente und Urkunden f\u00fcr die Einreise in allen Bundesl\u00e4ndern ben\u00f6tigt werden. Bei den Papieren f\u00fcr die Heirat kann es zu unterschiedlichen Anforderungen der Standes\u00e4mter kommen. Also immer bei ALLEN beteiligten Beh\u00f6rden informieren und schriftlich best\u00e4tigen lassen. Ganz sicher ist, dass die Deutsche Botschaft in Bangkok nach deutschem Recht vorgeht, und so gelten die Merkbl\u00e4tter f\u00fcr alle. Warum allerdings diese Botschaft bei allen Merkbl\u00e4ttern, die sie herausgibt, einen Vorbehaltsvermerk macht, mutet schon seltsam an. Absicherung nach allen Seiten ist angesagt.<br \/>\nAlle Angaben, auch zu den Formularen, beziehen sich auf den Berichtszeitraum, also auf das Jahr 2000. Es werden keine Aktualisierungen auf dieser Seite vorgenommen.<\/p>\n<\/div><\/div><\/div><\/div><div class=\"et_pb_row_2 et_pb_row et_block_row\"><div class=\"et_pb_column_3 et_pb_column et_pb_column_4_4 et-last-child et_block_column et_pb_css_mix_blend_mode_passthrough\"><div class=\"et_pb_text_3 et_pb_text et_pb_bg_layout_light et_pb_module et_block_module\"><div class=\"et_pb_text_inner\"><p><strong>Achtung!! Seit dem Schreiben dieser Geschichte im Jahr 2000 haben sich entscheidende Bestimmungen f\u00fcr Heirat und die Einreise nach Deutschland ge\u00e4ndert. So werden seit 2007 auch f\u00fcr den Ehepartner eines deutschen Staatsb\u00fcrgers - m.E. in absolutem Widerspruch zum Grundgesetz - vor Einreise deutsche Sprachkenntnisse vorausgesetzt und ein Sprachtest f\u00fcr die Erteilung eines Visum verlangt.<\/strong><\/p>\n<\/div><\/div><div class=\"et_pb_divider_0 et_pb_divider_hidden et_pb_space et_pb_divider_position_top et_pb_module\"><div class=\"et_pb_divider_internal\"><\/div><\/div><\/div><\/div><\/div>","protected":false},"excerpt":{"rendered":"","protected":false},"author":1,"featured_media":0,"parent":0,"menu_order":0,"comment_status":"closed","ping_status":"closed","template":"","meta":{"footnotes":""},"class_list":["post-13681","page","type-page","status-publish","hentry"],"_links":{"self":[{"href":"https:\/\/kurt-singer.com\/thailand\/wp-json\/wp\/v2\/pages\/13681","targetHints":{"allow":["GET"]}}],"collection":[{"href":"https:\/\/kurt-singer.com\/thailand\/wp-json\/wp\/v2\/pages"}],"about":[{"href":"https:\/\/kurt-singer.com\/thailand\/wp-json\/wp\/v2\/types\/page"}],"author":[{"embeddable":true,"href":"https:\/\/kurt-singer.com\/thailand\/wp-json\/wp\/v2\/users\/1"}],"replies":[{"embeddable":true,"href":"https:\/\/kurt-singer.com\/thailand\/wp-json\/wp\/v2\/comments?post=13681"}],"version-history":[{"count":5,"href":"https:\/\/kurt-singer.com\/thailand\/wp-json\/wp\/v2\/pages\/13681\/revisions"}],"predecessor-version":[{"id":15985,"href":"https:\/\/kurt-singer.com\/thailand\/wp-json\/wp\/v2\/pages\/13681\/revisions\/15985"}],"wp:attachment":[{"href":"https:\/\/kurt-singer.com\/thailand\/wp-json\/wp\/v2\/media?parent=13681"}],"curies":[{"name":"wp","href":"https:\/\/api.w.org\/{rel}","templated":true}]}}