{"id":13843,"date":"2024-08-04T09:48:16","date_gmt":"2024-08-04T07:48:16","guid":{"rendered":"https:\/\/kurt-singer.com\/thailand\/?page_id=13843"},"modified":"2026-03-25T00:43:10","modified_gmt":"2026-03-24T23:43:10","slug":"phanom-rung-wege","status":"publish","type":"page","link":"https:\/\/kurt-singer.com\/thailand\/phanom-rung-wege\/","title":{"rendered":"Phanom Rung &#8211; Wege"},"content":{"rendered":"\n<div class=\"et_pb_section_0 et_pb_section et_section_regular et_block_section\"><div class=\"et_pb_row_0 et_pb_row et_block_row\"><div class=\"et_pb_column_0 et_pb_column et_pb_column_4_4 et-last-child et_block_column et_pb_css_mix_blend_mode_passthrough\"><div class=\"et_pb_text_0 et_pb_text et_pb_bg_layout_light et_pb_module et_block_module\"><div class=\"et_pb_text_inner\"><h1>Wege im Prasat Ph(a)nom Rung <\/h1>\n<\/div><\/div><\/div><\/div><div class=\"et_pb_row_1 et_pb_row et_block_row\"><div class=\"et_pb_column_1 et_pb_column et_pb_column_4_4 et-last-child et_block_column et_pb_css_mix_blend_mode_passthrough\"><div class=\"et_pb_menu_0 et_pb_menu et_pb_menu--without-logo et_pb_menu--style-left_aligned et_dropdown_animation_fade et_pb_bg_layout_light et_pb_text_align_right-tablet et_pb_text_align_right-phone et_pb_module et_flex_module\"><div class=\"et_pb_menu_inner_container et_flex_module\"><div class=\"et_pb_menu__wrap\"><div class=\"et_pb_menu__menu\"><nav class=\"et-menu-nav\"><ul id=\"menu-phanom-rung\" class=\"et-menu nav downwards\"><li id=\"menu-item-13853\" class=\"et_pb_menu_page_id-13813 menu-item menu-item-type-post_type menu-item-object-page menu-item-13853\"><a href=\"https:\/\/kurt-singer.com\/thailand\/phanom-rung-2\/\">Phanom Rung<\/a><\/li>\n<li id=\"menu-item-13852\" class=\"et_pb_menu_page_id-13843 menu-item menu-item-type-post_type menu-item-object-page menu-item-13852\"><a href=\"https:\/\/kurt-singer.com\/thailand\/phanom-rung-wege\/\">Phanom Rung \u2013 Wege<\/a><\/li>\n<li id=\"menu-item-13851\" class=\"et_pb_menu_page_id-13845 menu-item menu-item-type-post_type menu-item-object-page menu-item-13851\"><a href=\"https:\/\/kurt-singer.com\/thailand\/?page_id=13845\">Phanom Rung \u2013 Geb\u00e4ude<\/a><\/li>\n<li id=\"menu-item-13850\" class=\"et_pb_menu_page_id-13848 menu-item menu-item-type-post_type menu-item-object-page menu-item-13850\"><a href=\"https:\/\/kurt-singer.com\/thailand\/?page_id=13848\">Phanom Rung \u2013 Prangs<\/a><\/li>\n<\/ul><\/nav><\/div><div class=\"et_mobile_nav_menu\"><div class=\"mobile_nav closed\"><span class=\"mobile_menu_bar\"><\/span><\/div><\/div><\/div><\/div><\/div><\/div><\/div><div class=\"et_pb_row_2 et_pb_row et_block_row\"><div class=\"et_pb_column_2 et_pb_column et_pb_column_4_4 et-last-child et_block_column et_pb_css_mix_blend_mode_passthrough\"><div class=\"et_pb_divider_0 et_pb_divider et_pb_space et_pb_divider_position_center et_pb_module\"><div class=\"et_pb_divider_internal\"><\/div><\/div><\/div><\/div><div class=\"et_pb_row_3 et_pb_row et_block_row\"><div class=\"et_pb_column_3 et_pb_column et_pb_column_4_4 et-last-child et_block_column et_pb_css_mix_blend_mode_passthrough\"><div class=\"et_pb_text_1 et_pb_text et_pb_bg_layout_light et_pb_module et_block_module\"><div class=\"et_pb_text_inner\"><h3>Der Standort<\/h3>\n<\/div><\/div><\/div><\/div><div class=\"et_pb_row_4 et_pb_row et_block_row\"><div class=\"et_pb_column_4 et_pb_column et_pb_column_1_2 et_block_column et_pb_css_mix_blend_mode_passthrough\"><div class=\"et_pb_text_2 et_pb_text et_pb_bg_layout_light et_pb_module et_block_module\"><div class=\"et_pb_text_inner\"><p>Prasat Phanomrung liegt auf dem Phanomrung-H\u00fcgel, einem inaktiven Vulkan, nicht weit entfernt von Plaibad und Phra Angkarn, die ebenfalls inaktive Vulkane sind. Der Phanomrung-H\u00fcgel liegt 383 Meter \u00fcber dem Meeresspiegel. Dieser H\u00fcgel liegt an der Grenze zwischen Amphoe Nangrong und Amphoe Prakonchai. Man kann den H\u00fcgel sowohl \u00fcber Nangrong-Tapek als auch \u00fcber Prakhonchai besteigen.<br \/>Die Errichtung von Heiligt\u00fcmern auf H\u00fcgeln und die Abhaltung gelegentlicher Feste auf dem H\u00fcgel ist sowohl in der hinduistischen als auch in der buddhistischen Gesellschaft \u00fcblich. In den buddhistischen Schriften ist zu lesen, dass Upatissa und Kolita, die sp\u00e4teren Sariputra und Moccallana, als Laien auf den Rajaggaha-H\u00fcgel stiegen und das Fest sahen. Beide f\u00fchlten sich ungl\u00fccklich und kehrten unzufrieden nach Hause zur\u00fcck, denn sie kamen zu dem Schluss, dass alle T\u00e4nzer gleicherma\u00dfen unter den Naturgesetzen der Verg\u00e4nglichkeit, des Leidens und der Selbstlosigkeit stehen.<\/p>\n<\/div><\/div><\/div><div class=\"et_pb_column_5 et_pb_column et_pb_column_1_2 et-last-child et_block_column et_pb_css_mix_blend_mode_passthrough\"><div class=\"et_pb_text_3 et_pb_text et_pb_bg_layout_light et_pb_module et_block_module\"><div class=\"et_pb_text_inner\"><p>Danach entsagten sie der Welt und erhielten vom Buddha die Ordination. Nachdem sie die Arahantschaft erlangt hatten, wurden sie beide zu den Gro\u00dfen Sch\u00fclern, von Aggra Savakas, von Lord Buddha.<\/p>\n<p>Diese Geschichte weist darauf hin, dass seit der Antike wichtige Feste auf den H\u00fcgeln durchgef\u00fchrt wurden. Im Hinduismus wird angenommen, dass Lord Shiva, der oberste Gott, auf der Spitze des Krailas-Berges in Indien wohnt.<\/p>\n<p>Daher wurden in anderen L\u00e4ndern Shiva gewidmete Heiligt\u00fcmer auf H\u00fcgeln gebaut, zum Beispiel Phanom Kulen in Angkor, Khao Phra Vihar in der Provinz Sri Saket und Phanomrung in Buriram. Es wird auch angenommen, dass Lord Shiva daran gew\u00f6hnt ist, auf dem Berg zu leben; daher wird es ihm viel Vergn\u00fcgen bereiten, ein Bergheiligtum zu schaffen.<\/p>\n<\/div><\/div><\/div><\/div><div class=\"et_pb_row_5 et_pb_row et_block_row\"><div class=\"et_pb_column_6 et_pb_column et_pb_column_4_4 et-last-child et_block_column et_pb_css_mix_blend_mode_passthrough\"><div class=\"et_pb_text_4 et_pb_text et_pb_bg_layout_light et_pb_module et_block_module\"><div class=\"et_pb_text_inner\"><h3>Die Allee<\/h3>\n<\/div><\/div><\/div><\/div><div class=\"et_pb_row_6 et_pb_row et_pb_row_3-4_1-4 et_block_row et_block_row_3-4_1-4\"><div class=\"et_pb_column_7 et_pb_column et_pb_column_3_4 et_block_column et_pb_css_mix_blend_mode_passthrough\"><div class=\"et_pb_text_5 et_pb_text et_pb_bg_layout_light et_pb_module et_block_module\"><div class=\"et_pb_text_inner\"><p>Die Allee, die zum Hauptprang f\u00fchrt, ist 160 m lang und 7 m breit. Diese Allee ist mit Laterit und Sandstein gepflastert, wobei jeder Stein durchschnittlich 74x68x9,5 cm gro\u00df ist. Die Fu\u00dfwege sind bis zu einer H\u00f6he von 41 cm angehoben. Auf den Seiten der Allee wurden 68 (jetzt 67) stein\u00e4hnliche S\u00e4ulen, 34 auf jeder Seite, in Abst\u00e4nden von 4,34 m aufgestellt. Jede S\u00e4ule ist 154 cm hoch, ihr Fu\u00df hat eine Gr\u00f6\u00dfe von 41 x 41 cm. Diese S\u00e4ulen werden gemeinhin Sao Nang Riang oder Sao Tien genannt (Tien bedeutet Kerze). Die Spitzen aller S\u00e4ulen wurden in Form einer Lotusknospe geschnitzt. Nach ihrem Kunststil k\u00f6nnen sie in die Angkor Wat-Gruppe, fr\u00fche Periode, etwa 1100-1130 n. Chr., eingeordnet werden.<\/p>\n<\/div><\/div><\/div><div class=\"et_pb_column_8 et_pb_column et_pb_column_1_4 et-last-child et_block_column et_pb_css_mix_blend_mode_passthrough\"><div class=\"et_pb_image_0 et_pb_image et_pb_has_overlay et_pb_module et_block_module\"><a href=\"https:\/\/kurt-singer.com\/thailand\/wp-content\/uploads\/sites\/7\/2024\/08\/PR-Allee-001.jpg\" class=\"et_pb_lightbox_image\"><span class=\"et_pb_image_wrap\"><img loading=\"lazy\" decoding=\"async\" src=\"https:\/\/kurt-singer.com\/thailand\/wp-content\/uploads\/sites\/7\/2024\/08\/PR-Allee-001.jpg\" width=\"980\" height=\"735\" srcset=\"https:\/\/kurt-singer.com\/thailand\/wp-content\/uploads\/sites\/7\/2024\/08\/PR-Allee-001.jpg 980w, https:\/\/kurt-singer.com\/thailand\/wp-content\/uploads\/sites\/7\/2024\/08\/PR-Allee-001-480x360.jpg 480w\" sizes=\"(min-width: 0px) and (max-width: 480px) 480px, (min-width: 481px) 980px, 100vw\" class=\"wp-image-13883\" title=\"PR-Allee-001\" \/><span class=\"et_overlay\"><\/span><\/span><\/a><\/div><\/div><\/div><div class=\"et_pb_row_7 et_pb_row et_block_row\"><div class=\"et_pb_column_9 et_pb_column et_pb_column_4_4 et-last-child et_block_column et_pb_css_mix_blend_mode_passthrough\"><div class=\"et_pb_text_6 et_pb_text et_pb_bg_layout_light et_pb_module et_block_module\" id=\"naga\"><div class=\"et_pb_text_inner\"><h3>Die Naga Br\u00fccken<\/h3>\n<\/div><\/div><\/div><\/div><div class=\"et_pb_row_8 et_pb_row et_pb_row_3-4_1-4 et_block_row et_block_row_3-4_1-4\"><div class=\"et_pb_column_10 et_pb_column et_pb_column_3_4 et_block_column et_pb_css_mix_blend_mode_passthrough\"><div class=\"et_pb_text_7 et_pb_text et_pb_bg_layout_light et_pb_module et_block_module\"><div class=\"et_pb_text_inner\"><p>Auf dem Weg zum Hauptprang gibt es drei Naga-Br\u00fccken. Die gr\u00f6\u00dfte von ihnen verbindet die mit Steinen gepflasterte Stra\u00dfe mit der Treppe, die nach oben f\u00fchrt. Diese Br\u00fccke wurde in Form eines Kreuzes gebaut, das 20 Meter lang und 6,20 Meter breit ist. Auf dieser Br\u00fccke befinden sich 16 Nagas im Stil von Angkor Wat, die jeweils 5 K\u00f6pfe haben, die in vier Richtungen weisen. Auf der R\u00fcckseite jedes Kopfes befindet sich eine Schnitzerei in Form eines Rades. Die H\u00f6he jedes Kopfes betr\u00e4gt 1,22 m.<br \/>Die zweite Naga-Br\u00fccke befindet sich vor der \"Gopura\", der Veranda der \u00f6stlichen Galerie. Sechs Nagas, kleiner als die ersten und mit geschnitzten Gel\u00e4ndern, sind in drei Richtungen au\u00dfer nach Westen ausgerichtet. Jede Naga ist im Stil von Angkor Wat mit 5 K\u00f6pfen und einer H\u00f6he von 1,10 m geschnitzt.<br \/>Die dritte und letzte Naga-Br\u00fccke befindet sich vor dem Hauptprang. Es sind acht Nagas mit geschnitzten Gel\u00e4ndern angebracht. Jede Naga hat 5 K\u00f6pfe, die 1,10 m hoch sind.<\/p>\n<p>Was ist eigentlich eine Naga? Lies <a href=\"https:\/\/kurt-singer.com\/thailand\/naga\/\">hier<\/a> nach.<\/p>\n<\/div><\/div><\/div><div class=\"et_pb_column_11 et_pb_column et_pb_column_1_4 et-last-child et_block_column et_pb_css_mix_blend_mode_passthrough\"><div class=\"et_pb_image_1 et_pb_image et_pb_has_overlay et_pb_module et_block_module\"><a href=\"https:\/\/kurt-singer.com\/thailand\/wp-content\/uploads\/sites\/7\/2024\/08\/PR-Nagabruecke-01.jpg\" class=\"et_pb_lightbox_image\"><span class=\"et_pb_image_wrap\"><img loading=\"lazy\" decoding=\"async\" src=\"https:\/\/kurt-singer.com\/thailand\/wp-content\/uploads\/sites\/7\/2024\/08\/PR-Nagabruecke-01.jpg\" width=\"980\" height=\"735\" srcset=\"https:\/\/kurt-singer.com\/thailand\/wp-content\/uploads\/sites\/7\/2024\/08\/PR-Nagabruecke-01.jpg 980w, https:\/\/kurt-singer.com\/thailand\/wp-content\/uploads\/sites\/7\/2024\/08\/PR-Nagabruecke-01-480x360.jpg 480w\" sizes=\"(min-width: 0px) and (max-width: 480px) 480px, (min-width: 481px) 980px, 100vw\" class=\"wp-image-13884\" title=\"PR-Nagabruecke-01\" \/><span class=\"et_overlay\"><\/span><\/span><\/a><\/div><\/div><\/div><\/div>\n","protected":false},"excerpt":{"rendered":"","protected":false},"author":1,"featured_media":0,"parent":0,"menu_order":0,"comment_status":"closed","ping_status":"closed","template":"","meta":{"footnotes":""},"class_list":["post-13843","page","type-page","status-publish","hentry"],"_links":{"self":[{"href":"https:\/\/kurt-singer.com\/thailand\/wp-json\/wp\/v2\/pages\/13843","targetHints":{"allow":["GET"]}}],"collection":[{"href":"https:\/\/kurt-singer.com\/thailand\/wp-json\/wp\/v2\/pages"}],"about":[{"href":"https:\/\/kurt-singer.com\/thailand\/wp-json\/wp\/v2\/types\/page"}],"author":[{"embeddable":true,"href":"https:\/\/kurt-singer.com\/thailand\/wp-json\/wp\/v2\/users\/1"}],"replies":[{"embeddable":true,"href":"https:\/\/kurt-singer.com\/thailand\/wp-json\/wp\/v2\/comments?post=13843"}],"version-history":[{"count":5,"href":"https:\/\/kurt-singer.com\/thailand\/wp-json\/wp\/v2\/pages\/13843\/revisions"}],"predecessor-version":[{"id":15997,"href":"https:\/\/kurt-singer.com\/thailand\/wp-json\/wp\/v2\/pages\/13843\/revisions\/15997"}],"wp:attachment":[{"href":"https:\/\/kurt-singer.com\/thailand\/wp-json\/wp\/v2\/media?parent=13843"}],"curies":[{"name":"wp","href":"https:\/\/api.w.org\/{rel}","templated":true}]}}