{"id":14191,"date":"2024-08-11T16:50:53","date_gmt":"2024-08-11T14:50:53","guid":{"rendered":"https:\/\/kurt-singer.com\/thailand\/?page_id=14191"},"modified":"2026-03-25T00:43:25","modified_gmt":"2026-03-24T23:43:25","slug":"non-ku","status":"publish","type":"page","link":"https:\/\/kurt-singer.com\/thailand\/korat\/non-ku\/","title":{"rendered":"Non Ku"},"content":{"rendered":"\n<div class=\"et_pb_section_0 et_pb_section et_section_regular et_block_section\"><div class=\"et_pb_row_0 et_pb_row et_block_row\"><div class=\"et_pb_column_0 et_pb_column et_pb_column_4_4 et-last-child et_block_column et_pb_css_mix_blend_mode_passthrough\"><div class=\"et_pb_text_0 et_pb_text et_pb_bg_layout_light et_pb_module et_block_module\"><div class=\"et_pb_text_inner\"><h1>Prasat Non Ku (in Google Maps falsch als Nong Ku)<\/h1>\n<\/div><\/div><\/div><\/div><div class=\"et_pb_row_1 et_pb_row et_block_row\"><div class=\"et_pb_column_1 et_pb_column et_pb_column_4_4 et-last-child et_block_column et_pb_css_mix_blend_mode_passthrough\"><div class=\"et_pb_text_1 et_pb_text et_pb_bg_layout_light et_pb_module et_block_module\"><div class=\"et_pb_text_inner\"><p>Prasat Non Ku Koordinaten <a href=\"https:\/\/www.google.de\/maps\/place\/14%C2%B054'30.6\"N+101%C2%B050'01.2\"E\/@14.9084916,101.8314828,17z\/data=!3m1!4b1!4m5!3m4!1s0x0:0x54d24a94e3522686!8m2!3d14.9084864!4d101.8336715\">14.90848636262974, 101.83367146128417<\/a><\/p>\n<\/div><\/div><\/div><\/div><div class=\"et_pb_row_2 et_pb_row et_pb_row_3-5_1-5_1-5 et_block_row et_block_row_3-5_1-5_1-5\"><div class=\"et_pb_column_2 et_pb_column et_pb_column_3_5 et_block_column et_pb_css_mix_blend_mode_passthrough\"><div class=\"et_pb_text_2 et_pb_text et_pb_bg_layout_light et_pb_module et_block_module\"><div class=\"et_pb_text_inner\"><p>Adresse: <span class=\"LrzXr\">WR5M+6FW, Kho Rat, Sung Noen District, Nakhon Ratchasima 30170, Thailand<\/span><\/p>\n<p>Prasat Non Ku wurde in der 1. H\u00e4lfte des 10. Jahrhunderts unter K\u00f6nig Jayavaman IV im Koh Ker Stil erbaut. Er soll zusammen mit dem nahe gelegenen Muang Khaek einer der Tempel der antiken Stadt Muang Khorakhopura gewesen sein, die eine strategische Position in der N\u00e4he des westlichen Randes des Khorat-Plateaus einnahm. Abgesehen von den beiden ungew\u00f6hnlich alten Tempeln aus dem 7. Jahrhundert, Khao Noi und Phum Phon, geh\u00f6ren Non Ku und Muang Khaek zu den fr\u00fchesten Khmer-Monumenten in Thailand. Zusammen mit Phnom Wan, etwa 60 km \u00f6stlich und etwa zur gleichen Zeit erbaut, markiert dieses Tempelpaar den Beginn der Hauptperiode der Khmer-Baukunst im Nordosten.<\/p>\n<p>Prasat Non Ku befindet sich in Ban Kok Kok, Mu 7, Tambon Khorat, 3 Kilometer von der Kreuzung Wat Yanasophitawanaram entfernt. Es ist ein kleiner altert\u00fcmlicher \u00dcberrest aus Ziegeln und Sandstein. Sein Grundriss ist rechteckig und nach Osten ausgerichtet. Es besteht aus einem einzelnen Prang auf einem hohen Sockel und 2 Wihan-Strukturen, die dem Prang zugewandt sind. Diese sind im Osten und Westen von einer Begrenzungsmauer mit Eingangstorb\u00f6gen (Gopura) umgeben. Dar\u00fcber hinaus liegt am Boden zwischen den 2 Wihan-Strukturen ein Nandin-Stier, der respektvoll zum Hauptheiligtum kauert, in dem der Geist des hinduistischen Gottes Shiva vermutet wird. In den Jahren 1991-1992 wurden viele arch\u00e4ologische Beweise ausgegraben, was zu der Annahme f\u00fchrte, dass dieser Ort m\u00f6glicherweise ein hinduistischer Schrein ist, der im 11. Jahrhundert in einem alten Khmer-Kunststil erbaut wurde.<\/p>\n<p>Interessanterweise wurde auf diesem kleinen Gel\u00e4nde eine gro\u00dfe Menge Sandstein verwendet, obwohl die beiden Bibliotheken aus Ziegeln gebaut waren. Der Sockel des Heiligtums ist besonders hoch - 2 Meter - und die Sockel der Bibliotheken und Gopuras sind ebenfalls massiv. Vielleicht machte die N\u00e4he der Steinbr\u00fcche von Si Khiu Sandstein zum am einfachsten zu verwendenden Material.<\/p>\n<p>Es wurden verschiedene Antefixe und Statuen gefunden, die jetzt im Mahawirawong Museum in Khorat ausgestellt sind. Dazu geh\u00f6ren W\u00e4chter mit D\u00e4monengesicht, ein Garuda und kleine Modelle des Turms. Ein Giebel im Phimai-Museum, der hier gefunden wurde, ist in einem sp\u00e4teren Stil (Banteay Srei, sp\u00e4tes 10. Jahrhundert) und stammt m\u00f6glicherweise nicht wirklich aus Non Ku.<\/p>\n<\/div><\/div><\/div><div class=\"et_pb_column_3 et_pb_column et_pb_column_1_5 et_block_column et_pb_css_mix_blend_mode_passthrough\"><div class=\"et_pb_image_0 et_pb_image et_pb_has_overlay et_pb_module et_block_module\"><a href=\"https:\/\/kurt-singer.com\/thailand\/wp-content\/uploads\/sites\/7\/2024\/08\/Non-Ku.jpg\" class=\"et_pb_lightbox_image\"><span class=\"et_pb_image_wrap\"><img loading=\"lazy\" decoding=\"async\" src=\"https:\/\/kurt-singer.com\/thailand\/wp-content\/uploads\/sites\/7\/2024\/08\/Non-Ku.jpg\" width=\"957\" height=\"719\" srcset=\"https:\/\/kurt-singer.com\/thailand\/wp-content\/uploads\/sites\/7\/2024\/08\/Non-Ku.jpg 957w, https:\/\/kurt-singer.com\/thailand\/wp-content\/uploads\/sites\/7\/2024\/08\/Non-Ku-480x361.jpg 480w\" sizes=\"(min-width: 0px) and (max-width: 480px) 480px, (min-width: 481px) 957px, 100vw\" class=\"wp-image-14212\" title=\"Non Ku\" \/><span class=\"et_overlay\"><\/span><\/span><\/a><\/div><\/div><div class=\"et_pb_column_4 et_pb_column et_pb_column_1_5 et-last-child et_block_column et_pb_css_mix_blend_mode_passthrough\"><div class=\"et_pb_image_1 et_pb_image et_pb_has_overlay et_pb_module et_block_module\"><a href=\"https:\/\/kurt-singer.com\/thailand\/wp-content\/uploads\/sites\/7\/2024\/08\/Lageplan-Non-Ku.jpg\" class=\"et_pb_lightbox_image\"><span class=\"et_pb_image_wrap\"><img loading=\"lazy\" decoding=\"async\" src=\"https:\/\/kurt-singer.com\/thailand\/wp-content\/uploads\/sites\/7\/2024\/08\/Lageplan-Non-Ku.jpg\" width=\"980\" height=\"735\" srcset=\"https:\/\/kurt-singer.com\/thailand\/wp-content\/uploads\/sites\/7\/2024\/08\/Lageplan-Non-Ku.jpg 980w, https:\/\/kurt-singer.com\/thailand\/wp-content\/uploads\/sites\/7\/2024\/08\/Lageplan-Non-Ku-480x360.jpg 480w\" sizes=\"(min-width: 0px) and (max-width: 480px) 480px, (min-width: 481px) 980px, 100vw\" class=\"wp-image-14213\" title=\"Lageplan Non Ku\" \/><span class=\"et_overlay\"><\/span><\/span><\/a><\/div><\/div><\/div><div class=\"et_pb_row_3 et_pb_row et_pb_row_6col et_block_row et_block_row_6col\"><div class=\"et_pb_column_5 et_pb_column et_pb_column_1_6 et_block_column et_pb_css_mix_blend_mode_passthrough\"><div class=\"et_pb_image_2 et_pb_image et_pb_has_overlay et_pb_module et_block_module\"><a href=\"https:\/\/kurt-singer.com\/thailand\/wp-content\/uploads\/sites\/7\/2024\/08\/Prasat-Non-Ku-01.jpg\" class=\"et_pb_lightbox_image\" alt=\"Prasat Non Ku\"><span class=\"et_pb_image_wrap\"><img loading=\"lazy\" decoding=\"async\" src=\"https:\/\/kurt-singer.com\/thailand\/wp-content\/uploads\/sites\/7\/2024\/08\/Prasat-Non-Ku-01.jpg\" width=\"980\" height=\"735\" srcset=\"https:\/\/kurt-singer.com\/thailand\/wp-content\/uploads\/sites\/7\/2024\/08\/Prasat-Non-Ku-01.jpg 980w, https:\/\/kurt-singer.com\/thailand\/wp-content\/uploads\/sites\/7\/2024\/08\/Prasat-Non-Ku-01-480x360.jpg 480w\" sizes=\"(min-width: 0px) and (max-width: 480px) 480px, (min-width: 481px) 980px, 100vw\" class=\"wp-image-14214\" title=\"Prasat-Non-Ku-01\" alt=\"Prasat Non Ku\" \/><span class=\"et_overlay\"><\/span><\/span><\/a><\/div><\/div><div class=\"et_pb_column_6 et_pb_column et_pb_column_1_6 et_block_column et_pb_css_mix_blend_mode_passthrough\"><div class=\"et_pb_image_3 et_pb_image et_pb_has_overlay et_pb_module et_block_module\"><a href=\"https:\/\/kurt-singer.com\/thailand\/wp-content\/uploads\/sites\/7\/2024\/08\/Prasat-Non-Ku-02.jpg\" class=\"et_pb_lightbox_image\" alt=\"Prasat Non Ku\"><span class=\"et_pb_image_wrap\"><img loading=\"lazy\" decoding=\"async\" src=\"https:\/\/kurt-singer.com\/thailand\/wp-content\/uploads\/sites\/7\/2024\/08\/Prasat-Non-Ku-02.jpg\" width=\"980\" height=\"735\" srcset=\"https:\/\/kurt-singer.com\/thailand\/wp-content\/uploads\/sites\/7\/2024\/08\/Prasat-Non-Ku-02.jpg 980w, https:\/\/kurt-singer.com\/thailand\/wp-content\/uploads\/sites\/7\/2024\/08\/Prasat-Non-Ku-02-480x360.jpg 480w\" sizes=\"(min-width: 0px) and (max-width: 480px) 480px, (min-width: 481px) 980px, 100vw\" class=\"wp-image-14215\" title=\"Prasat-Non-Ku-02\" alt=\"Prasat Non Ku\" \/><span class=\"et_overlay\"><\/span><\/span><\/a><\/div><\/div><div class=\"et_pb_column_7 et_pb_column et_pb_column_1_6 et_block_column et_pb_css_mix_blend_mode_passthrough\"><div class=\"et_pb_image_4 et_pb_image et_pb_has_overlay et_pb_module et_block_module\"><a href=\"https:\/\/kurt-singer.com\/thailand\/wp-content\/uploads\/sites\/7\/2024\/08\/Prasat-Non-Ku-03.jpg\" class=\"et_pb_lightbox_image\" alt=\"Prasat Non Ku\"><span class=\"et_pb_image_wrap\"><img loading=\"lazy\" decoding=\"async\" src=\"https:\/\/kurt-singer.com\/thailand\/wp-content\/uploads\/sites\/7\/2024\/08\/Prasat-Non-Ku-03.jpg\" width=\"980\" height=\"735\" srcset=\"https:\/\/kurt-singer.com\/thailand\/wp-content\/uploads\/sites\/7\/2024\/08\/Prasat-Non-Ku-03.jpg 980w, https:\/\/kurt-singer.com\/thailand\/wp-content\/uploads\/sites\/7\/2024\/08\/Prasat-Non-Ku-03-480x360.jpg 480w\" sizes=\"(min-width: 0px) and (max-width: 480px) 480px, (min-width: 481px) 980px, 100vw\" class=\"wp-image-14216\" title=\"Prasat-Non-Ku-03\" alt=\"Prasat Non Ku\" \/><span class=\"et_overlay\"><\/span><\/span><\/a><\/div><\/div><div class=\"et_pb_column_8 et_pb_column et_pb_column_1_6 et_block_column et_pb_css_mix_blend_mode_passthrough\"><div class=\"et_pb_image_5 et_pb_image et_pb_has_overlay et_pb_module et_block_module\"><a href=\"https:\/\/kurt-singer.com\/thailand\/wp-content\/uploads\/sites\/7\/2024\/08\/Prasat-Non-Ku-04.jpg\" class=\"et_pb_lightbox_image\" alt=\"Prasat Non Ku\"><span class=\"et_pb_image_wrap\"><img loading=\"lazy\" decoding=\"async\" src=\"https:\/\/kurt-singer.com\/thailand\/wp-content\/uploads\/sites\/7\/2024\/08\/Prasat-Non-Ku-04.jpg\" width=\"980\" height=\"735\" srcset=\"https:\/\/kurt-singer.com\/thailand\/wp-content\/uploads\/sites\/7\/2024\/08\/Prasat-Non-Ku-04.jpg 980w, https:\/\/kurt-singer.com\/thailand\/wp-content\/uploads\/sites\/7\/2024\/08\/Prasat-Non-Ku-04-480x360.jpg 480w\" sizes=\"(min-width: 0px) and (max-width: 480px) 480px, (min-width: 481px) 980px, 100vw\" class=\"wp-image-14217\" title=\"Prasat-Non-Ku-04\" alt=\"Prasat Non Ku\" \/><span class=\"et_overlay\"><\/span><\/span><\/a><\/div><\/div><div class=\"et_pb_column_9 et_pb_column et_pb_column_1_6 et_block_column et_pb_css_mix_blend_mode_passthrough\"><div class=\"et_pb_image_6 et_pb_image et_pb_has_overlay et_pb_module et_block_module\"><a href=\"https:\/\/kurt-singer.com\/thailand\/wp-content\/uploads\/sites\/7\/2024\/08\/Prasat-Non-Ku-05.jpg\" class=\"et_pb_lightbox_image\" alt=\"Prasat Non Ku\"><span class=\"et_pb_image_wrap\"><img loading=\"lazy\" decoding=\"async\" src=\"https:\/\/kurt-singer.com\/thailand\/wp-content\/uploads\/sites\/7\/2024\/08\/Prasat-Non-Ku-05.jpg\" width=\"980\" height=\"735\" srcset=\"https:\/\/kurt-singer.com\/thailand\/wp-content\/uploads\/sites\/7\/2024\/08\/Prasat-Non-Ku-05.jpg 980w, https:\/\/kurt-singer.com\/thailand\/wp-content\/uploads\/sites\/7\/2024\/08\/Prasat-Non-Ku-05-480x360.jpg 480w\" sizes=\"(min-width: 0px) and (max-width: 480px) 480px, (min-width: 481px) 980px, 100vw\" class=\"wp-image-14218\" title=\"Prasat-Non-Ku-05\" alt=\"Prasat Non Ku\" \/><span class=\"et_overlay\"><\/span><\/span><\/a><\/div><\/div><div class=\"et_pb_column_10 et_pb_column et_pb_column_1_6 et-last-child et_block_column et_pb_css_mix_blend_mode_passthrough\"><div class=\"et_pb_image_7 et_pb_image et_pb_has_overlay et_pb_module et_block_module\"><a href=\"https:\/\/kurt-singer.com\/thailand\/wp-content\/uploads\/sites\/7\/2024\/08\/Prasat-Non-Ku-06.jpg\" class=\"et_pb_lightbox_image\" alt=\"Prasat Non Ku\"><span class=\"et_pb_image_wrap\"><img loading=\"lazy\" decoding=\"async\" src=\"https:\/\/kurt-singer.com\/thailand\/wp-content\/uploads\/sites\/7\/2024\/08\/Prasat-Non-Ku-06.jpg\" width=\"980\" height=\"735\" srcset=\"https:\/\/kurt-singer.com\/thailand\/wp-content\/uploads\/sites\/7\/2024\/08\/Prasat-Non-Ku-06.jpg 980w, https:\/\/kurt-singer.com\/thailand\/wp-content\/uploads\/sites\/7\/2024\/08\/Prasat-Non-Ku-06-480x360.jpg 480w\" sizes=\"(min-width: 0px) and (max-width: 480px) 480px, (min-width: 481px) 980px, 100vw\" class=\"wp-image-14219\" title=\"Prasat-Non-Ku-06\" alt=\"Prasat Non Ku\" \/><span class=\"et_overlay\"><\/span><\/span><\/a><\/div><\/div><\/div><div class=\"et_pb_row_4 et_pb_row et_pb_row_6col et_block_row et_block_row_6col\"><div class=\"et_pb_column_11 et_pb_column et_pb_column_1_6 et_block_column et_pb_css_mix_blend_mode_passthrough\"><div class=\"et_pb_image_8 et_pb_image et_pb_has_overlay et_pb_module et_block_module\"><a href=\"https:\/\/kurt-singer.com\/thailand\/wp-content\/uploads\/sites\/7\/2024\/08\/Prasat-Non-Ku-07.jpg\" class=\"et_pb_lightbox_image\" alt=\"Prasat Non Ku\"><span class=\"et_pb_image_wrap\"><img loading=\"lazy\" decoding=\"async\" src=\"https:\/\/kurt-singer.com\/thailand\/wp-content\/uploads\/sites\/7\/2024\/08\/Prasat-Non-Ku-07.jpg\" width=\"980\" height=\"735\" srcset=\"https:\/\/kurt-singer.com\/thailand\/wp-content\/uploads\/sites\/7\/2024\/08\/Prasat-Non-Ku-07.jpg 980w, https:\/\/kurt-singer.com\/thailand\/wp-content\/uploads\/sites\/7\/2024\/08\/Prasat-Non-Ku-07-480x360.jpg 480w\" sizes=\"(min-width: 0px) and (max-width: 480px) 480px, (min-width: 481px) 980px, 100vw\" class=\"wp-image-14220\" title=\"Prasat-Non-Ku-07\" alt=\"Prasat Non Ku\" \/><span class=\"et_overlay\"><\/span><\/span><\/a><\/div><\/div><div class=\"et_pb_column_12 et_pb_column et_pb_column_1_6 et_block_column et_pb_css_mix_blend_mode_passthrough\"><div class=\"et_pb_image_9 et_pb_image et_pb_has_overlay et_pb_module et_block_module\"><a href=\"https:\/\/kurt-singer.com\/thailand\/wp-content\/uploads\/sites\/7\/2024\/08\/Prasat-Non-Ku-08.jpg\" class=\"et_pb_lightbox_image\" alt=\"Prasat Non Ku\"><span class=\"et_pb_image_wrap\"><img loading=\"lazy\" decoding=\"async\" src=\"https:\/\/kurt-singer.com\/thailand\/wp-content\/uploads\/sites\/7\/2024\/08\/Prasat-Non-Ku-08.jpg\" width=\"980\" height=\"735\" srcset=\"https:\/\/kurt-singer.com\/thailand\/wp-content\/uploads\/sites\/7\/2024\/08\/Prasat-Non-Ku-08.jpg 980w, https:\/\/kurt-singer.com\/thailand\/wp-content\/uploads\/sites\/7\/2024\/08\/Prasat-Non-Ku-08-480x360.jpg 480w\" sizes=\"(min-width: 0px) and (max-width: 480px) 480px, (min-width: 481px) 980px, 100vw\" class=\"wp-image-14221\" title=\"Prasat-Non-Ku-08\" alt=\"Prasat Non Ku\" \/><span class=\"et_overlay\"><\/span><\/span><\/a><\/div><\/div><div class=\"et_pb_column_13 et_pb_column et_pb_column_1_6 et_block_column et_pb_css_mix_blend_mode_passthrough\"><div class=\"et_pb_image_10 et_pb_image et_pb_has_overlay et_pb_module et_block_module\"><a href=\"https:\/\/kurt-singer.com\/thailand\/wp-content\/uploads\/sites\/7\/2024\/08\/Prasat-Non-Ku-09.jpg\" class=\"et_pb_lightbox_image\" alt=\"Prasat Non Ku\"><span class=\"et_pb_image_wrap\"><img loading=\"lazy\" decoding=\"async\" src=\"https:\/\/kurt-singer.com\/thailand\/wp-content\/uploads\/sites\/7\/2024\/08\/Prasat-Non-Ku-09.jpg\" width=\"980\" height=\"735\" srcset=\"https:\/\/kurt-singer.com\/thailand\/wp-content\/uploads\/sites\/7\/2024\/08\/Prasat-Non-Ku-09.jpg 980w, https:\/\/kurt-singer.com\/thailand\/wp-content\/uploads\/sites\/7\/2024\/08\/Prasat-Non-Ku-09-480x360.jpg 480w\" sizes=\"(min-width: 0px) and (max-width: 480px) 480px, (min-width: 481px) 980px, 100vw\" class=\"wp-image-14222\" title=\"Prasat-Non-Ku-09\" alt=\"Prasat Non Ku\" \/><span class=\"et_overlay\"><\/span><\/span><\/a><\/div><\/div><div class=\"et_pb_column_14 et_pb_column et_pb_column_1_6 et_block_column et_pb_css_mix_blend_mode_passthrough\"><div class=\"et_pb_image_11 et_pb_image et_pb_has_overlay et_pb_module et_block_module\"><a href=\"https:\/\/kurt-singer.com\/thailand\/wp-content\/uploads\/sites\/7\/2024\/08\/Prasat-Non-Ku-10.jpg\" class=\"et_pb_lightbox_image\" alt=\"Prasat Non Ku\"><span class=\"et_pb_image_wrap\"><img loading=\"lazy\" decoding=\"async\" src=\"https:\/\/kurt-singer.com\/thailand\/wp-content\/uploads\/sites\/7\/2024\/08\/Prasat-Non-Ku-10.jpg\" width=\"980\" height=\"735\" srcset=\"https:\/\/kurt-singer.com\/thailand\/wp-content\/uploads\/sites\/7\/2024\/08\/Prasat-Non-Ku-10.jpg 980w, https:\/\/kurt-singer.com\/thailand\/wp-content\/uploads\/sites\/7\/2024\/08\/Prasat-Non-Ku-10-480x360.jpg 480w\" sizes=\"(min-width: 0px) and (max-width: 480px) 480px, (min-width: 481px) 980px, 100vw\" class=\"wp-image-14223\" title=\"Prasat-Non-Ku-10\" alt=\"Prasat Non Ku\" \/><span class=\"et_overlay\"><\/span><\/span><\/a><\/div><\/div><div class=\"et_pb_column_15 et_pb_column et_pb_column_1_6 et_block_column et_pb_css_mix_blend_mode_passthrough\"><div class=\"et_pb_image_12 et_pb_image et_pb_has_overlay et_pb_module et_block_module\"><a href=\"https:\/\/kurt-singer.com\/thailand\/wp-content\/uploads\/sites\/7\/2024\/08\/Prasat-Non-Ku-11.jpg\" class=\"et_pb_lightbox_image\" alt=\"Prasat Non Ku\"><span class=\"et_pb_image_wrap\"><img loading=\"lazy\" decoding=\"async\" src=\"https:\/\/kurt-singer.com\/thailand\/wp-content\/uploads\/sites\/7\/2024\/08\/Prasat-Non-Ku-11.jpg\" width=\"980\" height=\"735\" srcset=\"https:\/\/kurt-singer.com\/thailand\/wp-content\/uploads\/sites\/7\/2024\/08\/Prasat-Non-Ku-11.jpg 980w, https:\/\/kurt-singer.com\/thailand\/wp-content\/uploads\/sites\/7\/2024\/08\/Prasat-Non-Ku-11-480x360.jpg 480w\" sizes=\"(min-width: 0px) and (max-width: 480px) 480px, (min-width: 481px) 980px, 100vw\" class=\"wp-image-14224\" title=\"Prasat-Non-Ku-11\" alt=\"Prasat Non Ku\" \/><span class=\"et_overlay\"><\/span><\/span><\/a><\/div><\/div><div class=\"et_pb_column_16 et_pb_column et_pb_column_1_6 et-last-child et_block_column et_pb_css_mix_blend_mode_passthrough\"><div class=\"et_pb_image_13 et_pb_image et_pb_has_overlay et_pb_module et_block_module\"><a href=\"https:\/\/kurt-singer.com\/thailand\/wp-content\/uploads\/sites\/7\/2024\/08\/Prasat-Non-Ku-12.jpg\" class=\"et_pb_lightbox_image\" alt=\"Prasat Non Ku\"><span class=\"et_pb_image_wrap\"><img loading=\"lazy\" decoding=\"async\" src=\"https:\/\/kurt-singer.com\/thailand\/wp-content\/uploads\/sites\/7\/2024\/08\/Prasat-Non-Ku-12.jpg\" width=\"980\" height=\"735\" srcset=\"https:\/\/kurt-singer.com\/thailand\/wp-content\/uploads\/sites\/7\/2024\/08\/Prasat-Non-Ku-12.jpg 980w, https:\/\/kurt-singer.com\/thailand\/wp-content\/uploads\/sites\/7\/2024\/08\/Prasat-Non-Ku-12-480x360.jpg 480w\" sizes=\"(min-width: 0px) and (max-width: 480px) 480px, (min-width: 481px) 980px, 100vw\" class=\"wp-image-14225\" title=\"Prasat-Non-Ku-12\" alt=\"Prasat Non Ku\" \/><span class=\"et_overlay\"><\/span><\/span><\/a><\/div><\/div><\/div><\/div>\n","protected":false},"excerpt":{"rendered":"","protected":false},"author":1,"featured_media":0,"parent":14179,"menu_order":0,"comment_status":"closed","ping_status":"closed","template":"","meta":{"footnotes":""},"class_list":["post-14191","page","type-page","status-publish","hentry"],"_links":{"self":[{"href":"https:\/\/kurt-singer.com\/thailand\/wp-json\/wp\/v2\/pages\/14191","targetHints":{"allow":["GET"]}}],"collection":[{"href":"https:\/\/kurt-singer.com\/thailand\/wp-json\/wp\/v2\/pages"}],"about":[{"href":"https:\/\/kurt-singer.com\/thailand\/wp-json\/wp\/v2\/types\/page"}],"author":[{"embeddable":true,"href":"https:\/\/kurt-singer.com\/thailand\/wp-json\/wp\/v2\/users\/1"}],"replies":[{"embeddable":true,"href":"https:\/\/kurt-singer.com\/thailand\/wp-json\/wp\/v2\/comments?post=14191"}],"version-history":[{"count":5,"href":"https:\/\/kurt-singer.com\/thailand\/wp-json\/wp\/v2\/pages\/14191\/revisions"}],"predecessor-version":[{"id":16010,"href":"https:\/\/kurt-singer.com\/thailand\/wp-json\/wp\/v2\/pages\/14191\/revisions\/16010"}],"up":[{"embeddable":true,"href":"https:\/\/kurt-singer.com\/thailand\/wp-json\/wp\/v2\/pages\/14179"}],"wp:attachment":[{"href":"https:\/\/kurt-singer.com\/thailand\/wp-json\/wp\/v2\/media?parent=14191"}],"curies":[{"name":"wp","href":"https:\/\/api.w.org\/{rel}","templated":true}]}}