{"id":14344,"date":"2024-08-11T23:29:59","date_gmt":"2024-08-11T21:29:59","guid":{"rendered":"https:\/\/kurt-singer.com\/thailand\/?page_id=14344"},"modified":"2026-03-25T00:43:29","modified_gmt":"2026-03-24T23:43:29","slug":"sdok-kok-thom","status":"publish","type":"page","link":"https:\/\/kurt-singer.com\/thailand\/sdok-kok-thom\/","title":{"rendered":"Sdok Kok Thom"},"content":{"rendered":"\n<div class=\"et_pb_section_0 et_pb_section et_section_regular et_block_section\"><div class=\"et_pb_row_0 et_pb_row et_block_row\"><div class=\"et_pb_column_0 et_pb_column et_pb_column_4_4 et-last-child et_block_column et_pb_css_mix_blend_mode_passthrough\"><div class=\"et_pb_text_0 et_pb_text et_pb_bg_layout_light et_pb_module et_block_module\"><div class=\"et_pb_text_inner\"><h1>Sdok Kok Thom<\/h1>\n<\/div><\/div><div class=\"et_pb_text_1 et_pb_text et_pb_bg_layout_light et_pb_module et_block_module\"><div class=\"et_pb_text_inner\"><p>Diese Anlage habe ich noch nicht selbst besucht. Alle Fotos wurden mir von <strong>Marc Illner<\/strong> zur Verf\u00fcgung gestellt, der auch die Bildrechte besitzt.<\/p>\n<p>Sdok Kok Thom Koordinaten <a href=\"https:\/\/www.google.de\/maps\/place\/13%C2%B050'37.8\"N+102%C2%B044'14.2\"E\/@13.8411863,102.7311408,13.83z\/data=!4m5!3m4!1s0x0:0x9c8f5579fa5da051!8m2!3d13.843825!4d102.7372885\">13.843824985552255, 102.73728852587067<\/a><\/p>\n<\/div><\/div><\/div><\/div><div class=\"et_pb_row_1 et_pb_row et_pb_row_3-5_1-5_1-5 et_block_row et_block_row_3-5_1-5_1-5\"><div class=\"et_pb_column_1 et_pb_column et_pb_column_3_5 et_block_column et_pb_css_mix_blend_mode_passthrough\"><div class=\"et_pb_text_2 et_pb_text et_pb_bg_layout_light et_pb_module et_block_module\"><div class=\"et_pb_text_inner\"><p>Die Anlage stammt aus dem 11. Jahrhundert und wurde unter <a href=\"https:\/\/de.wikipedia.org\/wiki\/Udayadityavarman_II.\" target=\"_blank\" rel=\"noopener\">Udayadityavarmann II<\/a> im <a href=\"https:\/\/de.wikipedia.org\/wiki\/Baphuon\" target=\"_blank\" rel=\"noopener\">Baphuon-Sti<\/a>l erbaut.<\/p>\n<p>Der Grundriss ist einfach und kompakt: ein zentrales Heiligtum, das aus einem Schrein mit Prang, Antarala und Mandapa bestand, in einer einzigen Einfriedung, die eng von einem Wassergraben umgeben war. Zwei Bibliotheken nehmen die \u00fcblichen Positionen nord\u00f6stlich und s\u00fcd\u00f6stlich des Turms ein, die Hauptgopura (Haupteingang) befindet sich auf der Ostseite, eine kleinere Gopura im Westen. Dammwege, die von jedem dieser Gopuras f\u00fchren, teilen den Graben in zwei Teile, w\u00e4hrend eine \u00e4u\u00dferere Laterit-Mauer den Wassergraben umschlie\u00dft . Der Tempel ist nach Osten ausgerichtet.<\/p>\n<\/div><\/div><\/div><div class=\"et_pb_column_2 et_pb_column et_pb_column_1_5 et_block_column et_pb_css_mix_blend_mode_passthrough\"><div class=\"et_pb_image_0 et_pb_image et_pb_has_overlay et_pb_module et_block_module\"><a href=\"https:\/\/kurt-singer.com\/thailand\/wp-content\/uploads\/sites\/7\/2024\/08\/Sdok-Kok-Thom.jpg\" class=\"et_pb_lightbox_image\"><span class=\"et_pb_image_wrap\"><img loading=\"lazy\" decoding=\"async\" src=\"https:\/\/kurt-singer.com\/thailand\/wp-content\/uploads\/sites\/7\/2024\/08\/Sdok-Kok-Thom.jpg\" width=\"957\" height=\"719\" srcset=\"https:\/\/kurt-singer.com\/thailand\/wp-content\/uploads\/sites\/7\/2024\/08\/Sdok-Kok-Thom.jpg 957w, https:\/\/kurt-singer.com\/thailand\/wp-content\/uploads\/sites\/7\/2024\/08\/Sdok-Kok-Thom-480x361.jpg 480w\" sizes=\"(min-width: 0px) and (max-width: 480px) 480px, (min-width: 481px) 957px, 100vw\" class=\"wp-image-14393\" title=\"Sdok Kok Thom\" \/><span class=\"et_overlay\"><\/span><\/span><\/a><\/div><\/div><div class=\"et_pb_column_3 et_pb_column et_pb_column_1_5 et-last-child et_block_column et_pb_css_mix_blend_mode_passthrough\"><div class=\"et_pb_image_1 et_pb_image et_pb_has_overlay et_pb_module et_block_module\"><a href=\"https:\/\/kurt-singer.com\/thailand\/wp-content\/uploads\/sites\/7\/2024\/08\/Sdok-Kok-Thom-Lageplan-N-rotated-e1675851705312.jpg\" class=\"et_pb_lightbox_image\"><span class=\"et_pb_image_wrap\"><img loading=\"lazy\" decoding=\"async\" src=\"https:\/\/kurt-singer.com\/thailand\/wp-content\/uploads\/sites\/7\/2024\/08\/Sdok-Kok-Thom-Lageplan-N-rotated-e1675851705312.jpg\" width=\"980\" height=\"958\" srcset=\"https:\/\/kurt-singer.com\/thailand\/wp-content\/uploads\/sites\/7\/2024\/08\/Sdok-Kok-Thom-Lageplan-N-rotated-e1675851705312.jpg 980w, https:\/\/kurt-singer.com\/thailand\/wp-content\/uploads\/sites\/7\/2024\/08\/Sdok-Kok-Thom-Lageplan-N-rotated-e1675851705312-480x469.jpg 480w\" sizes=\"(min-width: 0px) and (max-width: 480px) 480px, (min-width: 481px) 980px, 100vw\" class=\"wp-image-14394\" title=\"Sdok Kok Thom Lageplan-N\" \/><span class=\"et_overlay\"><\/span><\/span><\/a><\/div><\/div><\/div><div class=\"et_pb_row_2 et_pb_row et_pb_row_3-5_1-5_1-5 et_block_row et_block_row_3-5_1-5_1-5\"><div class=\"et_pb_column_4 et_pb_column et_pb_column_3_5 et_block_column et_pb_column_empty et_pb_css_mix_blend_mode_passthrough\"><\/div><div class=\"et_pb_column_5 et_pb_column et_pb_column_1_5 et_block_column et_pb_css_mix_blend_mode_passthrough\"><div class=\"et_pb_text_3 et_pb_text et_pb_bg_layout_light et_pb_module et_block_module\"><div class=\"et_pb_text_inner\"><pre>Karte<\/pre>\n<\/div><\/div><\/div><div class=\"et_pb_column_6 et_pb_column et_pb_column_1_5 et-last-child et_block_column et_pb_css_mix_blend_mode_passthrough\"><div class=\"et_pb_text_4 et_pb_text et_pb_bg_layout_light et_pb_module et_block_module\"><div class=\"et_pb_text_inner\"><pre>Grundriss<\/pre>\n<\/div><\/div><\/div><\/div><div class=\"et_pb_row_3 et_pb_row et_pb_row_5col et_block_row et_block_row_5col\"><div class=\"et_pb_column_7 et_pb_column et_pb_column_1_5 et_block_column et_pb_css_mix_blend_mode_passthrough\"><div class=\"et_pb_image_2 et_pb_image et_pb_has_overlay et_pb_module et_block_module\"><a href=\"https:\/\/kurt-singer.com\/thailand\/wp-content\/uploads\/sites\/7\/2024\/08\/Sdok-Kok-Thom-01.jpg\" class=\"et_pb_lightbox_image\"><span class=\"et_pb_image_wrap\"><img loading=\"lazy\" decoding=\"async\" src=\"https:\/\/kurt-singer.com\/thailand\/wp-content\/uploads\/sites\/7\/2024\/08\/Sdok-Kok-Thom-01.jpg\" width=\"980\" height=\"735\" srcset=\"https:\/\/kurt-singer.com\/thailand\/wp-content\/uploads\/sites\/7\/2024\/08\/Sdok-Kok-Thom-01.jpg 980w, https:\/\/kurt-singer.com\/thailand\/wp-content\/uploads\/sites\/7\/2024\/08\/Sdok-Kok-Thom-01-480x360.jpg 480w\" sizes=\"(min-width: 0px) and (max-width: 480px) 480px, (min-width: 481px) 980px, 100vw\" class=\"wp-image-14395\" title=\"Sdok Kok Thom-01\" \/><span class=\"et_overlay\"><\/span><\/span><\/a><\/div><\/div><div class=\"et_pb_column_8 et_pb_column et_pb_column_1_5 et_block_column et_pb_css_mix_blend_mode_passthrough\"><div class=\"et_pb_image_3 et_pb_image et_pb_has_overlay et_pb_module et_block_module\"><a href=\"https:\/\/kurt-singer.com\/thailand\/wp-content\/uploads\/sites\/7\/2024\/08\/Sdok-Kok-Thom-02.jpg\" class=\"et_pb_lightbox_image\"><span class=\"et_pb_image_wrap\"><img loading=\"lazy\" decoding=\"async\" src=\"https:\/\/kurt-singer.com\/thailand\/wp-content\/uploads\/sites\/7\/2024\/08\/Sdok-Kok-Thom-02.jpg\" width=\"980\" height=\"735\" srcset=\"https:\/\/kurt-singer.com\/thailand\/wp-content\/uploads\/sites\/7\/2024\/08\/Sdok-Kok-Thom-02.jpg 980w, https:\/\/kurt-singer.com\/thailand\/wp-content\/uploads\/sites\/7\/2024\/08\/Sdok-Kok-Thom-02-480x360.jpg 480w\" sizes=\"(min-width: 0px) and (max-width: 480px) 480px, (min-width: 481px) 980px, 100vw\" class=\"wp-image-14396\" title=\"Sdok Kok Thom-02\" \/><span class=\"et_overlay\"><\/span><\/span><\/a><\/div><\/div><div class=\"et_pb_column_9 et_pb_column et_pb_column_1_5 et_block_column et_pb_css_mix_blend_mode_passthrough\"><div class=\"et_pb_image_4 et_pb_image et_pb_has_overlay et_pb_module et_block_module\"><a href=\"https:\/\/kurt-singer.com\/thailand\/wp-content\/uploads\/sites\/7\/2024\/08\/Sdok-Kok-Thom-03.jpg\" class=\"et_pb_lightbox_image\"><span class=\"et_pb_image_wrap\"><img loading=\"lazy\" decoding=\"async\" src=\"https:\/\/kurt-singer.com\/thailand\/wp-content\/uploads\/sites\/7\/2024\/08\/Sdok-Kok-Thom-03.jpg\" width=\"980\" height=\"735\" srcset=\"https:\/\/kurt-singer.com\/thailand\/wp-content\/uploads\/sites\/7\/2024\/08\/Sdok-Kok-Thom-03.jpg 980w, https:\/\/kurt-singer.com\/thailand\/wp-content\/uploads\/sites\/7\/2024\/08\/Sdok-Kok-Thom-03-480x360.jpg 480w\" sizes=\"(min-width: 0px) and (max-width: 480px) 480px, (min-width: 481px) 980px, 100vw\" class=\"wp-image-14397\" title=\"Sdok Kok Thom-03\" \/><span class=\"et_overlay\"><\/span><\/span><\/a><\/div><\/div><div class=\"et_pb_column_10 et_pb_column et_pb_column_1_5 et_block_column et_pb_css_mix_blend_mode_passthrough\"><div class=\"et_pb_image_5 et_pb_image et_pb_has_overlay et_pb_module et_block_module\"><a href=\"https:\/\/kurt-singer.com\/thailand\/wp-content\/uploads\/sites\/7\/2024\/08\/Sdok-Kok-Thom-04.jpg\" class=\"et_pb_lightbox_image\"><span class=\"et_pb_image_wrap\"><img loading=\"lazy\" decoding=\"async\" src=\"https:\/\/kurt-singer.com\/thailand\/wp-content\/uploads\/sites\/7\/2024\/08\/Sdok-Kok-Thom-04.jpg\" width=\"980\" height=\"735\" srcset=\"https:\/\/kurt-singer.com\/thailand\/wp-content\/uploads\/sites\/7\/2024\/08\/Sdok-Kok-Thom-04.jpg 980w, https:\/\/kurt-singer.com\/thailand\/wp-content\/uploads\/sites\/7\/2024\/08\/Sdok-Kok-Thom-04-480x360.jpg 480w\" sizes=\"(min-width: 0px) and (max-width: 480px) 480px, (min-width: 481px) 980px, 100vw\" class=\"wp-image-14398\" title=\"Sdok Kok Thom-04\" \/><span class=\"et_overlay\"><\/span><\/span><\/a><\/div><\/div><div class=\"et_pb_column_11 et_pb_column et_pb_column_1_5 et-last-child et_block_column et_pb_css_mix_blend_mode_passthrough\"><div class=\"et_pb_image_6 et_pb_image et_pb_has_overlay et_pb_module et_block_module\"><a href=\"https:\/\/kurt-singer.com\/thailand\/wp-content\/uploads\/sites\/7\/2024\/08\/Sdok-Kok-Thom-05.jpg\" class=\"et_pb_lightbox_image\"><span class=\"et_pb_image_wrap\"><img loading=\"lazy\" decoding=\"async\" src=\"https:\/\/kurt-singer.com\/thailand\/wp-content\/uploads\/sites\/7\/2024\/08\/Sdok-Kok-Thom-05.jpg\" width=\"980\" height=\"735\" srcset=\"https:\/\/kurt-singer.com\/thailand\/wp-content\/uploads\/sites\/7\/2024\/08\/Sdok-Kok-Thom-05.jpg 980w, https:\/\/kurt-singer.com\/thailand\/wp-content\/uploads\/sites\/7\/2024\/08\/Sdok-Kok-Thom-05-480x360.jpg 480w\" sizes=\"(min-width: 0px) and (max-width: 480px) 480px, (min-width: 481px) 980px, 100vw\" class=\"wp-image-14399\" title=\"Sdok Kok Thom-05\" \/><span class=\"et_overlay\"><\/span><\/span><\/a><\/div><\/div><\/div><div class=\"et_pb_row_4 et_pb_row et_block_row\"><div class=\"et_pb_column_12 et_pb_column et_pb_column_1_2 et_block_column et_pb_css_mix_blend_mode_passthrough\"><div class=\"et_pb_text_5 et_pb_text et_pb_bg_layout_light et_pb_module et_block_module\"><div class=\"et_pb_text_inner\"><p>Dieser kleine und wenig besuchte Tempel an der kambodschanischen Grenze liegt 30 km nord\u00f6stlich von Aranyaprathet. Sdok Kok Thom war in den 1980er Jahren einige Jahre lang als Milit\u00e4rposten von <a href=\"https:\/\/de.wikipedia.org\/wiki\/Nationale_Befreiungsfront_des_Khmer-Volkes\" target=\"_blank\" rel=\"noopener\">KPNLF<\/a>-Truppen besetzt und konnte in dieser Zeit nicht besucht werden. Es wurde 1990 f\u00fcr einen k\u00f6niglichen Besuch er\u00f6ffnet - was bedeutet, dass die thail\u00e4ndische Armee die kambodschanischen Rebellen vertrieb und die Minen r\u00e4umte. Sdok Kok Thom, ein relativ kompakter Ort, bewahrt eine ziemlich vollst\u00e4ndige Gopura am \u00f6stlichen Haupteingang, die Mauer und Bibliotheken umschlie\u00dft. Der einmal eingest\u00fcrzte Turm wurde restauriert und ist heute in seiner urspr\u00fcnglichen Form wieder errichtet..<\/p>\n<p>Sdok Kok Thom ist am besten f\u00fcr seine Inschrift bekannt, eine der wichtigsten in der Khmer-Epigraphie. Es ist nicht mehr an Ort und Stelle, sondern wurde zur sicheren Aufbewahrung in das Nationalmuseum in Bangkok gebracht. Es stammt aus dem Jahr 1052 n. Chr. und zeichnet die Geschichte der Shivakaivalya-Priesterdynastie auf.<\/p>\n<p>Wichtiger ist die Zusammenfassung der Herrschaft der Khmer-K\u00f6nige in den vorangegangenen zwei Jahrhunderten ab 802, denn dazu geh\u00f6rt auch die Gr\u00fcndung des Khmer-Reiches selbst.<\/p>\n<\/div><\/div><\/div><div class=\"et_pb_column_13 et_pb_column et_pb_column_1_2 et-last-child et_block_column et_pb_css_mix_blend_mode_passthrough\"><div class=\"et_pb_text_6 et_pb_text et_pb_bg_layout_light et_pb_module et_block_module\"><div class=\"et_pb_text_inner\"><p>Es erz\u00e4hlt, wie Jayavarman II. von Java ankam, K\u00f6nig von Indrapura wurde (wahrscheinlich \u00f6stlich und jenseits des Mekong vom heutigen Phnom Penh) und sp\u00e4ter seine Hauptstadt nach Hariharalaya in der N\u00e4he von Angkor verlegte am n\u00f6rdlichen Ufer des Tonle Sap.<\/p>\n<p>Dies ist der erste dokumentarische Beweis f\u00fcr die Anf\u00e4nge der angkoreanischen \u00c4ra. Sdok Kok Thorns Name ist in modernen Khmer (urspr\u00fcnglich bekannt als Bhadraniketana), und obwohl es einige Meinungsverschiedenheiten gibt, glaubten Forscher, dass er \u201e(der Tempel am) Great Reed Lake\u201c bedeutete und sich auf das ehemalige Baray im Osten bezog. Sdok bedeutet \u201ezerknittert, zusammengedr\u00fcckt\u201c und taucht oft in Khmer-Inschriften als \u00c4quivalent zum Sanskrit hrada auf, was \u201egro\u00dfes Gew\u00e4sser\u201c bedeutet; kok ist eine Schilfart, die zum Mattieren verwendet wird, und thom bedeutet \u201egro\u00df\u201c. Ein markanter, isolierter H\u00fcgel 24 km osts\u00fcd\u00f6stlich von hier wird auch Phnom Sdok Kok genannt.<\/p>\n<p>Im Jahr 1052 wurde in dem relativ kleinen Heiligtum ein Sprachgebrauch von einiger Bedeutung geweiht, und die Stele, die in der Galerie des Geheges gefunden wurde, wurde zum Gedenken an das Ereignis eingraviert. Sdok Kok Thom spielte aslso in der Geschichte und Entwicklung des Khmer-Reiches eine bedeutende Rolle.<\/p>\n<\/div><\/div><\/div><\/div><div class=\"et_pb_row_5 et_pb_row et_pb_row_5col et_block_row et_block_row_5col\"><div class=\"et_pb_column_14 et_pb_column et_pb_column_1_5 et_block_column et_pb_css_mix_blend_mode_passthrough\"><div class=\"et_pb_image_7 et_pb_image et_pb_has_overlay et_pb_module et_block_module\"><a href=\"https:\/\/kurt-singer.com\/thailand\/wp-content\/uploads\/sites\/7\/2024\/08\/Sdok-Kok-Thom-06.jpg\" class=\"et_pb_lightbox_image\"><span class=\"et_pb_image_wrap\"><img loading=\"lazy\" decoding=\"async\" src=\"https:\/\/kurt-singer.com\/thailand\/wp-content\/uploads\/sites\/7\/2024\/08\/Sdok-Kok-Thom-06.jpg\" width=\"980\" height=\"735\" srcset=\"https:\/\/kurt-singer.com\/thailand\/wp-content\/uploads\/sites\/7\/2024\/08\/Sdok-Kok-Thom-06.jpg 980w, https:\/\/kurt-singer.com\/thailand\/wp-content\/uploads\/sites\/7\/2024\/08\/Sdok-Kok-Thom-06-480x360.jpg 480w\" sizes=\"(min-width: 0px) and (max-width: 480px) 480px, (min-width: 481px) 980px, 100vw\" class=\"wp-image-14400\" title=\"Sdok Kok Thom-06\" \/><span class=\"et_overlay\"><\/span><\/span><\/a><\/div><\/div><div class=\"et_pb_column_15 et_pb_column et_pb_column_1_5 et_block_column et_pb_css_mix_blend_mode_passthrough\"><div class=\"et_pb_image_8 et_pb_image et_pb_has_overlay et_pb_module et_block_module\"><a href=\"https:\/\/kurt-singer.com\/thailand\/wp-content\/uploads\/sites\/7\/2024\/08\/Sdok-Kok-Thom-07.jpg\" class=\"et_pb_lightbox_image\"><span class=\"et_pb_image_wrap\"><img loading=\"lazy\" decoding=\"async\" src=\"https:\/\/kurt-singer.com\/thailand\/wp-content\/uploads\/sites\/7\/2024\/08\/Sdok-Kok-Thom-07.jpg\" width=\"980\" height=\"735\" srcset=\"https:\/\/kurt-singer.com\/thailand\/wp-content\/uploads\/sites\/7\/2024\/08\/Sdok-Kok-Thom-07.jpg 980w, https:\/\/kurt-singer.com\/thailand\/wp-content\/uploads\/sites\/7\/2024\/08\/Sdok-Kok-Thom-07-480x360.jpg 480w\" sizes=\"(min-width: 0px) and (max-width: 480px) 480px, (min-width: 481px) 980px, 100vw\" class=\"wp-image-14401\" title=\"Sdok Kok Thom-07\" \/><span class=\"et_overlay\"><\/span><\/span><\/a><\/div><\/div><div class=\"et_pb_column_16 et_pb_column et_pb_column_1_5 et_block_column et_pb_css_mix_blend_mode_passthrough\"><div class=\"et_pb_image_9 et_pb_image et_pb_has_overlay et_pb_module et_block_module\"><a href=\"https:\/\/kurt-singer.com\/thailand\/wp-content\/uploads\/sites\/7\/2024\/08\/Sdok-Kok-Thom-08.jpg\" class=\"et_pb_lightbox_image\"><span class=\"et_pb_image_wrap\"><img loading=\"lazy\" decoding=\"async\" src=\"https:\/\/kurt-singer.com\/thailand\/wp-content\/uploads\/sites\/7\/2024\/08\/Sdok-Kok-Thom-08.jpg\" width=\"980\" height=\"735\" srcset=\"https:\/\/kurt-singer.com\/thailand\/wp-content\/uploads\/sites\/7\/2024\/08\/Sdok-Kok-Thom-08.jpg 980w, https:\/\/kurt-singer.com\/thailand\/wp-content\/uploads\/sites\/7\/2024\/08\/Sdok-Kok-Thom-08-480x360.jpg 480w\" sizes=\"(min-width: 0px) and (max-width: 480px) 480px, (min-width: 481px) 980px, 100vw\" class=\"wp-image-14402\" title=\"Sdok Kok Thom-08\" \/><span class=\"et_overlay\"><\/span><\/span><\/a><\/div><\/div><div class=\"et_pb_column_17 et_pb_column et_pb_column_1_5 et_block_column et_pb_css_mix_blend_mode_passthrough\"><div class=\"et_pb_image_10 et_pb_image et_pb_has_overlay et_pb_module et_block_module\"><a href=\"https:\/\/kurt-singer.com\/thailand\/wp-content\/uploads\/sites\/7\/2024\/08\/Sdok-Kok-Thom-09.jpg\" class=\"et_pb_lightbox_image\"><span class=\"et_pb_image_wrap\"><img loading=\"lazy\" decoding=\"async\" src=\"https:\/\/kurt-singer.com\/thailand\/wp-content\/uploads\/sites\/7\/2024\/08\/Sdok-Kok-Thom-09.jpg\" width=\"980\" height=\"735\" srcset=\"https:\/\/kurt-singer.com\/thailand\/wp-content\/uploads\/sites\/7\/2024\/08\/Sdok-Kok-Thom-09.jpg 980w, https:\/\/kurt-singer.com\/thailand\/wp-content\/uploads\/sites\/7\/2024\/08\/Sdok-Kok-Thom-09-480x360.jpg 480w\" sizes=\"(min-width: 0px) and (max-width: 480px) 480px, (min-width: 481px) 980px, 100vw\" class=\"wp-image-14403\" title=\"Sdok Kok Thom-09\" \/><span class=\"et_overlay\"><\/span><\/span><\/a><\/div><\/div><div class=\"et_pb_column_18 et_pb_column et_pb_column_1_5 et-last-child et_block_column et_pb_css_mix_blend_mode_passthrough\"><div class=\"et_pb_image_11 et_pb_image et_pb_has_overlay et_pb_module et_block_module\"><a href=\"https:\/\/kurt-singer.com\/thailand\/wp-content\/uploads\/sites\/7\/2024\/08\/Sdok-Kok-Thom-10.jpg\" class=\"et_pb_lightbox_image\"><span class=\"et_pb_image_wrap\"><img loading=\"lazy\" decoding=\"async\" src=\"https:\/\/kurt-singer.com\/thailand\/wp-content\/uploads\/sites\/7\/2024\/08\/Sdok-Kok-Thom-10.jpg\" width=\"980\" height=\"735\" srcset=\"https:\/\/kurt-singer.com\/thailand\/wp-content\/uploads\/sites\/7\/2024\/08\/Sdok-Kok-Thom-10.jpg 980w, https:\/\/kurt-singer.com\/thailand\/wp-content\/uploads\/sites\/7\/2024\/08\/Sdok-Kok-Thom-10-480x360.jpg 480w\" sizes=\"(min-width: 0px) and (max-width: 480px) 480px, (min-width: 481px) 980px, 100vw\" class=\"wp-image-14404\" title=\"Sdok Kok Thom-10\" \/><span class=\"et_overlay\"><\/span><\/span><\/a><\/div><\/div><\/div><\/div>\n","protected":false},"excerpt":{"rendered":"","protected":false},"author":1,"featured_media":0,"parent":0,"menu_order":0,"comment_status":"closed","ping_status":"closed","template":"","meta":{"footnotes":""},"class_list":["post-14344","page","type-page","status-publish","hentry"],"_links":{"self":[{"href":"https:\/\/kurt-singer.com\/thailand\/wp-json\/wp\/v2\/pages\/14344","targetHints":{"allow":["GET"]}}],"collection":[{"href":"https:\/\/kurt-singer.com\/thailand\/wp-json\/wp\/v2\/pages"}],"about":[{"href":"https:\/\/kurt-singer.com\/thailand\/wp-json\/wp\/v2\/types\/page"}],"author":[{"embeddable":true,"href":"https:\/\/kurt-singer.com\/thailand\/wp-json\/wp\/v2\/users\/1"}],"replies":[{"embeddable":true,"href":"https:\/\/kurt-singer.com\/thailand\/wp-json\/wp\/v2\/comments?post=14344"}],"version-history":[{"count":4,"href":"https:\/\/kurt-singer.com\/thailand\/wp-json\/wp\/v2\/pages\/14344\/revisions"}],"predecessor-version":[{"id":16013,"href":"https:\/\/kurt-singer.com\/thailand\/wp-json\/wp\/v2\/pages\/14344\/revisions\/16013"}],"wp:attachment":[{"href":"https:\/\/kurt-singer.com\/thailand\/wp-json\/wp\/v2\/media?parent=14344"}],"curies":[{"name":"wp","href":"https:\/\/api.w.org\/{rel}","templated":true}]}}