{"id":14464,"date":"2024-08-12T00:24:19","date_gmt":"2024-08-11T22:24:19","guid":{"rendered":"https:\/\/kurt-singer.com\/thailand\/?page_id=14464"},"modified":"2026-03-25T00:43:42","modified_gmt":"2026-03-24T23:43:42","slug":"lopburi-prang-khaek","status":"publish","type":"page","link":"https:\/\/kurt-singer.com\/thailand\/lopburi-prang-khaek\/","title":{"rendered":"Lopburi-Prang Khaek"},"content":{"rendered":"\n<div class=\"et_pb_section_0 et_pb_section et_section_regular et_block_section\"><div class=\"et_pb_row_0 et_pb_row et_block_row\"><div class=\"et_pb_column_0 et_pb_column et_pb_column_4_4 et-last-child et_block_column et_pb_css_mix_blend_mode_passthrough\"><div class=\"et_pb_text_0 et_pb_text et_pb_bg_layout_light et_pb_module et_block_module\"><div class=\"et_pb_text_inner\"><h1>Lopburi - Prang Khaek<\/h1>\n<\/div><\/div><\/div><\/div><div class=\"et_pb_row_1 et_pb_row et_block_row\"><div class=\"et_pb_column_1 et_pb_column et_pb_column_4_4 et-last-child et_block_column et_pb_css_mix_blend_mode_passthrough\"><div class=\"et_pb_text_1 et_pb_text et_pb_bg_layout_light et_pb_module et_block_module\"><div class=\"et_pb_text_inner\"><p>Koordinaten Lopburi Prang Khaek <a href=\"https:\/\/www.google.com\/maps\/place\/Prang+Khaek\/@14.8022731,100.6095069,17z\/data=!3m1!4b1!4m5!3m4!1s0x30e1ffe4490618ed:0xcc13fb3467b8ce53!8m2!3d14.8022679!4d100.6116956\" target=\"_blank\" rel=\"noopener\">14.802537581817903, 100.61162049519533<\/a><br \/>Ansicht in <a href=\"https:\/\/earth.google.com\/web\/@14.80240063,100.6117308,16.65369257a,163.55308914d,35y,-175.10237891h,44.99457079t,0r\" target=\"_blank\" rel=\"noopener\">Google Earth<\/a><br \/>Ansicht in <a href=\"https:\/\/www.google.com\/maps\/@14.8022647,100.6118143,3a,90y,263.23h,97.27t\/data=!3m6!1e1!3m4!1sF8b65hH2vS4irlOW9nfYaA!2e0!7i16384!8i8192\" target=\"_blank\" rel=\"noopener\">Google Street View<\/a><br \/>Weitere Informationen \u00fcber diesen <a href=\"https:\/\/www.lopburi.org\/lopburi-prangkak\" target=\"_blank\" rel=\"noopener\">Link <\/a><\/p>\n<\/div><\/div><\/div><\/div><div class=\"et_pb_row_2 et_pb_row et_pb_row_3-5_1-5_1-5 et_block_row et_block_row_3-5_1-5_1-5\"><div class=\"et_pb_column_2 et_pb_column et_pb_column_3_5 et_block_column et_pb_css_mix_blend_mode_passthrough\"><div class=\"et_pb_text_2 et_pb_text et_pb_bg_layout_light et_pb_module et_block_module\"><div class=\"et_pb_text_inner\"><p>Bauzeit: 10. Jh<br \/>Baustil: sp\u00e4tes Bakheng und fr\u00fches Koh Ker<\/p>\n<\/div><\/div><\/div><div class=\"et_pb_column_3 et_pb_column et_pb_column_1_5 et_block_column et_pb_css_mix_blend_mode_passthrough\"><div class=\"et_pb_image_0 et_pb_image et_pb_has_overlay et_pb_module et_block_module\"><a href=\"https:\/\/kurt-singer.com\/thailand\/wp-content\/uploads\/sites\/7\/2024\/08\/Lage-SukhoLop.jpg\" class=\"et_pb_lightbox_image\"><span class=\"et_pb_image_wrap\"><img loading=\"lazy\" decoding=\"async\" src=\"https:\/\/kurt-singer.com\/thailand\/wp-content\/uploads\/sites\/7\/2024\/08\/Lage-SukhoLop.jpg\" width=\"706\" height=\"715\" srcset=\"https:\/\/kurt-singer.com\/thailand\/wp-content\/uploads\/sites\/7\/2024\/08\/Lage-SukhoLop.jpg 706w, https:\/\/kurt-singer.com\/thailand\/wp-content\/uploads\/sites\/7\/2024\/08\/Lage-SukhoLop-480x486.jpg 480w\" sizes=\"(min-width: 0px) and (max-width: 480px) 480px, (min-width: 481px) 706px, 100vw\" class=\"wp-image-14486\" title=\"Lage SukhoLop\" \/><span class=\"et_overlay\"><\/span><\/span><\/a><\/div><\/div><div class=\"et_pb_column_4 et_pb_column et_pb_column_1_5 et-last-child et_block_column et_pb_column_empty et_pb_css_mix_blend_mode_passthrough\"><\/div><\/div><div class=\"et_pb_row_3 et_pb_row et_block_row\"><div class=\"et_pb_column_5 et_pb_column et_pb_column_4_4 et-last-child et_block_column et_pb_css_mix_blend_mode_passthrough\"><div class=\"et_pb_text_3 et_pb_text et_pb_bg_layout_light et_pb_module et_block_module\"><div class=\"et_pb_text_inner\"><p>Das Ziegelheiligtum von Prang Khaek, das noch st\u00e4rker in die moderne Stadt integriert ist als <a href=\".\/prang-sam-yod\/\">Prang Sam Yod<\/a>, befindet sich auf einer kleinen Verkehrsinsel gegen\u00fcber dem Provinzgericht von Lopburi (San Changwat Lopburi). Das Heiligtum besteht aus drei T\u00fcrmen auf einer Nord-S\u00fcd-Achse, der Ruine eines gemauerten Viharns unmittelbar vor der Ostt\u00fcr des mittleren Turms und einem weiteren Backsteingeb\u00e4ude im S\u00fcden, auf der Achse der T\u00fcrme. Es gibt keine Anzeichen f\u00fcr einen Sockel. Der mittlere Turm ist der gr\u00f6\u00dfte der drei T\u00fcrme; alle sind aus Backstein, neu gebogen, mit Spuren der urspr\u00fcnglichen Stuckverkleidung. Das Profil, insbesondere der beiden flankierenden T\u00fcrme, hat eine leicht gedrungene, spitz zulaufende Kurve, die an <a href=\".\/phanom-rung\/\">Phnom Rung<\/a> erinnert.<\/p>\n<\/div><\/div><\/div><\/div><\/div>\n","protected":false},"excerpt":{"rendered":"","protected":false},"author":1,"featured_media":0,"parent":0,"menu_order":0,"comment_status":"closed","ping_status":"closed","template":"","meta":{"footnotes":""},"class_list":["post-14464","page","type-page","status-publish","hentry"],"_links":{"self":[{"href":"https:\/\/kurt-singer.com\/thailand\/wp-json\/wp\/v2\/pages\/14464","targetHints":{"allow":["GET"]}}],"collection":[{"href":"https:\/\/kurt-singer.com\/thailand\/wp-json\/wp\/v2\/pages"}],"about":[{"href":"https:\/\/kurt-singer.com\/thailand\/wp-json\/wp\/v2\/types\/page"}],"author":[{"embeddable":true,"href":"https:\/\/kurt-singer.com\/thailand\/wp-json\/wp\/v2\/users\/1"}],"replies":[{"embeddable":true,"href":"https:\/\/kurt-singer.com\/thailand\/wp-json\/wp\/v2\/comments?post=14464"}],"version-history":[{"count":5,"href":"https:\/\/kurt-singer.com\/thailand\/wp-json\/wp\/v2\/pages\/14464\/revisions"}],"predecessor-version":[{"id":16023,"href":"https:\/\/kurt-singer.com\/thailand\/wp-json\/wp\/v2\/pages\/14464\/revisions\/16023"}],"wp:attachment":[{"href":"https:\/\/kurt-singer.com\/thailand\/wp-json\/wp\/v2\/media?parent=14464"}],"curies":[{"name":"wp","href":"https:\/\/api.w.org\/{rel}","templated":true}]}}