{"id":14510,"date":"2024-08-12T01:11:23","date_gmt":"2024-08-11T23:11:23","guid":{"rendered":"https:\/\/kurt-singer.com\/thailand\/?page_id=14510"},"modified":"2026-03-25T00:43:48","modified_gmt":"2026-03-24T23:43:48","slug":"begegnung","status":"publish","type":"page","link":"https:\/\/kurt-singer.com\/thailand\/geschichten\/begegnung\/","title":{"rendered":"Begegnung"},"content":{"rendered":"<div class=\"et_pb_section_0 et_pb_section et_section_regular et_block_section\"><div class=\"et_pb_row_0 et_pb_row et_block_row\"><div class=\"et_pb_column_0 et_pb_column et_pb_column_4_4 et-last-child et_block_column et_pb_css_mix_blend_mode_passthrough\"><div class=\"et_pb_text_0 et_pb_text et_pb_bg_layout_light et_pb_module et_block_module\"><div class=\"et_pb_text_inner\"><h1>Schicksalhafte Begegnung<\/h1>\n<p>&nbsp;<\/p>\n<\/div><\/div><\/div><\/div><div class=\"et_pb_row_1 et_pb_row et_block_row\"><div class=\"et_pb_column_1 et_pb_column et_pb_column_1_2 et_block_column et_pb_css_mix_blend_mode_passthrough\"><div class=\"et_pb_text_1 et_pb_text et_pb_bg_layout_light et_pb_module et_block_module\"><div class=\"et_pb_text_inner\"><p>Der Anfang war eine Reise in ein mir damals v\u00f6llig unbekanntes Land.<\/p>\n<p>Eine der Folgen dieser und sp\u00e4terer Reisen war mein Brief an die Redaktion der Reisezeitschrift \u201creisefieber\u201d auf die Ank\u00fcndigung hin, einen Bericht \u00fcber Sexreisen nach Bangkok zu ver\u00f6ffentlichen.<\/p>\n<p>Ein Bekannter war es, der mir erstmals von Thailand erz\u00e4hlte. Boah, ey, da gibts Weiber ohne Ende, da kannste jede Nacht eine andere haben, und das alles zu einem Spottgeld. Das verstand ich, und das wollte ich auch haben.<br \/>\nAb zu Neckermann, Flug mit Lufthansa in einer damals modernen Boeing B707, Hotel Grace in Bangkok.<\/p>\n<p>W\u00fcrde heute noch jemand so fliegen wollen: Frankfurt - Rom - Kairo - Dharan - Karachi - Calcutta - Bangkok, zur\u00fcck \u00fcber Kuwait und Athen statt Dharan und Kairo. Damits jeder versteht: mit Zwischenlandung dort \u00fcberall.<\/p>\n<p>Es war Januar, und es war jedenfalls aufregend und nicht langweilig, denn nach jedem Start neue Gesichter, auf jeder Strecke was zu trinken. Neben mir sass mein Schicksal in Form eines v\u00f6llig fremdartig aussehenden Mannes. Und nach dem dritten Start kam ich mit ihm ins Gespr\u00e4ch. In reinem Hochdeutsch ohne Akzent stellte er sich vor, Thail\u00e4nder von Geburt, Arzt aus Bangkok, studiert in Heidelberg, kam von einem \u00c4rztekongress in Deutschland. Dieser Mann musste mich doch verstehen! ER musste mir doch die richtigen Tips geben k\u00f6nnen. Und ich erz\u00e4hlte ihm von meinem Bekannten, von meinen Gedanken, von meinem Drang. Er h\u00f6rte mir aufmerksam zu, mit freundlichem Gesicht, sass meist leicht vorn\u00fcbergebeugt, um im L\u00e4rm meine Dummheiten h\u00f6ren zu k\u00f6nnen.<\/p>\n<p>Er widersprach mir nicht, und er empfahl mir nichts. Aber er erz\u00e4hlte mir von seinen Eltern und seinen 4 Schwestern, die im Nordosten leben, er war dort aufgewachsen als Bauernsohn, seine Familie hatte ihm Schule und Studium finanziert. Heute finanziert er teilweise ihr Leben. Seine Frau ist auch \u00c4rztin, hat in Bangkok studiert, stammt aus einer besseren Familie aus Udon Thani. Sch\u00f6n das alles, aber wie kriege ich die M\u00e4dchen rum? \u201cDie brauchen Sie nicht rumzukriegen, die warten nur auf Sie. Sie werden sich unsterblich verlieben, vielleicht mehrmals, bevor Sie wieder nach Hause fliegen.\u201d Der kann aber Geschichten erz\u00e4hlen, aber es hilft mir eigentlich nicht. Naja, ich werde das schon schaukeln.<\/p>\n<\/div><\/div><\/div><div class=\"et_pb_column_2 et_pb_column et_pb_column_1_2 et-last-child et_block_column et_pb_css_mix_blend_mode_passthrough\"><div class=\"et_pb_text_2 et_pb_text et_pb_bg_layout_light et_pb_module et_block_module\"><div class=\"et_pb_text_inner\"><p>Gespr\u00e4che und Gespr\u00e4chspartner schlafen langsam ein, denn es liegt eine gr\u00f6ssere Strecke vor uns. So richtig kommen wir sp\u00e4ter nicht mehr zum Reden, Bangkok macht mich langsam nerv\u00f6s. Kurz vor der Landung ein St\u00fcck Papier, eine Visitenkarte mit vielen gaaanz fremden Zeichen drauf.<\/p>\n<p>\u201c Bitte - bitte besuchen Sie mich in Bangkok. Meine Frau m\u00f6chte sicher gerne einmal wieder deutsch sprechen, sie hat es von mir gelernt. \u201c Oh, da h\u00f6rte ich die warnenden Stimmen von zuhause: Schlepper, Nepper, Touristenf\u00e4nger... Nat\u00fcrlich sagte ich zu, steckte die Karte ein, verabschiedete mich ... und vergass.<\/p>\n<p>Nach einer Woche, zwei Tagen und dreimal unsterblich verlieben finde ich in meiner Tasche ein St\u00fcck Papier mit vielen gaaanz fremden Zeichen drauf. Zehn Tage Bangkok - also kein Neuling mehr. Ich traue mich.<\/p>\n<p>Das Taxi setzt mich vor einem netten Mehrfamilienhaus ab. Garnichts kann ich lesen, keinen Strassennamen, keine Hausnummer - nichts. Bin ich noch in Bangkok? Es war eine lange Fahrt mit vielen Staus, vielen Kurven, vielen Nebenstrassen, vielen fremden Strassen \u00fcberhaupt. Ich zeige einem Mann die Karte. Er betrachtet sie und mich von allen Seiten, l\u00e4chelt mich an und zeigt auf eine T\u00fcr.<\/p>\n<p>Ich \u00fcberspringe die n\u00e4chsten Minuten, Stunden, Tage. Ich lerne Bangkok kennen, ich lerne die K\u00fcche kennen, ich sehe Tempel, M\u00f6nche, ich sehe Thaih\u00e4user von innen, sitze bei fremden Leuten am Tisch. Es ist unfassbar. Jemand, der mir vor Tagen noch fremd war, ist mir pl\u00f6tzlich Freund geworden, Begleiter, F\u00fchrer, Lehrer, Reiseleiter, Erz\u00e4hler, mir, dem Mann, der aus Deutschland kam, um in Thailand Sex zu finden.<\/p>\n<p>Ich verliebe mich nur noch einmal in diesen Tagen - in Thailand. Sp\u00e4ter noch einmal, in meine jetzige Frau. Aber das ist eine Geschichte, die ich nicht erz\u00e4hlen werde. Sie findet auch erst zehn Jahre sp\u00e4ter statt.<\/p>\n<p>Heute sind wir befreundet, er hat sich zur Ruhe gesetzt, wohnt mit seiner Frau inzwischen im Nordosten, zehn Minuten mit dem Auto bis zu unserem Dorf. Er hat mich davor bewahrt, das zu werden, was ich sein wollte.<\/p>\n<p>Er hat in meinem Herzen die T\u00fcr zu Thailand aufgemacht. Danke, lieber Freund.<\/p>\n<p><span style=\"color: #000080;\"><em>Diese Begegnung fand Anfang 1969 statt und war der Beginn einer lebenslangen Geschichte. Lebenslang deswegen, weil sie mich bis zum Ende begleiten wird.<br \/><\/em><\/span><\/p>\n<\/div><\/div><\/div><\/div><div class=\"et_pb_row_2 et_pb_row et_block_row\"><div class=\"et_pb_column_3 et_pb_column et_pb_column_4_4 et-last-child et_block_column et_pb_css_mix_blend_mode_passthrough\"><div class=\"et_pb_divider_0 et_pb_divider_hidden et_pb_space et_pb_divider_position_top et_pb_module\"><div class=\"et_pb_divider_internal\"><\/div><\/div><\/div><\/div><\/div>","protected":false},"excerpt":{"rendered":"","protected":false},"author":1,"featured_media":0,"parent":14507,"menu_order":0,"comment_status":"closed","ping_status":"closed","template":"","meta":{"footnotes":""},"class_list":["post-14510","page","type-page","status-publish","hentry"],"_links":{"self":[{"href":"https:\/\/kurt-singer.com\/thailand\/wp-json\/wp\/v2\/pages\/14510","targetHints":{"allow":["GET"]}}],"collection":[{"href":"https:\/\/kurt-singer.com\/thailand\/wp-json\/wp\/v2\/pages"}],"about":[{"href":"https:\/\/kurt-singer.com\/thailand\/wp-json\/wp\/v2\/types\/page"}],"author":[{"embeddable":true,"href":"https:\/\/kurt-singer.com\/thailand\/wp-json\/wp\/v2\/users\/1"}],"replies":[{"embeddable":true,"href":"https:\/\/kurt-singer.com\/thailand\/wp-json\/wp\/v2\/comments?post=14510"}],"version-history":[{"count":6,"href":"https:\/\/kurt-singer.com\/thailand\/wp-json\/wp\/v2\/pages\/14510\/revisions"}],"predecessor-version":[{"id":16028,"href":"https:\/\/kurt-singer.com\/thailand\/wp-json\/wp\/v2\/pages\/14510\/revisions\/16028"}],"up":[{"embeddable":true,"href":"https:\/\/kurt-singer.com\/thailand\/wp-json\/wp\/v2\/pages\/14507"}],"wp:attachment":[{"href":"https:\/\/kurt-singer.com\/thailand\/wp-json\/wp\/v2\/media?parent=14510"}],"curies":[{"name":"wp","href":"https:\/\/api.w.org\/{rel}","templated":true}]}}