{"id":14512,"date":"2024-08-12T01:11:53","date_gmt":"2024-08-11T23:11:53","guid":{"rendered":"https:\/\/kurt-singer.com\/thailand\/?page_id=14512"},"modified":"2026-03-25T00:43:49","modified_gmt":"2026-03-24T23:43:49","slug":"ein-brief","status":"publish","type":"page","link":"https:\/\/kurt-singer.com\/thailand\/geschichten\/ein-brief\/","title":{"rendered":"Ein Brief"},"content":{"rendered":"<div class=\"et_pb_section_0 et_pb_section et_section_regular et_block_section\"><div class=\"et_pb_row_0 et_pb_row et_block_row\"><div class=\"et_pb_column_0 et_pb_column et_pb_column_4_4 et-last-child et_block_column et_pb_css_mix_blend_mode_passthrough\"><div class=\"et_pb_text_0 et_pb_text et_pb_bg_layout_light et_pb_module et_block_module\"><div class=\"et_pb_text_inner\"><h1>(M)ein Brief an die Redaktion \u201creisefieber\u201d<\/h1>\n<p>&nbsp;<\/p>\n<\/div><\/div><div class=\"et_pb_text_1 et_pb_text et_pb_bg_layout_light et_pb_module et_block_module\"><div class=\"et_pb_text_inner\"><p>Hayit Verlag GmbH<br \/>\nHansaring 84 \u2013 86<\/p>\n<p>5000 K\u00f6ln 1<br \/>\n22.7.1986<\/p>\n<p>Liebe Redaktion \u201ereisefieber\u201c,<\/p>\n<p>mit einigem Entsetzen habe ich gelesen, da\u00df Ihr Euch jetzt auch des Themas Sextourismus am Beispiel von Bangkok annehmen werdet.<\/p>\n<p>Es gab in den letzten Jahren viele, zu viele Ver\u00f6ffentlichungen dar\u00fcber, schlecht eruiert, rei\u00dferisch aufgemacht, keinem dienlich. Und wenn der \u201eSpiegel\u201c sich gar zu der Behauptung aufrafft, jede 10. Frau in Thailand lebe von der Prostitution, so ist das einfach eine plumpe L\u00fcge. Mit Zahlen und Material kann das sicherlich nicht belegt werden.<\/p>\n<p>Die deutschen St\u00e4dte (und D\u00f6rfer) bieten in Wahrheit viel mehr an Nachtleben und offener oder versteckter Prostitution als Thailand. Dort konzentriert sich halt alles in den Touristenzentren Bangkok, Pattaya, in den letzten Jahren noch Chiang Mai und Phuket. Und selbst in Bangkok wiederum auf die Gebiete in und um Pat Pong und Soi Cowboy sowie die Massagesalons. Alles andere geschieht vereinzelt.<\/p>\n<p>Die Ver\u00f6ffentlichungen haben aber im Wesentlichen zwei nachteilige Folgen: die daf\u00fcr Anf\u00e4lligen werden angezogen und diejenigen, die gerne ein asiatisches Land kennenlernen m\u00f6chten, werden abgehalten.<\/p>\n<p>Beides kann nicht im Sinne des Landes und seiner Einwohner sein, denen man zutiefst unrecht angedeihen l\u00e4\u00dft. Was mich und jeden, der Thailand aus ehrlichem Herzen gerne hat, dabei trifft, ist nicht das Problem M\u00e4dchen und Frauen; dieses gibt es in jedem Land. Schlimmer ist das Verhalten und Auftreten eben jener Sextouristen, die sich, sicher aus Unkenntnis, nun jeder Frau und jedem M\u00e4dchen n\u00e4hern wollen und es nicht zu begreifen scheinen, da\u00df sie sich ihre Opfer eben nur in Bars, Hotels und Etablissements zu suchen haben, die glauben, mit ihrem Geld alles und jeden kaufen zu k\u00f6nnen. Und leider geh\u00f6ren die Deutschen nicht zu den beliebtesten Touristen, rangieren gerade soeben noch vor den (...) [vom Verfasser ausgelassen, man k\u00f6nnte das als Rassismus missverstehen]<\/p>\n<p>\u00dcber das Problem der M\u00e4dchen und Frauen habe ich mir auch, trotz nunmehr langj\u00e4hriger intensiver Kenntnis \u00fcber Land und Leute, noch kein irgendwie geartetes Urteil gebildet. Zu wechselhaft, zu vielf\u00e4ltig mu\u00df man dies angehen, und zu oft schon habe ich eine Meinung dazu wieder \u00e4ndern m\u00fcssen.<\/p>\n<p>Da\u00df alles seinen Urpsrung in der Zeit hat, als die amerikanischen Soldaten Thailand als Urlaubsgebiet und Naherholungsgebiet von Vietnam aus betrachtet und genutzt haben, ist unbestreitbar.Und da\u00df die asiatische Mentalit\u00e4t dem entgegenkam, kann man nicht einfach erkl\u00e4ren, ist aber wohl so (\u00fcbrigens treffend dargestellt an der Figur der \u201eSuzie Wong\u201c von Richard Mason).<\/p>\n<p>Da gibt es die Frau, die eine Familie zu ern\u00e4hren hat, genauso wie das leichtlebige Ding, das eben den Drang der Touristen ausnutzt, um zu Geld zu kommen. Und unter den M\u00e4dchen gibt es sowohl die Scheue und Zur\u00fcckhaltende wie die Forsche und Draufg\u00e4ngerische. Was aber allen gemeinsam ist, da\u00df sie kaum etwas und kaum jemanden ernst nehmen, und da\u00df die gro\u00dfe Liebe weitaus seltener ist als vielleicht angenommen. Und wenn man abends einmal bestimmte Lokale aufsucht sieht man allenthalben professionelle Liebesbriefschreiber, die zu den \u00fcblichen Floskeln dann noch die kranke Mutter oder Schwester erfinden, die dem wieder nach Deutschland zur\u00fcckgekehrten Liebhaber noch einmal ein paar Mark entlocken sollen. Na und??<\/p>\n<p>Und wenn man an den Abreisetagen Touristenhotels wie das Grace oder Rajah o.a. besucht wird man immer wieder Zeuge tr\u00e4nenreicher Abschiede; und sobald der Bus oder das Taxi ausser Sichtweite sind geht das Gedr\u00e4nge vor den Spiegeln los, vor denen \u201eSie\u201c sich wieder zurechtmacht \u2013 f\u00fcr den n\u00e4chsten. Aber trotz allem kann ich diesen M\u00e4dchen einen gewissen Respekt nicht vorenthalten; die wenigsten die ich kennenlernte, nutzen das so gewonnene Geld f\u00fcr eigene Zwecke,<br \/>\nUnd um einmal eine andere Seite Thailands zu beleuchten, m\u00f6chte ich ein kleines Beispiel aus der Heimat meiner Ehefrau, Roiet in Nordostthailand, anf\u00fchren:<br \/>\nDort musste in diesem Jahr ein Nachbarjunge sein M\u00e4dchen heiraten, weil sie gesehen wurden beim Hand-in-Hand-Spaziergang. Anders war diese Beleidigung f\u00fcr die Familie nicht aus der Welt zu schaffen. (Sp\u00e4ter allerdings habe ich erfahren, wie schlau diese beiden waren, die unbedingt heiraten wollten, aber nicht durften). Und eine Mutter mit unehelichem Kind wird unweigerlich aus der Familiengemeinschaft ausgesto\u00dfen. So streng sind eben dort die Sitten.<\/p>\n<p>Nat\u00fcrlich reagiere ich beim Thema Thailand emotional, aber ich m\u00f6chte mich daf\u00fcr einsetzen, dieses sch\u00f6ne Land mit seinen lieben Menschen im richtigen Licht erscheinen zu lassen. Das versuche ich mit meinen Reisen und in allen Gespr\u00e4chen mit Reisenden.<\/p>\n<p>Mit freundlichen Gr\u00fc\u00dfen aus Koblenz<\/p>\n<\/div><\/div><\/div><\/div><\/div>","protected":false},"excerpt":{"rendered":"","protected":false},"author":1,"featured_media":0,"parent":14507,"menu_order":0,"comment_status":"closed","ping_status":"closed","template":"","meta":{"footnotes":""},"class_list":["post-14512","page","type-page","status-publish","hentry"],"_links":{"self":[{"href":"https:\/\/kurt-singer.com\/thailand\/wp-json\/wp\/v2\/pages\/14512","targetHints":{"allow":["GET"]}}],"collection":[{"href":"https:\/\/kurt-singer.com\/thailand\/wp-json\/wp\/v2\/pages"}],"about":[{"href":"https:\/\/kurt-singer.com\/thailand\/wp-json\/wp\/v2\/types\/page"}],"author":[{"embeddable":true,"href":"https:\/\/kurt-singer.com\/thailand\/wp-json\/wp\/v2\/users\/1"}],"replies":[{"embeddable":true,"href":"https:\/\/kurt-singer.com\/thailand\/wp-json\/wp\/v2\/comments?post=14512"}],"version-history":[{"count":5,"href":"https:\/\/kurt-singer.com\/thailand\/wp-json\/wp\/v2\/pages\/14512\/revisions"}],"predecessor-version":[{"id":16029,"href":"https:\/\/kurt-singer.com\/thailand\/wp-json\/wp\/v2\/pages\/14512\/revisions\/16029"}],"up":[{"embeddable":true,"href":"https:\/\/kurt-singer.com\/thailand\/wp-json\/wp\/v2\/pages\/14507"}],"wp:attachment":[{"href":"https:\/\/kurt-singer.com\/thailand\/wp-json\/wp\/v2\/media?parent=14512"}],"curies":[{"name":"wp","href":"https:\/\/api.w.org\/{rel}","templated":true}]}}