{"id":14521,"date":"2024-08-12T11:01:32","date_gmt":"2024-08-12T09:01:32","guid":{"rendered":"https:\/\/kurt-singer.com\/thailand\/?page_id=14521"},"modified":"2026-03-25T00:43:52","modified_gmt":"2026-03-24T23:43:52","slug":"eine-bahnfahrt","status":"publish","type":"page","link":"https:\/\/kurt-singer.com\/thailand\/geschichten\/eine-bahnfahrt\/","title":{"rendered":"Eine Bahnfahrt"},"content":{"rendered":"<div class=\"et_pb_section_0 et_pb_section et_section_regular et_block_section\"><div class=\"et_pb_row_0 et_pb_row et_block_row\"><div class=\"et_pb_column_0 et_pb_column et_pb_column_4_4 et-last-child et_block_column et_pb_css_mix_blend_mode_passthrough\"><div class=\"et_pb_text_0 et_pb_text et_pb_bg_layout_light et_pb_module et_block_module\"><div class=\"et_pb_text_inner\"><h1>Silvesternacht in der Eisenbahn von Chiang Mai nach Bangkok<\/h1>\n<\/div><\/div><\/div><\/div><div class=\"et_pb_row_1 et_pb_row et_block_row\"><div class=\"et_pb_column_1 et_pb_column et_pb_column_1_2 et_block_column et_pb_css_mix_blend_mode_passthrough\"><div class=\"et_pb_text_1 et_pb_text et_pb_bg_layout_light et_pb_module et_block_module\"><div class=\"et_pb_text_inner\"><p>Weihnachten 1986 verbrachte ich mit meiner thail\u00e4ndischen Ehefrau bei Freunden in Ban Kiew Luang, einem kleinen D\u00f6rfchen nahe Lampang. Zum Abschlu\u00df wollten wir noch ein z\u00fcnftiges Silvester feiern, bevor wir uns wieder auf die R\u00fcckreise machten: via Bangkok nach Ban Nong Waeng, einem ebenfalls kleinen D\u00f6rfchen nahe Roiet im Nordosten, wo wir unser H\u00e4uschen haben.<\/p>\n<p>Am Morgen des 31. Dezembers kam uns die Idee, die Feier nach Chiang Mai zu verlegen, keine gute Idee, wie sich herausstellte. Wir fuhren also mit dem Pick Up meines Freundes dorthin und machten uns als erstes auf die Suche nach einer Unterkunft. Aber das am 31. Dezember! Kurz und schlecht - wir fanden keine Herberge, weder in einem der Luxushotels noch in der letzten Absteige, und guter Rat war teuer. Wir entschlossen uns daher, die f\u00fcr den 1. Januar geplante Abreise um einen Tag vorzuverlegen.<\/p>\n<p>Unsere Freunde brachten uns also zum Bahnhof, und das Geduldspiel um die Fahrkarte und das Bett konnte beginnen. \"Sorry, the train is full!\" Das war nun erstmal eine kleine Katastrophe - kein Hotel, kein Platz im Zug. Sollten wir etwa wieder zur\u00fcckfahren und es am n\u00e4chsten Tag versuchen?\u201c Sorry, the trains tomorrow and after tomorrow are fully booked.\"<\/p>\n<p>Freundlich l\u00e4chelnd, aber bestimmt gab die junge Dame hinter dem Tresen diese Auskunft. Noch freundlicher und interessierter wurde die Dame, als ich nun mit meiner Frau auf Thai beratschlagte, was zu tun sei. \"Oh, ein Farang, der Thai spricht!\" Nun mu\u00dfte ich ihr erst einmal erkl\u00e4ren, warum das so ist,<\/p>\n<\/div><\/div><\/div><div class=\"et_pb_column_2 et_pb_column et_pb_column_1_2 et-last-child et_block_column et_pb_css_mix_blend_mode_passthrough\"><div class=\"et_pb_text_2 et_pb_text et_pb_bg_layout_light et_pb_module et_block_module\"><div class=\"et_pb_text_inner\"><p>mu\u00dfte erz\u00e4hlen, wie oft ich schon im Land gewesen sei, was ich an Thailand so mag, kurzum, alles, was einen so interessiert, wenn man sich garnicht kennt, wir unterhielten uns also aufs beste. Die Abfahrtszeit r\u00fcckte n\u00e4her. Und pl\u00f6tzlich erinnerte sie sich, da\u00df wohl doch noch zwei Tickets f\u00fcr Betten der 2. Klasse zu haben seien - die Vorbesteller werden wohl nicht mehr kommen. Und wenn doch? \"Oh, wir werden sehen.\"<\/p>\n<p>Nach einem herzlichen Abschied von unseren Freunden bestiegen wir also den Zug. Es waren tats\u00e4chlich alle Pl\u00e4tze belegt. Wir waren ein recht buntes H\u00e4uflein im Wagen. Da waren Engl\u00e4nder, Italiener, Deutsche und Thai, und die erste Stunde der Fahrt war noch nicht beendet, als wir uns schon zusammengefunden hatten.<\/p>\n<p>Aus vielen Taschen und Beh\u00e4ltnissen waren pl\u00f6tzlich Getr\u00e4nke und Speisen aufgetaucht und wurden ausgetauscht und verschenkt, f\u00fcr Nachschub sorgte der Kellner aus dem Speisewagen. Sp\u00e4ter hatten die Zugbegleiter noch erhebliche M\u00fche, die Betten herzurichten. St\u00e4ndig wurden sie zum Mitessen und Mittrinken aufgefordert, und auch der Zugpolizist lie\u00df es sich nicht nehmen, an unserer improvisierten und vielleicht deshalb so netten Sitvesterparty teilzunehmen. Um Mitternacht dann internationale Gl\u00fcckw\u00fcnsche zum neuen Jahr - und gegen zwei Uhr war auch der standhafteste Mitfahrer in der Koje verschwunden.<\/p>\n<p>Noch vier Stunden Schlaf bis zur Ankunft in Bangkok.<\/p>\n<\/div><\/div><\/div><\/div><\/div>","protected":false},"excerpt":{"rendered":"","protected":false},"author":1,"featured_media":0,"parent":14507,"menu_order":0,"comment_status":"closed","ping_status":"closed","template":"","meta":{"footnotes":""},"class_list":["post-14521","page","type-page","status-publish","hentry"],"_links":{"self":[{"href":"https:\/\/kurt-singer.com\/thailand\/wp-json\/wp\/v2\/pages\/14521","targetHints":{"allow":["GET"]}}],"collection":[{"href":"https:\/\/kurt-singer.com\/thailand\/wp-json\/wp\/v2\/pages"}],"about":[{"href":"https:\/\/kurt-singer.com\/thailand\/wp-json\/wp\/v2\/types\/page"}],"author":[{"embeddable":true,"href":"https:\/\/kurt-singer.com\/thailand\/wp-json\/wp\/v2\/users\/1"}],"replies":[{"embeddable":true,"href":"https:\/\/kurt-singer.com\/thailand\/wp-json\/wp\/v2\/comments?post=14521"}],"version-history":[{"count":4,"href":"https:\/\/kurt-singer.com\/thailand\/wp-json\/wp\/v2\/pages\/14521\/revisions"}],"predecessor-version":[{"id":16032,"href":"https:\/\/kurt-singer.com\/thailand\/wp-json\/wp\/v2\/pages\/14521\/revisions\/16032"}],"up":[{"embeddable":true,"href":"https:\/\/kurt-singer.com\/thailand\/wp-json\/wp\/v2\/pages\/14507"}],"wp:attachment":[{"href":"https:\/\/kurt-singer.com\/thailand\/wp-json\/wp\/v2\/media?parent=14521"}],"curies":[{"name":"wp","href":"https:\/\/api.w.org\/{rel}","templated":true}]}}