{"id":14523,"date":"2024-08-12T11:01:50","date_gmt":"2024-08-12T09:01:50","guid":{"rendered":"https:\/\/kurt-singer.com\/thailand\/?page_id=14523"},"modified":"2026-03-25T00:43:53","modified_gmt":"2026-03-24T23:43:53","slug":"hektik","status":"publish","type":"page","link":"https:\/\/kurt-singer.com\/thailand\/geschichten\/hektik\/","title":{"rendered":"Hektik"},"content":{"rendered":"<div class=\"et_pb_section_0 et_pb_section et_section_regular et_block_section\"><div class=\"et_pb_row_0 et_pb_row et_block_row\"><div class=\"et_pb_column_0 et_pb_column et_pb_column_4_4 et-last-child et_block_column et_pb_css_mix_blend_mode_passthrough\"><div class=\"et_pb_text_0 et_pb_text et_pb_bg_layout_light et_pb_module et_block_module\"><div class=\"et_pb_text_inner\"><h1>Von Hektik keine Spur<\/h1>\n<p>&nbsp;<\/p>\n<\/div><\/div><\/div><\/div><div class=\"et_pb_row_1 et_pb_row et_block_row\"><div class=\"et_pb_column_1 et_pb_column et_pb_column_1_2 et_block_column et_pb_css_mix_blend_mode_passthrough\"><div class=\"et_pb_text_1 et_pb_text et_pb_bg_layout_light et_pb_module et_block_module\"><div class=\"et_pb_text_inner\"><p>Oh je, ging es Ihnen auch schon mal so?<br \/>\nSicherlich nicht. Meine Nichte aus Roi Et war hier in Deutschland zu Besuch, eigentlich, um einen deutschen Mann zu finden. Und da man den ja an jeder Strassenecke aufpicken kann, flog sie heute unbemannt zur\u00fcck.<br \/>\nSo weit, so gut, w\u00e4re ich nicht heute als Superhektiker ins Spiel gekommen.<br \/>\nIch habe aus alter Gewohnheit letzte Woche Donnerstag den Flug mit Thai reconfirmen wollen, und zu meinem Erstaunen erz\u00e4hlte man mir, dass es weltweit nicht mehr notwendig ist, Thaifl\u00fcge r\u00fcckzubest\u00e4tigen. Freudig erregt legte ich also den Telefonh\u00f6rer aus der Hand.<\/p>\n<p>Allerdings hatte ich fr\u00fcher beim reconfirmen immer auch die Flugzeit mit abgecheckt, dieses Mal jedoch nicht. Naheliegend, kein OK, keine Zeit.<\/p>\n<p>Was ich \u00fcbersah war, dass Thai heute 2 Fl\u00fcge ab Frankfurt hat, einen um 15.05 Uhr und einen um 22.40 Uhr. Klar, die Zeit steht im Ticket, f\u00fcr mich war allerdings klar, dass es der \u201enormale\u201c Flug sein muss um 15.05 Uhr. Auf mein Kommando hatten sich Nichte und Ehefrau p\u00fcnktlich um 11.30 Uhr zur Fahrt an den Flughafen im Auto eingefunden, ich bin immer gerne etwas fr\u00fcher da, es w\u00e4re also gegen 13.00 Uhr gewesen. D.h., als alle mit Essen fertig waren war es schon 11.55 Uhr. Nun ja, reicht auch noch. Wenn, ja wenn nicht...!<\/p>\n<p>Ich lege den \u201eD\u201c ein (fahre Automatik), will gerade die Bremse l\u00f6sen, als Nichtchen fragt: Warum fahren wir eigentlich so fr\u00fch? Fr\u00fch?? Wieso fr\u00fch??? Ja, ich fliege doch erst um 22.40 Uhr. \u00dc\u00fc\u00fc\u00fcppps, zeig mal das Ticket \u2013 \u00e4hem, stimmt. Aussteigen, Auto in die Garage, bis heute abend.<\/p>\n<p>Aber eigentlich w\u00e4re es doch besser...du bist dann fr\u00fcher in Bangkok...kannst den Tagesbus nehmen ...Kurz und gut, heute abend.<\/p>\n<p>Ich lasse es nicht auf sich beruhen und rufe Thai an. Ja, mittags ist noch jede Menge Platz, aber umbuchen bitte erst am Flughafen, falls sie nicht mehr rechtzeitig ankommt.<\/p>\n<p>Also Familienrat, ich bestimme, dass sie fr\u00fcher fliegt. Ab ins Auto, neuer Anlauf.<\/p>\n<p>Nach 10 km die Frage: wo ist eigentlich mein Ticket? Klar, ich wei\u00df es genau: es liegt neben dem Telefon, von wo aus ich die Thai angerufen habe.<\/p>\n<\/div><\/div><\/div><div class=\"et_pb_column_2 et_pb_column et_pb_column_1_2 et-last-child et_block_column et_pb_css_mix_blend_mode_passthrough\"><div class=\"et_pb_text_2 et_pb_text et_pb_bg_layout_light et_pb_module et_block_module\"><div class=\"et_pb_text_inner\"><p>Kurze \u00dcberlegung: zur\u00fcckfahren, Ticket holen, neuer Anlauf \u2013 wird mindestens 13.55 Uhr.<\/p>\n<p>Fahrzeit zum Flughafen 99 mal zu 1 Stunde 10 Minuten. Heute nicht, denn heute ist Stau. Er beginnt kurz nach einer Ausfahrt. Wo wollen die denn alle hin? Endlos die Fahrt, aber bald ist das Wiesbadener Kreuz in Sicht. Klar, dort wird abgefahren und der Umweg zum Airport genommen. Abfahren? Wann denn? Nichts geht mehr, die Ausfahrt in Sichtweite. Rechts hinter uns Blaulicht, ein Polizeifahrzeug f\u00e4hrt langsam auf der Standspur vorbei. Aber nicht an uns!!! Ich habe meine Frau in dringendem Ton gebeten, auszusteigen und die T\u00fcr offen zu lassen. Und - Polizei stoppt, denn T\u00fcr ist breit. K\u00f6nnen Sie mal... Ja, bitte bitte k\u00f6nnen SIE mal??? Ein freundlicher Polizist grinst mich an, schaut Nichtchen an, schaut meine Frau an. Vielleicht meint er, ich sei gestraft genug, er macht eine leichte Kopfbewegung, die ich als \u201cFolgen\u201d deute, und unter Polizeischutz fahren wir langsam aber rechts an der Schlange vorbei bis zur Ausfahrt. Ein letztes Winken, und dann ab gehts ohne Stau.<\/p>\n<p>Endlich am Flughafen. Anstellen, nur noch zwei vor uns. Umbuchen? Bitte nur am Ticketing- Schalter. Klar, geht ja nicht anders, Einchecken ist Airport-FAG, Umbuchen und Ticketing ist Airline-Thai. Am Ticketingschalter steht nur einer, und es ist erst 14.10 Uhr. Aber dieser eine hat Probleme, ein Iraner, der kein Visum f\u00fcr Thailand hat. Der braucht sogar f\u00fcr den Transit eins, will eigentlich nach Kuala Lumpur. Dort braucht er auch ein Visum, hat er auch nicht, denkt aber, die Thai stellt ihm eins aus.<\/p>\n<p>Um 14.25 Uhr frage ich, ob wir wohl noch die Maschine kriegen k\u00f6nnen. Der Iraner wird etwas auf Seite gestellt (er will auch mit der Maschine fliegen, hat aber keine Chance), und ... aber die Maschine ist doch ausgebucht!! Aber ich hab doch, und man wollte doch.. Naja, ausgebucht, aber 4 No shows. Also umbuchen, am First-Class-Schalter einchecken (der hat nur noch auf uns gewartet) Gep\u00e4ck aufs Band, 36,5 kg \u2013 nur jetzt keine Frage nach \u00dcbergep\u00e4ck, ein freundlichen Grinsen: sie stehen ja am First-Class-Schalter. Ja, jetzt isse weg, denn wer eincheckt, fliegt. Das ist sicher.<\/p>\n<p>Hektik? Von Hektik keine Spur.<\/p>\n<p>Ich geh jetzt ins Bett.<\/p>\n<\/div><\/div><\/div><\/div><div class=\"et_pb_row_2 et_pb_row et_block_row\"><div class=\"et_pb_column_3 et_pb_column et_pb_column_4_4 et-last-child et_block_column et_pb_css_mix_blend_mode_passthrough\"><div class=\"et_pb_divider_0 et_pb_divider_hidden et_pb_space et_pb_divider_position_top et_pb_module\"><div class=\"et_pb_divider_internal\"><\/div><\/div><\/div><\/div><\/div>","protected":false},"excerpt":{"rendered":"","protected":false},"author":1,"featured_media":0,"parent":14507,"menu_order":0,"comment_status":"closed","ping_status":"closed","template":"","meta":{"footnotes":""},"class_list":["post-14523","page","type-page","status-publish","hentry"],"_links":{"self":[{"href":"https:\/\/kurt-singer.com\/thailand\/wp-json\/wp\/v2\/pages\/14523","targetHints":{"allow":["GET"]}}],"collection":[{"href":"https:\/\/kurt-singer.com\/thailand\/wp-json\/wp\/v2\/pages"}],"about":[{"href":"https:\/\/kurt-singer.com\/thailand\/wp-json\/wp\/v2\/types\/page"}],"author":[{"embeddable":true,"href":"https:\/\/kurt-singer.com\/thailand\/wp-json\/wp\/v2\/users\/1"}],"replies":[{"embeddable":true,"href":"https:\/\/kurt-singer.com\/thailand\/wp-json\/wp\/v2\/comments?post=14523"}],"version-history":[{"count":5,"href":"https:\/\/kurt-singer.com\/thailand\/wp-json\/wp\/v2\/pages\/14523\/revisions"}],"predecessor-version":[{"id":16033,"href":"https:\/\/kurt-singer.com\/thailand\/wp-json\/wp\/v2\/pages\/14523\/revisions\/16033"}],"up":[{"embeddable":true,"href":"https:\/\/kurt-singer.com\/thailand\/wp-json\/wp\/v2\/pages\/14507"}],"wp:attachment":[{"href":"https:\/\/kurt-singer.com\/thailand\/wp-json\/wp\/v2\/media?parent=14523"}],"curies":[{"name":"wp","href":"https:\/\/api.w.org\/{rel}","templated":true}]}}