{"id":14527,"date":"2024-08-12T11:02:25","date_gmt":"2024-08-12T09:02:25","guid":{"rendered":"https:\/\/kurt-singer.com\/thailand\/?page_id=14527"},"modified":"2026-03-25T00:43:55","modified_gmt":"2026-03-24T23:43:55","slug":"20-jahre-spaeter","status":"publish","type":"page","link":"https:\/\/kurt-singer.com\/thailand\/geschichten\/20-jahre-spaeter\/","title":{"rendered":"20 Jahre sp\u00e4ter"},"content":{"rendered":"<div class=\"et_pb_section_0 et_pb_section et_section_regular et_block_section\"><div class=\"et_pb_row_0 et_pb_row et_block_row\"><div class=\"et_pb_column_0 et_pb_column et_pb_column_4_4 et-last-child et_block_column et_pb_css_mix_blend_mode_passthrough\"><div class=\"et_pb_text_0 et_pb_text et_pb_bg_layout_light et_pb_module et_block_module\"><div class=\"et_pb_text_inner\"><h1>20 Jahre sp\u00e4ter - wird es dann so sein?<\/h1>\n<p>&nbsp;<\/p>\n<\/div><\/div><\/div><\/div><div class=\"et_pb_row_1 et_pb_row et_block_row\"><div class=\"et_pb_column_1 et_pb_column et_pb_column_1_2 et_block_column et_pb_css_mix_blend_mode_passthrough\"><div class=\"et_pb_text_1 et_pb_text et_pb_bg_layout_light et_pb_module et_block_module\"><div class=\"et_pb_text_inner\"><div id=\"Text255\" class=\"nof-positioning TextObject\">\n<p>Es war einmal ein einfaches Land, das gibt es so nicht mehr. Dort lebten viele Menschen, die sich kannten, die in D\u00f6rfern oder kleinen St\u00e4dten zusammenlebten, und die auch zusammen ihre Felder bestellten, sich gegenseitig halfen, die Tabak gegen Reis tauschten oder gegen H\u00fchner oder Eier, damit ihre Familien satt wurden.<\/p>\n<p>Radio oder Fernsehen waren ein Luxus, den sich nur ganz wenige leisten konnte, zumeist in einem Dorf nur der reichste Mann. Das war dann oft auch der Ortsvorsteher und damit der angesehenste Mann. Und wenn er zulie\u00df, dass sich Dorfbewohner bei ihm einfanden, um die sch\u00f6nen Liebesfilme oder Geisterfilme zu verfolgen war es auch ein beliebter Mann.<\/p>\n<p>Irgendwann einmal waren fremdartig aussehende Leute im Dorf aufgetaucht, die nicht, wie sie alle, den ganzen Tag auf dem Feld verbrachten, die nicht den ganzen Tag einer T\u00e4tigkeit nachgingen, damit die Familie etwas zu essen hat. Diese Leute mussten also welche sein, die reich waren und nicht arbeiten mussten, denn sie hatten nichts bei sich, was man h\u00e4tte tauschen k\u00f6nnen. Sie mussten alles kaufen und mit Geld bezahlen.<\/p>\n<p>Sie sahen die Bev\u00f6lkerung in alten H\u00fctten wohnen und den ganzen Tag die Felder bestellen und dachten, da\u00df sie hier helfen m\u00fcssen. Und so nahmen sie ihr Geld, gaben es den Bauern und nahmen daf\u00fcr ihren Acker. Und als sie gen\u00fcgend Ackerland zusammen hatten kauften sie noch die armseligen<\/p>\n<\/div>\n<\/div><\/div><\/div><div class=\"et_pb_column_2 et_pb_column et_pb_column_1_2 et-last-child et_block_column et_pb_css_mix_blend_mode_passthrough\"><div class=\"et_pb_text_2 et_pb_text et_pb_bg_layout_light et_pb_module et_block_module\"><div class=\"et_pb_text_inner\"><p>H\u00fctten. Sie bauten einige gro\u00dfe H\u00e4user in der n\u00e4chsten Stadt mit 300 Wohnungen, lie\u00dfen die Bauern ihre H\u00fctten verlassen und vermieteten ihnen diese Wohnungen. Dort, wo einst das Dorf stand, steht heute eine gro\u00dfe Fabrik, in denen die ehemaligen Bauern und deren S\u00f6hne und T\u00f6chter heute arbeiten, aber nur die kr\u00e4ftigsten unter ihnen. Sie stellen Ware her, die in ferne L\u00e4nder geliefert wird.<\/p>\n<p>Die fr\u00fcheren Dorfbewohner haben kein Grundst\u00fcck mehr, um ihre W\u00e4sche aufzuh\u00e4ngen. Sie haben keinen Platz mehr, wo sie sich mit ihren Nachbarn im gro\u00dfen Kreis zusammen setzen k\u00f6nnen, um zu plauschen, zu trinken und zusammen zu essen. Sie sitzen heute in ihren Zweizimmerwohnungen, um die sch\u00f6nen Liebesfilme oder Geisterfilme zu verfolgen.<\/p>\n<p>Touristenzentren wie Pattaya oder Phuket oder Samui sind ihnen bekannt, denn ihre T\u00f6chter arbeiten dort, wo sie mehr verdienen k\u00f6nnen als in der Fabrik. Und sie wollen nicht wissen, was sie dort arbeiten.<\/p>\n<p>Und wie die vielen Fremden, die jetzt hier sind, l\u00e4cheln kaum noch. Sie l\u00e4cheln nicht, wenn sie am Morgen aus der Wohnung im dritten Stock kommen, sie l\u00e4cheln nicht, wenn sie jemandem begegnen. Es gibt auch kein junges M\u00e4dchen mehr, das sch\u00fcchtern vor ihnen die Augen niederschl\u00e4gt.<\/p>\n<p><strong>Wird es so sein? In 20 Jahren?<\/strong><\/p>\n<\/div><\/div><\/div><\/div><div class=\"et_pb_row_2 et_pb_row et_block_row\"><div class=\"et_pb_column_3 et_pb_column et_pb_column_4_4 et-last-child et_block_column et_pb_css_mix_blend_mode_passthrough\"><div class=\"et_pb_divider_0 et_pb_divider_hidden et_pb_space et_pb_divider_position_top et_pb_module\"><div class=\"et_pb_divider_internal\"><\/div><\/div><\/div><\/div><\/div>","protected":false},"excerpt":{"rendered":"","protected":false},"author":1,"featured_media":0,"parent":14507,"menu_order":0,"comment_status":"closed","ping_status":"closed","template":"","meta":{"footnotes":""},"class_list":["post-14527","page","type-page","status-publish","hentry"],"_links":{"self":[{"href":"https:\/\/kurt-singer.com\/thailand\/wp-json\/wp\/v2\/pages\/14527","targetHints":{"allow":["GET"]}}],"collection":[{"href":"https:\/\/kurt-singer.com\/thailand\/wp-json\/wp\/v2\/pages"}],"about":[{"href":"https:\/\/kurt-singer.com\/thailand\/wp-json\/wp\/v2\/types\/page"}],"author":[{"embeddable":true,"href":"https:\/\/kurt-singer.com\/thailand\/wp-json\/wp\/v2\/users\/1"}],"replies":[{"embeddable":true,"href":"https:\/\/kurt-singer.com\/thailand\/wp-json\/wp\/v2\/comments?post=14527"}],"version-history":[{"count":6,"href":"https:\/\/kurt-singer.com\/thailand\/wp-json\/wp\/v2\/pages\/14527\/revisions"}],"predecessor-version":[{"id":16035,"href":"https:\/\/kurt-singer.com\/thailand\/wp-json\/wp\/v2\/pages\/14527\/revisions\/16035"}],"up":[{"embeddable":true,"href":"https:\/\/kurt-singer.com\/thailand\/wp-json\/wp\/v2\/pages\/14507"}],"wp:attachment":[{"href":"https:\/\/kurt-singer.com\/thailand\/wp-json\/wp\/v2\/media?parent=14527"}],"curies":[{"name":"wp","href":"https:\/\/api.w.org\/{rel}","templated":true}]}}