{"id":14529,"date":"2024-08-12T11:02:42","date_gmt":"2024-08-12T09:02:42","guid":{"rendered":"https:\/\/kurt-singer.com\/thailand\/?page_id=14529"},"modified":"2026-03-25T00:43:56","modified_gmt":"2026-03-24T23:43:56","slug":"alles-ist-anders","status":"publish","type":"page","link":"https:\/\/kurt-singer.com\/thailand\/geschichten\/alles-ist-anders\/","title":{"rendered":"Alles ist anders"},"content":{"rendered":"<div class=\"et_pb_section_0 et_pb_section et_section_regular et_block_section\"><div class=\"et_pb_row_0 et_pb_row et_block_row\"><div class=\"et_pb_column_0 et_pb_column et_pb_column_4_4 et-last-child et_block_column et_pb_css_mix_blend_mode_passthrough\"><div class=\"et_pb_text_0 et_pb_text et_pb_bg_layout_light et_pb_module et_block_module\"><div class=\"et_pb_text_inner\"><h1>10 Jahre sp\u00e4ter - es ist alles so anders geworden<\/h1>\n<\/div><\/div><\/div><\/div><div class=\"et_pb_row_1 et_pb_row et_block_row\"><div class=\"et_pb_column_1 et_pb_column et_pb_column_1_2 et_block_column et_pb_css_mix_blend_mode_passthrough\"><div class=\"et_pb_text_1 et_pb_text et_pb_bg_layout_light et_pb_module et_block_module\"><div class=\"et_pb_text_inner\"><p>Es gibt ein Land, in dem nicht mehr alles so einfach ist, wie es einmal war. Die Menschen leben immer noch in D\u00f6rfern zusammen, aber die St\u00e4dte werden immer gr\u00f6\u00dfer, denn immer mehr Dorfbewohner zieht es in die Stadt.<\/p>\n<p>Im Dorf selbst hat sich auch so manches ge\u00e4ndert. Man hat keine Zeit mehr, dem Nachbarn zu helfen beim Bestellen der Felder. Es ist auch nicht mehr notwendig, denn inzwischen haben ein- oder mehrachsige Traktoren die Arbeit erleichtert, haben die Wasserb\u00fcffel erg\u00e4nzt, bei manchem Bauern ersetzt. Daf\u00fcr hat er sich aber verschulden m\u00fcssen, und so sind die Kinder in die n\u00e4chste Stadt oder gar nach Bangkok gegangen, um dort Geld zu verdienen. Die n\u00e4chste kleine Stadt wie Roi Et, Korat, Chumphon, Chainat oder die gr\u00f6\u00dfte Stadt, Bangkok, die Hauptstadt, dort, wo man viel Geld verdienen k\u00f6nnen soll. So h\u00f6rte man. Zum Beispiel von Amphra, die dort als kleine Angestellte lebt und oft Geld nach Haus schickt in das kleine Dorf, die kleine H\u00fctte ihrer Eltern.<\/p>\n<p>Ja, sie unterst\u00fctzen immer noch den Vater und die Mutter, aber sie ben\u00f6tigen auch mehr Geld f\u00fcr sich. Radio und Fernsehen sind eine Selbstverst\u00e4ndlichkeit geworden, und der Antennenwald ist abwechslungsreicher als der Naturwald ringsumher, denn dessen B\u00e4ume wurden und werden abgeholzt um Platz f\u00fcr den Anbau zu machen. Manchmal ist man hingegangen und hat Eukalyptusb\u00e4ume gepflanzt, denn diese wachsen schnell und k\u00f6nnen so schnell Holz liefern. Und durch Radio und Fernsehen haben sie auch Kenntnis von den M\u00f6glichkeiten erhalten, was es so alles zu kaufen gibt in der Stadt.<\/p>\n<\/div><\/div><\/div><div class=\"et_pb_column_2 et_pb_column et_pb_column_1_2 et-last-child et_block_column et_pb_css_mix_blend_mode_passthrough\"><div class=\"et_pb_text_2 et_pb_text et_pb_bg_layout_light et_pb_module et_block_module\"><div class=\"et_pb_text_inner\"><p>Und fr\u00fcher, als es noch den einen LKW gab im Dorf, mit dem sie alle zum Markt gefahren sind morgens, da konnten die Kinder noch unbesorgt und unbeaufsichtigt auf der Stra\u00dfe spielen. Die Stra\u00dfe, die ein Feldweg war. Heute staubt es nicht mehr so, die Stra\u00dfe ist asphaltiert. Es gibt den LKW nicht mehr, er wird nicht mehr gebraucht. 20 Autos, 100 Mopeds gibt es nun, und die Kinder spielen nicht mehr auf der Stra\u00dfe, auf den Feldern noch und dem Schulhof. Und sie eifern jetzt im Fu\u00dfball den Argentiniern, Franzosen oder Deutschen nach, geben sich die Namen der gro\u00dfen Fu\u00dfballstars, die sie aus dem Fernsehen kennen. Und so viel Geld wollen sie auch einmal verdienen, diese kleinen gro\u00dfen Helden aus der Dorffu\u00dfballmannschaft.<\/p>\n<p>Heute sind die Menschen, die das Dorf aufsuchen, nicht mehr so fremdartig aussehend. Man hat sich an Peter gew\u00f6hnt, er ist der Mann von Supi. Er kommt jedes Jahr einmal ins Dorf, verteilt s\u00fcsse Bonbons an die Kinder, hat auch ein paar Kleider dabei. Nicht die neueste Mode, aber zum Arbeiten kann man das ja anziehen. Und er bezahlt immer mit Geld, aber f\u00fcr alles immer mehr als die Dorfbewohner.<\/p>\n<p>Hinter das Geheimnis des richtigen Bezahlens ist er noch nicht gekommen. Auch die Dorfbewohner k\u00f6nnen nur noch mit Geld bezahlen in dem kleinen Laden neben dem Kloster, und nur noch Geld ist das Streben, denn nur noch mit Geld kann man den Strom bezahlen f\u00fcr den Fernseher und das Radio und den K\u00fchlschrank und Benzin f\u00fcr das Auto und das Moped.<\/p>\n<\/div><\/div><\/div><\/div><div class=\"et_pb_row_2 et_pb_row et_block_row\"><div class=\"et_pb_column_3 et_pb_column et_pb_column_4_4 et-last-child et_block_column et_pb_css_mix_blend_mode_passthrough\"><div class=\"et_pb_divider_0 et_pb_divider_hidden et_pb_space et_pb_divider_position_top et_pb_module\"><div class=\"et_pb_divider_internal\"><\/div><\/div><\/div><\/div><\/div>","protected":false},"excerpt":{"rendered":"","protected":false},"author":1,"featured_media":0,"parent":14507,"menu_order":0,"comment_status":"closed","ping_status":"closed","template":"","meta":{"footnotes":""},"class_list":["post-14529","page","type-page","status-publish","hentry"],"_links":{"self":[{"href":"https:\/\/kurt-singer.com\/thailand\/wp-json\/wp\/v2\/pages\/14529","targetHints":{"allow":["GET"]}}],"collection":[{"href":"https:\/\/kurt-singer.com\/thailand\/wp-json\/wp\/v2\/pages"}],"about":[{"href":"https:\/\/kurt-singer.com\/thailand\/wp-json\/wp\/v2\/types\/page"}],"author":[{"embeddable":true,"href":"https:\/\/kurt-singer.com\/thailand\/wp-json\/wp\/v2\/users\/1"}],"replies":[{"embeddable":true,"href":"https:\/\/kurt-singer.com\/thailand\/wp-json\/wp\/v2\/comments?post=14529"}],"version-history":[{"count":5,"href":"https:\/\/kurt-singer.com\/thailand\/wp-json\/wp\/v2\/pages\/14529\/revisions"}],"predecessor-version":[{"id":16036,"href":"https:\/\/kurt-singer.com\/thailand\/wp-json\/wp\/v2\/pages\/14529\/revisions\/16036"}],"up":[{"embeddable":true,"href":"https:\/\/kurt-singer.com\/thailand\/wp-json\/wp\/v2\/pages\/14507"}],"wp:attachment":[{"href":"https:\/\/kurt-singer.com\/thailand\/wp-json\/wp\/v2\/media?parent=14529"}],"curies":[{"name":"wp","href":"https:\/\/api.w.org\/{rel}","templated":true}]}}