{"id":14533,"date":"2024-08-12T11:03:25","date_gmt":"2024-08-12T09:03:25","guid":{"rendered":"https:\/\/kurt-singer.com\/thailand\/?page_id=14533"},"modified":"2026-03-25T00:44:00","modified_gmt":"2026-03-24T23:44:00","slug":"toilettengeschichte","status":"publish","type":"page","link":"https:\/\/kurt-singer.com\/thailand\/geschichten\/toilettengeschichte\/","title":{"rendered":"Toilettengeschichte"},"content":{"rendered":"<div class=\"et_pb_section_0 et_pb_section et_section_regular et_block_section\"><div class=\"et_pb_row_0 et_pb_row et_block_row\"><div class=\"et_pb_column_0 et_pb_column et_pb_column_4_4 et-last-child et_block_column et_pb_css_mix_blend_mode_passthrough\"><div class=\"et_pb_text_0 et_pb_text et_pb_bg_layout_light et_pb_module et_block_module\"><div class=\"et_pb_text_inner\"><h1>Die Geschichte einer Toilette - ach, wenn sie selbst erz\u00e4hlen k\u00f6nnte<\/h1>\n<\/div><\/div><\/div><\/div><div class=\"et_pb_row_1 et_pb_row et_block_row\"><div class=\"et_pb_column_1 et_pb_column et_pb_column_1_2 et_block_column et_pb_css_mix_blend_mode_passthrough\"><div class=\"et_pb_text_1 et_pb_text et_pb_bg_layout_light et_pb_module et_block_module\"><div class=\"et_pb_text_inner\"><p>Toiletten k\u00f6nnen keine Geschichte erz\u00e4hlen? Oh, die meine doch, und zwar die aus dem Haus in Korat. Wir haben dieses Haus ja erstmals 2004 gesehen und im Jahr darauf denn auch gekauft. W\u00e4hrend unserer letzten Aufenthaltes wohnten wir dort, und es ist wichtig f\u00fcr die Geschichte zu wissen, da\u00df es zwei Toiletten gibt, n\u00e4mlich eine im Erdgeschoss und eine im Obergeschoss. Wir hatten uns nat\u00fcrlich Gedanken gemacht, was w\u00e4hrend unseres Nichtaufenthaltes geschehen sollte. Mon, die Schwester meines Schwiegersohnes hatte noch w\u00e4hrend ihres Studiums geheiratet, eine Wohnung war noch nicht vorhanden, und so bot es sich an, da\u00df das junge Paar das Haus bis zu unserem n\u00e4chsten Besuch bewohnen k\u00f6nne.Es sind ja drei Schlafzimmer vorhanden, und sie konnten auch w\u00e4hrend unserer Anwesenheit schon im Haus wohnen.So geschah es auch, sie brachten ihren vorhandenen sp\u00e4rlichen Haushalt mit in das Haus ein.<\/p>\n<p>Zur\u00fcck zu 2005. Am vorletzten Tag vor unserem Heimflug stellte ich fest, da\u00df die obere Toilette verstopft ist. Nun wissen wir ja alle, da\u00df der Rohrquerschnitt in Thailand nicht dem gewohnten in Deutschland entspricht, denn dort s\u00e4ubert man sich ja mit Wasser und nicht mit Unmengen von PapierToilette. In Deutschland streben wir das papierlose B\u00fcro an, Thailand hat weitgehend papierlose Toiletten. Da meine Zeit nicht mehr ausreicht hier selbst t\u00e4tig zu werden erteile ich der verbleibenden Mannschaft den Auftrag, f\u00fcr eine Rohrreinigung zu sorgen. Das ist ja nicht wie hier: \u201eWillst du deine Rohre rein hilft im Fall die Firma Klein\u201c. N\u00f6, das mu\u00df alles erst einmal ausprobiert werden, und das braucht Zeit.<\/p>\n<p><img loading=\"lazy\" decoding=\"async\" class=\"size-full wp-image-1699 alignleft\" src=\"https:\/\/kurt-singer.com\/thailand\/wp-content\/uploads\/sites\/7\/2024\/08\/T-Toilette01.jpg\" alt=\"\" width=\"213\" height=\"187\" \/>Im Laufe der Jahre 2005 und 2006 lasse ich mir gelegentlich vom Fortschritt der Toilettenrohrreinigung berichten, und man versichert mir, da\u00df alles frei sei bei meinem n\u00e4chsten Urlaub. Es eilt ja nicht, f\u00fcr Mon und ihren Mann und bald auch das Baby ist ja noch eine Toilette unten vorhanden, und wir sind ja nicht da. So oder so \u00e4hnlich wurden dann auch alle weiteren Nachfragen meinerseits beantwortet bis dann unser Reisetermin f\u00fcr 2007 feststand. Nun klangen die Antworten immer ein wenig mehr besorgt, manchmal aufgeregt. Vielleicht vier Wochen vor unserer Ankunft wurde von allen Seiten dann die erfreuliche Nachricht verk\u00fcndet, da\u00df man eine neue Toilette eingebaut habe. Die alte sei ja nicht mehr so ansehnlich gewesen und hatte auch in der Farbe nicht zu den Fliesen gepasst. Nun k\u00f6nne ich doch unbesorgt kommen und die Toilette im oberen Stockwerk benutzen, dort sei ja auch mein Schlafzimmer.<\/p>\n<p>Was mich nachdenklich machte war, da\u00df niemand davon sprach, da\u00df das Rohr jetzt frei sei. Nun denn, das Thema Klo ist ja nun nicht unbedingt das Wichtigste im Leben, kann aber sehr wichtig werden. Ich habe bereits erw\u00e4hnt, da\u00df trotz der vorsorglichen und gut gemeinten Ratschl\u00e4ge an mich, mit Essen und Trinken aufzupassen, der Durchfall gekommen war.<\/p>\n<p>Nicht jedoch bei mir, sondern bei meiner Frau. Nach Ankunft in Korat war mir deswegen das Thema dann doch wichtig und ich probierte als Erstes die Toilettensp\u00fclung der niegelnagelneuen wei\u00dfen Toilette aus. Meine geheimen Bef\u00fcrchtungen wurden wahr: das Wasser lief nicht bzw. nur \u00e4u\u00dferst langsam ab. Aufgrund des Allgemeinzustandes meiner lieben thail\u00e4ndischen und mit thail\u00e4ndischem Essen gestraften Ehefrau, was mir wieder die Frage aufdr\u00e4ngt, ob Thais im Allgemeinen und meine thail\u00e4ndische Ehefrau im Besonderen denn wirklich f\u00fcr Thailand \u00fcberhaupt geeignet sind, ist f\u00fcr uns also klar, da\u00df wir notfalls die Soi 5 in Anspruch nehmen w\u00fcrden.<\/p>\n<\/div><\/div><\/div><div class=\"et_pb_column_2 et_pb_column et_pb_column_1_2 et-last-child et_block_column et_pb_css_mix_blend_mode_passthrough\"><div class=\"et_pb_text_2 et_pb_text et_pb_bg_layout_light et_pb_module et_block_module\"><div class=\"et_pb_text_inner\"><p>Wir wohnen in der Soi 12, und in Soi 5 ist das Haus von Cousine oder Nichte (dieses Mal werde ich die Familienverh\u00e4ltnisse einmal genau aufdecken) Nang. Nichtsdestoweniger verlangte ich mit Nachdruck jetzt einen Handwerker zur Beseitigung der Verstopfung. Also der Toilette, denn bei All war es ja das Gegenteil Der erste Versuch fand am folgenden Tag statt. Nicht der Handwerker war gekommen, sondern Nichte oder Cousine Nang (wie sich im Laufe der Toilettengeschichte herausstellen wird ist es eher eine Nichte denn eine Cousine, aber das werde ich noch genau herauskriegen) mit Haushaltsreiniger. Eine komplette Flasche wird in das Becken (habe ich schon erw\u00e4hnt, da\u00df es sich um ein Sitzbecken handelt??) gesch\u00fcttet, eine bleibt in Reserve. Nach der etwa vierzigsten Sp\u00fclung folgt die zweite Flasche, und nach dem Verbrauch eines Wasserhochbeh\u00e4lters stellt man die ergebnislosen Versuche ein.<\/p>\n<p>Der zweite Versuch findet einen Tag sp\u00e4ter statt, dieses Mal durch Gaeo, den Ehemann von Mon. Er hat drei Flaschen Soda dabei, sch\u00fcttet die erste Flasche ein und f\u00fchlt besorgt, da\u00df sich das Becken jetzt sehr erw\u00e4rmt. Soda und Wasser? Da war doch was!! Naja, auch die zweite und die dritte Flasche folgen, das Becken scheint zu gl\u00fchen. Gaeo bittet darum, die Toilette jetzt 4-5 Stunden nicht zu benutzen. Nach 6 Stunden ist das Rohr immer noch verstopft.<\/p>\n<p>Der dritte Versuch findet dann w\u00e4hrend unserer (All und ich) Roi Et- Reise statt, wo wir im Hotel wohnen und dort gewohnheitsm\u00e4ssig dann erst die Toilettensp\u00fclung ausprobieren und f\u00fcr gut befinden, denn wir sollen ja nicht durch Bauarbeiten behelligt werden. Wir erfahren auf telefonische Nachfrage aus Roi Et, da\u00df der Handwerker da war und die Toilette abgebaut hatte. Der Grund f\u00fcr die Verstopfung war \u2013 ein Tuch, das er aus dem Rohr gezogen hatte. Man verspricht mir, auf die Benutzung zu verzichten, bis ich wieder da bin. Das geht, denn es ist ja noch eine im Erdgeschoss.<\/p>\n<p>Nach R\u00fcckkehr kann ich es nicht erwarten, stolz als erster die neue Prunktoilette zu benutzen. Doch vorsichtig wie ich bin probiere ich erst die Sp\u00fclung aus: hurra, das Wasser l\u00e4uft. Aber irgend etwas fehlt mir, so der letzte Blubb. Kennt man ja, es sp\u00fclt, der Wasserspiegel senkt sich geheimnisvoll bis zum Verschwinden im Geruchsverschlu\u00df und hebt sich dann langsam wieder. Mir fehlt der Blubb, diese untr\u00fcgliche Zeichen eines freien Rohres. Also nochmal sp\u00fclen, und das Wasser l\u00e4uft \u00e4u\u00dferst langsam ab. Gut, da\u00df es noch nicht der Erstfall war. Aber da All sich und ihren Magen wieder beruhigt hat reicht uns im Moment das Erdgeschoss f\u00fcr unsere Sitzungen aus.<\/p>\n<p>Wir fahren dann f\u00fcr zwei Tage nach Hua Hin, f\u00fcr Gaeo wieder die Gelegenheit, das Becken abzubauen \u2013 und ein weiteres Tuch zu bergen. Wer immer sich da mit einem Tuch ges\u00e4ubert hatte war doch aussergew\u00f6hnlich sorgf\u00e4ltig vorgegangen. Gaeo hat noch einen Zettel geschrieben, da\u00df wir einen Tag warten sollten vor Benutzung des Beckens, wir wu\u00dften allerdings nicht, wann der Tag der Reparatur war. Vorsichtshalber warte ich dann wirklich bis zum n\u00e4chsten Tag. Dieses Mal f\u00e4llt die Probe zur vollen Zufriedenheit aus, der Blubb ist da, wir hatten wieder zwei Toiletten zur Verf\u00fcgung.<\/p>\n<p>Der Tag der Abreise kommt, der 11. August. Ich sage dem Haus good bye, nehme Abschied von lieb Gewordenem, ein letzter Blick auf das Schlafzimmer, das mir so k\u00fchle N\u00e4chte bescherte wegen der Klimaanlage, auf die K\u00fcche, wo mir so viel Schmackhaftes bereitet wurde.<\/p>\n<p>Da war doch noch was? Ach ja, das Gegenteil. Ein letztes Mal dr\u00fccke ich fast liebevoll den Sp\u00fclknopf der Toilette im oberen Geschoss, also dem gleichen, in dem sich auch mein Schlafzimmer befindet, und h\u00f6re und sehe keinen Blubb. Das Wasser l\u00e4uft \u00e4u\u00dferst langsam ab.<\/p>\n<p>Wir kommen in zwei Jahren wieder.<\/p>\n<\/div><\/div><\/div><\/div><\/div>","protected":false},"excerpt":{"rendered":"","protected":false},"author":1,"featured_media":0,"parent":14507,"menu_order":0,"comment_status":"closed","ping_status":"closed","template":"","meta":{"footnotes":""},"class_list":["post-14533","page","type-page","status-publish","hentry"],"_links":{"self":[{"href":"https:\/\/kurt-singer.com\/thailand\/wp-json\/wp\/v2\/pages\/14533","targetHints":{"allow":["GET"]}}],"collection":[{"href":"https:\/\/kurt-singer.com\/thailand\/wp-json\/wp\/v2\/pages"}],"about":[{"href":"https:\/\/kurt-singer.com\/thailand\/wp-json\/wp\/v2\/types\/page"}],"author":[{"embeddable":true,"href":"https:\/\/kurt-singer.com\/thailand\/wp-json\/wp\/v2\/users\/1"}],"replies":[{"embeddable":true,"href":"https:\/\/kurt-singer.com\/thailand\/wp-json\/wp\/v2\/comments?post=14533"}],"version-history":[{"count":5,"href":"https:\/\/kurt-singer.com\/thailand\/wp-json\/wp\/v2\/pages\/14533\/revisions"}],"predecessor-version":[{"id":16038,"href":"https:\/\/kurt-singer.com\/thailand\/wp-json\/wp\/v2\/pages\/14533\/revisions\/16038"}],"up":[{"embeddable":true,"href":"https:\/\/kurt-singer.com\/thailand\/wp-json\/wp\/v2\/pages\/14507"}],"wp:attachment":[{"href":"https:\/\/kurt-singer.com\/thailand\/wp-json\/wp\/v2\/media?parent=14533"}],"curies":[{"name":"wp","href":"https:\/\/api.w.org\/{rel}","templated":true}]}}