{"id":14679,"date":"2024-08-12T13:30:00","date_gmt":"2024-08-12T11:30:00","guid":{"rendered":"https:\/\/kurt-singer.com\/thailand\/?page_id=14679"},"modified":"2026-03-25T00:44:10","modified_gmt":"2026-03-24T23:44:10","slug":"angekommen","status":"publish","type":"page","link":"https:\/\/kurt-singer.com\/thailand\/ein-dorf-im-isaan\/angekommen\/","title":{"rendered":"Angekommen"},"content":{"rendered":"<div class=\"et_pb_section_0 et_pb_section et_section_regular et_block_section\"><div class=\"et_pb_row_0 et_pb_row et_block_row\"><div class=\"et_pb_column_0 et_pb_column et_pb_column_4_4 et-last-child et_block_column et_pb_css_mix_blend_mode_passthrough\"><div class=\"et_pb_text_0 et_pb_text et_pb_bg_layout_light et_pb_module et_block_module\"><div class=\"et_pb_text_inner\"><h1>Im Dorf angekommen<\/h1>\n<p>&nbsp;<\/p>\n<\/div><\/div><\/div><\/div><div class=\"et_pb_row_1 et_pb_row et_block_row\"><div class=\"et_pb_column_1 et_pb_column et_pb_column_1_2 et_block_column et_pb_css_mix_blend_mode_passthrough\"><div class=\"et_pb_text_1 et_pb_text et_pb_bg_layout_light et_pb_module et_block_module\"><div class=\"et_pb_text_inner\"><p>Langsam wurde mir trotz - vielleicht auch wegen - der Freundlichkeit der mich umsitzenden Damen doch hei\u00df und so war ich froh, als sich meine Frau dann doch noch einfand, zusammen mit dem Fahrer. Er wird noch eine gro\u00dfe Rolle f\u00fcr mich spielen, war er doch der Herr \u00fcber den gesamten motorisierten Fuhrpark des Dorfes. Die Dorfbewohnerinnen hatten also ihre Ware weitgehend verkauft, die St\u00e4dterinnen demgem\u00e4\u00df ihr Mittagessen beisammen, und so konnte der Heimweg beginnen. Der erste Teil eines harten Arbeitstages war beendet, fast Mittagszeit. Langsam, als \u00fcberlege es noch, setzt sich das Gef\u00e4hrt in Bewegung. Es \u00e4chzt und st\u00f6hnt dabei, eine riesige schwarze Auspuffwolke begleitet uns noch eine Weile, bringt die Augen zum Tr\u00e4nen und den Hals zum Husten. Nicht nur mir geht es so, auch meinen Nachbarinnen. Ich wage es nicht, meiner Frau Vorw\u00fcrfe zu machen ob meiner Einsamkeit zu Beginn. Es w\u00e4re auch kaum machbar gewesen, denn w\u00e4hrend ich mich auf der Ladefl\u00e4che schmal machen mu\u00dfte hatte sie vorne neben dem Fahrer Platz genommen.<br \/>Roi Et macht auf mich gar keinen Eindruck, nicht mal einen schlechten. Was ich von meinem Platz aus sehen kann sind Roi Etkleine, wie geduckt wirkende H\u00e4user, h\u00f6chstens zwei Stockwerke hoch. Aber in jedem Haus scheint auch ein Gesch\u00e4ft zu sein. Die langsame Fahrt l\u00e4\u00dft mich deutlich erkennen, was hier unter Gesch\u00e4ft zu verstehen ist. Im Erdgeschoss befinden sich gr\u00f6\u00dfere R\u00e4ume, die nach der Stra\u00dfe hin offen sind, davor wird Ware ausgelegt oder aufgeh\u00e4ngt, hier und da kann man bis an die Hinterwand schauen. Wenig Leute sind unterwegs, aber es ist ja auch teuflisch hei\u00df.<\/p>\n<p>Bald haben wir den Stadtrand erreicht, die H\u00e4user stehen jetzt vereinzelter. Die Stra\u00dfe kommt mir jetzt ein wenig bekannt vor, und als wir den Busbahnhof passieren wei\u00df ich es genau. Auf dieser Stra\u00dfe hatte mich mein Rikschafahrer m\u00fchevoll transportiert, und jetzt kann ich erst ermessen, welche Arbeit er hat leisten m\u00fcssen. Die Fahrt auf der Stra\u00dfe geht jetzt richtig flott voran. Trotzdem wird unser Auto st\u00e4ndig \u00fcberholt, dabei wird<\/p>\n<\/div><\/div><\/div><div class=\"et_pb_column_2 et_pb_column et_pb_column_1_2 et-last-child et_block_column et_pb_css_mix_blend_mode_passthrough\"><div class=\"et_pb_text_2 et_pb_text et_pb_bg_layout_light et_pb_module et_block_module\"><div class=\"et_pb_text_inner\"><p>gehupt, dicht aufgefahren vorne, dicht aufgefahren hinten, dicht aufgefahren an den Seiten, aber niemanden regt das auf \u2013 au\u00dfer mir. Ich sehe mich bereits mit gebrochenen Knochen im Krankenhaus, weil wir im Stra\u00dfengraben landen, sehe schlimme Unf\u00e4lle passieren, schreiende Menschen um mich herum, meine Frau schaut mit gro\u00dfen Augen auf mich herab, pl\u00f6tzlich direkt vor mir ein Ozeandampfer.<\/p>\n<p>Als ich aus meinem Schlaf hochschrecke sehe ich direkt hinter uns einen der \u00dcberlandbusse, und er hat mich wohl mit seiner durchdringende Hupe geweckt. Wieder sehe ich Menschen um mich herum, aber keiner schreit, alle lachen ob meiner verst\u00f6rten Blicke. Ich mu\u00df diesen Leuten wirklich viel Spa\u00df bereiten, denn bisher haben sie viel \u00fcber mich und mit mir gelacht. Ich wei\u00df nicht, wieviel Zeit vergangen ist, denn ich trage keine Uhr am Arm, Die habe ich mir bei Abfahrt in Bangkok ausgezogen und in meine Umh\u00e4ngetasche gesteckt. Nicht weil ich Angst hatte, das gute St\u00fcck w\u00fcrde verloren gehen, sondern ich brauchte sie nicht, jetzt nicht, in den n\u00e4chsten Tagen nicht. Warum \u00fcberhaupt noch? Wir biegen von der Stra\u00dfe, die wohl nach Bangkok f\u00fchren mu\u00df, ab und wechseln auf einen schmalen Weg. Die Frauen hatten sich schon alle T\u00fccher \u00fcber das Gesicht gezogen und der Sinn wurde mir schnell klar, als sich die Luft mit rotem Staub f\u00fcllt, der sich schnell auf die Kleidung legt und auch die Haut bedeckt. Ich habe immer in meiner Umh\u00e4ngetasche ein Handtuch, jetzt wurde es zu meinem Staubschleier. Wer einmal das Buch \u201eLohn der Angst\u201c gelesen hat der wei\u00df, da\u00df eine Buckelpiste mit hoher Geschwindigkeit befahren werden mu\u00df, damit mitgef\u00fchrtes Nitroglyzerin nicht explodiert. Seit dieser Fahrt glaube ich diesem Buch nicht mehr. Trotz relativ schneller Fahrt, nur unwesentlich langsamer als auf der Hauptstra\u00dfe, sp\u00fcre ich jedes Schlagloch, jede Vertiefung, jeden kleinen Stein. Auf einer solchen Strecke ist vielleicht einmal der Shake erfunden worden, als ein d\u00fcrstender Mitfahrer m\u00fchsam ein hohes Glas mit Milch f\u00fcllte um den Versuch des Trinkens zu unternehmen.<\/p>\n<\/div><\/div><\/div><\/div><div class=\"et_pb_row_2 et_pb_row et_block_row\"><div class=\"et_pb_column_3 et_pb_column et_pb_column_4_4 et-last-child et_block_column et_pb_css_mix_blend_mode_passthrough\"><div class=\"et_pb_text_3 et_pb_text et_pb_bg_layout_light et_pb_module et_block_module\"><div class=\"et_pb_text_inner\"><p><em>Wir passieren einen Torbogen, der sich quer \u00fcber die Stra\u00dfe spannt, und die Fahrt des Autos verlangsamt sich. Erster Halt, und die ersten Frauen verlassen uns, nicht ohne sich noch einmal zu mir umzudrehen, mich anzul\u00e4cheln und mir einen Gru\u00df zuzurufen. Sie gehen nach vorne zum Fahrer um den Fahrpreis zu bezahlen, laden sich die K\u00f6rbe auf mit den nichtverkauften Resten ihrer Ware, stehen noch kurz zusammen, sicherlich um sich \u00fcber den zus\u00e4tzlichen Fahrgast heute noch einmal zu unterhalten und wenden sich ihrem weiteren Tagesablauf zu. Ein Ablauf der auch zu dem meinen werden sollte, aber das wu\u00dfte ich zu diesem Zeitpunkt noch nicht.<\/em><\/p>\n<\/div><\/div><\/div><\/div><div class=\"et_pb_row_3 et_pb_row et_block_row\"><div class=\"et_pb_column_4 et_pb_column et_pb_column_4_4 et-last-child et_block_column et_pb_css_mix_blend_mode_passthrough\"><div class=\"et_pb_divider_0 et_pb_divider_hidden et_pb_space et_pb_divider_position_top et_pb_module\"><div class=\"et_pb_divider_internal\"><\/div><\/div><\/div><\/div><\/div>","protected":false},"excerpt":{"rendered":"","protected":false},"author":1,"featured_media":0,"parent":13679,"menu_order":0,"comment_status":"closed","ping_status":"closed","template":"","meta":{"footnotes":""},"class_list":["post-14679","page","type-page","status-publish","hentry"],"_links":{"self":[{"href":"https:\/\/kurt-singer.com\/thailand\/wp-json\/wp\/v2\/pages\/14679","targetHints":{"allow":["GET"]}}],"collection":[{"href":"https:\/\/kurt-singer.com\/thailand\/wp-json\/wp\/v2\/pages"}],"about":[{"href":"https:\/\/kurt-singer.com\/thailand\/wp-json\/wp\/v2\/types\/page"}],"author":[{"embeddable":true,"href":"https:\/\/kurt-singer.com\/thailand\/wp-json\/wp\/v2\/users\/1"}],"replies":[{"embeddable":true,"href":"https:\/\/kurt-singer.com\/thailand\/wp-json\/wp\/v2\/comments?post=14679"}],"version-history":[{"count":7,"href":"https:\/\/kurt-singer.com\/thailand\/wp-json\/wp\/v2\/pages\/14679\/revisions"}],"predecessor-version":[{"id":16047,"href":"https:\/\/kurt-singer.com\/thailand\/wp-json\/wp\/v2\/pages\/14679\/revisions\/16047"}],"up":[{"embeddable":true,"href":"https:\/\/kurt-singer.com\/thailand\/wp-json\/wp\/v2\/pages\/13679"}],"wp:attachment":[{"href":"https:\/\/kurt-singer.com\/thailand\/wp-json\/wp\/v2\/media?parent=14679"}],"curies":[{"name":"wp","href":"https:\/\/api.w.org\/{rel}","templated":true}]}}