{"id":14699,"date":"2024-08-12T13:37:51","date_gmt":"2024-08-12T11:37:51","guid":{"rendered":"https:\/\/kurt-singer.com\/thailand\/?page_id=14699"},"modified":"2026-03-25T00:44:15","modified_gmt":"2026-03-24T23:44:15","slug":"das-maedchen-nang","status":"publish","type":"page","link":"https:\/\/kurt-singer.com\/thailand\/ein-dorf-im-isaan\/das-maedchen-nang\/","title":{"rendered":"Das M\u00e4dchen Nang"},"content":{"rendered":"<div class=\"et_pb_section_0 et_pb_section et_section_regular et_block_section\"><div class=\"et_pb_row_0 et_pb_row et_block_row\"><div class=\"et_pb_column_0 et_pb_column et_pb_column_4_4 et-last-child et_block_column et_pb_css_mix_blend_mode_passthrough\"><div class=\"et_pb_text_0 et_pb_text et_pb_bg_layout_light et_pb_module et_block_module\"><div class=\"et_pb_text_inner\"><h1>Das Schicksal des M\u00e4dchens Nang<\/h1>\n<\/div><\/div><\/div><\/div><div class=\"et_pb_row_1 et_pb_row et_block_row\"><div class=\"et_pb_column_1 et_pb_column et_pb_column_1_2 et_block_column et_pb_css_mix_blend_mode_passthrough\"><div class=\"et_pb_text_1 et_pb_text et_pb_bg_layout_light et_pb_module et_block_module\"><div class=\"et_pb_text_inner\"><p>Gestern kam Nang, ein 20jahriges M\u00e4dchen, ins Dorf zur\u00fcck. Sie war vor einem Jahr nach Bangkok gefahren, um dort etwas Geld zu verdienen. Sie ist gelernte Schneiderin, und in Roiet hatte sie dann keine Stelle gefunden. Viele glauben, in Bangkok ihr Gl\u00fcck machen zu k\u00f6nnen, dort soviel zu verdienen, dass sie der Familie etwas Geld schicken k\u00f6nnen. Aus unserem Dorf haben es bisher wenige versucht, denn der Dorf\u00e4lteste ist erfahren. Er kennt Bangkok, hat als Regierungsangestellter lange Zeit dort gelebt und weiss um die Gefahren der Grossstadt. Er hat auch schon Aufk\u00e4ufer aus Bangkok mit Waffengewalt aus dem Dorf gejagt. Aufk\u00e4ufer besonders f\u00fcr junge M\u00e4dchen, die sie dort in den Fabriken als billige Arbeitskr\u00e4fte ben\u00f6tigen, oder die sie in den Massagesalons und Bordellen unterbringen wollen. Er ist als Dorf\u00e4ltester nach dem Abt des Klosters die Anlaufstelle f\u00fcr private Sorgen, Vermittler in Streitigkeiten, Standesbeamter und Scheidungsrichter.<\/p>\n<p>Nun hat er wieder ein Problem, denn Nang, das M\u00e4dchen aus Bangkok, ist schwanger, und sie hat keinen Mann. Ihre Familie hat ihr das Haus verboten. Ist doch selbst H\u00e4ndchenhalten in der \u00d6ffentlichkeit verp\u00f6nt. Und nun gar dies! Ich habe mich heute morgen mit ihr unterhalten. Ich spreche zwar leidlich Thai, aber sie nicht, denn die Sprache hier ist ein Lao-Dialekt, den ich noch sehr wenig verstehe. So haben wir uns mit Englisch beholfen, und meine Frau hat mir da gedolmetscht, wo es nicht mehr weiterging. Ich habe sie nach ihren Erfahrungen ausgefragt, und sie vertraute mir nach einiger Zeit und gutem Zureden ihre Erlebnisse an.<\/p>\n<p>Zuerst hatte sie wirklich eine Stelle bei einem Schneider in Bangkok, sp\u00e4ter in Pattaya. Dort sah sie, was die M\u00e4dchen aus den Bars verdienen konnten, in welch vermeintlichem Luxus sie leben. Das war doch etwas anderes als zuhause. Und sie dachte, ihrer Familie k\u00f6nne es doch egal sein, woher das Geld stammt, das sie nach Hause schickt.<\/p>\n<\/div><\/div><\/div><div class=\"et_pb_column_2 et_pb_column et_pb_column_1_2 et-last-child et_block_column et_pb_css_mix_blend_mode_passthrough\"><div class=\"et_pb_text_2 et_pb_text et_pb_bg_layout_light et_pb_module et_block_module\"><div class=\"et_pb_text_inner\"><p>Und es muss dort ja ausserdem niemand wissen, was sie tut. Also verdingte sie sich an eine der vielen Bars, ging mit M\u00e4nnern. Meist waren es fette, verschwitzte, die sich wie die Kings auff\u00fchrten, die sie wie ein Mietobjekt behandelten oder schlimmer. Und die meisten von denen hatten selbstgerecht die immer gleiche und trotzdem so falsche Rechtfertigung f\u00fcr sich: Ja ich helfe doch der, ihre Familie zu ern\u00e4hren !<\/p>\n<p>Abends in die Kneipe galt es Maulhalten f\u00fcr die gemieteten Girls, die sollen sich im Bett austoben. Jetzt gibt's erstmal Bier, ne flotte Skatrunde, Maulaffen feilhalten..:\u201dMensch, hat Deine auch so einen ...?\u201d und dabei einen bedeutungsvollen Klaps auf den Popo, gerade so, wie man einen Hund t\u00e4tschelt.<\/p>\n<p>Kaum einer war wirklich gut zu ihr, hat ihr auch mal das Fr\u00fchst\u00fcck bezahlt oder mal ein T\u00fcchlein geschenkt. Wurde sie gerade nicht gebraucht, stellte man sie einfach in die Ecke. Verstanden hat sie erst keinen, sp\u00e4ter erst, als sie etwas Englisch gelernt hatte und Deutsch. Sich selbst verstand sie auch nicht mehr, aber sie konnte nicht mehr zur\u00fcck. Die Stelle beim Schneider war weg, er wollte auch keine solche. Schulden hatte sie, die Zimmermiete, in der Bar, bei anderen M\u00e4dchen. \u00dcber einen Zuh\u00e4lter wollte sie nicht reden; vielleicht hatte sie wirklich keinen. Doch jetzt, wo sie sichtbar schwanger ist, kann sie auch nicht mehr im Gewerbe arbeiten. Und so ruhte ihre ganze Hoffnung auf der Familie. Vergass sie wirklich, welche Schande sie \u00fcber sich und die Familie gebracht hatte?<\/p>\n<p>Vielleicht wird ihr der Abt, vielleicht der Dorf\u00e4lteste helfen. Ich kann es nicht.<\/p>\n<p>Eines ist gewiss, im Paradies lebe ich hier wirklich nicht.<\/p>\n<p>Kurt Singer<br \/>\ngeschrieben im Mai 1990 \u00fcber einen Aufenthalt 1986<\/p>\n<\/div><\/div><\/div><\/div><div class=\"et_pb_row_2 et_pb_row et_block_row\"><div class=\"et_pb_column_3 et_pb_column et_pb_column_4_4 et-last-child et_block_column et_pb_css_mix_blend_mode_passthrough\"><div class=\"et_pb_divider_0 et_pb_divider_hidden et_pb_space et_pb_divider_position_top et_pb_module\"><div class=\"et_pb_divider_internal\"><\/div><\/div><\/div><\/div><\/div>","protected":false},"excerpt":{"rendered":"","protected":false},"author":1,"featured_media":0,"parent":13679,"menu_order":0,"comment_status":"closed","ping_status":"closed","template":"","meta":{"footnotes":""},"class_list":["post-14699","page","type-page","status-publish","hentry"],"_links":{"self":[{"href":"https:\/\/kurt-singer.com\/thailand\/wp-json\/wp\/v2\/pages\/14699","targetHints":{"allow":["GET"]}}],"collection":[{"href":"https:\/\/kurt-singer.com\/thailand\/wp-json\/wp\/v2\/pages"}],"about":[{"href":"https:\/\/kurt-singer.com\/thailand\/wp-json\/wp\/v2\/types\/page"}],"author":[{"embeddable":true,"href":"https:\/\/kurt-singer.com\/thailand\/wp-json\/wp\/v2\/users\/1"}],"replies":[{"embeddable":true,"href":"https:\/\/kurt-singer.com\/thailand\/wp-json\/wp\/v2\/comments?post=14699"}],"version-history":[{"count":5,"href":"https:\/\/kurt-singer.com\/thailand\/wp-json\/wp\/v2\/pages\/14699\/revisions"}],"predecessor-version":[{"id":16051,"href":"https:\/\/kurt-singer.com\/thailand\/wp-json\/wp\/v2\/pages\/14699\/revisions\/16051"}],"up":[{"embeddable":true,"href":"https:\/\/kurt-singer.com\/thailand\/wp-json\/wp\/v2\/pages\/13679"}],"wp:attachment":[{"href":"https:\/\/kurt-singer.com\/thailand\/wp-json\/wp\/v2\/media?parent=14699"}],"curies":[{"name":"wp","href":"https:\/\/api.w.org\/{rel}","templated":true}]}}