{"id":14704,"date":"2024-08-12T13:39:18","date_gmt":"2024-08-12T11:39:18","guid":{"rendered":"https:\/\/kurt-singer.com\/thailand\/?page_id=14704"},"modified":"2026-03-25T00:44:16","modified_gmt":"2026-03-24T23:44:16","slug":"rueckblende","status":"publish","type":"page","link":"https:\/\/kurt-singer.com\/thailand\/ein-dorf-im-isaan\/rueckblende\/","title":{"rendered":"R\u00fcckblende"},"content":{"rendered":"<div class=\"et_pb_section_0 et_pb_section et_section_regular et_block_section\"><div class=\"et_pb_row_0 et_pb_row et_block_row\"><div class=\"et_pb_column_0 et_pb_column et_pb_column_4_4 et-last-child et_block_column et_pb_css_mix_blend_mode_passthrough\"><div class=\"et_pb_text_0 et_pb_text et_pb_bg_layout_light et_pb_module et_block_module\"><div class=\"et_pb_text_inner\"><h1>Es ist nichts passiert - eine R\u00fcckblende<\/h1>\n<p>&nbsp;<\/p>\n<\/div><\/div><\/div><\/div><div class=\"et_pb_row_1 et_pb_row et_block_row\"><div class=\"et_pb_column_1 et_pb_column et_pb_column_1_2 et_block_column et_pb_css_mix_blend_mode_passthrough\"><div class=\"et_pb_text_1 et_pb_text et_pb_bg_layout_light et_pb_module et_block_module\"><div class=\"et_pb_text_inner\"><p>Eigentlich ist den ganzen Tag \u00fcber nichts passiert. Ich sitze auf der Terrasse unseres Hauses und lasse ihn, den Tag n\u00e4mlich, Revue passieren. Ist etwas passiert?<\/p>\n<p>Heute morgen war ich mit dem Fahrrad unterwegs gewesen, der gro\u00dfen Hitze wegen mit nacktem Oberk\u00f6rper, so wie die anderen auch. Mein Weg f\u00fchrte mich nach Baan Nong Yung, dem Nachbardorf. Dort hatte ich letztes Jahr meine M\u00f6nchszeit erlebt, 3 Monate, eine Zeit, die mich gepr\u00e4gt hat bis heute. Nun ist diese Pr\u00e4gung nicht etwa darauf hinausgelaufen, da\u00df ich heute der fr\u00f6mmste aller Buddhisten bin. Nein, das geht anders. Es hat mir aber gezeigt, wie das Klosterleben sich auf mich ausgewirkt hat, auf meine Gedanken, mein Wesen.<\/p>\n<p>Ich bin wieder ruhelos geworden, unruhig, wieder der, der nicht stundenlang irgendwo sitzen kann. Warum eigentlich nicht? Ich hatte es doch gekonnt, dreizehn Wochen lang Wat in Ban Nong Yung hatte ich nachgedacht, meditieren nennt man das wohl, habe Zwiesprache gehalten mit meinem inneren Ich. Nein, nicht mit dem Buddha, wie k\u00f6nnte ich das nach erst so kurzer Zeit.<\/p>\n<p>Aber ich habe viel \u00fcber mich erfahren k\u00f6nnen.<\/p>\n<p>Unser Abt war ein alter, g\u00fctiger Mann, und er hatte mich ermuntert dazu, vor einigen Jahren schon. Nein, lie\u00df er mich wissen, es ist nicht schlimm, wenn du nicht unsere Sprache sprechen kannst, und nein, es ist nicht schlimm, wenn du die Gebete zuerst nicht mitsprechen kannst. Darauf kommt es nicht an. Wir beten, und du denkst mit. Ich nannte es immer beten, das war f\u00fcr mich von Kindheit an das Wort f\u00fcr innere Einkehr. Fromm war ich nie, bin als Christ aufgewachsen. Ich habe nie bewu\u00dft Religion abgelehnt, aber schon als Kind war ich mir sicher, da\u00df es etwas anderes geben mu\u00dfte als das Auswendiglernen von Gebeten und das Dahersagen in der Kirche. Aber ich wu\u00dfte nie, was das sein k\u00f6nne.<\/p>\n<\/div><\/div><\/div><div class=\"et_pb_column_2 et_pb_column et_pb_column_1_2 et-last-child et_block_column et_pb_css_mix_blend_mode_passthrough\"><div class=\"et_pb_text_2 et_pb_text et_pb_bg_layout_light et_pb_module et_block_module\"><div class=\"et_pb_text_inner\"><p>Ach, es war eine sch\u00f6ne Zeit gewesen, anstrengend wohl, denn wir M\u00f6nche hatten unsere Arbeit zu tun. Das ungewohnte fr\u00fche Aufstehen, dann in Reihe dem Zugeh\u00f6rigkeitsalter nach die Menschen besuchen und ihnen Gelegenheit zu geben, Essen zu spenden. Die ersten scheuen und neugierigen Blicke, als ich dabei war, dann nach einigen Tagen das selbstverst\u00e4ndliche Hinnehmen meiner Anwesenheit.<\/p>\n<p>Heute kam ich wieder einmal vorbei. Djan, einer der \u00e4lteren M\u00f6nche, winkte mir schon von weitem zu.<\/p>\n<p>Ich hielt an und gr\u00fc\u00dfte ihn. \u201eKomm\u201c, sagte er, \u201ekomm mit\u201c. Er gab mir ein Tuch, um den Oberk\u00f6rper zu bedecken, nahm mich bei der Hand und f\u00fchrte mich in den Wat. Eine eigenartige Stimmung herrschte, ich h\u00f6rte keinen Vogel, es schien kein Laut von drau\u00dfen herein zu dringen. Wir betraten die Wohnung des Abtes. Er lag, trotz der Hitze ganz mit T\u00fcchern bedeckt, auf seiner Bodenmatte. Ihn gr\u00fc\u00dfte ich besonders ehrerbietig, denn ich liebte ihn immer noch, verehrte ihn.<\/p>\n<p>Er winkte mir zu, aufzustehen und n\u00e4her zu treten. \u201eSch\u00f6n, dich noch einmal zu sehen. Ich habe es so gehofft, denn ich werde hinweggehen, bald. Wirst du mich in deiner Erinnerung behalten, so wie ich dich immer in meiner Erinnerung behalten habe?\u201c Ich stand wie versteinert, setzte an zu weinen und hielt es zur\u00fcck. Sterben ist Teil des Lebens, und zwar der erstrebenswerte Teil. Was hat er mich gelehrt? Folge dem Erwachten, das ist das Ziel deines Lebens. Oh ja, viel mehr noch hat er mich gelehrt, er und die anderen M\u00f6nche, bis ich am letzten Tag meine erste und einzige Lehrrede halten durfte. Ich kann nicht deshalb weinen, weil er auf das Sterben wartet, auf sein Nirvana.<\/p>\n<p>Ich sitze auf der Terrasse unseres Hauses, und lasse ihn, den Tag n\u00e4mlich, Revue passieren.<\/p>\n<p>Es ist nichts passiert. Und doch so viel.<\/p>\n<\/div><\/div><\/div><\/div><div class=\"et_pb_row_2 et_pb_row et_block_row\"><div class=\"et_pb_column_3 et_pb_column et_pb_column_4_4 et-last-child et_block_column et_pb_css_mix_blend_mode_passthrough\"><div class=\"et_pb_divider_0 et_pb_divider_hidden et_pb_space et_pb_divider_position_top et_pb_module\"><div class=\"et_pb_divider_internal\"><\/div><\/div><\/div><\/div><\/div>","protected":false},"excerpt":{"rendered":"","protected":false},"author":1,"featured_media":0,"parent":13679,"menu_order":0,"comment_status":"closed","ping_status":"closed","template":"","meta":{"footnotes":""},"class_list":["post-14704","page","type-page","status-publish","hentry"],"_links":{"self":[{"href":"https:\/\/kurt-singer.com\/thailand\/wp-json\/wp\/v2\/pages\/14704","targetHints":{"allow":["GET"]}}],"collection":[{"href":"https:\/\/kurt-singer.com\/thailand\/wp-json\/wp\/v2\/pages"}],"about":[{"href":"https:\/\/kurt-singer.com\/thailand\/wp-json\/wp\/v2\/types\/page"}],"author":[{"embeddable":true,"href":"https:\/\/kurt-singer.com\/thailand\/wp-json\/wp\/v2\/users\/1"}],"replies":[{"embeddable":true,"href":"https:\/\/kurt-singer.com\/thailand\/wp-json\/wp\/v2\/comments?post=14704"}],"version-history":[{"count":5,"href":"https:\/\/kurt-singer.com\/thailand\/wp-json\/wp\/v2\/pages\/14704\/revisions"}],"predecessor-version":[{"id":16052,"href":"https:\/\/kurt-singer.com\/thailand\/wp-json\/wp\/v2\/pages\/14704\/revisions\/16052"}],"up":[{"embeddable":true,"href":"https:\/\/kurt-singer.com\/thailand\/wp-json\/wp\/v2\/pages\/13679"}],"wp:attachment":[{"href":"https:\/\/kurt-singer.com\/thailand\/wp-json\/wp\/v2\/media?parent=14704"}],"curies":[{"name":"wp","href":"https:\/\/api.w.org\/{rel}","templated":true}]}}