{"id":14757,"date":"2024-08-12T14:10:42","date_gmt":"2024-08-12T12:10:42","guid":{"rendered":"https:\/\/kurt-singer.com\/thailand\/?page_id=14757"},"modified":"2026-03-25T00:44:19","modified_gmt":"2026-03-24T23:44:19","slug":"auf-dem-standesamt","status":"publish","type":"page","link":"https:\/\/kurt-singer.com\/thailand\/familiengruendung\/auf-dem-standesamt\/","title":{"rendered":"Auf dem Standesamt"},"content":{"rendered":"<div class=\"et_pb_section_0 et_pb_section et_section_regular et_block_section\"><div class=\"et_pb_row_0 et_pb_row et_block_row\"><div class=\"et_pb_column_0 et_pb_column et_pb_column_4_4 et-last-child et_block_column et_pb_css_mix_blend_mode_passthrough\"><div class=\"et_pb_text_0 et_pb_text et_pb_bg_layout_light et_pb_module et_block_module\"><div class=\"et_pb_text_inner\"><h1>Auf dem Standesamt<\/h1>\n<\/div><\/div><\/div><\/div><div class=\"et_pb_row_1 et_pb_row et_block_row\"><div class=\"et_pb_column_1 et_pb_column et_pb_column_1_2 et_block_column et_pb_css_mix_blend_mode_passthrough\"><div class=\"et_pb_text_1 et_pb_text et_pb_bg_layout_light et_pb_module et_block_module\"><div class=\"et_pb_text_inner\"><p>Man machte sich zuerst auf, um beim Standesamt die mitgebrachten Papiere pr\u00fcfen zu lassen. Und machte den Weg vergebens, denn Papiere, die DEUTSCHEN \u00c4mtern vorgelegt werden haben gef\u00e4lligst in DEUTSCH zu sein.<\/p>\n<p>Und so dachte man dar\u00fcber nach, warum ein \u00dcbersetzungeb\u00fcro in Bangkok, gleich gegen\u00fcber der Deutschen Botschaft, in der Botschaft Werbung machend f\u00fcr DEUTSCHE \u00dcbersetzungen, f\u00fcr DEUTSCHLAND eine \u00dcbersetzung in englisch machte und versicherte, das sei immer so gewesen und sei auch so in Ordnung.<\/p>\n<p>Aber auch so h\u00e4tte das nicht ausgereicht, denn die Papiere m\u00fcssen auch noch durch die Deutsche Botschaft in Bangkok legalisiert werden.<\/p>\n<p>Naja, dachte man, schickst du die Papiere wieder nach Thailand, und alles kommt in Ordnung. Schriftlich wurde vom Standesamt erkl\u00e4rt, dass folgende Unterlagen f\u00fcr eine Eheschliessung ben\u00f6tigt werden:<\/p>\n<\/div><\/div><\/div><div class=\"et_pb_column_2 et_pb_column et_pb_column_1_2 et-last-child et_block_column et_pb_css_mix_blend_mode_passthrough\"><div class=\"et_pb_text_2 et_pb_text et_pb_bg_layout_light et_pb_module et_block_module\"><div class=\"et_pb_text_inner\"><div id=\"Text256\" class=\"nof-positioning TextObject\">\n<p>\u00a0(hier nur f\u00fcr den ausl\u00e4ndischen Partner, also Pong)<\/p>\n<ol>\n<li>Geburtsurkunde<\/li>\n<li>Aufenthaltsbescheinigung, ggf. auch einer Nebenwohnung, 1 Woche g\u00fcltig (wird nur in Verbindung mit einer Aufenthaltsgenehmigung erteilt)<\/li>\n<li>Familienstands- bzw. Ledigkeitsbescheinigung der Heimatbeh\u00f6rde und der Thail\u00e4ndischen Botschaft in Deutschland (Berlin)<\/li>\n<li>G\u00fcltiger Reisepass<br \/>\nAlle Urkunden im Original mit deutscher \u00dcbersetzung<\/li>\n<li>Legalisation der deutschen Botschaft im Ausland f\u00fcr alle Originalurkunden<\/li>\n<\/ol>\n<p>Und so sandte man die Papiere zuerst zum \u00dcbersetzen in die deutsche Sprache nach Thailand und von dort per Boten zur deutschen Botschaft. Zus\u00e4tzlich sandte man ein Fax dorthin und bat um Bearbeitung. Eine Antwort erhielt man kurze Zeit sp\u00e4ter, so um die drei Wochen.<\/p>\n<\/div>\n<\/div><\/div><\/div><\/div><div class=\"et_pb_row_2 et_pb_row et_block_row\"><div class=\"et_pb_column_3 et_pb_column et_pb_column_4_4 et-last-child et_block_column et_pb_css_mix_blend_mode_passthrough\"><div class=\"et_pb_text_3 et_pb_text et_pb_bg_layout_light et_pb_module et_block_module\"><div class=\"et_pb_text_inner\"><blockquote>\n<p>Betr.: Ihre Anfrage bez\u00fcglich Visum f\u00fcr Heirat<br \/>Bezug: Ihr Fax vom 16.02.2000<br \/>Sehr geehrter Herr ....<\/p>\n<p>da erfahrungsgem\u00e4\u00df mit einer Bearbeitungszeit der hiesigen thail\u00e4ndischen Beh\u00f6rden von 6 - 8 Wochen f\u00fcr die Legalisation zu rechnen ist, werden die von Ihnen bzw. Herrn ... an die Botschaft gesandten Orginaldokumente, f\u00fcr die Beantragung des Visums der Botschaft f\u00fcr diesen Zeitraum zur Verf\u00fcgung stehen.<br \/>Bitte teilen Sie der Botschaft mit, ob Sie eine l\u00e4ngere Aufbewahrung der Originaldokumente bei der Botschaft Bangkok w\u00fcnschen, oder ob die Dokumente Ihnen zugesandt werden sollen. Eine Teminvereinbarung ist in Visaangelegenheiten nicht m\u00f6glich. Bitte kommen Sie und Herr ... zu den Schalter\u00f6ffnungszeiten zur Botschaft in Bangkok.<br \/>Die Schalter sind montags bis freitags von 8.00 - 10.30 Uhr ge\u00f6ffnet. Sie sollten sich fr\u00fchzeitig bei der Botschaft einfinden, wenn Sie noch am selben Tag den Visumsantrag stellen m\u00f6chten. Anbei sendet Ihnen die Botschaft die Merkbl\u00e4tter zur Beantragung eines Visums und zur Eheschlie\u00dfung.<\/p>\n<p>Mit freundlichen Gr\u00fcssen<br \/>Im Auftrag<br \/>gez. Unterschrift<\/p>\n<\/blockquote>\n<\/div><\/div><\/div><\/div><div class=\"et_pb_row_3 et_pb_row et_block_row\"><div class=\"et_pb_column_4 et_pb_column et_pb_column_1_2 et_block_column et_pb_css_mix_blend_mode_passthrough\"><div class=\"et_pb_text_4 et_pb_text et_pb_bg_layout_light et_pb_module et_block_module\"><div class=\"et_pb_text_inner\"><p>Immerhin hat die Deutsche Botschaft in Bangkok dazu gelernt: heute sind Terminvereinbarungen in Visaangelegenheiten zwingend vorgeschrieben. Und das von einem Telefon, welches nur von Thailand aus erreichbar ist. Also deutsche Ehem\u00e4nner k\u00f6nnen nicht einmal sicher sein, da\u00df sie einen<\/p>\n<\/div><\/div><\/div><div class=\"et_pb_column_5 et_pb_column et_pb_column_1_2 et-last-child et_block_column et_pb_css_mix_blend_mode_passthrough\"><div class=\"et_pb_text_5 et_pb_text et_pb_bg_layout_light et_pb_module et_block_module\"><div class=\"et_pb_text_inner\"><p>Termin bekommen, wenn sie daf\u00fcr aus Deutschland anreisen m\u00fcssen. Irgendwie habe ich einmal geglaubt, da\u00df deutsche Beh\u00f6rden dazu da sind, Deutsche zu unterst\u00fctzen und nicht dazu, sie vom Heiraten im Ausland oder eines ausl\u00e4ndischen Partners abzuhalten.<\/p>\n<\/div><\/div><\/div><\/div><div class=\"et_pb_row_4 et_pb_row et_block_row\"><div class=\"et_pb_column_6 et_pb_column et_pb_column_4_4 et-last-child et_block_column et_pb_css_mix_blend_mode_passthrough\"><div class=\"et_pb_divider_0 et_pb_divider_hidden et_pb_space et_pb_divider_position_top et_pb_module\"><div class=\"et_pb_divider_internal\"><\/div><\/div><\/div><\/div><\/div>","protected":false},"excerpt":{"rendered":"","protected":false},"author":1,"featured_media":0,"parent":13681,"menu_order":0,"comment_status":"closed","ping_status":"closed","template":"","meta":{"footnotes":""},"class_list":["post-14757","page","type-page","status-publish","hentry"],"_links":{"self":[{"href":"https:\/\/kurt-singer.com\/thailand\/wp-json\/wp\/v2\/pages\/14757","targetHints":{"allow":["GET"]}}],"collection":[{"href":"https:\/\/kurt-singer.com\/thailand\/wp-json\/wp\/v2\/pages"}],"about":[{"href":"https:\/\/kurt-singer.com\/thailand\/wp-json\/wp\/v2\/types\/page"}],"author":[{"embeddable":true,"href":"https:\/\/kurt-singer.com\/thailand\/wp-json\/wp\/v2\/users\/1"}],"replies":[{"embeddable":true,"href":"https:\/\/kurt-singer.com\/thailand\/wp-json\/wp\/v2\/comments?post=14757"}],"version-history":[{"count":6,"href":"https:\/\/kurt-singer.com\/thailand\/wp-json\/wp\/v2\/pages\/14757\/revisions"}],"predecessor-version":[{"id":16055,"href":"https:\/\/kurt-singer.com\/thailand\/wp-json\/wp\/v2\/pages\/14757\/revisions\/16055"}],"up":[{"embeddable":true,"href":"https:\/\/kurt-singer.com\/thailand\/wp-json\/wp\/v2\/pages\/13681"}],"wp:attachment":[{"href":"https:\/\/kurt-singer.com\/thailand\/wp-json\/wp\/v2\/media?parent=14757"}],"curies":[{"name":"wp","href":"https:\/\/api.w.org\/{rel}","templated":true}]}}