{"id":14764,"date":"2024-08-12T14:15:21","date_gmt":"2024-08-12T12:15:21","guid":{"rendered":"https:\/\/kurt-singer.com\/thailand\/?page_id=14764"},"modified":"2026-03-25T00:44:20","modified_gmt":"2026-03-24T23:44:20","slug":"auslaenderamt","status":"publish","type":"page","link":"https:\/\/kurt-singer.com\/thailand\/familiengruendung\/auslaenderamt\/","title":{"rendered":"Ausl\u00e4nderamt"},"content":{"rendered":"<div class=\"et_pb_section_0 et_pb_section et_section_regular et_block_section\"><div class=\"et_pb_row_0 et_pb_row et_block_row\"><div class=\"et_pb_column_0 et_pb_column et_pb_column_4_4 et-last-child et_block_column et_pb_css_mix_blend_mode_passthrough\"><div class=\"et_pb_text_0 et_pb_text et_pb_bg_layout_light et_pb_module et_block_module\"><div class=\"et_pb_text_inner\"><h1>Die Ausl\u00e4nderbeh\u00f6rde<\/h1>\n<\/div><\/div><\/div><\/div><div class=\"et_pb_row_1 et_pb_row et_block_row\"><div class=\"et_pb_column_1 et_pb_column et_pb_column_1_2 et_block_column et_pb_css_mix_blend_mode_passthrough\"><div class=\"et_pb_text_1 et_pb_text et_pb_bg_layout_light et_pb_module et_block_module\"><div class=\"et_pb_text_inner\"><p>Noch immer recht guter Dinge machte man sich alsdann auf, mit der Ausl\u00e4nderbeh\u00f6rde die letzten Dinge zu kl\u00e4ren: Verl\u00e4ngerung des Visums, damit man den Auflagen des Standesamtes Gen\u00fcge tun konnte.<\/p>\n<p>Oh Ihr Armen, oh ihr Gutgl\u00e4ubigen, was seid Ihr zu bedauern.<br \/>\nFreundlich ist man schon. Der Sachbearbeiter (welch ein Zufall, er m\u00f6chte Ende das Jahres Urlaub in Thailand machen). Und freundlich gibt er die Katastrophe bekannt:<\/p>\n<p>Eine Einreise mit einem Visum, das nach dem Schengener Abkommen ausgestellt wurde, berechtigt die Ausl\u00e4nderbeh\u00f6rde eines Staates nicht, das Visum zu verl\u00e4ngern oder es in ein nationales Visum umzuwandeln. Und da es nicht gleich klar war gibt er unter grossem Bedauern zur Kenntnis:<\/p>\n<\/div><\/div><\/div><div class=\"et_pb_column_2 et_pb_column et_pb_column_1_2 et-last-child et_block_column et_pb_css_mix_blend_mode_passthrough\"><div class=\"et_pb_text_2 et_pb_text et_pb_bg_layout_light et_pb_module et_block_module\"><div class=\"et_pb_text_inner\"><p>Eine Ausreise hat mit Ablauf des G\u00fcltigkeitsdatums des Schengener Visums zu erfolgen. Eine erneute Einreise mit dem Ziel der Heirat kann nur erfolgen, wenn das entsprechende Visum bei der Deutschen Botschaft in Bangkok beantragt und dort nach Ablauf der entsprechenden Formalit\u00e4ten erteilt wird.<br \/>\nDas bedeutet - um es nochmals zu sagen:<\/p>\n<p><strong>R\u00fcckflug nach Bangkok, Visum beantragen, erneute Einreise zum Heiraten.<\/strong><\/p>\n<p>Heiliger B\u00fcrokaratius und vereinigtes Europa - das bedeutet auch erhebliche zus\u00e4tzliche finanzielle Aufwendungen, die man zum Eheanfang sicher nicht unbedingt gebrauchen kann.<\/p>\n<\/div><\/div><\/div><\/div><div class=\"et_pb_row_2 et_pb_row et_block_row\"><div class=\"et_pb_column_3 et_pb_column et_pb_column_4_4 et-last-child et_block_column et_pb_css_mix_blend_mode_passthrough\"><div class=\"et_pb_text_3 et_pb_text et_pb_bg_layout_light et_pb_module et_block_module\"><div class=\"et_pb_text_inner\"><p><strong>Ausz\u00fcge aus dem Schengener Abkommen:<\/strong><\/p>\n<p>Seit dem Inkrafttreten des Schengener Abkommens am 26. Mai 1995 gen\u00fcgt ein g\u00fcltiges Schengen-Visum oder ein Aufenthaltstitel wie eine<\/p>\n<ol>\n<li>Aufenthaltserlaubnis f\u00fcr die Bundesrepublik Deutschland<\/li>\n<li>Aufenthaltserlaubnis f\u00fcr Angeh\u00f6rige eines Mitgliedstaates der EWG<\/li>\n<li>Aufenthaltsberechtigung f\u00fcr die Bundesrepublik Deutschland<\/li>\n<li>Aufenthaltsbewilligung f\u00fcr die Bundesrepublik Deutschland<\/li>\n<li>Aufenthaltsbefugnis f\u00fcr die Bundesrepublik Deutschland<\/li>\n<\/ol>\n<p>f\u00fcr Reisen in der Bundesrepublik Deutschland, in die Benelux-L\u00e4nder, \u00d6stereich, Frankreich, Italien, Spanien, Portugal und Griechenland ohne separates Visum f\u00fcr jedes Land, mit einer Gesamtdauer von maximal drei Monaten. Sowohl das Schengen-Visum als auch der Aufenthaltstitel m\u00fcssen \u00fcber den tats\u00e4chlichen Aufenthalt im Ausland hinaus g\u00fcltig sein. Ausgeschlossen von einer visumfreien Einreise in die Schengenstaaten sind Personen, die folgende Dokumente besitzen:<\/p>\n<ol>\n<li>Aussetzung der Abschiebung (Duldung)<\/li>\n<li>Aufenthaltsgestattung f\u00fcr Asylbewerber<\/li>\n<\/ol>\n<p>Mittlerweile sind alle EU-L\u00e4nder bis auf England, Irland und Griechenland dem Schengener \u00dcbereinkommen beigetreten (D\u00e4nemark und Schweden haben das \u00dcbereinkommen allerdings noch nicht ratifiziert). Wegen der Nordischen Pa\u00dfunion der skandinavischen L\u00e4nder mu\u00dften sich auch die Nicht-EU-L\u00e4nder Norwegen und Island den Schengener Regeln ohne jede Abstriche unterordnen. K\u00fcnftig sollen die Schengener Regelungen zur Asyl- und Ausl\u00e4nderpolitik durch das inhaltlich identische, aber die gesamte EU umfassende Dubliner Asyl-\u00dcbereinkommen ersetzt werden.<\/p>\n<\/div><\/div><\/div><\/div><\/div>","protected":false},"excerpt":{"rendered":"","protected":false},"author":1,"featured_media":0,"parent":13681,"menu_order":0,"comment_status":"closed","ping_status":"closed","template":"","meta":{"footnotes":""},"class_list":["post-14764","page","type-page","status-publish","hentry"],"_links":{"self":[{"href":"https:\/\/kurt-singer.com\/thailand\/wp-json\/wp\/v2\/pages\/14764","targetHints":{"allow":["GET"]}}],"collection":[{"href":"https:\/\/kurt-singer.com\/thailand\/wp-json\/wp\/v2\/pages"}],"about":[{"href":"https:\/\/kurt-singer.com\/thailand\/wp-json\/wp\/v2\/types\/page"}],"author":[{"embeddable":true,"href":"https:\/\/kurt-singer.com\/thailand\/wp-json\/wp\/v2\/users\/1"}],"replies":[{"embeddable":true,"href":"https:\/\/kurt-singer.com\/thailand\/wp-json\/wp\/v2\/comments?post=14764"}],"version-history":[{"count":5,"href":"https:\/\/kurt-singer.com\/thailand\/wp-json\/wp\/v2\/pages\/14764\/revisions"}],"predecessor-version":[{"id":16056,"href":"https:\/\/kurt-singer.com\/thailand\/wp-json\/wp\/v2\/pages\/14764\/revisions\/16056"}],"up":[{"embeddable":true,"href":"https:\/\/kurt-singer.com\/thailand\/wp-json\/wp\/v2\/pages\/13681"}],"wp:attachment":[{"href":"https:\/\/kurt-singer.com\/thailand\/wp-json\/wp\/v2\/media?parent=14764"}],"curies":[{"name":"wp","href":"https:\/\/api.w.org\/{rel}","templated":true}]}}