{"id":14769,"date":"2024-08-12T14:18:03","date_gmt":"2024-08-12T12:18:03","guid":{"rendered":"https:\/\/kurt-singer.com\/thailand\/?page_id=14769"},"modified":"2026-03-25T00:44:23","modified_gmt":"2026-03-24T23:44:23","slug":"botschaft","status":"publish","type":"page","link":"https:\/\/kurt-singer.com\/thailand\/familiengruendung\/botschaft\/","title":{"rendered":"Botschaft"},"content":{"rendered":"<div class=\"et_pb_section_0 et_pb_section et_section_regular et_block_section\"><div class=\"et_pb_row_0 et_pb_row et_block_row\"><div class=\"et_pb_column_0 et_pb_column et_pb_column_4_4 et-last-child et_block_column et_pb_css_mix_blend_mode_passthrough\"><div class=\"et_pb_text_0 et_pb_text et_pb_bg_layout_light et_pb_module et_block_module\"><div class=\"et_pb_text_inner\"><h1>Die Deutsche Botschaft in Bangkok<\/h1>\n<\/div><\/div><\/div><\/div><div class=\"et_pb_row_1 et_pb_row et_block_row\"><div class=\"et_pb_column_1 et_pb_column et_pb_column_1_2 et_block_column et_pb_css_mix_blend_mode_passthrough\"><div class=\"et_pb_text_1 et_pb_text et_pb_bg_layout_light et_pb_module et_block_module\"><div class=\"et_pb_text_inner\"><p><strong>Vorbemerkung:<\/strong><br \/>\n<em>Inzwischen sollen Baumassnahmen, die zum Zeitpunkt der Geschichte geplant waren, durchgef\u00fchrt worden sein. Das w\u00fcrde bedeuten, dass sich die Schlange von der Strasse vor der Botschaft auf das Botschaftsgel\u00e4nde verlagert hat.<\/em><\/p>\n<p>Nun denn, war die \u00dcberlegung, packen wirs an. Und da ich schon lange nicht mehr in Thailand war (fast 1 \u00bd Jahre) beschloss ich, meinen zuk\u00fcnftigen Schwiegersohn zu begleiten. Gerade hatte Malaysian Airlines einen sehr guten Preis angeboten, und so flogen wir mit dieser Airline via Kuala Lumpur nach Bangkok.<\/p>\n<\/div><\/div><\/div><div class=\"et_pb_column_2 et_pb_column et_pb_column_1_2 et-last-child et_block_column et_pb_css_mix_blend_mode_passthrough\"><div class=\"et_pb_text_2 et_pb_text et_pb_bg_layout_light et_pb_module et_block_module\"><div class=\"et_pb_text_inner\"><p>Bei der Gelegenheit lernte ich diese wirklich ausgezeichnete Airline kennen, die nicht nur guten Sitzkomfort mit ausreichendem Sitzabstand und pers\u00f6nliche Videobildschirme an jedem Sitzplatz anbietet, sondern auch noch einen excellenten Service. Und nachdem ich bisher nur den alten Flughafen von mehreren Reisen her kannte war ich erstaunt \u00fcber den modernen und komfortablen neuen Flughafen von Kuala Lumpur.<\/p>\n<p>Wir kamen freitags in Bangkok an und nutzten die Gelegenheit des Wochenendes zu einem Ausflug zur Familie nach Korat (richtiger Nakhon Ratchasima), wo wir nat\u00fcrlich dann kaum zur Ruhe kamen und gen\u00f6tigt waren, der V\u00f6llerei zu fr\u00f6nen.<\/p>\n<\/div><\/div><\/div><\/div><\/div>","protected":false},"excerpt":{"rendered":"","protected":false},"author":1,"featured_media":0,"parent":13681,"menu_order":0,"comment_status":"closed","ping_status":"closed","template":"","meta":{"footnotes":""},"class_list":["post-14769","page","type-page","status-publish","hentry"],"_links":{"self":[{"href":"https:\/\/kurt-singer.com\/thailand\/wp-json\/wp\/v2\/pages\/14769","targetHints":{"allow":["GET"]}}],"collection":[{"href":"https:\/\/kurt-singer.com\/thailand\/wp-json\/wp\/v2\/pages"}],"about":[{"href":"https:\/\/kurt-singer.com\/thailand\/wp-json\/wp\/v2\/types\/page"}],"author":[{"embeddable":true,"href":"https:\/\/kurt-singer.com\/thailand\/wp-json\/wp\/v2\/users\/1"}],"replies":[{"embeddable":true,"href":"https:\/\/kurt-singer.com\/thailand\/wp-json\/wp\/v2\/comments?post=14769"}],"version-history":[{"count":5,"href":"https:\/\/kurt-singer.com\/thailand\/wp-json\/wp\/v2\/pages\/14769\/revisions"}],"predecessor-version":[{"id":16057,"href":"https:\/\/kurt-singer.com\/thailand\/wp-json\/wp\/v2\/pages\/14769\/revisions\/16057"}],"up":[{"embeddable":true,"href":"https:\/\/kurt-singer.com\/thailand\/wp-json\/wp\/v2\/pages\/13681"}],"wp:attachment":[{"href":"https:\/\/kurt-singer.com\/thailand\/wp-json\/wp\/v2\/media?parent=14769"}],"curies":[{"name":"wp","href":"https:\/\/api.w.org\/{rel}","templated":true}]}}