{"id":14862,"date":"2024-08-12T18:31:24","date_gmt":"2024-08-12T16:31:24","guid":{"rendered":"https:\/\/kurt-singer.com\/thailand\/?page_id=14862"},"modified":"2026-03-25T00:44:30","modified_gmt":"2026-03-24T23:44:30","slug":"2004-tambun","status":"publish","type":"page","link":"https:\/\/kurt-singer.com\/thailand\/2004-tambun\/","title":{"rendered":"2004 Tambun"},"content":{"rendered":"\n<div class=\"et_pb_section_0 et_pb_section et_section_regular et_block_section\"><div class=\"et_pb_row_0 et_pb_row et_block_row\"><div class=\"et_pb_column_0 et_pb_column et_pb_column_4_4 et-last-child et_block_column et_pb_css_mix_blend_mode_passthrough\"><div class=\"et_pb_menu_0 et_pb_menu et_pb_menu--without-logo et_pb_menu--style-left_aligned et_dropdown_animation_fade et_pb_bg_layout_light et_pb_text_align_right-tablet et_pb_text_align_right-phone et_pb_module et_flex_module\"><div class=\"et_pb_menu_inner_container et_flex_module\"><div class=\"et_pb_menu__wrap\"><div class=\"et_pb_menu__menu\"><nav class=\"et-menu-nav\"><ul id=\"menu-reise2004\" class=\"et-menu nav downwards\"><li id=\"menu-item-14830\" class=\"et_pb_menu_page_id-14788 menu-item menu-item-type-post_type menu-item-object-page menu-item-has-children menu-item-14830\"><a href=\"https:\/\/kurt-singer.com\/thailand\/2004-die-idee\/\">Die Idee<\/a>\n<ul class=\"sub-menu\">\n\t<li id=\"menu-item-14831\" class=\"et_pb_menu_page_id-14790 menu-item menu-item-type-post_type menu-item-object-page menu-item-14831\"><a href=\"https:\/\/kurt-singer.com\/thailand\/2004-reiseroute\/\">2004 Reiseroute<\/a><\/li>\n\t<li id=\"menu-item-14853\" class=\"et_pb_menu_page_id-14848 menu-item menu-item-type-post_type menu-item-object-page menu-item-14853\"><a href=\"https:\/\/kurt-singer.com\/thailand\/2004-hinflug\/\">2004 Hinflug<\/a><\/li>\n\t<li id=\"menu-item-14873\" class=\"et_pb_menu_page_id-14854 menu-item menu-item-type-post_type menu-item-object-page menu-item-14873\"><a href=\"https:\/\/kurt-singer.com\/thailand\/2004-ankunft\/\">2004 Ankunft<\/a><\/li>\n\t<li id=\"menu-item-14874\" class=\"et_pb_menu_page_id-14862 menu-item menu-item-type-post_type menu-item-object-page menu-item-14874\"><a href=\"https:\/\/kurt-singer.com\/thailand\/2004-tambun\/\">2004 Tambun<\/a><\/li>\n<\/ul>\n<\/li>\n<li id=\"menu-item-14930\" class=\"et_pb_menu_page_id-14875 menu-item menu-item-type-post_type menu-item-object-page menu-item-has-children menu-item-14930\"><a href=\"https:\/\/kurt-singer.com\/thailand\/2004-am-mekhong\/\">Am Mekhong<\/a>\n<ul class=\"sub-menu\">\n\t<li id=\"menu-item-14931\" class=\"et_pb_menu_page_id-14877 menu-item menu-item-type-post_type menu-item-object-page menu-item-14931\"><a href=\"https:\/\/kurt-singer.com\/thailand\/2004-khon-kaen\/\">2004 Khon Kaen<\/a><\/li>\n\t<li id=\"menu-item-14932\" class=\"et_pb_menu_page_id-14928 menu-item menu-item-type-post_type menu-item-object-page menu-item-14932\"><a href=\"https:\/\/kurt-singer.com\/thailand\/2004-nong-khai\/\">2004 Nong Khai<\/a><\/li>\n\t<li id=\"menu-item-14933\" class=\"et_pb_menu_page_id-14879 menu-item menu-item-type-post_type menu-item-object-page menu-item-14933\"><a href=\"https:\/\/kurt-singer.com\/thailand\/2004-si-chiang-mai\/\">2004 Si Chiang Mai<\/a><\/li>\n<\/ul>\n<\/li>\n<li id=\"menu-item-14935\" class=\"et_pb_menu_page_id-14882 menu-item menu-item-type-post_type menu-item-object-page menu-item-has-children menu-item-14935\"><a href=\"https:\/\/kurt-singer.com\/thailand\/2004-familientage\/\">Familientage<\/a>\n<ul class=\"sub-menu\">\n\t<li id=\"menu-item-14934\" class=\"et_pb_menu_page_id-14884 menu-item menu-item-type-post_type menu-item-object-page menu-item-14934\"><a href=\"https:\/\/kurt-singer.com\/thailand\/2004-eine-hochzeit\/\">2004 Eine Hochzeit<\/a><\/li>\n\t<li id=\"menu-item-14937\" class=\"et_pb_menu_page_id-14887 menu-item menu-item-type-post_type menu-item-object-page menu-item-14937\"><a href=\"https:\/\/kurt-singer.com\/thailand\/2004-yasothon\/\">2004 Yasothon<\/a><\/li>\n\t<li id=\"menu-item-14936\" class=\"et_pb_menu_page_id-14889 menu-item menu-item-type-post_type menu-item-object-page menu-item-14936\"><a href=\"https:\/\/kurt-singer.com\/thailand\/2004-phanom-phrai\/\">2004 Phanom Phrai<\/a><\/li>\n<\/ul>\n<\/li>\n<li id=\"menu-item-14938\" class=\"et_pb_menu_page_id-14891 menu-item menu-item-type-post_type menu-item-object-page menu-item-has-children menu-item-14938\"><a href=\"https:\/\/kurt-singer.com\/thailand\/2004-im-ost-isaan\/\">Im Ost-Isaan<\/a>\n<ul class=\"sub-menu\">\n\t<li id=\"menu-item-14939\" class=\"et_pb_menu_page_id-14893 menu-item menu-item-type-post_type menu-item-object-page menu-item-14939\"><a href=\"https:\/\/kurt-singer.com\/thailand\/2004-mukdahan-2\/\">2004 Mukdahan<\/a><\/li>\n\t<li id=\"menu-item-14941\" class=\"et_pb_menu_page_id-14895 menu-item menu-item-type-post_type menu-item-object-page menu-item-14941\"><a href=\"https:\/\/kurt-singer.com\/thailand\/2004-phra-viharn\/\">2004 Phra Viharn<\/a><\/li>\n\t<li id=\"menu-item-14940\" class=\"et_pb_menu_page_id-14897 menu-item menu-item-type-post_type menu-item-object-page menu-item-14940\"><a href=\"https:\/\/kurt-singer.com\/thailand\/2004-phanom-rung\/\">2004 Phanom Rung<\/a><\/li>\n<\/ul>\n<\/li>\n<li id=\"menu-item-14942\" class=\"et_pb_menu_page_id-14899 menu-item menu-item-type-post_type menu-item-object-page menu-item-has-children menu-item-14942\"><a href=\"https:\/\/kurt-singer.com\/thailand\/2004-ausfluege\/\">Ausfl\u00fcge<\/a>\n<ul class=\"sub-menu\">\n\t<li id=\"menu-item-14948\" class=\"et_pb_menu_page_id-14901 menu-item menu-item-type-post_type menu-item-object-page menu-item-14948\"><a href=\"https:\/\/kurt-singer.com\/thailand\/2004-phi-mai\/\">2004 Phi Mai<\/a><\/li>\n\t<li id=\"menu-item-14947\" class=\"et_pb_menu_page_id-14903 menu-item menu-item-type-post_type menu-item-object-page menu-item-14947\"><a href=\"https:\/\/kurt-singer.com\/thailand\/2004-lopburi\/\">2004 Lopburi<\/a><\/li>\n\t<li id=\"menu-item-14943\" class=\"et_pb_menu_page_id-14905 menu-item menu-item-type-post_type menu-item-object-page menu-item-14943\"><a href=\"https:\/\/kurt-singer.com\/thailand\/2004-ayutthaya\/\">2004 Ayutthaya<\/a><\/li>\n\t<li id=\"menu-item-14949\" class=\"et_pb_menu_page_id-14907 menu-item menu-item-type-post_type menu-item-object-page menu-item-14949\"><a href=\"https:\/\/kurt-singer.com\/thailand\/2004-river-kwai\/\">2004 River Kwai<\/a><\/li>\n\t<li id=\"menu-item-14945\" class=\"et_pb_menu_page_id-14909 menu-item menu-item-type-post_type menu-item-object-page menu-item-14945\"><a href=\"https:\/\/kurt-singer.com\/thailand\/2004-im-tigerkloster\/\">2004 Im Tigerkloster<\/a><\/li>\n\t<li id=\"menu-item-14944\" class=\"et_pb_menu_page_id-14911 menu-item menu-item-type-post_type menu-item-object-page menu-item-14944\"><a href=\"https:\/\/kurt-singer.com\/thailand\/2004-fahrt-nach-pattaya\/\">2004 Fahrt nach Pattaya<\/a><\/li>\n\t<li id=\"menu-item-14946\" class=\"et_pb_menu_page_id-14913 menu-item menu-item-type-post_type menu-item-object-page menu-item-14946\"><a href=\"https:\/\/kurt-singer.com\/thailand\/2004-in-pattaya\/\">2004 In Pattaya<\/a><\/li>\n<\/ul>\n<\/li>\n<li id=\"menu-item-14951\" class=\"et_pb_menu_page_id-14915 menu-item menu-item-type-post_type menu-item-object-page menu-item-has-children menu-item-14951\"><a href=\"https:\/\/kurt-singer.com\/thailand\/2004-abschluss\/\">Abschluss<\/a>\n<ul class=\"sub-menu\">\n\t<li id=\"menu-item-14952\" class=\"et_pb_menu_page_id-14917 menu-item menu-item-type-post_type menu-item-object-page menu-item-14952\"><a href=\"https:\/\/kurt-singer.com\/thailand\/2004-korat\/\">2004 Korat<\/a><\/li>\n\t<li id=\"menu-item-14953\" class=\"et_pb_menu_page_id-14921 menu-item menu-item-type-post_type menu-item-object-page menu-item-14953\"><a href=\"https:\/\/kurt-singer.com\/thailand\/2004-mein-geburtstag\/\">2004 Mein Geburtstag<\/a><\/li>\n\t<li id=\"menu-item-14954\" class=\"et_pb_menu_page_id-14924 menu-item menu-item-type-post_type menu-item-object-page menu-item-14954\"><a href=\"https:\/\/kurt-singer.com\/thailand\/2004-mein-sonnenbrand\/\">2004 Mein Sonnenbrand<\/a><\/li>\n\t<li id=\"menu-item-14950\" class=\"et_pb_menu_page_id-14926 menu-item menu-item-type-post_type menu-item-object-page menu-item-14950\"><a href=\"https:\/\/kurt-singer.com\/thailand\/2004-abschied\/\">2004 Abschied<\/a><\/li>\n<\/ul>\n<\/li>\n<\/ul><\/nav><\/div><div class=\"et_mobile_nav_menu\"><div class=\"mobile_nav closed\"><span class=\"mobile_menu_bar\"><\/span><\/div><\/div><\/div><\/div><\/div><\/div><\/div><\/div><div class=\"et_pb_section_1 et_pb_section et_section_regular et_block_section\"><div class=\"et_pb_row_1 et_pb_row et_block_row\"><div class=\"et_pb_column_1 et_pb_column et_pb_column_4_4 et-last-child et_block_column et_pb_css_mix_blend_mode_passthrough\"><div class=\"et_pb_text_0 et_pb_text et_pb_bg_layout_light et_pb_module et_block_module\"><div class=\"et_pb_text_inner\"><h1>Tambun im Heim f\u00fcr blinde Jugendliche am 50. Geburtstag meiner Frau<\/h1>\n<\/div><\/div><\/div><\/div><div class=\"et_pb_row_2 et_pb_row et_pb_row_3-4_1-4 et_block_row et_block_row_3-4_1-4\"><div class=\"et_pb_column_2 et_pb_column et_pb_column_3_4 et_block_column et_pb_css_mix_blend_mode_passthrough\"><div class=\"et_pb_text_1 et_pb_text et_pb_bg_layout_light et_pb_module et_block_module\"><div class=\"et_pb_text_inner\"><p>Heute wird die mir anver- und -getraute Ehefrau 50 Jahre alt. Wir haben uns vorgenommen, ein Tambun zu machen, und das tun wir heute. Auch wenn es ganz anders ist, als wie wir es einmal geplant hatten.<\/p>\n<p>Tats\u00e4chlich besuchen wir ein Heim f\u00fcr blinde Kinder und Jugendliche in Korat. Um 9 Uhr holt uns Lek im Hotel ab, und wir fahren zum Einkaufen. Die Ladefl\u00e4che des Pick Ups ist bald voll, und wir fahren mit 6 Personen zu der Adresse, wo wir ganz herzlich aufgenommen werden. Wir teilen die mitgebrachten Sachen, Lebensmittel und einige Kleinigkeiten, einzeln aus, es herrscht eine einzigartige, aber beileibe keine gedr\u00fcckte, Stimmung.<\/p>\n<p>Der Direktor bedankt sich mit kurzen Worten bei uns. Meine Frau erwidert in bewundernswerter Art und Weise, ich liebe sie in diesem Moment noch mehr. Mit wenigen Worten muss auch ich mich an die Anwesenden richten. Einer der Jungen erhebt sich, von sich aus, ich wei\u00df nicht, ob das vorgesehen war. Er h\u00e4lt eine Rede, wie sie f\u00fcr mich ergreifender nicht sein kann.<\/p>\n<p>Sie hadern nicht mit ihrem Schicksal, sie beklagen sich nicht. Sie m\u00f6chten und k\u00f6nnen am Leben teilnehmen, weil sich Leute um sie k\u00fcmmern, sie aber nicht als Behinderte behandeln, sondern als Menschen, die die Welt anders wahrnehmen.<\/p>\n<p>Verst\u00e4ndnis m\u00f6chten sie haben, kein Mitleid. Menschen, die zu ihnen kommen, sie m\u00f6gen. Ich wei\u00df nicht, ich gehe zu ihm und umarme ihn, er erwidert meine Umarmung fest und freundlich. Er versteht mich.<\/p>\n<p>War die Szene bis jetzt ergreifend \u00fcbersteigt das Folgende wahrlich meine Kraft. Einer der Jungs greift zur Gitarre und beginnt auf eine wundervolle Art und Weise zu spielen, die blinden Kinder und Jugendlichen haben sich bereits erhoben und singen ein Lied f\u00fcr uns, das in der Ausf\u00fchrung nicht von dieser Welt ist. Keinen, aber auch wirklich keinen von uns l\u00e4sst das kalt, ich beginne hemmungslos zu weinen, ich bin damit wahrlich nicht alleine. Es ist der sinnlichste Tag, den ich je in Thailand erlebt habe.<\/p>\n<p>Die Fahrt f\u00fchrt uns heute weiter \u00fcber Phanom Phrai nach Roi Et, unser Hotel dort ist wie immer das Roi Et City.<\/p>\n<\/div><\/div><\/div><div class=\"et_pb_column_3 et_pb_column et_pb_column_1_4 et-last-child et_block_column et_pb_css_mix_blend_mode_passthrough\"><div class=\"et_pb_image_0 et_pb_image et_pb_image_sticky et_pb_has_overlay et_pb_module et_block_module\"><a href=\"https:\/\/kurt-singer.com\/thailand\/wp-content\/uploads\/sites\/7\/2024\/08\/2004-Tambun-1.jpg\" class=\"et_pb_lightbox_image\"><span class=\"et_pb_image_wrap\"><img loading=\"lazy\" decoding=\"async\" src=\"https:\/\/kurt-singer.com\/thailand\/wp-content\/uploads\/sites\/7\/2024\/08\/2004-Tambun-1.jpg\" width=\"980\" height=\"735\" srcset=\"https:\/\/kurt-singer.com\/thailand\/wp-content\/uploads\/sites\/7\/2024\/08\/2004-Tambun-1.jpg 980w, https:\/\/kurt-singer.com\/thailand\/wp-content\/uploads\/sites\/7\/2024\/08\/2004-Tambun-1-480x360.jpg 480w\" sizes=\"(min-width: 0px) and (max-width: 480px) 480px, (min-width: 481px) 980px, 100vw\" class=\"wp-image-14814\" \/><span class=\"et_overlay et_pb_inline_icon\" data-icon=\"T\"><\/span><\/span><\/a><\/div><div class=\"et_pb_text_2 et_pb_text et_pb_bg_layout_light et_pb_module et_block_module\"><div class=\"et_pb_text_inner\"><pre style=\"text-align: center;\">Im Speiseraum<\/pre>\n<\/div><\/div><div class=\"et_pb_image_1 et_pb_image et_pb_image_sticky et_pb_has_overlay et_pb_module et_block_module\"><a href=\"https:\/\/kurt-singer.com\/thailand\/wp-content\/uploads\/sites\/7\/2024\/08\/2004-Tambun-3.jpg\" class=\"et_pb_lightbox_image\"><span class=\"et_pb_image_wrap\"><img loading=\"lazy\" decoding=\"async\" src=\"https:\/\/kurt-singer.com\/thailand\/wp-content\/uploads\/sites\/7\/2024\/08\/2004-Tambun-3.jpg\" width=\"980\" height=\"735\" srcset=\"https:\/\/kurt-singer.com\/thailand\/wp-content\/uploads\/sites\/7\/2024\/08\/2004-Tambun-3.jpg 980w, https:\/\/kurt-singer.com\/thailand\/wp-content\/uploads\/sites\/7\/2024\/08\/2004-Tambun-3-480x360.jpg 480w\" sizes=\"(min-width: 0px) and (max-width: 480px) 480px, (min-width: 481px) 980px, 100vw\" class=\"wp-image-14815\" \/><span class=\"et_overlay et_pb_inline_icon\" data-icon=\"T\"><\/span><\/span><\/a><\/div><div class=\"et_pb_text_3 et_pb_text et_pb_bg_layout_light et_pb_module et_block_module\"><div class=\"et_pb_text_inner\"><pre style=\"text-align: center;\">Eine kurze Dankrede<\/pre>\n<\/div><\/div><div class=\"et_pb_image_2 et_pb_image et_pb_image_sticky et_pb_has_overlay et_pb_module et_block_module\"><a href=\"https:\/\/kurt-singer.com\/thailand\/wp-content\/uploads\/sites\/7\/2024\/08\/2004-Tambun-2.jpg\" class=\"et_pb_lightbox_image\"><span class=\"et_pb_image_wrap\"><img loading=\"lazy\" decoding=\"async\" src=\"https:\/\/kurt-singer.com\/thailand\/wp-content\/uploads\/sites\/7\/2024\/08\/2004-Tambun-2.jpg\" width=\"980\" height=\"735\" srcset=\"https:\/\/kurt-singer.com\/thailand\/wp-content\/uploads\/sites\/7\/2024\/08\/2004-Tambun-2.jpg 980w, https:\/\/kurt-singer.com\/thailand\/wp-content\/uploads\/sites\/7\/2024\/08\/2004-Tambun-2-480x360.jpg 480w\" sizes=\"(min-width: 0px) and (max-width: 480px) 480px, (min-width: 481px) 980px, 100vw\" class=\"wp-image-14816\" \/><span class=\"et_overlay et_pb_inline_icon\" data-icon=\"T\"><\/span><\/span><\/a><\/div><div class=\"et_pb_text_4 et_pb_text et_pb_bg_layout_light et_pb_module et_block_module\"><div class=\"et_pb_text_inner\"><pre style=\"text-align: center;\">Gruppenfoto mit All<\/pre>\n<\/div><\/div><\/div><\/div><\/div>\n","protected":false},"excerpt":{"rendered":"","protected":false},"author":1,"featured_media":0,"parent":0,"menu_order":0,"comment_status":"closed","ping_status":"closed","template":"","meta":{"footnotes":""},"class_list":["post-14862","page","type-page","status-publish","hentry"],"_links":{"self":[{"href":"https:\/\/kurt-singer.com\/thailand\/wp-json\/wp\/v2\/pages\/14862","targetHints":{"allow":["GET"]}}],"collection":[{"href":"https:\/\/kurt-singer.com\/thailand\/wp-json\/wp\/v2\/pages"}],"about":[{"href":"https:\/\/kurt-singer.com\/thailand\/wp-json\/wp\/v2\/types\/page"}],"author":[{"embeddable":true,"href":"https:\/\/kurt-singer.com\/thailand\/wp-json\/wp\/v2\/users\/1"}],"replies":[{"embeddable":true,"href":"https:\/\/kurt-singer.com\/thailand\/wp-json\/wp\/v2\/comments?post=14862"}],"version-history":[{"count":6,"href":"https:\/\/kurt-singer.com\/thailand\/wp-json\/wp\/v2\/pages\/14862\/revisions"}],"predecessor-version":[{"id":16063,"href":"https:\/\/kurt-singer.com\/thailand\/wp-json\/wp\/v2\/pages\/14862\/revisions\/16063"}],"wp:attachment":[{"href":"https:\/\/kurt-singer.com\/thailand\/wp-json\/wp\/v2\/media?parent=14862"}],"curies":[{"name":"wp","href":"https:\/\/api.w.org\/{rel}","templated":true}]}}