{"id":14893,"date":"2024-08-12T20:24:36","date_gmt":"2024-08-12T18:24:36","guid":{"rendered":"https:\/\/kurt-singer.com\/thailand\/?page_id=14893"},"modified":"2026-03-25T00:44:41","modified_gmt":"2026-03-24T23:44:41","slug":"2004-mukdahan-2","status":"publish","type":"page","link":"https:\/\/kurt-singer.com\/thailand\/2004-mukdahan-2\/","title":{"rendered":"2004 Mukdahan"},"content":{"rendered":"\n<div class=\"et_pb_section_0 et_pb_section et_section_regular et_block_section\"><div class=\"et_pb_row_0 et_pb_row et_block_row\"><div class=\"et_pb_column_0 et_pb_column et_pb_column_4_4 et-last-child et_block_column et_pb_css_mix_blend_mode_passthrough\"><div class=\"et_pb_menu_0 et_pb_menu et_pb_menu--without-logo et_pb_menu--style-left_aligned et_dropdown_animation_fade et_pb_bg_layout_light et_pb_text_align_right-tablet et_pb_text_align_right-phone et_pb_module et_flex_module\"><div class=\"et_pb_menu_inner_container et_flex_module\"><div class=\"et_pb_menu__wrap\"><div class=\"et_pb_menu__menu\"><nav class=\"et-menu-nav\"><ul id=\"menu-reise2004\" class=\"et-menu nav downwards\"><li id=\"menu-item-14830\" class=\"et_pb_menu_page_id-14788 menu-item menu-item-type-post_type menu-item-object-page menu-item-has-children menu-item-14830\"><a href=\"https:\/\/kurt-singer.com\/thailand\/2004-die-idee\/\">Die Idee<\/a>\n<ul class=\"sub-menu\">\n\t<li id=\"menu-item-14831\" class=\"et_pb_menu_page_id-14790 menu-item menu-item-type-post_type menu-item-object-page menu-item-14831\"><a href=\"https:\/\/kurt-singer.com\/thailand\/2004-reiseroute\/\">2004 Reiseroute<\/a><\/li>\n\t<li id=\"menu-item-14853\" class=\"et_pb_menu_page_id-14848 menu-item menu-item-type-post_type menu-item-object-page menu-item-14853\"><a href=\"https:\/\/kurt-singer.com\/thailand\/2004-hinflug\/\">2004 Hinflug<\/a><\/li>\n\t<li id=\"menu-item-14873\" class=\"et_pb_menu_page_id-14854 menu-item menu-item-type-post_type menu-item-object-page menu-item-14873\"><a href=\"https:\/\/kurt-singer.com\/thailand\/2004-ankunft\/\">2004 Ankunft<\/a><\/li>\n\t<li id=\"menu-item-14874\" class=\"et_pb_menu_page_id-14862 menu-item menu-item-type-post_type menu-item-object-page menu-item-14874\"><a href=\"https:\/\/kurt-singer.com\/thailand\/2004-tambun\/\">2004 Tambun<\/a><\/li>\n<\/ul>\n<\/li>\n<li id=\"menu-item-14930\" class=\"et_pb_menu_page_id-14875 menu-item menu-item-type-post_type menu-item-object-page menu-item-has-children menu-item-14930\"><a href=\"https:\/\/kurt-singer.com\/thailand\/2004-am-mekhong\/\">Am Mekhong<\/a>\n<ul class=\"sub-menu\">\n\t<li id=\"menu-item-14931\" class=\"et_pb_menu_page_id-14877 menu-item menu-item-type-post_type menu-item-object-page menu-item-14931\"><a href=\"https:\/\/kurt-singer.com\/thailand\/2004-khon-kaen\/\">2004 Khon Kaen<\/a><\/li>\n\t<li id=\"menu-item-14932\" class=\"et_pb_menu_page_id-14928 menu-item menu-item-type-post_type menu-item-object-page menu-item-14932\"><a href=\"https:\/\/kurt-singer.com\/thailand\/2004-nong-khai\/\">2004 Nong Khai<\/a><\/li>\n\t<li id=\"menu-item-14933\" class=\"et_pb_menu_page_id-14879 menu-item menu-item-type-post_type menu-item-object-page menu-item-14933\"><a href=\"https:\/\/kurt-singer.com\/thailand\/2004-si-chiang-mai\/\">2004 Si Chiang Mai<\/a><\/li>\n<\/ul>\n<\/li>\n<li id=\"menu-item-14935\" class=\"et_pb_menu_page_id-14882 menu-item menu-item-type-post_type menu-item-object-page menu-item-has-children menu-item-14935\"><a href=\"https:\/\/kurt-singer.com\/thailand\/2004-familientage\/\">Familientage<\/a>\n<ul class=\"sub-menu\">\n\t<li id=\"menu-item-14934\" class=\"et_pb_menu_page_id-14884 menu-item menu-item-type-post_type menu-item-object-page menu-item-14934\"><a href=\"https:\/\/kurt-singer.com\/thailand\/2004-eine-hochzeit\/\">2004 Eine Hochzeit<\/a><\/li>\n\t<li id=\"menu-item-14937\" class=\"et_pb_menu_page_id-14887 menu-item menu-item-type-post_type menu-item-object-page menu-item-14937\"><a href=\"https:\/\/kurt-singer.com\/thailand\/2004-yasothon\/\">2004 Yasothon<\/a><\/li>\n\t<li id=\"menu-item-14936\" class=\"et_pb_menu_page_id-14889 menu-item menu-item-type-post_type menu-item-object-page menu-item-14936\"><a href=\"https:\/\/kurt-singer.com\/thailand\/2004-phanom-phrai\/\">2004 Phanom Phrai<\/a><\/li>\n<\/ul>\n<\/li>\n<li id=\"menu-item-14938\" class=\"et_pb_menu_page_id-14891 menu-item menu-item-type-post_type menu-item-object-page menu-item-has-children menu-item-14938\"><a href=\"https:\/\/kurt-singer.com\/thailand\/2004-im-ost-isaan\/\">Im Ost-Isaan<\/a>\n<ul class=\"sub-menu\">\n\t<li id=\"menu-item-14939\" class=\"et_pb_menu_page_id-14893 menu-item menu-item-type-post_type menu-item-object-page menu-item-14939\"><a href=\"https:\/\/kurt-singer.com\/thailand\/2004-mukdahan-2\/\">2004 Mukdahan<\/a><\/li>\n\t<li id=\"menu-item-14941\" class=\"et_pb_menu_page_id-14895 menu-item menu-item-type-post_type menu-item-object-page menu-item-14941\"><a href=\"https:\/\/kurt-singer.com\/thailand\/2004-phra-viharn\/\">2004 Phra Viharn<\/a><\/li>\n\t<li id=\"menu-item-14940\" class=\"et_pb_menu_page_id-14897 menu-item menu-item-type-post_type menu-item-object-page menu-item-14940\"><a href=\"https:\/\/kurt-singer.com\/thailand\/2004-phanom-rung\/\">2004 Phanom Rung<\/a><\/li>\n<\/ul>\n<\/li>\n<li id=\"menu-item-14942\" class=\"et_pb_menu_page_id-14899 menu-item menu-item-type-post_type menu-item-object-page menu-item-has-children menu-item-14942\"><a href=\"https:\/\/kurt-singer.com\/thailand\/2004-ausfluege\/\">Ausfl\u00fcge<\/a>\n<ul class=\"sub-menu\">\n\t<li id=\"menu-item-14948\" class=\"et_pb_menu_page_id-14901 menu-item menu-item-type-post_type menu-item-object-page menu-item-14948\"><a href=\"https:\/\/kurt-singer.com\/thailand\/2004-phi-mai\/\">2004 Phi Mai<\/a><\/li>\n\t<li id=\"menu-item-14947\" class=\"et_pb_menu_page_id-14903 menu-item menu-item-type-post_type menu-item-object-page menu-item-14947\"><a href=\"https:\/\/kurt-singer.com\/thailand\/2004-lopburi\/\">2004 Lopburi<\/a><\/li>\n\t<li id=\"menu-item-14943\" class=\"et_pb_menu_page_id-14905 menu-item menu-item-type-post_type menu-item-object-page menu-item-14943\"><a href=\"https:\/\/kurt-singer.com\/thailand\/2004-ayutthaya\/\">2004 Ayutthaya<\/a><\/li>\n\t<li id=\"menu-item-14949\" class=\"et_pb_menu_page_id-14907 menu-item menu-item-type-post_type menu-item-object-page menu-item-14949\"><a href=\"https:\/\/kurt-singer.com\/thailand\/2004-river-kwai\/\">2004 River Kwai<\/a><\/li>\n\t<li id=\"menu-item-14945\" class=\"et_pb_menu_page_id-14909 menu-item menu-item-type-post_type menu-item-object-page menu-item-14945\"><a href=\"https:\/\/kurt-singer.com\/thailand\/2004-im-tigerkloster\/\">2004 Im Tigerkloster<\/a><\/li>\n\t<li id=\"menu-item-14944\" class=\"et_pb_menu_page_id-14911 menu-item menu-item-type-post_type menu-item-object-page menu-item-14944\"><a href=\"https:\/\/kurt-singer.com\/thailand\/2004-fahrt-nach-pattaya\/\">2004 Fahrt nach Pattaya<\/a><\/li>\n\t<li id=\"menu-item-14946\" class=\"et_pb_menu_page_id-14913 menu-item menu-item-type-post_type menu-item-object-page menu-item-14946\"><a href=\"https:\/\/kurt-singer.com\/thailand\/2004-in-pattaya\/\">2004 In Pattaya<\/a><\/li>\n<\/ul>\n<\/li>\n<li id=\"menu-item-14951\" class=\"et_pb_menu_page_id-14915 menu-item menu-item-type-post_type menu-item-object-page menu-item-has-children menu-item-14951\"><a href=\"https:\/\/kurt-singer.com\/thailand\/2004-abschluss\/\">Abschluss<\/a>\n<ul class=\"sub-menu\">\n\t<li id=\"menu-item-14952\" class=\"et_pb_menu_page_id-14917 menu-item menu-item-type-post_type menu-item-object-page menu-item-14952\"><a href=\"https:\/\/kurt-singer.com\/thailand\/2004-korat\/\">2004 Korat<\/a><\/li>\n\t<li id=\"menu-item-14953\" class=\"et_pb_menu_page_id-14921 menu-item menu-item-type-post_type menu-item-object-page menu-item-14953\"><a href=\"https:\/\/kurt-singer.com\/thailand\/2004-mein-geburtstag\/\">2004 Mein Geburtstag<\/a><\/li>\n\t<li id=\"menu-item-14954\" class=\"et_pb_menu_page_id-14924 menu-item menu-item-type-post_type menu-item-object-page menu-item-14954\"><a href=\"https:\/\/kurt-singer.com\/thailand\/2004-mein-sonnenbrand\/\">2004 Mein Sonnenbrand<\/a><\/li>\n\t<li id=\"menu-item-14950\" class=\"et_pb_menu_page_id-14926 menu-item menu-item-type-post_type menu-item-object-page menu-item-14950\"><a href=\"https:\/\/kurt-singer.com\/thailand\/2004-abschied\/\">2004 Abschied<\/a><\/li>\n<\/ul>\n<\/li>\n<\/ul><\/nav><\/div><div class=\"et_mobile_nav_menu\"><div class=\"mobile_nav closed\"><span class=\"mobile_menu_bar\"><\/span><\/div><\/div><\/div><\/div><\/div><\/div><\/div><\/div><div class=\"et_pb_section_1 et_pb_section et_section_regular et_block_section\"><div class=\"et_pb_row_1 et_pb_row et_block_row\"><div class=\"et_pb_column_1 et_pb_column et_pb_column_4_4 et-last-child et_block_column et_pb_css_mix_blend_mode_passthrough\"><div class=\"et_pb_text_0 et_pb_text et_pb_bg_layout_light et_pb_module et_block_module\"><div class=\"et_pb_text_inner\"><h1>Mukdahan Nationalpark - Bergbesteigung und sonstige Erlebnisse<\/h1>\n<\/div><\/div><\/div><\/div><div class=\"et_pb_row_2 et_pb_row et_pb_row_3-4_1-4 et_block_row et_block_row_3-4_1-4\"><div class=\"et_pb_column_2 et_pb_column et_pb_column_3_4 et_block_column et_pb_css_mix_blend_mode_passthrough\"><div class=\"et_pb_text_1 et_pb_text et_pb_bg_layout_light et_pb_module et_block_module\"><div class=\"et_pb_text_inner\"><p><strong>Ich bin mein Held.<\/strong><\/p>\n<p>Nachdem wir uns morgens nochmal den Indochina Markt angesehen haben, will ich mir eine H\u00f6hle in der N\u00e4he anschauen, wo es Felsmalerein geben soll. In meiner Karte ist sie eingezeichnet als Fa Mu Daeng Cave, aber ich finde keinen Wegweiser dorthin. Nun denke ich mir, dass es Teil des Mukdahan Nationaparks sein wird. Dem ist aber nicht so. Ich bezahle aber meine 200 Baht Fremdeneintritt, f\u00fcr meine Frau 20 Baht, naja, sie wiegt ja auch nicht so viel wie ich, ich weiss aber nicht, ob da unbedingt ein Zusammenhang besteht. Ich \u00e4rgere mich ein wenig und werde dar\u00fcber nachdenken.<\/p>\n<p>Interessante Felsformationen kann ich sehen, auf den Besuch eines Wasserfalles verzichte ich aus alter Gewohnheit. Die Thais nennen ja jedes Wasser, aus dem mehr als drei Tropfen pro Stunde fallen, Wasserfall. Auf jeden Fall erhalte ich eine genaue Beschreibung, wie ich zur besagten H\u00f6hle komme.<br \/>\nGegen 13 Uhr bin ich dann auch dort. Mir wurde empfohlen, einen F\u00fchrer zu nehmen. gleich zwei machen sich mit mir auf den Weg, aber erst, nachdem sie sich ein Mittagessen einverleibt haben.<\/p>\n<p>Beim Aufbruch kenne ich meine Fehler noch nicht:<br \/>\n- ich habe keinen Hut auf<br \/>\n- ich nehme kein Wasser mit<br \/>\n- ich habe Sandalen an<\/p>\n<p>Die Strecke soll 1600 m betragen. Niemand sagt mir, dass es auch ca 650 H\u00f6henmeter sind. Die Strecke h\u00e4tte ich alleine nie gefunden, obwohl alle 50 m die Entfernung markiert ist. Als ich 500 m lese bin ich daran, aufzugeben. Es geht steil bergan, in Deutschland h\u00e4tte ich sicher Bergschuhe anziehen m\u00fcssen. Die Sonne brennt mir aufs Hirn, und ich habe ein nasses T- Shirt und eine nasse Hose (vom Schwitzen nat\u00fcrlich!!!). Ich muss ein Tomatengesicht haben, denn die beiden Guides sehen mich sehr nachdenklich an. Mir f\u00e4llt ausserdem auf, dass der erste festes Schuhwerk anhat, mit dem er von Zeit zu Zeit fest auftritt, einen Stock, mit dem er von Zeit zu Zeit auf den Boden schl\u00e4gt.<\/p>\n<p>Diese Zeichen sind mir nicht unbekannt, denn ich weiss, dass es hier auch Schlangen gibt. Ich gehe genau in der Spur des ersten F\u00fchrers. Nach der 1000-m-Markierung m\u00f6chte ich tot umfallen und gehe doch weiter. Irgendwann kommen wir zu einer Felsformation - und steigen wieder etwa 100 m ab. Mir wird schlecht, denn die muss ich ja wieder hochsteigen. Das Folgende l\u00e4sst mich fast alles vergessen. Nicht die Felspaintings, ein paar H\u00e4nde und einige Strichm\u00e4nnchen, sondern die atemberaubende Aussicht \u00fcber dier Flussebene. Toll, es hat sich gelohnt.<\/p>\n<p>Irgendwann kommt mir der Gedanke, dass vor Jahren einmal ein Tourist bei einer Bergwanderung Opfer seiner F\u00fchrer wurde, jetzt w\u00e4re die Gelegenheit. Aber sie lassen sie ungenutzt und wir machen uns an den Abstieg.<\/p>\n<p>Wisst ihr, wie hoch man aus dem Stand springen kann, wenn man unter sich eine Schlange sieht, wie man dabei im Aufsteigen seinen Landeplatz aussucht und im Absteigen erleichtert feststellt, dass es nur ein ca 1 m langer Leguan ist?? Jedenfalls war der schneller weg, als ich wieder unten war, ich denke, auch das war gut so.<\/p>\n<p>Die F\u00fchrer haben inzwischen eine Wasserstelle erreicht, wo ich mich mit k\u00fchlem Wasser erfrischen kann. D.h. ich hab mir das literweise \u00fcber den Kopf gesch\u00fcttet. Und so mache ich mich weiter mit gazellenhaften Schritten, die sicher in Bangkok leichte Ersch\u00fctterungen bei der Erdbebenwarte ausl\u00f6sen, an den Abstieg.<\/p>\n<p>Meine Frau ist ausserordentlich erleichtert, mich zu sehen. Seltsamerweise hatte auch sie von damals geh\u00f6rt und schon bei der Verwandtschaft angerufen was sie machen sollte, wenn ich nicht bald wieder zu sehen sei. Alles in allem also ein aufregendes Erlebnis, das ich trotz der Anstrengung nicht missen moechte.<\/p>\n<p>Auf der Weiterfahrt geht die Aufregung weiter. Wie ihr ja wisst faellt eine Thai tot um, wenn sie laenger als drei Stunden nichts gegessen hat (3-Stunden-Regel). Wir finden aber auf der ganzen Strecke kein Restaurant und so kauft All etwas ein, was sich typischerweise gut eignet, im fahrenden Auto gegessen zu werden: Som Tam und gebratenen Fisch. Es kommt, wie es kommen muss - sie verschluckt eine Graete. Sie hustet sich fast die Seele aus dem Leib, aber irgendwie hat sie ueberlebt.<\/p>\n<p>Klar, dass sie danach im Hotel unbedingt zur Massage muss. Nach der verabredeten Zeit hole ich sie ab, und sie n\u00f6tigt auch mich, eine kleine 2-st\u00fcndige Massage anzunehmen. Sie sucht mir die Masseurin hoechstpers\u00f6nlich aus. Es gibt zwei: eine ausserordentlich H\u00fcbsche, die mit ihren H\u00e4nden sicher viel Gutes vollbringen kann, und eine weitere Dame, die ihr Diplom wahrscheinlich in Japan gemacht hatte, bei den Sumo Ringern. Welche hat mir All wohl ausgesucht?? Na? Miss Sumo tut aber ihrer Ausbildung im Wat Pho alle Ehre an, sie beginnt damit, mir den Puls zu f\u00fchlen, betastet alle Muskeln und ist sichtlich zufrieden. Kaeng Laeng. Ich weiss nicht, wieviele Muskeln der Mensch hat, sie erwischt alle (naja, den ein oder anderen l\u00e4sst sie dann doch aus ) Sie dreht mir den Kopf, so dass ich f\u00fcr einen Moment die Welt hinter mir sehen kann, macht das gleiche mit den Zehen (ohne dass ich jetzt etwas zus\u00e4tzliches sehen kann). Was ich vorher f\u00fcr heissen Tee gehalten habe sind T\u00fccher im Wasserbad, mit denen sie meine armen Muskeln dann bearbeitet. Jetzt weiss ich, was eine Hose f\u00fchlt, wenn sie dampfgeb\u00fcgelt wird. 2 Stunden f\u00fcr 300 Baht - ein runderneuerter dogmai geht schlapp ins Bett.<\/p>\n<p>Wir sind \u00fcbrigens in Ubon Ratchathani angekommen und \u00fcbernachten im Hotel Nevada Grand. Ein Super Hotel f\u00fcr wieder mal 1000 Baht. Das bleibt bis auf eine Ausnahme auch unser durchschnittlicher Hotelpreis. Vor dem Schlafen noch ein Bad im Dachpool.<\/p>\n<p>Sch\u00f6nen Abend noch.<\/p>\n<\/div><\/div><\/div><div class=\"et_pb_column_3 et_pb_column et_pb_column_1_4 et-last-child et_block_column et_pb_css_mix_blend_mode_passthrough\"><div class=\"et_pb_image_0 et_pb_image et_pb_image_sticky et_pb_has_overlay et_pb_module et_block_module\"><a href=\"https:\/\/kurt-singer.com\/thailand\/wp-content\/uploads\/sites\/7\/2024\/08\/MukdahanNP.jpg\" class=\"et_pb_lightbox_image\"><span class=\"et_pb_image_wrap\"><img loading=\"lazy\" decoding=\"async\" src=\"https:\/\/kurt-singer.com\/thailand\/wp-content\/uploads\/sites\/7\/2024\/08\/MukdahanNP.jpg\" width=\"980\" height=\"735\" srcset=\"https:\/\/kurt-singer.com\/thailand\/wp-content\/uploads\/sites\/7\/2024\/08\/MukdahanNP.jpg 980w, https:\/\/kurt-singer.com\/thailand\/wp-content\/uploads\/sites\/7\/2024\/08\/MukdahanNP-480x360.jpg 480w\" sizes=\"(min-width: 0px) and (max-width: 480px) 480px, (min-width: 481px) 980px, 100vw\" class=\"wp-image-15015\" \/><span class=\"et_overlay et_pb_inline_icon\" data-icon=\"T\"><\/span><\/span><\/a><\/div><div class=\"et_pb_text_2 et_pb_text et_pb_bg_layout_light et_pb_module et_block_module\"><div class=\"et_pb_text_inner\"><pre style=\"text-align: center;\">Mukdahan Nationalpark<\/pre>\n<\/div><\/div><div class=\"et_pb_image_1 et_pb_image et_pb_image_sticky et_pb_has_overlay et_pb_module et_block_module\"><a href=\"https:\/\/kurt-singer.com\/thailand\/wp-content\/uploads\/sites\/7\/2024\/08\/All.jpg\" class=\"et_pb_lightbox_image\"><span class=\"et_pb_image_wrap\"><img loading=\"lazy\" decoding=\"async\" src=\"https:\/\/kurt-singer.com\/thailand\/wp-content\/uploads\/sites\/7\/2024\/08\/All.jpg\" width=\"980\" height=\"735\" srcset=\"https:\/\/kurt-singer.com\/thailand\/wp-content\/uploads\/sites\/7\/2024\/08\/All.jpg 980w, https:\/\/kurt-singer.com\/thailand\/wp-content\/uploads\/sites\/7\/2024\/08\/All-480x360.jpg 480w\" sizes=\"(min-width: 0px) and (max-width: 480px) 480px, (min-width: 481px) 980px, 100vw\" class=\"wp-image-15016\" \/><span class=\"et_overlay et_pb_inline_icon\" data-icon=\"T\"><\/span><\/span><\/a><\/div><div class=\"et_pb_text_3 et_pb_text et_pb_bg_layout_light et_pb_module et_block_module\"><div class=\"et_pb_text_inner\"><pre style=\"text-align: center;\">Alls Warteposition<\/pre>\n<\/div><\/div><div class=\"et_pb_image_2 et_pb_image et_pb_image_sticky et_pb_has_overlay et_pb_module et_block_module\"><a href=\"https:\/\/kurt-singer.com\/thailand\/wp-content\/uploads\/sites\/7\/2024\/08\/1600m.jpg\" class=\"et_pb_lightbox_image\"><span class=\"et_pb_image_wrap\"><img loading=\"lazy\" decoding=\"async\" src=\"https:\/\/kurt-singer.com\/thailand\/wp-content\/uploads\/sites\/7\/2024\/08\/1600m.jpg\" width=\"980\" height=\"735\" srcset=\"https:\/\/kurt-singer.com\/thailand\/wp-content\/uploads\/sites\/7\/2024\/08\/1600m.jpg 980w, https:\/\/kurt-singer.com\/thailand\/wp-content\/uploads\/sites\/7\/2024\/08\/1600m-480x360.jpg 480w\" sizes=\"(min-width: 0px) and (max-width: 480px) 480px, (min-width: 481px) 980px, 100vw\" class=\"wp-image-15017\" \/><span class=\"et_overlay et_pb_inline_icon\" data-icon=\"T\"><\/span><\/span><\/a><\/div><div class=\"et_pb_text_4 et_pb_text et_pb_bg_layout_light et_pb_module et_block_module\"><div class=\"et_pb_text_inner\"><pre style=\"text-align: center;\">Nur noch ...<\/pre>\n<\/div><\/div><div class=\"et_pb_image_3 et_pb_image et_pb_image_sticky et_pb_has_overlay et_pb_module et_block_module\"><a href=\"https:\/\/kurt-singer.com\/thailand\/wp-content\/uploads\/sites\/7\/2024\/08\/Wandmalerei.jpg\" class=\"et_pb_lightbox_image\"><span class=\"et_pb_image_wrap\"><img loading=\"lazy\" decoding=\"async\" src=\"https:\/\/kurt-singer.com\/thailand\/wp-content\/uploads\/sites\/7\/2024\/08\/Wandmalerei.jpg\" width=\"980\" height=\"735\" srcset=\"https:\/\/kurt-singer.com\/thailand\/wp-content\/uploads\/sites\/7\/2024\/08\/Wandmalerei.jpg 980w, https:\/\/kurt-singer.com\/thailand\/wp-content\/uploads\/sites\/7\/2024\/08\/Wandmalerei-480x360.jpg 480w\" sizes=\"(min-width: 0px) and (max-width: 480px) 480px, (min-width: 481px) 980px, 100vw\" class=\"wp-image-15018\" \/><span class=\"et_overlay et_pb_inline_icon\" data-icon=\"T\"><\/span><\/span><\/a><\/div><div class=\"et_pb_text_5 et_pb_text et_pb_bg_layout_light et_pb_module et_block_module\"><div class=\"et_pb_text_inner\"><pre style=\"text-align: center;\">Wandmalereien<\/pre>\n<\/div><\/div><div class=\"et_pb_image_4 et_pb_image et_pb_image_sticky et_pb_has_overlay et_pb_module et_block_module\"><a href=\"https:\/\/kurt-singer.com\/thailand\/wp-content\/uploads\/sites\/7\/2024\/08\/Ausblick.jpg\" class=\"et_pb_lightbox_image\"><span class=\"et_pb_image_wrap\"><img loading=\"lazy\" decoding=\"async\" src=\"https:\/\/kurt-singer.com\/thailand\/wp-content\/uploads\/sites\/7\/2024\/08\/Ausblick.jpg\" width=\"980\" height=\"735\" srcset=\"https:\/\/kurt-singer.com\/thailand\/wp-content\/uploads\/sites\/7\/2024\/08\/Ausblick.jpg 980w, https:\/\/kurt-singer.com\/thailand\/wp-content\/uploads\/sites\/7\/2024\/08\/Ausblick-480x360.jpg 480w\" sizes=\"(min-width: 0px) and (max-width: 480px) 480px, (min-width: 481px) 980px, 100vw\" class=\"wp-image-15019\" \/><span class=\"et_overlay et_pb_inline_icon\" data-icon=\"T\"><\/span><\/span><\/a><\/div><div class=\"et_pb_text_6 et_pb_text et_pb_bg_layout_light et_pb_module et_block_module\"><div class=\"et_pb_text_inner\"><pre style=\"text-align: center;\">Grandioser Ausblick<\/pre>\n<\/div><\/div><div class=\"et_pb_image_5 et_pb_image et_pb_image_sticky et_pb_has_overlay et_pb_module et_block_module\"><a href=\"https:\/\/kurt-singer.com\/thailand\/wp-content\/uploads\/sites\/7\/2024\/08\/Massage.jpg\" class=\"et_pb_lightbox_image\"><span class=\"et_pb_image_wrap\"><img loading=\"lazy\" decoding=\"async\" src=\"https:\/\/kurt-singer.com\/thailand\/wp-content\/uploads\/sites\/7\/2024\/08\/Massage.jpg\" width=\"980\" height=\"735\" srcset=\"https:\/\/kurt-singer.com\/thailand\/wp-content\/uploads\/sites\/7\/2024\/08\/Massage.jpg 980w, https:\/\/kurt-singer.com\/thailand\/wp-content\/uploads\/sites\/7\/2024\/08\/Massage-480x360.jpg 480w\" sizes=\"(min-width: 0px) and (max-width: 480px) 480px, (min-width: 481px) 980px, 100vw\" class=\"wp-image-15020\" \/><span class=\"et_overlay et_pb_inline_icon\" data-icon=\"T\"><\/span><\/span><\/a><\/div><div class=\"et_pb_text_7 et_pb_text et_pb_bg_layout_light et_pb_module et_block_module\"><div class=\"et_pb_text_inner\"><pre style=\"text-align: center;\">Massage<\/pre>\n<\/div><\/div><div class=\"et_pb_image_6 et_pb_image et_pb_image_sticky et_pb_has_overlay et_pb_module et_block_module\"><a href=\"https:\/\/kurt-singer.com\/thailand\/wp-content\/uploads\/sites\/7\/2024\/08\/Hotelpool.jpg\" class=\"et_pb_lightbox_image\"><span class=\"et_pb_image_wrap\"><img loading=\"lazy\" decoding=\"async\" src=\"https:\/\/kurt-singer.com\/thailand\/wp-content\/uploads\/sites\/7\/2024\/08\/Hotelpool.jpg\" width=\"980\" height=\"735\" srcset=\"https:\/\/kurt-singer.com\/thailand\/wp-content\/uploads\/sites\/7\/2024\/08\/Hotelpool.jpg 980w, https:\/\/kurt-singer.com\/thailand\/wp-content\/uploads\/sites\/7\/2024\/08\/Hotelpool-480x360.jpg 480w\" sizes=\"(min-width: 0px) and (max-width: 480px) 480px, (min-width: 481px) 980px, 100vw\" class=\"wp-image-15021\" \/><span class=\"et_overlay et_pb_inline_icon\" data-icon=\"T\"><\/span><\/span><\/a><\/div><div class=\"et_pb_text_8 et_pb_text et_pb_bg_layout_light et_pb_module et_block_module\"><div class=\"et_pb_text_inner\"><pre style=\"text-align: center;\">Dachpool<\/pre>\n<\/div><\/div><\/div><\/div><\/div>\n","protected":false},"excerpt":{"rendered":"","protected":false},"author":1,"featured_media":0,"parent":0,"menu_order":0,"comment_status":"closed","ping_status":"closed","template":"","meta":{"footnotes":""},"class_list":["post-14893","page","type-page","status-publish","hentry"],"_links":{"self":[{"href":"https:\/\/kurt-singer.com\/thailand\/wp-json\/wp\/v2\/pages\/14893","targetHints":{"allow":["GET"]}}],"collection":[{"href":"https:\/\/kurt-singer.com\/thailand\/wp-json\/wp\/v2\/pages"}],"about":[{"href":"https:\/\/kurt-singer.com\/thailand\/wp-json\/wp\/v2\/types\/page"}],"author":[{"embeddable":true,"href":"https:\/\/kurt-singer.com\/thailand\/wp-json\/wp\/v2\/users\/1"}],"replies":[{"embeddable":true,"href":"https:\/\/kurt-singer.com\/thailand\/wp-json\/wp\/v2\/comments?post=14893"}],"version-history":[{"count":4,"href":"https:\/\/kurt-singer.com\/thailand\/wp-json\/wp\/v2\/pages\/14893\/revisions"}],"predecessor-version":[{"id":16072,"href":"https:\/\/kurt-singer.com\/thailand\/wp-json\/wp\/v2\/pages\/14893\/revisions\/16072"}],"wp:attachment":[{"href":"https:\/\/kurt-singer.com\/thailand\/wp-json\/wp\/v2\/media?parent=14893"}],"curies":[{"name":"wp","href":"https:\/\/api.w.org\/{rel}","templated":true}]}}