{"id":14911,"date":"2024-08-12T20:28:55","date_gmt":"2024-08-12T18:28:55","guid":{"rendered":"https:\/\/kurt-singer.com\/thailand\/?page_id=14911"},"modified":"2026-03-25T00:44:53","modified_gmt":"2026-03-24T23:44:53","slug":"2004-fahrt-nach-pattaya","status":"publish","type":"page","link":"https:\/\/kurt-singer.com\/thailand\/2004-fahrt-nach-pattaya\/","title":{"rendered":"2004 Fahrt nach Pattaya"},"content":{"rendered":"\n<div class=\"et_pb_section_0 et_pb_section et_section_regular et_block_section\"><div class=\"et_pb_row_0 et_pb_row et_block_row\"><div class=\"et_pb_column_0 et_pb_column et_pb_column_4_4 et-last-child et_block_column et_pb_css_mix_blend_mode_passthrough\"><div class=\"et_pb_menu_0 et_pb_menu et_pb_menu--without-logo et_pb_menu--style-left_aligned et_dropdown_animation_fade et_pb_bg_layout_light et_pb_text_align_right-tablet et_pb_text_align_right-phone et_pb_module et_flex_module\"><div class=\"et_pb_menu_inner_container et_flex_module\"><div class=\"et_pb_menu__wrap\"><div class=\"et_pb_menu__menu\"><nav class=\"et-menu-nav\"><ul id=\"menu-reise2004\" class=\"et-menu nav downwards\"><li id=\"menu-item-14830\" class=\"et_pb_menu_page_id-14788 menu-item menu-item-type-post_type menu-item-object-page menu-item-has-children menu-item-14830\"><a href=\"https:\/\/kurt-singer.com\/thailand\/2004-die-idee\/\">Die Idee<\/a>\n<ul class=\"sub-menu\">\n\t<li id=\"menu-item-14831\" class=\"et_pb_menu_page_id-14790 menu-item menu-item-type-post_type menu-item-object-page menu-item-14831\"><a href=\"https:\/\/kurt-singer.com\/thailand\/2004-reiseroute\/\">2004 Reiseroute<\/a><\/li>\n\t<li id=\"menu-item-14853\" class=\"et_pb_menu_page_id-14848 menu-item menu-item-type-post_type menu-item-object-page menu-item-14853\"><a href=\"https:\/\/kurt-singer.com\/thailand\/2004-hinflug\/\">2004 Hinflug<\/a><\/li>\n\t<li id=\"menu-item-14873\" class=\"et_pb_menu_page_id-14854 menu-item menu-item-type-post_type menu-item-object-page menu-item-14873\"><a href=\"https:\/\/kurt-singer.com\/thailand\/2004-ankunft\/\">2004 Ankunft<\/a><\/li>\n\t<li id=\"menu-item-14874\" class=\"et_pb_menu_page_id-14862 menu-item menu-item-type-post_type menu-item-object-page menu-item-14874\"><a href=\"https:\/\/kurt-singer.com\/thailand\/2004-tambun\/\">2004 Tambun<\/a><\/li>\n<\/ul>\n<\/li>\n<li id=\"menu-item-14930\" class=\"et_pb_menu_page_id-14875 menu-item menu-item-type-post_type menu-item-object-page menu-item-has-children menu-item-14930\"><a href=\"https:\/\/kurt-singer.com\/thailand\/2004-am-mekhong\/\">Am Mekhong<\/a>\n<ul class=\"sub-menu\">\n\t<li id=\"menu-item-14931\" class=\"et_pb_menu_page_id-14877 menu-item menu-item-type-post_type menu-item-object-page menu-item-14931\"><a href=\"https:\/\/kurt-singer.com\/thailand\/2004-khon-kaen\/\">2004 Khon Kaen<\/a><\/li>\n\t<li id=\"menu-item-14932\" class=\"et_pb_menu_page_id-14928 menu-item menu-item-type-post_type menu-item-object-page menu-item-14932\"><a href=\"https:\/\/kurt-singer.com\/thailand\/2004-nong-khai\/\">2004 Nong Khai<\/a><\/li>\n\t<li id=\"menu-item-14933\" class=\"et_pb_menu_page_id-14879 menu-item menu-item-type-post_type menu-item-object-page menu-item-14933\"><a href=\"https:\/\/kurt-singer.com\/thailand\/2004-si-chiang-mai\/\">2004 Si Chiang Mai<\/a><\/li>\n<\/ul>\n<\/li>\n<li id=\"menu-item-14935\" class=\"et_pb_menu_page_id-14882 menu-item menu-item-type-post_type menu-item-object-page menu-item-has-children menu-item-14935\"><a href=\"https:\/\/kurt-singer.com\/thailand\/2004-familientage\/\">Familientage<\/a>\n<ul class=\"sub-menu\">\n\t<li id=\"menu-item-14934\" class=\"et_pb_menu_page_id-14884 menu-item menu-item-type-post_type menu-item-object-page menu-item-14934\"><a href=\"https:\/\/kurt-singer.com\/thailand\/2004-eine-hochzeit\/\">2004 Eine Hochzeit<\/a><\/li>\n\t<li id=\"menu-item-14937\" class=\"et_pb_menu_page_id-14887 menu-item menu-item-type-post_type menu-item-object-page menu-item-14937\"><a href=\"https:\/\/kurt-singer.com\/thailand\/2004-yasothon\/\">2004 Yasothon<\/a><\/li>\n\t<li id=\"menu-item-14936\" class=\"et_pb_menu_page_id-14889 menu-item menu-item-type-post_type menu-item-object-page menu-item-14936\"><a href=\"https:\/\/kurt-singer.com\/thailand\/2004-phanom-phrai\/\">2004 Phanom Phrai<\/a><\/li>\n<\/ul>\n<\/li>\n<li id=\"menu-item-14938\" class=\"et_pb_menu_page_id-14891 menu-item menu-item-type-post_type menu-item-object-page menu-item-has-children menu-item-14938\"><a href=\"https:\/\/kurt-singer.com\/thailand\/2004-im-ost-isaan\/\">Im Ost-Isaan<\/a>\n<ul class=\"sub-menu\">\n\t<li id=\"menu-item-14939\" class=\"et_pb_menu_page_id-14893 menu-item menu-item-type-post_type menu-item-object-page menu-item-14939\"><a href=\"https:\/\/kurt-singer.com\/thailand\/2004-mukdahan-2\/\">2004 Mukdahan<\/a><\/li>\n\t<li id=\"menu-item-14941\" class=\"et_pb_menu_page_id-14895 menu-item menu-item-type-post_type menu-item-object-page menu-item-14941\"><a href=\"https:\/\/kurt-singer.com\/thailand\/2004-phra-viharn\/\">2004 Phra Viharn<\/a><\/li>\n\t<li id=\"menu-item-14940\" class=\"et_pb_menu_page_id-14897 menu-item menu-item-type-post_type menu-item-object-page menu-item-14940\"><a href=\"https:\/\/kurt-singer.com\/thailand\/2004-phanom-rung\/\">2004 Phanom Rung<\/a><\/li>\n<\/ul>\n<\/li>\n<li id=\"menu-item-14942\" class=\"et_pb_menu_page_id-14899 menu-item menu-item-type-post_type menu-item-object-page menu-item-has-children menu-item-14942\"><a href=\"https:\/\/kurt-singer.com\/thailand\/2004-ausfluege\/\">Ausfl\u00fcge<\/a>\n<ul class=\"sub-menu\">\n\t<li id=\"menu-item-14948\" class=\"et_pb_menu_page_id-14901 menu-item menu-item-type-post_type menu-item-object-page menu-item-14948\"><a href=\"https:\/\/kurt-singer.com\/thailand\/2004-phi-mai\/\">2004 Phi Mai<\/a><\/li>\n\t<li id=\"menu-item-14947\" class=\"et_pb_menu_page_id-14903 menu-item menu-item-type-post_type menu-item-object-page menu-item-14947\"><a href=\"https:\/\/kurt-singer.com\/thailand\/2004-lopburi\/\">2004 Lopburi<\/a><\/li>\n\t<li id=\"menu-item-14943\" class=\"et_pb_menu_page_id-14905 menu-item menu-item-type-post_type menu-item-object-page menu-item-14943\"><a href=\"https:\/\/kurt-singer.com\/thailand\/2004-ayutthaya\/\">2004 Ayutthaya<\/a><\/li>\n\t<li id=\"menu-item-14949\" class=\"et_pb_menu_page_id-14907 menu-item menu-item-type-post_type menu-item-object-page menu-item-14949\"><a href=\"https:\/\/kurt-singer.com\/thailand\/2004-river-kwai\/\">2004 River Kwai<\/a><\/li>\n\t<li id=\"menu-item-14945\" class=\"et_pb_menu_page_id-14909 menu-item menu-item-type-post_type menu-item-object-page menu-item-14945\"><a href=\"https:\/\/kurt-singer.com\/thailand\/2004-im-tigerkloster\/\">2004 Im Tigerkloster<\/a><\/li>\n\t<li id=\"menu-item-14944\" class=\"et_pb_menu_page_id-14911 menu-item menu-item-type-post_type menu-item-object-page menu-item-14944\"><a href=\"https:\/\/kurt-singer.com\/thailand\/2004-fahrt-nach-pattaya\/\">2004 Fahrt nach Pattaya<\/a><\/li>\n\t<li id=\"menu-item-14946\" class=\"et_pb_menu_page_id-14913 menu-item menu-item-type-post_type menu-item-object-page menu-item-14946\"><a href=\"https:\/\/kurt-singer.com\/thailand\/2004-in-pattaya\/\">2004 In Pattaya<\/a><\/li>\n<\/ul>\n<\/li>\n<li id=\"menu-item-14951\" class=\"et_pb_menu_page_id-14915 menu-item menu-item-type-post_type menu-item-object-page menu-item-has-children menu-item-14951\"><a href=\"https:\/\/kurt-singer.com\/thailand\/2004-abschluss\/\">Abschluss<\/a>\n<ul class=\"sub-menu\">\n\t<li id=\"menu-item-14952\" class=\"et_pb_menu_page_id-14917 menu-item menu-item-type-post_type menu-item-object-page menu-item-14952\"><a href=\"https:\/\/kurt-singer.com\/thailand\/2004-korat\/\">2004 Korat<\/a><\/li>\n\t<li id=\"menu-item-14953\" class=\"et_pb_menu_page_id-14921 menu-item menu-item-type-post_type menu-item-object-page menu-item-14953\"><a href=\"https:\/\/kurt-singer.com\/thailand\/2004-mein-geburtstag\/\">2004 Mein Geburtstag<\/a><\/li>\n\t<li id=\"menu-item-14954\" class=\"et_pb_menu_page_id-14924 menu-item menu-item-type-post_type menu-item-object-page menu-item-14954\"><a href=\"https:\/\/kurt-singer.com\/thailand\/2004-mein-sonnenbrand\/\">2004 Mein Sonnenbrand<\/a><\/li>\n\t<li id=\"menu-item-14950\" class=\"et_pb_menu_page_id-14926 menu-item menu-item-type-post_type menu-item-object-page menu-item-14950\"><a href=\"https:\/\/kurt-singer.com\/thailand\/2004-abschied\/\">2004 Abschied<\/a><\/li>\n<\/ul>\n<\/li>\n<\/ul><\/nav><\/div><div class=\"et_mobile_nav_menu\"><div class=\"mobile_nav closed\"><span class=\"mobile_menu_bar\"><\/span><\/div><\/div><\/div><\/div><\/div><\/div><\/div><\/div><div class=\"et_pb_section_1 et_pb_section et_section_regular et_block_section\"><div class=\"et_pb_row_1 et_pb_row et_block_row\"><div class=\"et_pb_column_1 et_pb_column et_pb_column_4_4 et-last-child et_block_column et_pb_css_mix_blend_mode_passthrough\"><div class=\"et_pb_text_0 et_pb_text et_pb_bg_layout_light et_pb_module et_block_module\"><div class=\"et_pb_text_inner\"><h1>Eine ungew\u00f6hnliche Fahrt nach Pattaya<\/h1>\n<\/div><\/div><\/div><\/div><div class=\"et_pb_row_2 et_pb_row et_pb_row_3-4_1-4 et_block_row et_block_row_3-4_1-4\"><div class=\"et_pb_column_2 et_pb_column et_pb_column_3_4 et_block_column et_pb_css_mix_blend_mode_passthrough\"><div class=\"et_pb_text_1 et_pb_text et_pb_bg_layout_light et_pb_module et_block_module\"><div class=\"et_pb_text_inner\"><p>Es folgt eine Fahrt, welche wir so schnell nicht vergessen werden, denn wie immer habe ich die \u00dcbernachtung nicht geplant. In Nakhon Pathom ist es uns noch zu frueh, ein Hotel zu suchen, also denke ich ueber Bangkok nach. Kurz nach 18 Uhr brechen wir also auf, und gegen 18.30 Uhr beginnt ein Monsunregen, wie ich ihn noch selten erlebt habe. Es wird stockdunkel, das Wasser steht auf der Windschutzscheibe, und ich muss anhalten. Blitz und Donner umgeben uns, auf der Strasse steht schnell das Wasser etwa 5 cm hoch. Nach gut einer Stunde kann ich weiterfahren, weil der Regen ein klein wenig und Blitz und Donner g\u00e4nzlich aufh\u00f6ren.<\/p>\n<p>Nach dem bereits geschilderten Schwierigkeiten mit neuen Strassen, Auf- und Abfahrten bin ich pl\u00f6tzlich in der Metropole. Obwohl aber ich Bangkok ganz gut zu kennen glaube ist es schon etwas anderes, nachts im Monsunregen im eigenen Auto durch Bangkok zu fahren und im Gewirr von Einbahnregelungen bestimmte Strassen oder Hotels zu finden. Und \u2013 nachdem ich insgesamt acht Hotels angefahren hatte, die allesamt ausgebucht waren - versuche ich es letztendlich sogar in den grossen und teuren.<\/p>\n<p>Im Montien, das bei Meier\u2019s fuer 40 Euro verramscht wird, verlangt man mir 4170 Baht ab. Ich versuche es dann am Airport mit dem Rama Gardens, 3180 Baht bin ich auch dort nicht bereit zu zahlen. Inzwischen ist es Mitternacht, wir haben die Nase voll, in Bangkok weiterzusuchen, zumal es sich ja fast nicht mehr lohnt, ein Zimmer zu beziehen. Ich suche und finde den Bangkok \u2013 Chonburi Highway, der fast durchgehend in der zweiten Etage freie Fahrt bis Chonburi bietet.<\/p>\n<p>Jetzt bleibt mir also nur noch mein Freund Wolfgang mit seiner Villa Lamai in Pattaya, und der wird ganz sicher ein Bett f\u00fcr uns haben. Kurz nach sechs Uhr kommen wir dort an. Aim, die Gesch\u00e4ftsfuehrerin w\u00e4hrend Wolfgangs sommerlicher Abwesenheit in Deutschland, empfaengt uns so frueh schon selbst und ist ersataunt \u00fcber die ungewoehnliche Anreisezeit. Ich bitte sie nur noch, uns schnell ein Fruehst\u00fcck zu machen, dann ein Zimmer zu oeffnen zum Schlafen, und wenige Minuten spaeter liegen wir in einem der Bungalows, fallen in den Schlaf von Gerechten.<\/p>\n<p>Nein, sofort einschlafen kann nur All, ich habe noch \u00fcber die vergangenen 24 Stunden nachzudenken. Aufregend, trotzdem einfach nur schoen.<\/p>\n<p>Danke All, du bist auch eine wunderbare Reisebegleiterin.<\/p>\n<p>Schlaf gut, tie rak.<\/p>\n<\/div><\/div><\/div><div class=\"et_pb_column_3 et_pb_column et_pb_column_1_4 et-last-child et_block_column et_pb_css_mix_blend_mode_passthrough\"><div class=\"et_pb_image_0 et_pb_image et_pb_image_sticky et_pb_has_overlay et_pb_module et_block_module\"><a href=\"https:\/\/kurt-singer.com\/thailand\/wp-content\/uploads\/sites\/7\/2024\/08\/2004-Villa-Lamai-1.jpg\" class=\"et_pb_lightbox_image\"><span class=\"et_pb_image_wrap\"><img loading=\"lazy\" decoding=\"async\" src=\"https:\/\/kurt-singer.com\/thailand\/wp-content\/uploads\/sites\/7\/2024\/08\/2004-Villa-Lamai-1.jpg\" width=\"980\" height=\"735\" srcset=\"https:\/\/kurt-singer.com\/thailand\/wp-content\/uploads\/sites\/7\/2024\/08\/2004-Villa-Lamai-1.jpg 980w, https:\/\/kurt-singer.com\/thailand\/wp-content\/uploads\/sites\/7\/2024\/08\/2004-Villa-Lamai-1-480x360.jpg 480w\" sizes=\"(min-width: 0px) and (max-width: 480px) 480px, (min-width: 481px) 980px, 100vw\" class=\"wp-image-14988\" \/><span class=\"et_overlay et_pb_inline_icon\" data-icon=\"T\"><\/span><\/span><\/a><\/div><div class=\"et_pb_text_2 et_pb_text et_pb_bg_layout_light et_pb_module et_block_module\"><div class=\"et_pb_text_inner\"><pre style=\"text-align: center;\">Villa Lamai 2004<\/pre>\n<\/div><\/div><div class=\"et_pb_image_1 et_pb_image et_pb_image_sticky et_pb_has_overlay et_pb_module et_block_module\"><a href=\"https:\/\/kurt-singer.com\/thailand\/wp-content\/uploads\/sites\/7\/2024\/08\/2004-Villa-Lamai-2.jpg\" class=\"et_pb_lightbox_image\"><span class=\"et_pb_image_wrap\"><img loading=\"lazy\" decoding=\"async\" src=\"https:\/\/kurt-singer.com\/thailand\/wp-content\/uploads\/sites\/7\/2024\/08\/2004-Villa-Lamai-2.jpg\" width=\"980\" height=\"735\" srcset=\"https:\/\/kurt-singer.com\/thailand\/wp-content\/uploads\/sites\/7\/2024\/08\/2004-Villa-Lamai-2.jpg 980w, https:\/\/kurt-singer.com\/thailand\/wp-content\/uploads\/sites\/7\/2024\/08\/2004-Villa-Lamai-2-480x360.jpg 480w\" sizes=\"(min-width: 0px) and (max-width: 480px) 480px, (min-width: 481px) 980px, 100vw\" class=\"wp-image-14989\" \/><span class=\"et_overlay et_pb_inline_icon\" data-icon=\"T\"><\/span><\/span><\/a><\/div><div class=\"et_pb_text_3 et_pb_text et_pb_bg_layout_light et_pb_module et_block_module\"><div class=\"et_pb_text_inner\"><pre style=\"text-align: center;\">Aim und All<\/pre>\n<\/div><\/div><div class=\"et_pb_image_2 et_pb_image et_pb_image_sticky et_pb_has_overlay et_pb_module et_block_module\"><a href=\"https:\/\/kurt-singer.com\/thailand\/wp-content\/uploads\/sites\/7\/2024\/08\/2004-Villa-Lamai-3.jpg\" class=\"et_pb_lightbox_image\"><span class=\"et_pb_image_wrap\"><img loading=\"lazy\" decoding=\"async\" src=\"https:\/\/kurt-singer.com\/thailand\/wp-content\/uploads\/sites\/7\/2024\/08\/2004-Villa-Lamai-3.jpg\" width=\"980\" height=\"735\" srcset=\"https:\/\/kurt-singer.com\/thailand\/wp-content\/uploads\/sites\/7\/2024\/08\/2004-Villa-Lamai-3.jpg 980w, https:\/\/kurt-singer.com\/thailand\/wp-content\/uploads\/sites\/7\/2024\/08\/2004-Villa-Lamai-3-480x360.jpg 480w\" sizes=\"(min-width: 0px) and (max-width: 480px) 480px, (min-width: 481px) 980px, 100vw\" class=\"wp-image-14990\" \/><span class=\"et_overlay et_pb_inline_icon\" data-icon=\"T\"><\/span><\/span><\/a><\/div><div class=\"et_pb_text_4 et_pb_text et_pb_bg_layout_light et_pb_module et_block_module\"><div class=\"et_pb_text_inner\"><pre style=\"text-align: center;\">Nur noch schlafen<\/pre>\n<\/div><\/div><\/div><\/div><\/div>\n","protected":false},"excerpt":{"rendered":"","protected":false},"author":1,"featured_media":0,"parent":0,"menu_order":0,"comment_status":"closed","ping_status":"closed","template":"","meta":{"footnotes":""},"class_list":["post-14911","page","type-page","status-publish","hentry"],"_links":{"self":[{"href":"https:\/\/kurt-singer.com\/thailand\/wp-json\/wp\/v2\/pages\/14911","targetHints":{"allow":["GET"]}}],"collection":[{"href":"https:\/\/kurt-singer.com\/thailand\/wp-json\/wp\/v2\/pages"}],"about":[{"href":"https:\/\/kurt-singer.com\/thailand\/wp-json\/wp\/v2\/types\/page"}],"author":[{"embeddable":true,"href":"https:\/\/kurt-singer.com\/thailand\/wp-json\/wp\/v2\/users\/1"}],"replies":[{"embeddable":true,"href":"https:\/\/kurt-singer.com\/thailand\/wp-json\/wp\/v2\/comments?post=14911"}],"version-history":[{"count":6,"href":"https:\/\/kurt-singer.com\/thailand\/wp-json\/wp\/v2\/pages\/14911\/revisions"}],"predecessor-version":[{"id":16081,"href":"https:\/\/kurt-singer.com\/thailand\/wp-json\/wp\/v2\/pages\/14911\/revisions\/16081"}],"wp:attachment":[{"href":"https:\/\/kurt-singer.com\/thailand\/wp-json\/wp\/v2\/media?parent=14911"}],"curies":[{"name":"wp","href":"https:\/\/api.w.org\/{rel}","templated":true}]}}