{"id":14921,"date":"2024-08-12T20:30:16","date_gmt":"2024-08-12T18:30:16","guid":{"rendered":"https:\/\/kurt-singer.com\/thailand\/?page_id=14921"},"modified":"2026-03-25T00:44:57","modified_gmt":"2026-03-24T23:44:57","slug":"2004-mein-geburtstag","status":"publish","type":"page","link":"https:\/\/kurt-singer.com\/thailand\/2004-mein-geburtstag\/","title":{"rendered":"2004 Mein Geburtstag"},"content":{"rendered":"\n<div class=\"et_pb_section_0 et_pb_section et_section_regular et_block_section\"><div class=\"et_pb_row_0 et_pb_row et_block_row\"><div class=\"et_pb_column_0 et_pb_column et_pb_column_4_4 et-last-child et_block_column et_pb_css_mix_blend_mode_passthrough\"><div class=\"et_pb_menu_0 et_pb_menu et_pb_menu--without-logo et_pb_menu--style-left_aligned et_dropdown_animation_fade et_pb_bg_layout_light et_pb_text_align_right-tablet et_pb_text_align_right-phone et_pb_module et_flex_module\"><div class=\"et_pb_menu_inner_container et_flex_module\"><div class=\"et_pb_menu__wrap\"><div class=\"et_pb_menu__menu\"><nav class=\"et-menu-nav\"><ul id=\"menu-reise2004\" class=\"et-menu nav downwards\"><li id=\"menu-item-14830\" class=\"et_pb_menu_page_id-14788 menu-item menu-item-type-post_type menu-item-object-page menu-item-has-children menu-item-14830\"><a href=\"https:\/\/kurt-singer.com\/thailand\/2004-die-idee\/\">Die Idee<\/a>\n<ul class=\"sub-menu\">\n\t<li id=\"menu-item-14831\" class=\"et_pb_menu_page_id-14790 menu-item menu-item-type-post_type menu-item-object-page menu-item-14831\"><a href=\"https:\/\/kurt-singer.com\/thailand\/2004-reiseroute\/\">2004 Reiseroute<\/a><\/li>\n\t<li id=\"menu-item-14853\" class=\"et_pb_menu_page_id-14848 menu-item menu-item-type-post_type menu-item-object-page menu-item-14853\"><a href=\"https:\/\/kurt-singer.com\/thailand\/2004-hinflug\/\">2004 Hinflug<\/a><\/li>\n\t<li id=\"menu-item-14873\" class=\"et_pb_menu_page_id-14854 menu-item menu-item-type-post_type menu-item-object-page menu-item-14873\"><a href=\"https:\/\/kurt-singer.com\/thailand\/2004-ankunft\/\">2004 Ankunft<\/a><\/li>\n\t<li id=\"menu-item-14874\" class=\"et_pb_menu_page_id-14862 menu-item menu-item-type-post_type menu-item-object-page menu-item-14874\"><a href=\"https:\/\/kurt-singer.com\/thailand\/2004-tambun\/\">2004 Tambun<\/a><\/li>\n<\/ul>\n<\/li>\n<li id=\"menu-item-14930\" class=\"et_pb_menu_page_id-14875 menu-item menu-item-type-post_type menu-item-object-page menu-item-has-children menu-item-14930\"><a href=\"https:\/\/kurt-singer.com\/thailand\/2004-am-mekhong\/\">Am Mekhong<\/a>\n<ul class=\"sub-menu\">\n\t<li id=\"menu-item-14931\" class=\"et_pb_menu_page_id-14877 menu-item menu-item-type-post_type menu-item-object-page menu-item-14931\"><a href=\"https:\/\/kurt-singer.com\/thailand\/2004-khon-kaen\/\">2004 Khon Kaen<\/a><\/li>\n\t<li id=\"menu-item-14932\" class=\"et_pb_menu_page_id-14928 menu-item menu-item-type-post_type menu-item-object-page menu-item-14932\"><a href=\"https:\/\/kurt-singer.com\/thailand\/2004-nong-khai\/\">2004 Nong Khai<\/a><\/li>\n\t<li id=\"menu-item-14933\" class=\"et_pb_menu_page_id-14879 menu-item menu-item-type-post_type menu-item-object-page menu-item-14933\"><a href=\"https:\/\/kurt-singer.com\/thailand\/2004-si-chiang-mai\/\">2004 Si Chiang Mai<\/a><\/li>\n<\/ul>\n<\/li>\n<li id=\"menu-item-14935\" class=\"et_pb_menu_page_id-14882 menu-item menu-item-type-post_type menu-item-object-page menu-item-has-children menu-item-14935\"><a href=\"https:\/\/kurt-singer.com\/thailand\/2004-familientage\/\">Familientage<\/a>\n<ul class=\"sub-menu\">\n\t<li id=\"menu-item-14934\" class=\"et_pb_menu_page_id-14884 menu-item menu-item-type-post_type menu-item-object-page menu-item-14934\"><a href=\"https:\/\/kurt-singer.com\/thailand\/2004-eine-hochzeit\/\">2004 Eine Hochzeit<\/a><\/li>\n\t<li id=\"menu-item-14937\" class=\"et_pb_menu_page_id-14887 menu-item menu-item-type-post_type menu-item-object-page menu-item-14937\"><a href=\"https:\/\/kurt-singer.com\/thailand\/2004-yasothon\/\">2004 Yasothon<\/a><\/li>\n\t<li id=\"menu-item-14936\" class=\"et_pb_menu_page_id-14889 menu-item menu-item-type-post_type menu-item-object-page menu-item-14936\"><a href=\"https:\/\/kurt-singer.com\/thailand\/2004-phanom-phrai\/\">2004 Phanom Phrai<\/a><\/li>\n<\/ul>\n<\/li>\n<li id=\"menu-item-14938\" class=\"et_pb_menu_page_id-14891 menu-item menu-item-type-post_type menu-item-object-page menu-item-has-children menu-item-14938\"><a href=\"https:\/\/kurt-singer.com\/thailand\/2004-im-ost-isaan\/\">Im Ost-Isaan<\/a>\n<ul class=\"sub-menu\">\n\t<li id=\"menu-item-14939\" class=\"et_pb_menu_page_id-14893 menu-item menu-item-type-post_type menu-item-object-page menu-item-14939\"><a href=\"https:\/\/kurt-singer.com\/thailand\/2004-mukdahan-2\/\">2004 Mukdahan<\/a><\/li>\n\t<li id=\"menu-item-14941\" class=\"et_pb_menu_page_id-14895 menu-item menu-item-type-post_type menu-item-object-page menu-item-14941\"><a href=\"https:\/\/kurt-singer.com\/thailand\/2004-phra-viharn\/\">2004 Phra Viharn<\/a><\/li>\n\t<li id=\"menu-item-14940\" class=\"et_pb_menu_page_id-14897 menu-item menu-item-type-post_type menu-item-object-page menu-item-14940\"><a href=\"https:\/\/kurt-singer.com\/thailand\/2004-phanom-rung\/\">2004 Phanom Rung<\/a><\/li>\n<\/ul>\n<\/li>\n<li id=\"menu-item-14942\" class=\"et_pb_menu_page_id-14899 menu-item menu-item-type-post_type menu-item-object-page menu-item-has-children menu-item-14942\"><a href=\"https:\/\/kurt-singer.com\/thailand\/2004-ausfluege\/\">Ausfl\u00fcge<\/a>\n<ul class=\"sub-menu\">\n\t<li id=\"menu-item-14948\" class=\"et_pb_menu_page_id-14901 menu-item menu-item-type-post_type menu-item-object-page menu-item-14948\"><a href=\"https:\/\/kurt-singer.com\/thailand\/2004-phi-mai\/\">2004 Phi Mai<\/a><\/li>\n\t<li id=\"menu-item-14947\" class=\"et_pb_menu_page_id-14903 menu-item menu-item-type-post_type menu-item-object-page menu-item-14947\"><a href=\"https:\/\/kurt-singer.com\/thailand\/2004-lopburi\/\">2004 Lopburi<\/a><\/li>\n\t<li id=\"menu-item-14943\" class=\"et_pb_menu_page_id-14905 menu-item menu-item-type-post_type menu-item-object-page menu-item-14943\"><a href=\"https:\/\/kurt-singer.com\/thailand\/2004-ayutthaya\/\">2004 Ayutthaya<\/a><\/li>\n\t<li id=\"menu-item-14949\" class=\"et_pb_menu_page_id-14907 menu-item menu-item-type-post_type menu-item-object-page menu-item-14949\"><a href=\"https:\/\/kurt-singer.com\/thailand\/2004-river-kwai\/\">2004 River Kwai<\/a><\/li>\n\t<li id=\"menu-item-14945\" class=\"et_pb_menu_page_id-14909 menu-item menu-item-type-post_type menu-item-object-page menu-item-14945\"><a href=\"https:\/\/kurt-singer.com\/thailand\/2004-im-tigerkloster\/\">2004 Im Tigerkloster<\/a><\/li>\n\t<li id=\"menu-item-14944\" class=\"et_pb_menu_page_id-14911 menu-item menu-item-type-post_type menu-item-object-page menu-item-14944\"><a href=\"https:\/\/kurt-singer.com\/thailand\/2004-fahrt-nach-pattaya\/\">2004 Fahrt nach Pattaya<\/a><\/li>\n\t<li id=\"menu-item-14946\" class=\"et_pb_menu_page_id-14913 menu-item menu-item-type-post_type menu-item-object-page menu-item-14946\"><a href=\"https:\/\/kurt-singer.com\/thailand\/2004-in-pattaya\/\">2004 In Pattaya<\/a><\/li>\n<\/ul>\n<\/li>\n<li id=\"menu-item-14951\" class=\"et_pb_menu_page_id-14915 menu-item menu-item-type-post_type menu-item-object-page menu-item-has-children menu-item-14951\"><a href=\"https:\/\/kurt-singer.com\/thailand\/2004-abschluss\/\">Abschluss<\/a>\n<ul class=\"sub-menu\">\n\t<li id=\"menu-item-14952\" class=\"et_pb_menu_page_id-14917 menu-item menu-item-type-post_type menu-item-object-page menu-item-14952\"><a href=\"https:\/\/kurt-singer.com\/thailand\/2004-korat\/\">2004 Korat<\/a><\/li>\n\t<li id=\"menu-item-14953\" class=\"et_pb_menu_page_id-14921 menu-item menu-item-type-post_type menu-item-object-page menu-item-14953\"><a href=\"https:\/\/kurt-singer.com\/thailand\/2004-mein-geburtstag\/\">2004 Mein Geburtstag<\/a><\/li>\n\t<li id=\"menu-item-14954\" class=\"et_pb_menu_page_id-14924 menu-item menu-item-type-post_type menu-item-object-page menu-item-14954\"><a href=\"https:\/\/kurt-singer.com\/thailand\/2004-mein-sonnenbrand\/\">2004 Mein Sonnenbrand<\/a><\/li>\n\t<li id=\"menu-item-14950\" class=\"et_pb_menu_page_id-14926 menu-item menu-item-type-post_type menu-item-object-page menu-item-14950\"><a href=\"https:\/\/kurt-singer.com\/thailand\/2004-abschied\/\">2004 Abschied<\/a><\/li>\n<\/ul>\n<\/li>\n<\/ul><\/nav><\/div><div class=\"et_mobile_nav_menu\"><div class=\"mobile_nav closed\"><span class=\"mobile_menu_bar\"><\/span><\/div><\/div><\/div><\/div><\/div><\/div><\/div><\/div><div class=\"et_pb_section_1 et_pb_section et_section_regular et_block_section\"><div class=\"et_pb_row_1 et_pb_row et_block_row\"><div class=\"et_pb_column_1 et_pb_column et_pb_column_4_4 et-last-child et_block_column et_pb_css_mix_blend_mode_passthrough\"><div class=\"et_pb_text_0 et_pb_text et_pb_bg_layout_light et_pb_module et_block_module\"><div class=\"et_pb_text_inner\"><h1>Mein Geburtstag<\/h1>\n<\/div><\/div><\/div><\/div><div class=\"et_pb_row_2 et_pb_row et_pb_row_3-4_1-4 et_block_row et_block_row_3-4_1-4\"><div class=\"et_pb_column_2 et_pb_column et_pb_column_3_4 et_block_column et_pb_css_mix_blend_mode_passthrough\"><div class=\"et_pb_text_1 et_pb_text et_pb_bg_layout_light et_pb_module et_block_module\"><div class=\"et_pb_text_inner\"><p>Siehste, denke und sage ich, im Hermitage w\u00e4re das alles nicht passiert (egal, was auch immer), und wir wechseln (wieder einmal) das Hotel, checken also im Hermitage ein. Dort sind wir einfach heimisch, das Personal erinnert sich, da\u00df ich gerne ein Zimmer zum Park h\u00e4tte, wir kriegen es.<\/p>\n<p>Ich nutze als erstes den Pool aus zu einem morgendlichen Schwimmen, es geht mir einfach wieder besser. Der Unterschied in der Hotelqualit\u00e4t ist wirklich gravierend, es gibt wieder das gewohnte reichhaltige Fr\u00fchst\u00fcck, preislich sind es dabei aber doch nur 4,60 Euro pro Nacht.<\/p>\n<p>Heute habe auch ich meinen grossen Tag, allerdings nichts aussergew\u00f6hnliches, nur Geburtstag, \u00fcbrigens der 58. Ich fahre mit All und Lek zum Wat Nong Yok etwas ausserhalb von Korat, wo ich ein Tambun mache. Der Abt versorgt mich mit reichlich Wasser \u00fcber den Kopf, ausserdem zieht er mit einem Kwarm- Ritual alle Schlechtigkeiten von uns. Einem der \u00e4lteren M\u00f6nche stecke ich 500 Baht f\u00fcr Medikamente zu, nachdem er uns von einer schlimmen Krankheit erz\u00e4hlt und gezeigt hat, an der er leidet.<\/p>\n<p>Anschliessend machen wir vier M\u00e4nner, Lek, Nan, Tui und ich uns auf, um ein Restaurant zum Essen zu suchen. Erstaunlicherweise finden wir auch eines, das uns zusagt, und zusammen mit einem Eimer Beer Chang und einer Flasche Mekhong schaufeln wir reichlich absolut Geniessbares in uns rein. Am Abend dann zun\u00e4chst bei Nichte Nang im Hause eine Geburtstagsparty, dann bringt uns die Familie zum Hotel.<\/p>\n<p>Das Zimmer kann dann nicht gross genug sein, denn wir setzen im kleinen Kreis die Party hier fort, und zumindest zu Beginn der Nacht sind wir da zu siebt. Naja, das Hotel duldet es und wir haben noch viel Spa\u00df, die Minibar war ja dank 7eleven reichlich gef\u00fcllt.<\/p>\n<\/div><\/div><\/div><div class=\"et_pb_column_3 et_pb_column et_pb_column_1_4 et-last-child et_block_column et_pb_css_mix_blend_mode_passthrough\"><div class=\"et_pb_image_0 et_pb_image et_pb_image_sticky et_pb_has_overlay et_pb_module et_block_module\"><a href=\"https:\/\/kurt-singer.com\/thailand\/wp-content\/uploads\/sites\/7\/2024\/08\/2004-Pool.jpg\" class=\"et_pb_lightbox_image\"><span class=\"et_pb_image_wrap\"><img loading=\"lazy\" decoding=\"async\" src=\"https:\/\/kurt-singer.com\/thailand\/wp-content\/uploads\/sites\/7\/2024\/08\/2004-Pool.jpg\" width=\"980\" height=\"735\" srcset=\"https:\/\/kurt-singer.com\/thailand\/wp-content\/uploads\/sites\/7\/2024\/08\/2004-Pool.jpg 980w, https:\/\/kurt-singer.com\/thailand\/wp-content\/uploads\/sites\/7\/2024\/08\/2004-Pool-480x360.jpg 480w\" sizes=\"(min-width: 0px) and (max-width: 480px) 480px, (min-width: 481px) 980px, 100vw\" class=\"wp-image-14975\" \/><span class=\"et_overlay et_pb_inline_icon\" data-icon=\"T\"><\/span><\/span><\/a><\/div><div class=\"et_pb_text_2 et_pb_text et_pb_bg_layout_light et_pb_module et_block_module\"><div class=\"et_pb_text_inner\"><pre style=\"text-align: center;\">Abk\u00fchlung im Pool<\/pre>\n<\/div><\/div><div class=\"et_pb_image_1 et_pb_image et_pb_image_sticky et_pb_has_overlay et_pb_module et_block_module\"><a href=\"https:\/\/kurt-singer.com\/thailand\/wp-content\/uploads\/sites\/7\/2024\/08\/2004-Party.jpg\" class=\"et_pb_lightbox_image\"><span class=\"et_pb_image_wrap\"><img loading=\"lazy\" decoding=\"async\" src=\"https:\/\/kurt-singer.com\/thailand\/wp-content\/uploads\/sites\/7\/2024\/08\/2004-Party.jpg\" width=\"980\" height=\"735\" srcset=\"https:\/\/kurt-singer.com\/thailand\/wp-content\/uploads\/sites\/7\/2024\/08\/2004-Party.jpg 980w, https:\/\/kurt-singer.com\/thailand\/wp-content\/uploads\/sites\/7\/2024\/08\/2004-Party-480x360.jpg 480w\" sizes=\"(min-width: 0px) and (max-width: 480px) 480px, (min-width: 481px) 980px, 100vw\" class=\"wp-image-14976\" \/><span class=\"et_overlay et_pb_inline_icon\" data-icon=\"T\"><\/span><\/span><\/a><\/div><div class=\"et_pb_text_3 et_pb_text et_pb_bg_layout_light et_pb_module et_block_module\"><div class=\"et_pb_text_inner\"><pre style=\"text-align: center;\">Zimmerparty<\/pre>\n<\/div><\/div><\/div><\/div><\/div>\n","protected":false},"excerpt":{"rendered":"","protected":false},"author":1,"featured_media":0,"parent":0,"menu_order":0,"comment_status":"closed","ping_status":"closed","template":"","meta":{"footnotes":""},"class_list":["post-14921","page","type-page","status-publish","hentry"],"_links":{"self":[{"href":"https:\/\/kurt-singer.com\/thailand\/wp-json\/wp\/v2\/pages\/14921","targetHints":{"allow":["GET"]}}],"collection":[{"href":"https:\/\/kurt-singer.com\/thailand\/wp-json\/wp\/v2\/pages"}],"about":[{"href":"https:\/\/kurt-singer.com\/thailand\/wp-json\/wp\/v2\/types\/page"}],"author":[{"embeddable":true,"href":"https:\/\/kurt-singer.com\/thailand\/wp-json\/wp\/v2\/users\/1"}],"replies":[{"embeddable":true,"href":"https:\/\/kurt-singer.com\/thailand\/wp-json\/wp\/v2\/comments?post=14921"}],"version-history":[{"count":4,"href":"https:\/\/kurt-singer.com\/thailand\/wp-json\/wp\/v2\/pages\/14921\/revisions"}],"predecessor-version":[{"id":16085,"href":"https:\/\/kurt-singer.com\/thailand\/wp-json\/wp\/v2\/pages\/14921\/revisions\/16085"}],"wp:attachment":[{"href":"https:\/\/kurt-singer.com\/thailand\/wp-json\/wp\/v2\/media?parent=14921"}],"curies":[{"name":"wp","href":"https:\/\/api.w.org\/{rel}","templated":true}]}}