{"id":15141,"date":"2024-08-13T12:15:46","date_gmt":"2024-08-13T10:15:46","guid":{"rendered":"https:\/\/kurt-singer.com\/thailand\/?page_id=15141"},"modified":"2026-03-25T00:45:04","modified_gmt":"2026-03-24T23:45:04","slug":"2005-ankunft","status":"publish","type":"page","link":"https:\/\/kurt-singer.com\/thailand\/2005-ankunft\/","title":{"rendered":"2005 Ankunft"},"content":{"rendered":"\n<div class=\"et_pb_section_0 et_pb_section et_section_regular et_block_section\"><div class=\"et_pb_row_0 et_pb_row et_block_row\"><div class=\"et_pb_column_0 et_pb_column et_pb_column_4_4 et-last-child et_block_column et_pb_css_mix_blend_mode_passthrough\"><div class=\"et_pb_menu_0 et_pb_menu et_pb_menu--without-logo et_pb_menu--style-left_aligned et_dropdown_animation_fade et_pb_bg_layout_light et_pb_text_align_right-tablet et_pb_text_align_right-phone et_pb_module et_flex_module\"><div class=\"et_pb_menu_inner_container et_flex_module\"><div class=\"et_pb_menu__wrap\"><div class=\"et_pb_menu__menu\"><nav class=\"et-menu-nav\"><ul id=\"menu-reise2005\" class=\"et-menu nav downwards\"><li id=\"menu-item-15167\" class=\"et_pb_menu_page_id-15141 menu-item menu-item-type-post_type menu-item-object-page menu-item-15167\"><a href=\"https:\/\/kurt-singer.com\/thailand\/2005-ankunft\/\">Ankunft<\/a><\/li>\n<li id=\"menu-item-15166\" class=\"et_pb_menu_page_id-15143 menu-item menu-item-type-post_type menu-item-object-page menu-item-15166\"><a href=\"https:\/\/kurt-singer.com\/thailand\/2005-arbeiten\/\">Arbeiten<\/a><\/li>\n<li id=\"menu-item-15165\" class=\"et_pb_menu_page_id-15145 menu-item menu-item-type-post_type menu-item-object-page menu-item-15165\"><a href=\"https:\/\/kurt-singer.com\/thailand\/2005-geburtstag\/\">Geburtstag<\/a><\/li>\n<li id=\"menu-item-15164\" class=\"et_pb_menu_page_id-15147 menu-item menu-item-type-post_type menu-item-object-page menu-item-has-children menu-item-15164\"><a href=\"https:\/\/kurt-singer.com\/thailand\/2005-ausfluege\/\">Ausfl\u00fcge<\/a>\n<ul class=\"sub-menu\">\n\t<li id=\"menu-item-15163\" class=\"et_pb_menu_page_id-15149 menu-item menu-item-type-post_type menu-item-object-page menu-item-15163\"><a href=\"https:\/\/kurt-singer.com\/thailand\/2005-korat-zoo\/\">2005 Korat Zoo<\/a><\/li>\n\t<li id=\"menu-item-15162\" class=\"et_pb_menu_page_id-15151 menu-item menu-item-type-post_type menu-item-object-page menu-item-15162\"><a href=\"https:\/\/kurt-singer.com\/thailand\/2005-sema\/\">2005 Sema<\/a><\/li>\n\t<li id=\"menu-item-15161\" class=\"et_pb_menu_page_id-15153 menu-item menu-item-type-post_type menu-item-object-page menu-item-15161\"><a href=\"https:\/\/kurt-singer.com\/thailand\/2005-luong-pho-khun\/\">2005 Luong Pho Khun<\/a><\/li>\n\t<li id=\"menu-item-15160\" class=\"et_pb_menu_page_id-15155 menu-item menu-item-type-post_type menu-item-object-page menu-item-15160\"><a href=\"https:\/\/kurt-singer.com\/thailand\/2005-pa-kho\/\">2005 Pa Kho<\/a><\/li>\n\t<li id=\"menu-item-15159\" class=\"et_pb_menu_page_id-15157 menu-item menu-item-type-post_type menu-item-object-page menu-item-15159\"><a href=\"https:\/\/kurt-singer.com\/thailand\/2005-phi-mai\/\">2005 Phi Mai<\/a><\/li>\n<\/ul>\n<\/li>\n<\/ul><\/nav><\/div><div class=\"et_mobile_nav_menu\"><div class=\"mobile_nav closed\"><span class=\"mobile_menu_bar\"><\/span><\/div><\/div><\/div><\/div><\/div><\/div><\/div><\/div><div class=\"et_pb_section_1 et_pb_section et_section_regular et_block_section\"><div class=\"et_pb_row_1 et_pb_row et_block_row\"><div class=\"et_pb_column_1 et_pb_column et_pb_column_4_4 et-last-child et_block_column et_pb_css_mix_blend_mode_passthrough\"><div class=\"et_pb_text_0 et_pb_text et_pb_bg_layout_light et_pb_module et_block_module\"><div class=\"et_pb_text_inner\"><h1>Hinflug am 23.7.2005, Ankunft in Bangkok und Fahrt nach Korat<\/h1>\n<\/div><\/div><\/div><\/div><div class=\"et_pb_row_2 et_pb_row et_pb_row_3-4_1-4 et_block_row et_block_row_3-4_1-4\"><div class=\"et_pb_column_2 et_pb_column et_pb_column_3_4 et_block_column et_pb_css_mix_blend_mode_passthrough\"><div class=\"et_pb_text_1 et_pb_text et_pb_bg_layout_light et_pb_module et_block_module\"><div class=\"et_pb_text_inner\"><p>Am 23. Juli 2005 ist erneut der Start f\u00fcr eine Reise, dieses Mal in ganz grosser Besetzung. Ich habe meine Frau All, Tochter Nareerat und die Enkelkinder Vanessa und Marko verpackt und mitgenommen. Grosses Gep\u00e4ck war angesagt, 4 Koffer, 3 Taschen und einiges an Handgep\u00e4ck.<\/p>\n<p>Die Fahrt zum Flughafen erfolgt im PKW, eine einfache Anreiseart. Wir nehmen zum Parken ein Angebot an, welches bewachtes Parken in der N\u00e4he des Flughafens einschliesslich Transfer beinhaltet. Check in ist in Terminal 2, was auf jeden Fall ein Vorteil ist. Die Halle ist \u00fcbersichtlich, und Etihad Airlines ist recht gut organisiert. Etihad ist durchaus empfehlenswert, hat aber den Sprung zur Spitzenairline noch lange nicht geschafft.<\/p>\n<p>Wie auch immer, als ich das erste Erinnerungsfoto machen will merke ich sofort, was ich vergessen hatte: meiner Frau die Digitalkamera in die Hand zu dr\u00fccken. Ich hatte ihr lediglich gesagt, sie m\u00f6ge sie nicht vergessen, und habe sie direkt neben der Haust\u00fcr deponiert. Gut, dass meine Tochter noch eine Ersatzkamera mitgenommen hat, die eigentlich besser sein soll als die Meine. Wir werden sehen.<\/p>\n<p>Der Flug verl\u00e4uft ohne grosse Aufregung, die Kinder werden von unserer Saftschubse gut versorgt, auch wenn Marko hier etwas skeptisch schaut.<\/p>\n<p>Fast p\u00fcnktlich landen wir in Bangkok und erwarten unseren grossen Bahnhof (wie letztes Jahr). In der Ankunftshalle angekommen schauen wir uns vergebens um: kein Abholkommando zur Stelle. Weder links noch rechts, weder vorne noch hinten. Nach gut einer Stunde realisierte ich, dass es am Don Muang zwei Terminals gibt. So lange ich nach Bangkok fliege, habe ich das nicht bemerkt. Man muss seinen Abholern schon mitteilen, mit welcher Airline man fliegt, dann k\u00f6nnen die auch richtig warten. Und so war es auch: man wartet in dem Terminal, in dem die Thai ankommt. All kann \u201cEtihad\u201d nicht aussprechen und hat daher den Namen der Airline bei den Telefonaten ganz weggelassen.<\/p>\n<p>Typisch Thai. Das ist es !!!<\/p>\n<p>In Thailand passen in jedes Fahrzeug mehr Personen als in Deutschland, und so fahren vom Airport Don Muang in einem 8-sitzer Bus 16 Personen, davon 3 Kinder. Regen ist angesagt, aber nur leichter Nieselregen.<\/p>\n<p>Mit einer Essenspause (nat\u00fcrlich) kommen wir kurz nach Mitternacht im Hotel in Korat an, und trotz der Zeit war ausreichend Personal da zum Kofferschleppen.<\/p>\n<p>Gute Nacht.<\/p>\n<\/div><\/div><\/div><div class=\"et_pb_column_3 et_pb_column et_pb_column_1_4 et-last-child et_block_column et_pb_css_mix_blend_mode_passthrough\"><div class=\"et_pb_image_0 et_pb_image et_pb_image_sticky et_pb_has_overlay et_pb_module et_block_module\"><a href=\"https:\/\/kurt-singer.com\/thailand\/wp-content\/uploads\/sites\/7\/2024\/08\/2005-Sky-Train.jpg\" class=\"et_pb_lightbox_image\"><span class=\"et_pb_image_wrap\"><img loading=\"lazy\" decoding=\"async\" src=\"https:\/\/kurt-singer.com\/thailand\/wp-content\/uploads\/sites\/7\/2024\/08\/2005-Sky-Train.jpg\" width=\"980\" height=\"735\" srcset=\"https:\/\/kurt-singer.com\/thailand\/wp-content\/uploads\/sites\/7\/2024\/08\/2005-Sky-Train.jpg 980w, https:\/\/kurt-singer.com\/thailand\/wp-content\/uploads\/sites\/7\/2024\/08\/2005-Sky-Train-480x360.jpg 480w\" sizes=\"(min-width: 0px) and (max-width: 480px) 480px, (min-width: 481px) 980px, 100vw\" class=\"wp-image-15219\" \/><span class=\"et_overlay et_pb_inline_icon\" data-icon=\"T\"><\/span><\/span><\/a><\/div><div class=\"et_pb_text_2 et_pb_text et_pb_bg_layout_light et_pb_module et_block_module\"><div class=\"et_pb_text_inner\"><pre style=\"text-align: center;\">Sky Train Frankfurt<\/pre>\n<\/div><\/div><div class=\"et_pb_image_1 et_pb_image et_pb_image_sticky et_pb_has_overlay et_pb_module et_block_module\"><a href=\"https:\/\/kurt-singer.com\/thailand\/wp-content\/uploads\/sites\/7\/2024\/08\/2005-AUH.jpg\" class=\"et_pb_lightbox_image\"><span class=\"et_pb_image_wrap\"><img loading=\"lazy\" decoding=\"async\" src=\"https:\/\/kurt-singer.com\/thailand\/wp-content\/uploads\/sites\/7\/2024\/08\/2005-AUH.jpg\" width=\"980\" height=\"735\" srcset=\"https:\/\/kurt-singer.com\/thailand\/wp-content\/uploads\/sites\/7\/2024\/08\/2005-AUH.jpg 980w, https:\/\/kurt-singer.com\/thailand\/wp-content\/uploads\/sites\/7\/2024\/08\/2005-AUH-480x360.jpg 480w\" sizes=\"(min-width: 0px) and (max-width: 480px) 480px, (min-width: 481px) 980px, 100vw\" class=\"wp-image-15220\" \/><span class=\"et_overlay et_pb_inline_icon\" data-icon=\"T\"><\/span><\/span><\/a><\/div><div class=\"et_pb_text_3 et_pb_text et_pb_bg_layout_light et_pb_module et_block_module\"><div class=\"et_pb_text_inner\"><pre style=\"text-align: center;\">Abu Dhabi Airport<\/pre>\n<\/div><\/div><div class=\"et_pb_image_2 et_pb_image et_pb_image_sticky et_pb_has_overlay et_pb_module et_block_module\"><a href=\"https:\/\/kurt-singer.com\/thailand\/wp-content\/uploads\/sites\/7\/2024\/08\/2005-Ankunftsessen.jpg\" class=\"et_pb_lightbox_image\"><span class=\"et_pb_image_wrap\"><img loading=\"lazy\" decoding=\"async\" src=\"https:\/\/kurt-singer.com\/thailand\/wp-content\/uploads\/sites\/7\/2024\/08\/2005-Ankunftsessen.jpg\" width=\"980\" height=\"735\" srcset=\"https:\/\/kurt-singer.com\/thailand\/wp-content\/uploads\/sites\/7\/2024\/08\/2005-Ankunftsessen.jpg 980w, https:\/\/kurt-singer.com\/thailand\/wp-content\/uploads\/sites\/7\/2024\/08\/2005-Ankunftsessen-480x360.jpg 480w\" sizes=\"(min-width: 0px) and (max-width: 480px) 480px, (min-width: 481px) 980px, 100vw\" class=\"wp-image-15221\" \/><span class=\"et_overlay et_pb_inline_icon\" data-icon=\"T\"><\/span><\/span><\/a><\/div><div class=\"et_pb_text_4 et_pb_text et_pb_bg_layout_light et_pb_module et_block_module\"><div class=\"et_pb_text_inner\"><pre style=\"text-align: center;\">Begr\u00fc\u00dfungsessen in Korat<\/pre>\n<\/div><\/div><\/div><\/div><\/div>\n","protected":false},"excerpt":{"rendered":"","protected":false},"author":1,"featured_media":0,"parent":0,"menu_order":0,"comment_status":"closed","ping_status":"closed","template":"","meta":{"footnotes":""},"class_list":["post-15141","page","type-page","status-publish","hentry"],"_links":{"self":[{"href":"https:\/\/kurt-singer.com\/thailand\/wp-json\/wp\/v2\/pages\/15141","targetHints":{"allow":["GET"]}}],"collection":[{"href":"https:\/\/kurt-singer.com\/thailand\/wp-json\/wp\/v2\/pages"}],"about":[{"href":"https:\/\/kurt-singer.com\/thailand\/wp-json\/wp\/v2\/types\/page"}],"author":[{"embeddable":true,"href":"https:\/\/kurt-singer.com\/thailand\/wp-json\/wp\/v2\/users\/1"}],"replies":[{"embeddable":true,"href":"https:\/\/kurt-singer.com\/thailand\/wp-json\/wp\/v2\/comments?post=15141"}],"version-history":[{"count":4,"href":"https:\/\/kurt-singer.com\/thailand\/wp-json\/wp\/v2\/pages\/15141\/revisions"}],"predecessor-version":[{"id":16090,"href":"https:\/\/kurt-singer.com\/thailand\/wp-json\/wp\/v2\/pages\/15141\/revisions\/16090"}],"wp:attachment":[{"href":"https:\/\/kurt-singer.com\/thailand\/wp-json\/wp\/v2\/media?parent=15141"}],"curies":[{"name":"wp","href":"https:\/\/api.w.org\/{rel}","templated":true}]}}