{"id":15145,"date":"2024-08-13T12:16:21","date_gmt":"2024-08-13T10:16:21","guid":{"rendered":"https:\/\/kurt-singer.com\/thailand\/?page_id=15145"},"modified":"2026-03-25T00:45:07","modified_gmt":"2026-03-24T23:45:07","slug":"2005-geburtstag","status":"publish","type":"page","link":"https:\/\/kurt-singer.com\/thailand\/2005-geburtstag\/","title":{"rendered":"2005 Geburtstag"},"content":{"rendered":"\n<div class=\"et_pb_section_0 et_pb_section et_section_regular et_block_section\"><div class=\"et_pb_row_0 et_pb_row et_block_row\"><div class=\"et_pb_column_0 et_pb_column et_pb_column_4_4 et-last-child et_block_column et_pb_css_mix_blend_mode_passthrough\"><div class=\"et_pb_menu_0 et_pb_menu et_pb_menu--without-logo et_pb_menu--style-left_aligned et_dropdown_animation_fade et_pb_bg_layout_light et_pb_text_align_right-tablet et_pb_text_align_right-phone et_pb_module et_flex_module\"><div class=\"et_pb_menu_inner_container et_flex_module\"><div class=\"et_pb_menu__wrap\"><div class=\"et_pb_menu__menu\"><nav class=\"et-menu-nav\"><ul id=\"menu-reise2005\" class=\"et-menu nav downwards\"><li id=\"menu-item-15167\" class=\"et_pb_menu_page_id-15141 menu-item menu-item-type-post_type menu-item-object-page menu-item-15167\"><a href=\"https:\/\/kurt-singer.com\/thailand\/2005-ankunft\/\">Ankunft<\/a><\/li>\n<li id=\"menu-item-15166\" class=\"et_pb_menu_page_id-15143 menu-item menu-item-type-post_type menu-item-object-page menu-item-15166\"><a href=\"https:\/\/kurt-singer.com\/thailand\/2005-arbeiten\/\">Arbeiten<\/a><\/li>\n<li id=\"menu-item-15165\" class=\"et_pb_menu_page_id-15145 menu-item menu-item-type-post_type menu-item-object-page menu-item-15165\"><a href=\"https:\/\/kurt-singer.com\/thailand\/2005-geburtstag\/\">Geburtstag<\/a><\/li>\n<li id=\"menu-item-15164\" class=\"et_pb_menu_page_id-15147 menu-item menu-item-type-post_type menu-item-object-page menu-item-has-children menu-item-15164\"><a href=\"https:\/\/kurt-singer.com\/thailand\/2005-ausfluege\/\">Ausfl\u00fcge<\/a>\n<ul class=\"sub-menu\">\n\t<li id=\"menu-item-15163\" class=\"et_pb_menu_page_id-15149 menu-item menu-item-type-post_type menu-item-object-page menu-item-15163\"><a href=\"https:\/\/kurt-singer.com\/thailand\/2005-korat-zoo\/\">2005 Korat Zoo<\/a><\/li>\n\t<li id=\"menu-item-15162\" class=\"et_pb_menu_page_id-15151 menu-item menu-item-type-post_type menu-item-object-page menu-item-15162\"><a href=\"https:\/\/kurt-singer.com\/thailand\/2005-sema\/\">2005 Sema<\/a><\/li>\n\t<li id=\"menu-item-15161\" class=\"et_pb_menu_page_id-15153 menu-item menu-item-type-post_type menu-item-object-page menu-item-15161\"><a href=\"https:\/\/kurt-singer.com\/thailand\/2005-luong-pho-khun\/\">2005 Luong Pho Khun<\/a><\/li>\n\t<li id=\"menu-item-15160\" class=\"et_pb_menu_page_id-15155 menu-item menu-item-type-post_type menu-item-object-page menu-item-15160\"><a href=\"https:\/\/kurt-singer.com\/thailand\/2005-pa-kho\/\">2005 Pa Kho<\/a><\/li>\n\t<li id=\"menu-item-15159\" class=\"et_pb_menu_page_id-15157 menu-item menu-item-type-post_type menu-item-object-page menu-item-15159\"><a href=\"https:\/\/kurt-singer.com\/thailand\/2005-phi-mai\/\">2005 Phi Mai<\/a><\/li>\n<\/ul>\n<\/li>\n<\/ul><\/nav><\/div><div class=\"et_mobile_nav_menu\"><div class=\"mobile_nav closed\"><span class=\"mobile_menu_bar\"><\/span><\/div><\/div><\/div><\/div><\/div><\/div><\/div><\/div><div class=\"et_pb_section_1 et_pb_section et_section_regular et_block_section\"><div class=\"et_pb_row_1 et_pb_row et_block_row\"><div class=\"et_pb_column_1 et_pb_column et_pb_column_4_4 et-last-child et_block_column et_pb_css_mix_blend_mode_passthrough\"><div class=\"et_pb_text_0 et_pb_text et_pb_bg_layout_light et_pb_module et_block_module\"><div class=\"et_pb_text_inner\"><h1>Geburtstag meiner lieben All<\/h1>\n<\/div><\/div><\/div><\/div><div class=\"et_pb_row_2 et_pb_row et_pb_row_3-4_1-4 et_block_row et_block_row_3-4_1-4\"><div class=\"et_pb_column_2 et_pb_column et_pb_column_3_4 et_block_column et_pb_css_mix_blend_mode_passthrough\"><div class=\"et_pb_text_1 et_pb_text et_pb_bg_layout_light et_pb_module et_block_module\"><div class=\"et_pb_text_inner\"><p><strong>Montag, 1.8.<\/strong><\/p>\n<p>Heute hat All Geburtstag. Am Abend gehen wir ganz gross Essen, in meinem neuen Lieblingsrestaurant. Wir sind 11 Erwachsene und 3 Kinder, der Preis fuer alle 1.300 Baht inklusive Getr\u00e4nke.<\/p>\n<p>All ist seit der Klimatisierung des Nachbarschlafzimmers f\u00fcr Tochter und Enkelkinder nicht mehr aus demselben zu vertreiben, und so entschlie\u00dfe ich mich, auch in unserem Schlafzimmer eine Air-Con einbauen zu lassen, obwohl ich das bis dahin ablehnte. Seitdem bin auch ich nicht mehr aus dem Schlafzimmer zu vertreiben.<\/p>\n<p><strong>Dienstag, 2.8.<\/strong><\/p>\n<p>Aus den Nachrichten erfahre ich, dass es in Pattaya einen gro\u00dfen Sturm gegeben hat. Im ganzen Golf von Siam soll es Verw\u00fcstungen gegeben haben, in Pattaya ein Tourist ertrunken sein.<\/p>\n<p>Ich stelle inzwischen fest, dass ich ohne Auto in Ban Hua Talae ziemlich verloren w\u00e4re. Bis Korat sind es doch einige Kilometer, und die Busverbindungen bzw. die Song Taew habe ich linienm\u00e4\u00dfig noch nicht ganz durchschaut.<\/p>\n<p>Was ich bisher herausgefunden habe: aus unserer Siedlung Rung Arun Village f\u00e4hrt die Linie 5, aus Korat heraus aber nur bis 17 Uhr. Und von der Hauptstra\u00dfe Korat-Chok Chai f\u00e4hrt die 7 nach Korat, aber wohin sie aus Korat heraus f\u00e4hrt wei\u00df ich nicht. Es gibt keinen Plan, weder einen Fahrplan noch einen Linienplan. Ob das ein Bet\u00e4tigungsfeld f\u00fcr mich w\u00e4re?<\/p>\n<\/div><\/div><\/div><div class=\"et_pb_column_3 et_pb_column et_pb_column_1_4 et-last-child et_block_column et_pb_css_mix_blend_mode_passthrough\"><div class=\"et_pb_image_0 et_pb_image et_pb_image_sticky et_pb_has_overlay et_pb_module et_block_module\"><a href=\"https:\/\/kurt-singer.com\/thailand\/wp-content\/uploads\/sites\/7\/2024\/08\/2005-Geburtstagsessen.jpg\" class=\"et_pb_lightbox_image\"><span class=\"et_pb_image_wrap\"><img loading=\"lazy\" decoding=\"async\" src=\"https:\/\/kurt-singer.com\/thailand\/wp-content\/uploads\/sites\/7\/2024\/08\/2005-Geburtstagsessen.jpg\" width=\"980\" height=\"735\" srcset=\"https:\/\/kurt-singer.com\/thailand\/wp-content\/uploads\/sites\/7\/2024\/08\/2005-Geburtstagsessen.jpg 980w, https:\/\/kurt-singer.com\/thailand\/wp-content\/uploads\/sites\/7\/2024\/08\/2005-Geburtstagsessen-480x360.jpg 480w\" sizes=\"(min-width: 0px) and (max-width: 480px) 480px, (min-width: 481px) 980px, 100vw\" class=\"wp-image-15212\" \/><span class=\"et_overlay et_pb_inline_icon\" data-icon=\"T\"><\/span><\/span><\/a><\/div><div class=\"et_pb_text_2 et_pb_text et_pb_bg_layout_light et_pb_module et_block_module\"><div class=\"et_pb_text_inner\"><pre style=\"text-align: center;\">Geburtstagsessen<\/pre>\n<\/div><\/div><div class=\"et_pb_image_1 et_pb_image et_pb_image_sticky et_pb_has_overlay et_pb_module et_block_module\"><a href=\"https:\/\/kurt-singer.com\/thailand\/wp-content\/uploads\/sites\/7\/2024\/08\/2005-Geburtstagskuchen.jpg\" class=\"et_pb_lightbox_image\"><span class=\"et_pb_image_wrap\"><img loading=\"lazy\" decoding=\"async\" src=\"https:\/\/kurt-singer.com\/thailand\/wp-content\/uploads\/sites\/7\/2024\/08\/2005-Geburtstagskuchen.jpg\" width=\"980\" height=\"735\" srcset=\"https:\/\/kurt-singer.com\/thailand\/wp-content\/uploads\/sites\/7\/2024\/08\/2005-Geburtstagskuchen.jpg 980w, https:\/\/kurt-singer.com\/thailand\/wp-content\/uploads\/sites\/7\/2024\/08\/2005-Geburtstagskuchen-480x360.jpg 480w\" sizes=\"(min-width: 0px) and (max-width: 480px) 480px, (min-width: 481px) 980px, 100vw\" class=\"wp-image-15213\" \/><span class=\"et_overlay et_pb_inline_icon\" data-icon=\"T\"><\/span><\/span><\/a><\/div><div class=\"et_pb_text_3 et_pb_text et_pb_bg_layout_light et_pb_module et_block_module\"><div class=\"et_pb_text_inner\"><pre style=\"text-align: center;\">In Bang Pa In<\/pre>\n<\/div><\/div><div class=\"et_pb_image_2 et_pb_image et_pb_image_sticky et_pb_has_overlay et_pb_module et_block_module\"><a href=\"https:\/\/kurt-singer.com\/thailand\/wp-content\/uploads\/sites\/7\/2024\/08\/2005-Geburtstagsgratulanten.jpg\" class=\"et_pb_lightbox_image\"><span class=\"et_pb_image_wrap\"><img loading=\"lazy\" decoding=\"async\" src=\"https:\/\/kurt-singer.com\/thailand\/wp-content\/uploads\/sites\/7\/2024\/08\/2005-Geburtstagsgratulanten.jpg\" width=\"980\" height=\"735\" srcset=\"https:\/\/kurt-singer.com\/thailand\/wp-content\/uploads\/sites\/7\/2024\/08\/2005-Geburtstagsgratulanten.jpg 980w, https:\/\/kurt-singer.com\/thailand\/wp-content\/uploads\/sites\/7\/2024\/08\/2005-Geburtstagsgratulanten-480x360.jpg 480w\" sizes=\"(min-width: 0px) and (max-width: 480px) 480px, (min-width: 481px) 980px, 100vw\" class=\"wp-image-15214\" \/><span class=\"et_overlay et_pb_inline_icon\" data-icon=\"T\"><\/span><\/span><\/a><\/div><div class=\"et_pb_text_4 et_pb_text et_pb_bg_layout_light et_pb_module et_block_module\"><div class=\"et_pb_text_inner\"><pre style=\"text-align: center;\">Geburtstagsgratulanten<\/pre>\n<\/div><\/div><\/div><\/div><\/div>\n","protected":false},"excerpt":{"rendered":"","protected":false},"author":1,"featured_media":0,"parent":0,"menu_order":0,"comment_status":"closed","ping_status":"closed","template":"","meta":{"footnotes":""},"class_list":["post-15145","page","type-page","status-publish","hentry"],"_links":{"self":[{"href":"https:\/\/kurt-singer.com\/thailand\/wp-json\/wp\/v2\/pages\/15145","targetHints":{"allow":["GET"]}}],"collection":[{"href":"https:\/\/kurt-singer.com\/thailand\/wp-json\/wp\/v2\/pages"}],"about":[{"href":"https:\/\/kurt-singer.com\/thailand\/wp-json\/wp\/v2\/types\/page"}],"author":[{"embeddable":true,"href":"https:\/\/kurt-singer.com\/thailand\/wp-json\/wp\/v2\/users\/1"}],"replies":[{"embeddable":true,"href":"https:\/\/kurt-singer.com\/thailand\/wp-json\/wp\/v2\/comments?post=15145"}],"version-history":[{"count":4,"href":"https:\/\/kurt-singer.com\/thailand\/wp-json\/wp\/v2\/pages\/15145\/revisions"}],"predecessor-version":[{"id":16092,"href":"https:\/\/kurt-singer.com\/thailand\/wp-json\/wp\/v2\/pages\/15145\/revisions\/16092"}],"wp:attachment":[{"href":"https:\/\/kurt-singer.com\/thailand\/wp-json\/wp\/v2\/media?parent=15145"}],"curies":[{"name":"wp","href":"https:\/\/api.w.org\/{rel}","templated":true}]}}