{"id":15153,"date":"2024-08-13T12:17:52","date_gmt":"2024-08-13T10:17:52","guid":{"rendered":"https:\/\/kurt-singer.com\/thailand\/?page_id=15153"},"modified":"2026-03-25T00:45:12","modified_gmt":"2026-03-24T23:45:12","slug":"2005-luong-pho-khun","status":"publish","type":"page","link":"https:\/\/kurt-singer.com\/thailand\/2005-luong-pho-khun\/","title":{"rendered":"2005 Luong Pho Khun"},"content":{"rendered":"\n<div class=\"et_pb_section_0 et_pb_section et_section_regular et_block_section\"><div class=\"et_pb_row_0 et_pb_row et_block_row\"><div class=\"et_pb_column_0 et_pb_column et_pb_column_4_4 et-last-child et_block_column et_pb_css_mix_blend_mode_passthrough\"><div class=\"et_pb_menu_0 et_pb_menu et_pb_menu--without-logo et_pb_menu--style-left_aligned et_dropdown_animation_fade et_pb_bg_layout_light et_pb_text_align_right-tablet et_pb_text_align_right-phone et_pb_module et_flex_module\"><div class=\"et_pb_menu_inner_container et_flex_module\"><div class=\"et_pb_menu__wrap\"><div class=\"et_pb_menu__menu\"><nav class=\"et-menu-nav\"><ul id=\"menu-reise2005\" class=\"et-menu nav downwards\"><li id=\"menu-item-15167\" class=\"et_pb_menu_page_id-15141 menu-item menu-item-type-post_type menu-item-object-page menu-item-15167\"><a href=\"https:\/\/kurt-singer.com\/thailand\/2005-ankunft\/\">Ankunft<\/a><\/li>\n<li id=\"menu-item-15166\" class=\"et_pb_menu_page_id-15143 menu-item menu-item-type-post_type menu-item-object-page menu-item-15166\"><a href=\"https:\/\/kurt-singer.com\/thailand\/2005-arbeiten\/\">Arbeiten<\/a><\/li>\n<li id=\"menu-item-15165\" class=\"et_pb_menu_page_id-15145 menu-item menu-item-type-post_type menu-item-object-page menu-item-15165\"><a href=\"https:\/\/kurt-singer.com\/thailand\/2005-geburtstag\/\">Geburtstag<\/a><\/li>\n<li id=\"menu-item-15164\" class=\"et_pb_menu_page_id-15147 menu-item menu-item-type-post_type menu-item-object-page menu-item-has-children menu-item-15164\"><a href=\"https:\/\/kurt-singer.com\/thailand\/2005-ausfluege\/\">Ausfl\u00fcge<\/a>\n<ul class=\"sub-menu\">\n\t<li id=\"menu-item-15163\" class=\"et_pb_menu_page_id-15149 menu-item menu-item-type-post_type menu-item-object-page menu-item-15163\"><a href=\"https:\/\/kurt-singer.com\/thailand\/2005-korat-zoo\/\">2005 Korat Zoo<\/a><\/li>\n\t<li id=\"menu-item-15162\" class=\"et_pb_menu_page_id-15151 menu-item menu-item-type-post_type menu-item-object-page menu-item-15162\"><a href=\"https:\/\/kurt-singer.com\/thailand\/2005-sema\/\">2005 Sema<\/a><\/li>\n\t<li id=\"menu-item-15161\" class=\"et_pb_menu_page_id-15153 menu-item menu-item-type-post_type menu-item-object-page menu-item-15161\"><a href=\"https:\/\/kurt-singer.com\/thailand\/2005-luong-pho-khun\/\">2005 Luong Pho Khun<\/a><\/li>\n\t<li id=\"menu-item-15160\" class=\"et_pb_menu_page_id-15155 menu-item menu-item-type-post_type menu-item-object-page menu-item-15160\"><a href=\"https:\/\/kurt-singer.com\/thailand\/2005-pa-kho\/\">2005 Pa Kho<\/a><\/li>\n\t<li id=\"menu-item-15159\" class=\"et_pb_menu_page_id-15157 menu-item menu-item-type-post_type menu-item-object-page menu-item-15159\"><a href=\"https:\/\/kurt-singer.com\/thailand\/2005-phi-mai\/\">2005 Phi Mai<\/a><\/li>\n<\/ul>\n<\/li>\n<\/ul><\/nav><\/div><div class=\"et_mobile_nav_menu\"><div class=\"mobile_nav closed\"><span class=\"mobile_menu_bar\"><\/span><\/div><\/div><\/div><\/div><\/div><\/div><\/div><\/div><div class=\"et_pb_section_1 et_pb_section et_section_regular et_block_section\"><div class=\"et_pb_row_1 et_pb_row et_block_row\"><div class=\"et_pb_column_1 et_pb_column et_pb_column_4_4 et-last-child et_block_column et_pb_css_mix_blend_mode_passthrough\"><div class=\"et_pb_text_0 et_pb_text et_pb_bg_layout_light et_pb_module et_block_module\"><div class=\"et_pb_text_inner\"><h1>Wat Nong Bua Rong, Luong Pho Khun und Wat \u201cSorapong\u201d.<\/h1>\n<\/div><\/div><\/div><\/div><div class=\"et_pb_row_2 et_pb_row et_pb_row_3-4_1-4 et_block_row et_block_row_3-4_1-4\"><div class=\"et_pb_column_2 et_pb_column et_pb_column_3_4 et_block_column et_pb_css_mix_blend_mode_passthrough\"><div class=\"et_pb_text_1 et_pb_text et_pb_bg_layout_light et_pb_module et_block_module\"><div class=\"et_pb_text_inner\"><p><strong>Sonntag, 7.8.<\/strong><\/p>\n<p>Am Wochenende besuche ich Wat Nong Bua Rong. Interessant ist, dass der ber\u00fchmte Abt Luong Pho Khun Parisutha jetzt wegen seines angegriffenen Gesundheitszustandes vor\u00fcbergehend hier lebt und wirkt . Er lebt normalerweise in Wat Ban Rai, das durch ihn und sein Wirken ber\u00fchmt wurde.<\/p>\n<p><strong><em>Anm.: Er starb am 16. Mai 2015 im Alter von 92 Jahren.<\/em><\/strong><\/p>\n<p>Und weil wir gerade dabei sind fahren wir auch noch zum Wat Sorapong (ist nicht der richtige Name, wird allgemein so genannt, weil der ber\u00fchmte Schauspieler Sorapong zur Finanzierung beitr\u00e4gt). Der richtige Name lautet Wat Somded Put Phra Jando.<\/p>\n<\/div><\/div><\/div><div class=\"et_pb_column_3 et_pb_column et_pb_column_1_4 et-last-child et_block_column et_pb_css_mix_blend_mode_passthrough\"><div class=\"et_pb_image_0 et_pb_image et_pb_image_sticky et_pb_has_overlay et_pb_module et_block_module\"><a href=\"https:\/\/kurt-singer.com\/thailand\/wp-content\/uploads\/sites\/7\/2024\/08\/2005-LuongPhoKhun.jpg\" class=\"et_pb_lightbox_image\"><span class=\"et_pb_image_wrap\"><img loading=\"lazy\" decoding=\"async\" src=\"https:\/\/kurt-singer.com\/thailand\/wp-content\/uploads\/sites\/7\/2024\/08\/2005-LuongPhoKhun.jpg\" width=\"980\" height=\"735\" srcset=\"https:\/\/kurt-singer.com\/thailand\/wp-content\/uploads\/sites\/7\/2024\/08\/2005-LuongPhoKhun.jpg 980w, https:\/\/kurt-singer.com\/thailand\/wp-content\/uploads\/sites\/7\/2024\/08\/2005-LuongPhoKhun-480x360.jpg 480w\" sizes=\"(min-width: 0px) and (max-width: 480px) 480px, (min-width: 481px) 980px, 100vw\" class=\"wp-image-15204\" \/><span class=\"et_overlay et_pb_inline_icon\" data-icon=\"T\"><\/span><\/span><\/a><\/div><div class=\"et_pb_text_2 et_pb_text et_pb_bg_layout_light et_pb_module et_block_module\"><div class=\"et_pb_text_inner\"><pre style=\"text-align: center;\">Luong Pho Khun<\/pre>\n<\/div><\/div><div class=\"et_pb_image_1 et_pb_image et_pb_image_sticky et_pb_has_overlay et_pb_module et_block_module\"><a href=\"https:\/\/kurt-singer.com\/thailand\/wp-content\/uploads\/sites\/7\/2024\/08\/2005-WatSorapong.jpg\" class=\"et_pb_lightbox_image\"><span class=\"et_pb_image_wrap\"><img loading=\"lazy\" decoding=\"async\" src=\"https:\/\/kurt-singer.com\/thailand\/wp-content\/uploads\/sites\/7\/2024\/08\/2005-WatSorapong.jpg\" width=\"980\" height=\"735\" srcset=\"https:\/\/kurt-singer.com\/thailand\/wp-content\/uploads\/sites\/7\/2024\/08\/2005-WatSorapong.jpg 980w, https:\/\/kurt-singer.com\/thailand\/wp-content\/uploads\/sites\/7\/2024\/08\/2005-WatSorapong-480x360.jpg 480w\" sizes=\"(min-width: 0px) and (max-width: 480px) 480px, (min-width: 481px) 980px, 100vw\" class=\"wp-image-15205\" \/><span class=\"et_overlay et_pb_inline_icon\" data-icon=\"T\"><\/span><\/span><\/a><\/div><div class=\"et_pb_text_3 et_pb_text et_pb_bg_layout_light et_pb_module et_block_module\"><div class=\"et_pb_text_inner\"><pre style=\"text-align: center;\">Im Wat Sorapong<\/pre>\n<\/div><\/div><\/div><\/div><\/div>\n","protected":false},"excerpt":{"rendered":"","protected":false},"author":1,"featured_media":0,"parent":0,"menu_order":0,"comment_status":"closed","ping_status":"closed","template":"","meta":{"footnotes":""},"class_list":["post-15153","page","type-page","status-publish","hentry"],"_links":{"self":[{"href":"https:\/\/kurt-singer.com\/thailand\/wp-json\/wp\/v2\/pages\/15153","targetHints":{"allow":["GET"]}}],"collection":[{"href":"https:\/\/kurt-singer.com\/thailand\/wp-json\/wp\/v2\/pages"}],"about":[{"href":"https:\/\/kurt-singer.com\/thailand\/wp-json\/wp\/v2\/types\/page"}],"author":[{"embeddable":true,"href":"https:\/\/kurt-singer.com\/thailand\/wp-json\/wp\/v2\/users\/1"}],"replies":[{"embeddable":true,"href":"https:\/\/kurt-singer.com\/thailand\/wp-json\/wp\/v2\/comments?post=15153"}],"version-history":[{"count":4,"href":"https:\/\/kurt-singer.com\/thailand\/wp-json\/wp\/v2\/pages\/15153\/revisions"}],"predecessor-version":[{"id":16096,"href":"https:\/\/kurt-singer.com\/thailand\/wp-json\/wp\/v2\/pages\/15153\/revisions\/16096"}],"wp:attachment":[{"href":"https:\/\/kurt-singer.com\/thailand\/wp-json\/wp\/v2\/media?parent=15153"}],"curies":[{"name":"wp","href":"https:\/\/api.w.org\/{rel}","templated":true}]}}