{"id":15155,"date":"2024-08-13T12:18:12","date_gmt":"2024-08-13T10:18:12","guid":{"rendered":"https:\/\/kurt-singer.com\/thailand\/?page_id=15155"},"modified":"2026-03-25T00:45:15","modified_gmt":"2026-03-24T23:45:15","slug":"2005-pa-kho","status":"publish","type":"page","link":"https:\/\/kurt-singer.com\/thailand\/2005-pa-kho\/","title":{"rendered":"2005 Pa Kho"},"content":{"rendered":"\n<div class=\"et_pb_section_0 et_pb_section et_section_regular et_block_section\"><div class=\"et_pb_row_0 et_pb_row et_block_row\"><div class=\"et_pb_column_0 et_pb_column et_pb_column_4_4 et-last-child et_block_column et_pb_css_mix_blend_mode_passthrough\"><div class=\"et_pb_menu_0 et_pb_menu et_pb_menu--without-logo et_pb_menu--style-left_aligned et_dropdown_animation_fade et_pb_bg_layout_light et_pb_text_align_right-tablet et_pb_text_align_right-phone et_pb_module et_flex_module\"><div class=\"et_pb_menu_inner_container et_flex_module\"><div class=\"et_pb_menu__wrap\"><div class=\"et_pb_menu__menu\"><nav class=\"et-menu-nav\"><ul id=\"menu-reise2005\" class=\"et-menu nav downwards\"><li id=\"menu-item-15167\" class=\"et_pb_menu_page_id-15141 menu-item menu-item-type-post_type menu-item-object-page menu-item-15167\"><a href=\"https:\/\/kurt-singer.com\/thailand\/2005-ankunft\/\">Ankunft<\/a><\/li>\n<li id=\"menu-item-15166\" class=\"et_pb_menu_page_id-15143 menu-item menu-item-type-post_type menu-item-object-page menu-item-15166\"><a href=\"https:\/\/kurt-singer.com\/thailand\/2005-arbeiten\/\">Arbeiten<\/a><\/li>\n<li id=\"menu-item-15165\" class=\"et_pb_menu_page_id-15145 menu-item menu-item-type-post_type menu-item-object-page menu-item-15165\"><a href=\"https:\/\/kurt-singer.com\/thailand\/2005-geburtstag\/\">Geburtstag<\/a><\/li>\n<li id=\"menu-item-15164\" class=\"et_pb_menu_page_id-15147 menu-item menu-item-type-post_type menu-item-object-page menu-item-has-children menu-item-15164\"><a href=\"https:\/\/kurt-singer.com\/thailand\/2005-ausfluege\/\">Ausfl\u00fcge<\/a>\n<ul class=\"sub-menu\">\n\t<li id=\"menu-item-15163\" class=\"et_pb_menu_page_id-15149 menu-item menu-item-type-post_type menu-item-object-page menu-item-15163\"><a href=\"https:\/\/kurt-singer.com\/thailand\/2005-korat-zoo\/\">2005 Korat Zoo<\/a><\/li>\n\t<li id=\"menu-item-15162\" class=\"et_pb_menu_page_id-15151 menu-item menu-item-type-post_type menu-item-object-page menu-item-15162\"><a href=\"https:\/\/kurt-singer.com\/thailand\/2005-sema\/\">2005 Sema<\/a><\/li>\n\t<li id=\"menu-item-15161\" class=\"et_pb_menu_page_id-15153 menu-item menu-item-type-post_type menu-item-object-page menu-item-15161\"><a href=\"https:\/\/kurt-singer.com\/thailand\/2005-luong-pho-khun\/\">2005 Luong Pho Khun<\/a><\/li>\n\t<li id=\"menu-item-15160\" class=\"et_pb_menu_page_id-15155 menu-item menu-item-type-post_type menu-item-object-page menu-item-15160\"><a href=\"https:\/\/kurt-singer.com\/thailand\/2005-pa-kho\/\">2005 Pa Kho<\/a><\/li>\n\t<li id=\"menu-item-15159\" class=\"et_pb_menu_page_id-15157 menu-item menu-item-type-post_type menu-item-object-page menu-item-15159\"><a href=\"https:\/\/kurt-singer.com\/thailand\/2005-phi-mai\/\">2005 Phi Mai<\/a><\/li>\n<\/ul>\n<\/li>\n<\/ul><\/nav><\/div><div class=\"et_mobile_nav_menu\"><div class=\"mobile_nav closed\"><span class=\"mobile_menu_bar\"><\/span><\/div><\/div><\/div><\/div><\/div><\/div><\/div><\/div><div class=\"et_pb_section_1 et_pb_section et_section_regular et_block_section\"><div class=\"et_pb_row_1 et_pb_row et_block_row\"><div class=\"et_pb_column_1 et_pb_column et_pb_column_4_4 et-last-child et_block_column et_pb_css_mix_blend_mode_passthrough\"><div class=\"et_pb_text_0 et_pb_text et_pb_bg_layout_light et_pb_module et_block_module\"><div class=\"et_pb_text_inner\"><h1>Prang Pha Kho und Wat Na Phra Tat<\/h1>\n<\/div><\/div><\/div><\/div><div class=\"et_pb_row_2 et_pb_row et_pb_row_3-4_1-4 et_block_row et_block_row_3-4_1-4\"><div class=\"et_pb_column_2 et_pb_column et_pb_column_3_4 et_block_column et_pb_css_mix_blend_mode_passthrough\"><div class=\"et_pb_text_1 et_pb_text et_pb_bg_layout_light et_pb_module et_block_module\"><div class=\"et_pb_text_inner\"><p><strong>Montag, 8.8.<\/strong><\/p>\n<p>Wieder habe ich mir alte Steine angetan, dieses Mal aber richtig interessante.<\/p>\n<p>Zuerst fuhr ich zum Prang Pha Kho, eine kleine, aber noch recht gut erhaltene Khmer- Anlage.<\/p>\n<p>Direkt daneben entdecke ich eine kleine Terrakotta- Fabrik, Ban Maek Mai Home of Arts, und ich gehe mit einigen Ideen schwanger, wie ich die Waende meines Hauses zieren kann. Nur eine Frage des Geldes. Ich lerne auch eine Praktikantin kennen, die in den USA lebt und hier eine Ausbildung machen m\u00f6chte.<\/p>\n<p>Ich habe in der Brosch\u00fcre der TAT von Wat Na Phra That gelesen, und das hat sofort meine Aufmerksamkeit gefunden. Ich beschlie\u00dfe also, einmal dort hin zu fahren. Der Wat, lokal als Wat Ta Khu bekannt ist, ist ein alter Tempel, der im Jahre 1787 oder w\u00e4hrend der Regierungszeit von Phra Phutthayotfa Chulalok, K\u00f6nig Rama I. (reg. 1782 bis 1809), gegr\u00fcndet wurde. Er liegt an einem kleinen See. Im Wat Na Phra Tat erlebe ich zum ersten Mal, dass der Abt mich reichlich mit Sprite versorgt. Es ist ein interessantes Kloster, und ein freundlicher Moench schliesst mir zwei ansonsten stets verschlossene Raeume auf.<\/p>\n<\/div><\/div><\/div><div class=\"et_pb_column_3 et_pb_column et_pb_column_1_4 et-last-child et_block_column et_pb_css_mix_blend_mode_passthrough\"><div class=\"et_pb_image_0 et_pb_image et_pb_image_sticky et_pb_has_overlay et_pb_module et_block_module\"><a href=\"https:\/\/kurt-singer.com\/thailand\/wp-content\/uploads\/sites\/7\/2024\/08\/2005-Pha-Kho.jpg\" class=\"et_pb_lightbox_image\"><span class=\"et_pb_image_wrap\"><img loading=\"lazy\" decoding=\"async\" src=\"https:\/\/kurt-singer.com\/thailand\/wp-content\/uploads\/sites\/7\/2024\/08\/2005-Pha-Kho.jpg\" width=\"980\" height=\"735\" srcset=\"https:\/\/kurt-singer.com\/thailand\/wp-content\/uploads\/sites\/7\/2024\/08\/2005-Pha-Kho.jpg 980w, https:\/\/kurt-singer.com\/thailand\/wp-content\/uploads\/sites\/7\/2024\/08\/2005-Pha-Kho-480x360.jpg 480w\" sizes=\"(min-width: 0px) and (max-width: 480px) 480px, (min-width: 481px) 980px, 100vw\" class=\"wp-image-15201\" \/><span class=\"et_overlay et_pb_inline_icon\" data-icon=\"T\"><\/span><\/span><\/a><\/div><div class=\"et_pb_text_2 et_pb_text et_pb_bg_layout_light et_pb_module et_block_module\"><div class=\"et_pb_text_inner\"><pre style=\"text-align: center;\">Prang Pha Kho<\/pre>\n<\/div><\/div><div class=\"et_pb_image_1 et_pb_image et_pb_image_sticky et_pb_has_overlay et_pb_module et_block_module\"><a href=\"https:\/\/kurt-singer.com\/thailand\/wp-content\/uploads\/sites\/7\/2024\/08\/2005-Home-of-Arts.jpg\" class=\"et_pb_lightbox_image\"><span class=\"et_pb_image_wrap\"><img loading=\"lazy\" decoding=\"async\" src=\"https:\/\/kurt-singer.com\/thailand\/wp-content\/uploads\/sites\/7\/2024\/08\/2005-Home-of-Arts.jpg\" width=\"980\" height=\"735\" srcset=\"https:\/\/kurt-singer.com\/thailand\/wp-content\/uploads\/sites\/7\/2024\/08\/2005-Home-of-Arts.jpg 980w, https:\/\/kurt-singer.com\/thailand\/wp-content\/uploads\/sites\/7\/2024\/08\/2005-Home-of-Arts-480x360.jpg 480w\" sizes=\"(min-width: 0px) and (max-width: 480px) 480px, (min-width: 481px) 980px, 100vw\" class=\"wp-image-15202\" \/><span class=\"et_overlay et_pb_inline_icon\" data-icon=\"T\"><\/span><\/span><\/a><\/div><div class=\"et_pb_text_3 et_pb_text et_pb_bg_layout_light et_pb_module et_block_module\"><div class=\"et_pb_text_inner\"><pre style=\"text-align: center;\">Home of Arts<\/pre>\n<\/div><\/div><div class=\"et_pb_image_2 et_pb_image et_pb_image_sticky et_pb_has_overlay et_pb_module et_block_module\"><a href=\"https:\/\/kurt-singer.com\/thailand\/wp-content\/uploads\/sites\/7\/2024\/08\/2005-Na-Phra-That.jpg\" class=\"et_pb_lightbox_image\"><span class=\"et_pb_image_wrap\"><img loading=\"lazy\" decoding=\"async\" src=\"https:\/\/kurt-singer.com\/thailand\/wp-content\/uploads\/sites\/7\/2024\/08\/2005-Na-Phra-That.jpg\" width=\"980\" height=\"735\" srcset=\"https:\/\/kurt-singer.com\/thailand\/wp-content\/uploads\/sites\/7\/2024\/08\/2005-Na-Phra-That.jpg 980w, https:\/\/kurt-singer.com\/thailand\/wp-content\/uploads\/sites\/7\/2024\/08\/2005-Na-Phra-That-480x360.jpg 480w\" sizes=\"(min-width: 0px) and (max-width: 480px) 480px, (min-width: 481px) 980px, 100vw\" class=\"wp-image-15203\" \/><span class=\"et_overlay et_pb_inline_icon\" data-icon=\"T\"><\/span><\/span><\/a><\/div><div class=\"et_pb_text_4 et_pb_text et_pb_bg_layout_light et_pb_module et_block_module\"><div class=\"et_pb_text_inner\"><pre style=\"text-align: center;\">Wat Na Phra That<\/pre>\n<\/div><\/div><\/div><\/div><\/div>\n","protected":false},"excerpt":{"rendered":"","protected":false},"author":1,"featured_media":0,"parent":0,"menu_order":0,"comment_status":"closed","ping_status":"closed","template":"","meta":{"footnotes":""},"class_list":["post-15155","page","type-page","status-publish","hentry"],"_links":{"self":[{"href":"https:\/\/kurt-singer.com\/thailand\/wp-json\/wp\/v2\/pages\/15155","targetHints":{"allow":["GET"]}}],"collection":[{"href":"https:\/\/kurt-singer.com\/thailand\/wp-json\/wp\/v2\/pages"}],"about":[{"href":"https:\/\/kurt-singer.com\/thailand\/wp-json\/wp\/v2\/types\/page"}],"author":[{"embeddable":true,"href":"https:\/\/kurt-singer.com\/thailand\/wp-json\/wp\/v2\/users\/1"}],"replies":[{"embeddable":true,"href":"https:\/\/kurt-singer.com\/thailand\/wp-json\/wp\/v2\/comments?post=15155"}],"version-history":[{"count":4,"href":"https:\/\/kurt-singer.com\/thailand\/wp-json\/wp\/v2\/pages\/15155\/revisions"}],"predecessor-version":[{"id":16097,"href":"https:\/\/kurt-singer.com\/thailand\/wp-json\/wp\/v2\/pages\/15155\/revisions\/16097"}],"wp:attachment":[{"href":"https:\/\/kurt-singer.com\/thailand\/wp-json\/wp\/v2\/media?parent=15155"}],"curies":[{"name":"wp","href":"https:\/\/api.w.org\/{rel}","templated":true}]}}