{"id":15261,"date":"2024-08-13T13:14:20","date_gmt":"2024-08-13T11:14:20","guid":{"rendered":"https:\/\/kurt-singer.com\/thailand\/?page_id=15261"},"modified":"2026-03-25T00:45:21","modified_gmt":"2026-03-24T23:45:21","slug":"2007-ankunft","status":"publish","type":"page","link":"https:\/\/kurt-singer.com\/thailand\/2007-ankunft\/","title":{"rendered":"2007 Ankunft"},"content":{"rendered":"\n<div class=\"et_pb_section_0 et_pb_section et_section_regular et_block_section\"><div class=\"et_pb_row_0 et_pb_row et_block_row\"><div class=\"et_pb_column_0 et_pb_column et_pb_column_4_4 et-last-child et_block_column et_pb_css_mix_blend_mode_passthrough\"><div class=\"et_pb_menu_0 et_pb_menu et_pb_menu--without-logo et_pb_menu--style-left_aligned et_dropdown_animation_fade et_pb_bg_layout_light et_pb_text_align_right-tablet et_pb_text_align_right-phone et_pb_module et_flex_module\"><div class=\"et_pb_menu_inner_container et_flex_module\"><div class=\"et_pb_menu__wrap\"><div class=\"et_pb_menu__menu\"><nav class=\"et-menu-nav\"><ul id=\"menu-reise2007\" class=\"et-menu nav downwards\"><li id=\"menu-item-15311\" class=\"et_pb_menu_page_id-15257 menu-item menu-item-type-post_type menu-item-object-page menu-item-has-children menu-item-15311\"><a href=\"https:\/\/kurt-singer.com\/thailand\/2007-nach-hause\/\">Nach Hause<\/a>\n<ul class=\"sub-menu\">\n\t<li id=\"menu-item-15315\" class=\"et_pb_menu_page_id-15259 menu-item menu-item-type-post_type menu-item-object-page menu-item-15315\"><a href=\"https:\/\/kurt-singer.com\/thailand\/2007-hinflug\/\">2007 Hinflug<\/a><\/li>\n\t<li id=\"menu-item-15316\" class=\"et_pb_menu_page_id-15261 menu-item menu-item-type-post_type menu-item-object-page menu-item-15316\"><a href=\"https:\/\/kurt-singer.com\/thailand\/2007-ankunft\/\">2007 Ankunft<\/a><\/li>\n\t<li id=\"menu-item-15314\" class=\"et_pb_menu_page_id-15263 menu-item menu-item-type-post_type menu-item-object-page menu-item-15314\"><a href=\"https:\/\/kurt-singer.com\/thailand\/2007-zuhause\/\">2007 Zuhause<\/a><\/li>\n<\/ul>\n<\/li>\n<li id=\"menu-item-15309\" class=\"et_pb_menu_page_id-15265 menu-item menu-item-type-post_type menu-item-object-page menu-item-has-children menu-item-15309\"><a href=\"https:\/\/kurt-singer.com\/thailand\/2007-thailand-in-gelb\/\">Thailand in gelb<\/a>\n<ul class=\"sub-menu\">\n\t<li id=\"menu-item-15308\" class=\"et_pb_menu_page_id-15267 menu-item menu-item-type-post_type menu-item-object-page menu-item-15308\"><a href=\"https:\/\/kurt-singer.com\/thailand\/2007-telefonkunst\/\">2007 Telefonkunst<\/a><\/li>\n\t<li id=\"menu-item-15307\" class=\"et_pb_menu_page_id-15269 menu-item menu-item-type-post_type menu-item-object-page menu-item-15307\"><a href=\"https:\/\/kurt-singer.com\/thailand\/2007-fahnen\/\">2007 Fahnen<\/a><\/li>\n\t<li id=\"menu-item-15306\" class=\"et_pb_menu_page_id-15271 menu-item menu-item-type-post_type menu-item-object-page menu-item-15306\"><a href=\"https:\/\/kurt-singer.com\/thailand\/2007-volleyball-wm\/\">2007 Volleyball-WM<\/a><\/li>\n\t<li id=\"menu-item-15305\" class=\"et_pb_menu_page_id-15273 menu-item menu-item-type-post_type menu-item-object-page menu-item-15305\"><a href=\"https:\/\/kurt-singer.com\/thailand\/2007-nachbarschaft\/\">2007 Nachbarschaft<\/a><\/li>\n<\/ul>\n<\/li>\n<li id=\"menu-item-15304\" class=\"et_pb_menu_page_id-15275 menu-item menu-item-type-post_type menu-item-object-page menu-item-has-children menu-item-15304\"><a href=\"https:\/\/kurt-singer.com\/thailand\/2007-korat-inside\/\">Korat inside<\/a>\n<ul class=\"sub-menu\">\n\t<li id=\"menu-item-15303\" class=\"et_pb_menu_page_id-15277 menu-item menu-item-type-post_type menu-item-object-page menu-item-15303\"><a href=\"https:\/\/kurt-singer.com\/thailand\/2007-nationalmuseum\/\">2007 Nationalmuseum<\/a><\/li>\n\t<li id=\"menu-item-15302\" class=\"et_pb_menu_page_id-15279 menu-item menu-item-type-post_type menu-item-object-page menu-item-15302\"><a href=\"https:\/\/kurt-singer.com\/thailand\/2007-the-mall\/\">2007 The Mall<\/a><\/li>\n\t<li id=\"menu-item-15301\" class=\"et_pb_menu_page_id-15281 menu-item menu-item-type-post_type menu-item-object-page menu-item-15301\"><a href=\"https:\/\/kurt-singer.com\/thailand\/2007-ya-mo\/\">2007 Ya Mo<\/a><\/li>\n<\/ul>\n<\/li>\n<li id=\"menu-item-15300\" class=\"et_pb_menu_page_id-15283 menu-item menu-item-type-post_type menu-item-object-page menu-item-has-children menu-item-15300\"><a href=\"https:\/\/kurt-singer.com\/thailand\/2007-hua-hin\/\">Hua Hin<\/a>\n<ul class=\"sub-menu\">\n\t<li id=\"menu-item-15299\" class=\"et_pb_menu_page_id-15285 menu-item menu-item-type-post_type menu-item-object-page menu-item-15299\"><a href=\"https:\/\/kurt-singer.com\/thailand\/2007-unterkunft\/\">2007 Unterkunft<\/a><\/li>\n\t<li id=\"menu-item-15298\" class=\"et_pb_menu_page_id-15287 menu-item menu-item-type-post_type menu-item-object-page menu-item-15298\"><a href=\"https:\/\/kurt-singer.com\/thailand\/2007-am-strand\/\">2007 Am Strand<\/a><\/li>\n\t<li id=\"menu-item-15297\" class=\"et_pb_menu_page_id-15289 menu-item menu-item-type-post_type menu-item-object-page menu-item-15297\"><a href=\"https:\/\/kurt-singer.com\/thailand\/2007-wat-khao-takiab\/\">2007 Wat Khao Takiab<\/a><\/li>\n\t<li id=\"menu-item-15296\" class=\"et_pb_menu_page_id-15291 menu-item menu-item-type-post_type menu-item-object-page menu-item-15296\"><a href=\"https:\/\/kurt-singer.com\/thailand\/2007-pranburi\/\">2007 Pranburi<\/a><\/li>\n\t<li id=\"menu-item-15295\" class=\"et_pb_menu_page_id-15293 menu-item menu-item-type-post_type menu-item-object-page menu-item-15295\"><a href=\"https:\/\/kurt-singer.com\/thailand\/2007-ausklang\/\">2007 Ausklang<\/a><\/li>\n<\/ul>\n<\/li>\n<\/ul><\/nav><\/div><div class=\"et_mobile_nav_menu\"><div class=\"mobile_nav closed\"><span class=\"mobile_menu_bar\"><\/span><\/div><\/div><\/div><\/div><\/div><\/div><\/div><\/div><div class=\"et_pb_section_1 et_pb_section et_section_regular et_block_section\"><div class=\"et_pb_row_1 et_pb_row et_block_row\"><div class=\"et_pb_column_1 et_pb_column et_pb_column_4_4 et-last-child et_block_column et_pb_css_mix_blend_mode_passthrough\"><div class=\"et_pb_text_0 et_pb_text et_pb_bg_layout_light et_pb_module et_block_module\"><div class=\"et_pb_text_inner\"><h1>Weite Wege nach der Ankunft<\/h1>\n<\/div><\/div><\/div><\/div><div class=\"et_pb_row_2 et_pb_row et_pb_row_3-4_1-4 et_block_row et_block_row_3-4_1-4\"><div class=\"et_pb_column_2 et_pb_column et_pb_column_3_4 et_block_column et_pb_css_mix_blend_mode_passthrough\"><div class=\"et_pb_text_1 et_pb_text et_pb_bg_layout_light et_pb_module et_block_module\"><div class=\"et_pb_text_inner\"><p><strong>Dienstag, 17. Juli<\/strong><\/p>\n<p>Nach der Ankunft fehlt so ein wenig das Vertraute. Don Muang kennt man jetzt seit vielen Jahren, nimmt jede Ver\u00e4nderung wahr. Hier ist alles neu f\u00fcr mich, und ich taste mich langsam vor.<\/p>\n<p>Ja, es scheinen lange Wege zu sein, und nein, man muss sie nicht laufen. B\u00e4nder f\u00fchren uns, weisen den Weg zur Immigration. Unterwegs k\u00f6nnte man oft zur Toilette gehen, es gibt sie alle paar dutzend Meter. An der Immigration angekommen, weist man uns sofort weiter - hier seien bereits sehr viele Leute. Endlich angekommen m\u00fcssen wir uns in eine Schlange einreihen. Meine Frau geht sofort zum Thai\/ Passportschalter, ich bleibe mit Tochter und Enkelkindern vorerst in der Reihe der Ausl\u00e4nder. Nach wenigen Sekunden werden wir aus der Schlange herausgewunken und direkt zum Thaischalter geschickt. Jow, ich lerne gerade, was ich schon oft h\u00e4tte machen k\u00f6nnen: Farangs in Begleitung von Thais oder Thaigeborenen k\u00f6nnen sofort den Thaischalter benutzen. So lerne auch ich mal wieder etwas dazu, wie ich das auf jeder Reise tun kann.<\/p>\n<p>Es bringt uns einen riesigen Zeitvorteil, denn als wir dann am Kofferband ankommen k\u00f6nnen wir unser Gep\u00e4ck sofort in Empfang nehmen. Ich treffe dann auch wieder die Volleyballm\u00e4dels, zu denen ich ganz sch\u00f6n aufschauen muss.<\/p>\n<p>Inzwischen konnte man mir wenigstens sagen, dass die Meisterschaften in Korat stattfinden. Na, das werde ich schon zu finden wissen, so viele grosse Sporthallen gibt es da ja nicht.<\/p>\n<p>Beim Abfahren sehen wir dann schon wieder die ersten, die mit ihrem Gep\u00e4ckwagen direkt am Band anstossen und so den Weg f\u00fcr andere blockieren. Stumpfsinnig halt. Der Zoll interessiert sich \u00fcberhaupt nicht f\u00fcr uns, daf\u00fcr aber die Verwandtschaft in der Ankunftshalle. F\u00fcr mich sehr \u00fcbersichtlich ist die Aufteilung dort. Ich wechsle erst einmal etwas Handgeld zum Kurs von 45.220 Baht, hinter dem Komma etwas schlechter als sp\u00e4ter in der Stadt. Hier muss ich auch noch keinen Pass vorlegen beim Wechseln wie sp\u00e4ter immer in den Banken.<\/p>\n<p>Ich schaue mir den schon oft beschriebenen Vorgang der Taxisuche an. Vor dem Geb\u00e4ude stehen die offiziellen Wagen, die in der Halle vermittelt werden. \u00dcber eine Strasse dann die \u00f6ffentlichen Taxis, die man jetzt selbst aussuchen kann und die eigentlich dort nicht warten d\u00fcrfen. Vom Ordnungspersonal werden sie meist erfolglos weitergeschickt. Ich habe leider nicht die Zeit, das im Einzelnen zu erkunden, da unser Abholerbus schon bereit steht, den die Familie bereits in Korat organisiert hat.<\/p>\n<p>Da wir um 12.30 Uhr ankommen hat nat\u00fcrlich alles und jeder Hunger. Wir fahren aber noch bis Saraburi und halten dort in einem sehr guten Restaurant. Meine Frau warnt mich noch, auf das Essen zu achten, kein offenes Eis im Getr\u00e4nk usw. Wie Recht sie hat beweist sich am n\u00e4chsten Tag. W\u00e4hrend es mir ausgezeichnet geht, hat sie mit der Verdauung zu k\u00e4mpfen. Thai halt.<\/p>\n<p>Manchmal habe ich den Verdacht, Thais seien eigentlich f\u00fcr Thailand nicht so richtig geschaffen.<\/p>\n<\/div><\/div><\/div><div class=\"et_pb_column_3 et_pb_column et_pb_column_1_4 et-last-child et_block_column et_pb_css_mix_blend_mode_passthrough\"><div class=\"et_pb_image_0 et_pb_image et_pb_has_overlay et_pb_module et_block_module\"><a href=\"https:\/\/kurt-singer.com\/thailand\/wp-content\/uploads\/sites\/7\/2024\/08\/Ankunft2007-01.jpg\" class=\"et_pb_lightbox_image\"><span class=\"et_pb_image_wrap\"><img loading=\"lazy\" decoding=\"async\" src=\"https:\/\/kurt-singer.com\/thailand\/wp-content\/uploads\/sites\/7\/2024\/08\/Ankunft2007-01.jpg\" width=\"980\" height=\"735\" srcset=\"https:\/\/kurt-singer.com\/thailand\/wp-content\/uploads\/sites\/7\/2024\/08\/Ankunft2007-01.jpg 980w, https:\/\/kurt-singer.com\/thailand\/wp-content\/uploads\/sites\/7\/2024\/08\/Ankunft2007-01-480x360.jpg 480w\" sizes=\"(min-width: 0px) and (max-width: 480px) 480px, (min-width: 481px) 980px, 100vw\" class=\"wp-image-15365\" \/><span class=\"et_overlay et_pb_inline_icon\" data-icon=\"T\"><\/span><\/span><\/a><\/div><div class=\"et_pb_text_2 et_pb_text et_pb_bg_layout_light et_pb_module et_block_module\"><div class=\"et_pb_text_inner\"><pre style=\"text-align: center;\">Suvarnabhumi Airport<\/pre>\n<\/div><\/div><div class=\"et_pb_image_1 et_pb_image et_pb_has_overlay et_pb_module et_block_module\"><a href=\"https:\/\/kurt-singer.com\/thailand\/wp-content\/uploads\/sites\/7\/2024\/08\/Ankunft2007-03.jpg\" class=\"et_pb_lightbox_image\"><span class=\"et_pb_image_wrap\"><img loading=\"lazy\" decoding=\"async\" src=\"https:\/\/kurt-singer.com\/thailand\/wp-content\/uploads\/sites\/7\/2024\/08\/Ankunft2007-03.jpg\" width=\"980\" height=\"735\" srcset=\"https:\/\/kurt-singer.com\/thailand\/wp-content\/uploads\/sites\/7\/2024\/08\/Ankunft2007-03.jpg 980w, https:\/\/kurt-singer.com\/thailand\/wp-content\/uploads\/sites\/7\/2024\/08\/Ankunft2007-03-480x360.jpg 480w\" sizes=\"(min-width: 0px) and (max-width: 480px) 480px, (min-width: 481px) 980px, 100vw\" class=\"wp-image-15366\" \/><span class=\"et_overlay et_pb_inline_icon\" data-icon=\"T\"><\/span><\/span><\/a><\/div><div class=\"et_pb_text_3 et_pb_text et_pb_bg_layout_light et_pb_module et_block_module\"><div class=\"et_pb_text_inner\"><pre style=\"text-align: center;\">Einkaufen...<\/pre>\n<\/div><\/div><div class=\"et_pb_image_2 et_pb_image et_pb_has_overlay et_pb_module et_block_module\"><a href=\"https:\/\/kurt-singer.com\/thailand\/wp-content\/uploads\/sites\/7\/2024\/08\/Ankunft2007-02.jpg\" class=\"et_pb_lightbox_image\"><span class=\"et_pb_image_wrap\"><img loading=\"lazy\" decoding=\"async\" src=\"https:\/\/kurt-singer.com\/thailand\/wp-content\/uploads\/sites\/7\/2024\/08\/Ankunft2007-02.jpg\" width=\"980\" height=\"735\" srcset=\"https:\/\/kurt-singer.com\/thailand\/wp-content\/uploads\/sites\/7\/2024\/08\/Ankunft2007-02.jpg 980w, https:\/\/kurt-singer.com\/thailand\/wp-content\/uploads\/sites\/7\/2024\/08\/Ankunft2007-02-480x360.jpg 480w\" sizes=\"(min-width: 0px) and (max-width: 480px) 480px, (min-width: 481px) 980px, 100vw\" class=\"wp-image-15367\" \/><span class=\"et_overlay et_pb_inline_icon\" data-icon=\"T\"><\/span><\/span><\/a><\/div><div class=\"et_pb_text_4 et_pb_text et_pb_bg_layout_light et_pb_module et_block_module\"><div class=\"et_pb_text_inner\"><pre style=\"text-align: center;\">... und essen<\/pre>\n<\/div><\/div><\/div><\/div><\/div>\n","protected":false},"excerpt":{"rendered":"","protected":false},"author":1,"featured_media":0,"parent":0,"menu_order":0,"comment_status":"closed","ping_status":"closed","template":"","meta":{"footnotes":""},"class_list":["post-15261","page","type-page","status-publish","hentry"],"_links":{"self":[{"href":"https:\/\/kurt-singer.com\/thailand\/wp-json\/wp\/v2\/pages\/15261","targetHints":{"allow":["GET"]}}],"collection":[{"href":"https:\/\/kurt-singer.com\/thailand\/wp-json\/wp\/v2\/pages"}],"about":[{"href":"https:\/\/kurt-singer.com\/thailand\/wp-json\/wp\/v2\/types\/page"}],"author":[{"embeddable":true,"href":"https:\/\/kurt-singer.com\/thailand\/wp-json\/wp\/v2\/users\/1"}],"replies":[{"embeddable":true,"href":"https:\/\/kurt-singer.com\/thailand\/wp-json\/wp\/v2\/comments?post=15261"}],"version-history":[{"count":4,"href":"https:\/\/kurt-singer.com\/thailand\/wp-json\/wp\/v2\/pages\/15261\/revisions"}],"predecessor-version":[{"id":16102,"href":"https:\/\/kurt-singer.com\/thailand\/wp-json\/wp\/v2\/pages\/15261\/revisions\/16102"}],"wp:attachment":[{"href":"https:\/\/kurt-singer.com\/thailand\/wp-json\/wp\/v2\/media?parent=15261"}],"curies":[{"name":"wp","href":"https:\/\/api.w.org\/{rel}","templated":true}]}}