{"id":15267,"date":"2024-08-13T13:15:18","date_gmt":"2024-08-13T11:15:18","guid":{"rendered":"https:\/\/kurt-singer.com\/thailand\/?page_id=15267"},"modified":"2026-03-25T00:45:25","modified_gmt":"2026-03-24T23:45:25","slug":"2007-telefonkunst","status":"publish","type":"page","link":"https:\/\/kurt-singer.com\/thailand\/2007-telefonkunst\/","title":{"rendered":"2007 Telefonkunst"},"content":{"rendered":"\n<div class=\"et_pb_section_0 et_pb_section et_section_regular et_block_section\"><div class=\"et_pb_row_0 et_pb_row et_block_row\"><div class=\"et_pb_column_0 et_pb_column et_pb_column_4_4 et-last-child et_block_column et_pb_css_mix_blend_mode_passthrough\"><div class=\"et_pb_menu_0 et_pb_menu et_pb_menu--without-logo et_pb_menu--style-left_aligned et_dropdown_animation_fade et_pb_bg_layout_light et_pb_text_align_right-tablet et_pb_text_align_right-phone et_pb_module et_flex_module\"><div class=\"et_pb_menu_inner_container et_flex_module\"><div class=\"et_pb_menu__wrap\"><div class=\"et_pb_menu__menu\"><nav class=\"et-menu-nav\"><ul id=\"menu-reise2007\" class=\"et-menu nav downwards\"><li id=\"menu-item-15311\" class=\"et_pb_menu_page_id-15257 menu-item menu-item-type-post_type menu-item-object-page menu-item-has-children menu-item-15311\"><a href=\"https:\/\/kurt-singer.com\/thailand\/2007-nach-hause\/\">Nach Hause<\/a>\n<ul class=\"sub-menu\">\n\t<li id=\"menu-item-15315\" class=\"et_pb_menu_page_id-15259 menu-item menu-item-type-post_type menu-item-object-page menu-item-15315\"><a href=\"https:\/\/kurt-singer.com\/thailand\/2007-hinflug\/\">2007 Hinflug<\/a><\/li>\n\t<li id=\"menu-item-15316\" class=\"et_pb_menu_page_id-15261 menu-item menu-item-type-post_type menu-item-object-page menu-item-15316\"><a href=\"https:\/\/kurt-singer.com\/thailand\/2007-ankunft\/\">2007 Ankunft<\/a><\/li>\n\t<li id=\"menu-item-15314\" class=\"et_pb_menu_page_id-15263 menu-item menu-item-type-post_type menu-item-object-page menu-item-15314\"><a href=\"https:\/\/kurt-singer.com\/thailand\/2007-zuhause\/\">2007 Zuhause<\/a><\/li>\n<\/ul>\n<\/li>\n<li id=\"menu-item-15309\" class=\"et_pb_menu_page_id-15265 menu-item menu-item-type-post_type menu-item-object-page menu-item-has-children menu-item-15309\"><a href=\"https:\/\/kurt-singer.com\/thailand\/2007-thailand-in-gelb\/\">Thailand in gelb<\/a>\n<ul class=\"sub-menu\">\n\t<li id=\"menu-item-15308\" class=\"et_pb_menu_page_id-15267 menu-item menu-item-type-post_type menu-item-object-page menu-item-15308\"><a href=\"https:\/\/kurt-singer.com\/thailand\/2007-telefonkunst\/\">2007 Telefonkunst<\/a><\/li>\n\t<li id=\"menu-item-15307\" class=\"et_pb_menu_page_id-15269 menu-item menu-item-type-post_type menu-item-object-page menu-item-15307\"><a href=\"https:\/\/kurt-singer.com\/thailand\/2007-fahnen\/\">2007 Fahnen<\/a><\/li>\n\t<li id=\"menu-item-15306\" class=\"et_pb_menu_page_id-15271 menu-item menu-item-type-post_type menu-item-object-page menu-item-15306\"><a href=\"https:\/\/kurt-singer.com\/thailand\/2007-volleyball-wm\/\">2007 Volleyball-WM<\/a><\/li>\n\t<li id=\"menu-item-15305\" class=\"et_pb_menu_page_id-15273 menu-item menu-item-type-post_type menu-item-object-page menu-item-15305\"><a href=\"https:\/\/kurt-singer.com\/thailand\/2007-nachbarschaft\/\">2007 Nachbarschaft<\/a><\/li>\n<\/ul>\n<\/li>\n<li id=\"menu-item-15304\" class=\"et_pb_menu_page_id-15275 menu-item menu-item-type-post_type menu-item-object-page menu-item-has-children menu-item-15304\"><a href=\"https:\/\/kurt-singer.com\/thailand\/2007-korat-inside\/\">Korat inside<\/a>\n<ul class=\"sub-menu\">\n\t<li id=\"menu-item-15303\" class=\"et_pb_menu_page_id-15277 menu-item menu-item-type-post_type menu-item-object-page menu-item-15303\"><a href=\"https:\/\/kurt-singer.com\/thailand\/2007-nationalmuseum\/\">2007 Nationalmuseum<\/a><\/li>\n\t<li id=\"menu-item-15302\" class=\"et_pb_menu_page_id-15279 menu-item menu-item-type-post_type menu-item-object-page menu-item-15302\"><a href=\"https:\/\/kurt-singer.com\/thailand\/2007-the-mall\/\">2007 The Mall<\/a><\/li>\n\t<li id=\"menu-item-15301\" class=\"et_pb_menu_page_id-15281 menu-item menu-item-type-post_type menu-item-object-page menu-item-15301\"><a href=\"https:\/\/kurt-singer.com\/thailand\/2007-ya-mo\/\">2007 Ya Mo<\/a><\/li>\n<\/ul>\n<\/li>\n<li id=\"menu-item-15300\" class=\"et_pb_menu_page_id-15283 menu-item menu-item-type-post_type menu-item-object-page menu-item-has-children menu-item-15300\"><a href=\"https:\/\/kurt-singer.com\/thailand\/2007-hua-hin\/\">Hua Hin<\/a>\n<ul class=\"sub-menu\">\n\t<li id=\"menu-item-15299\" class=\"et_pb_menu_page_id-15285 menu-item menu-item-type-post_type menu-item-object-page menu-item-15299\"><a href=\"https:\/\/kurt-singer.com\/thailand\/2007-unterkunft\/\">2007 Unterkunft<\/a><\/li>\n\t<li id=\"menu-item-15298\" class=\"et_pb_menu_page_id-15287 menu-item menu-item-type-post_type menu-item-object-page menu-item-15298\"><a href=\"https:\/\/kurt-singer.com\/thailand\/2007-am-strand\/\">2007 Am Strand<\/a><\/li>\n\t<li id=\"menu-item-15297\" class=\"et_pb_menu_page_id-15289 menu-item menu-item-type-post_type menu-item-object-page menu-item-15297\"><a href=\"https:\/\/kurt-singer.com\/thailand\/2007-wat-khao-takiab\/\">2007 Wat Khao Takiab<\/a><\/li>\n\t<li id=\"menu-item-15296\" class=\"et_pb_menu_page_id-15291 menu-item menu-item-type-post_type menu-item-object-page menu-item-15296\"><a href=\"https:\/\/kurt-singer.com\/thailand\/2007-pranburi\/\">2007 Pranburi<\/a><\/li>\n\t<li id=\"menu-item-15295\" class=\"et_pb_menu_page_id-15293 menu-item menu-item-type-post_type menu-item-object-page menu-item-15295\"><a href=\"https:\/\/kurt-singer.com\/thailand\/2007-ausklang\/\">2007 Ausklang<\/a><\/li>\n<\/ul>\n<\/li>\n<\/ul><\/nav><\/div><div class=\"et_mobile_nav_menu\"><div class=\"mobile_nav closed\"><span class=\"mobile_menu_bar\"><\/span><\/div><\/div><\/div><\/div><\/div><\/div><\/div><\/div><div class=\"et_pb_section_1 et_pb_section et_section_regular et_block_section\"><div class=\"et_pb_row_1 et_pb_row et_block_row\"><div class=\"et_pb_column_1 et_pb_column et_pb_column_4_4 et-last-child et_block_column et_pb_css_mix_blend_mode_passthrough\"><div class=\"et_pb_text_0 et_pb_text et_pb_bg_layout_light et_pb_module et_block_module\"><div class=\"et_pb_text_inner\"><h1>Telefonkunst \u2013 auf der Suche nach einem Freund<\/h1>\n<\/div><\/div><\/div><\/div><div class=\"et_pb_row_2 et_pb_row et_pb_row_3-4_1-4 et_block_row et_block_row_3-4_1-4\"><div class=\"et_pb_column_2 et_pb_column et_pb_column_3_4 et_block_column et_pb_css_mix_blend_mode_passthrough\"><div class=\"et_pb_text_1 et_pb_text et_pb_bg_layout_light et_pb_module et_block_module\"><div class=\"et_pb_text_inner\"><p><strong>Mittwoch, 18. Juli<\/strong><\/p>\n<p>Laut seinen Angaben war Werner Schick, ein Freund aus der N\u00e4he von Frankfurt, heute von einem Ausflug in den Norden wieder zur\u00fcck, und ich versuche ihn anzurufen. Leider hat er mir in einer Nachricht die letzte Stelle seiner Telefonnummer falsch angegeben. Ich habe also jetzt eine Stimme am Telefon, die mir erkl\u00e4rt \u2013 ja, sie wohne im gleichen Dorf, in der gleichen Soi, aber Werner kenne sie nicht. Abe ich solle doch mal den Pujai Baan anrufen, der kennt doch alle, bei der angegebenen Nummer meldet sich aber niemand.<\/p>\n<p>Nun bin ich aber nicht sicher, ob sich mein Thai vielleicht doch negativ auf die Ausk\u00fcnfte ausgewirkt hat. Ich bitte also Cousin Lek, den gleichen Anruf zu t\u00e4tigen und erhalte eine Lektion in thail\u00e4ndischer Kommunikation.<\/p>\n<p>Als die Gegenseite sich meldet erkl\u00e4rte er also zuerst einmal, wer er selbst ist. Er ist der Neffe \u2013 dieses Wort benutzt er, weil er mich aufgrund des Altersunterschiedes ja Lung (Onkel) nennt \u2013 des Farangs dogmai. Lung habe ja eben schon einmal angerufen, bitte um Entschuldigung, dass er es jetzt auch noch einmal tut, aber vielleicht hat Lung nicht alles richtig verstanden. Er selbst sei Luftwaffensoldat hier in Korat, wohne ganz in meiner Nachbarschaft und sitzt halt jetzt gerade bei mir, weil der Lung ein Haus in Korat habe und jetzt gerade aus Deutschland gekommen sei. Lung habe ihn gebeten, zu versuchen, einen weiteren Farang zu erreichen, der im Dorf wohnt, in dem die verehrte Gespr\u00e4chspartnerin ja auch wohne. Und er wohne in der Soi 4, stimmt es, dass sie auch in dieser Soi wohnt? Ja, das ist ja dann nicht weit weg von ihr. Kennt sie vielleicht diesen Farang, der ihr ja sicher schon einmal aufgefallen ist, oder weiss sie jemanden, der ihn vielleicht kennt?<\/p>\n<p>Ah ja, der Pujai Ban kennt ihn bestimmt, dort rufen wir jetzt auch an. Danke, dass sie die Ausk\u00fcnfte gegeben hat, einen sch\u00f6nen Abend noch, und es sei heute ja noch kein Regen gefallen, im Dorf auch nicht? Aber vielleicht morgen. Der Pujai Ban kennt Werner tats\u00e4chlich, aber die Telefonnummer weiss er auch nicht. Er kann auch im Moment nicht aus dem Haus gehen, es sind nur ein paar Schritte, aber er kann sie nicht tun, weil er gerade Besuch habe. Aber wenn wir sp\u00e4ter noch einmal anrufen (es ist gerade 8 Uhr abends) wird er es gerne noch einmal versuchen. Ich habe inzwischen auch die richtige Telefonnummer gefunden, die ich mir fr\u00fcher schon einmal notiert hatte.<\/p>\n<p>Die Sache mit dem Telefon l\u00e4sst mir keine Ruhe. Nachdem ich ja jetzt die richtige Telefonnummer habe, rufe ich Werner an. Es meldet sich eine Frauenstimme, und nach der Lektion in Kommunikationstechnik beginne ich zu erkl\u00e4ren, wer ich bin und was ich wolle und wen ich sprechen wolle. Kurt? Ist die Gegenfrage \u2013 ich habe Werner Frau am Telefon, und sie spricht Deutsch. Mir bleibt nur noch die Frage nach Werner, und wann er gew\u00f6hnlich und speziell heute zu Bett gehe.<\/p>\n<p>Kurzentschlossen setze ich mich mit meiner Frau ins Auto, und wir fahren in Werners Dorf. Kann ja nicht so schwer zu finden sein. Ich biege von der Hauptstrasse ab, und die Verwirrung kann beginnen.<\/p>\n<p>Von Strassenschildern keine Spur, wo sind im Dorf um 9 Uhr abends auch noch Leute auf der Strasse? Wir haben aber Gl\u00fcck, eine Frau sitzt noch vor ihrem Haus. Ich \u00fcberlasse das Fragen meiner Frau. In welcher Soi sind wir? Sie ruft nach jemandem, und sie erkl\u00e4rt uns, dass dies die Soi 6 sei. In welcher Richtung liegt jetzt die Soi 4? Sie streckt den Arm aus, also jetzt diese Richtung und dann \u201eLio Sai\u201c, zeigt dabei nach rechts. Moment, sai heisst doch links?? Aber meine Frau hat verstanden. Ja, dort rechts abbiegen, also Lio Sai. Verzweiflung in meinem Gesicht, aber ich fahre lio sai, biege also entgegen der Bedeutung der thail\u00e4ndischen Sprache rechts ab. Sind wir jetzt in der Soi 4? Ab jetzt haben wir Gl\u00fcck, und treffen noch einige Leute auf der Strasse. Soi 4? Ja, jetzt Lio gwa. Uups \u2013 ach, das war ein Mann. Wir fragen an einem Gesch\u00e4ft, das noch offen hat, wieder nach der Soi 4. Das hier ist die Soi 4. Kennt ihr einen Farang namens Werner, seine Frau heisst Nang, sie haben hier ein Haus und sind schon ein paar Tage hier und sie kommen jedes Jahr hierhin. Nein, kennen wir nicht. Wir fragen das Gleiche noch einmal an einem weiteren noch offenen Laden, Ergebnis: wieder nein.<\/p>\n<p>Wir brechen jetzt den Versuch ab, zumal ich mein Handy zuhause vergessen habe und All auf dem ihren die Nummer nicht gespeichert hat. Als ich am n\u00e4chsten Tag Werner abhole, biege ich genau an dem Laden ab, an dem wir zuerst gefragt haben, und erreiche nach 10 (zehn) Metern das Haus der Schicks. Und der zweite Laden geh\u00f6rt einer Nichte von Werners Frau. Noch irgendwelche Fragen??<\/p>\n<\/div><\/div><\/div><div class=\"et_pb_column_3 et_pb_column et_pb_column_1_4 et-last-child et_block_column et_pb_css_mix_blend_mode_passthrough\"><div class=\"et_pb_image_0 et_pb_image et_pb_has_overlay et_pb_module et_block_module\"><a href=\"https:\/\/kurt-singer.com\/thailand\/wp-content\/uploads\/sites\/7\/2024\/08\/Ban-Werner-01.jpg\" class=\"et_pb_lightbox_image\"><span class=\"et_pb_image_wrap\"><img loading=\"lazy\" decoding=\"async\" src=\"https:\/\/kurt-singer.com\/thailand\/wp-content\/uploads\/sites\/7\/2024\/08\/Ban-Werner-01.jpg\" width=\"980\" height=\"735\" srcset=\"https:\/\/kurt-singer.com\/thailand\/wp-content\/uploads\/sites\/7\/2024\/08\/Ban-Werner-01.jpg 980w, https:\/\/kurt-singer.com\/thailand\/wp-content\/uploads\/sites\/7\/2024\/08\/Ban-Werner-01-480x360.jpg 480w\" sizes=\"(min-width: 0px) and (max-width: 480px) 480px, (min-width: 481px) 980px, 100vw\" class=\"wp-image-15360\" \/><span class=\"et_overlay et_pb_inline_icon\" data-icon=\"T\"><\/span><\/span><\/a><\/div><div class=\"et_pb_text_2 et_pb_text et_pb_bg_layout_light et_pb_module et_block_module\"><div class=\"et_pb_text_inner\"><pre style=\"text-align: center;\">Bei Werner zuhause<\/pre>\n<\/div><\/div><div class=\"et_pb_image_1 et_pb_image et_pb_has_overlay et_pb_module et_block_module\"><a href=\"https:\/\/kurt-singer.com\/thailand\/wp-content\/uploads\/sites\/7\/2024\/08\/Ban-Werner-02.jpg\" class=\"et_pb_lightbox_image\"><span class=\"et_pb_image_wrap\"><img loading=\"lazy\" decoding=\"async\" src=\"https:\/\/kurt-singer.com\/thailand\/wp-content\/uploads\/sites\/7\/2024\/08\/Ban-Werner-02.jpg\" width=\"980\" height=\"735\" srcset=\"https:\/\/kurt-singer.com\/thailand\/wp-content\/uploads\/sites\/7\/2024\/08\/Ban-Werner-02.jpg 980w, https:\/\/kurt-singer.com\/thailand\/wp-content\/uploads\/sites\/7\/2024\/08\/Ban-Werner-02-480x360.jpg 480w\" sizes=\"(min-width: 0px) and (max-width: 480px) 480px, (min-width: 481px) 980px, 100vw\" class=\"wp-image-15361\" \/><span class=\"et_overlay et_pb_inline_icon\" data-icon=\"T\"><\/span><\/span><\/a><\/div><div class=\"et_pb_text_3 et_pb_text et_pb_bg_layout_light et_pb_module et_block_module\"><div class=\"et_pb_text_inner\"><pre style=\"text-align: center;\">Wat Ban Phra<\/pre>\n<\/div><\/div><\/div><\/div><\/div>\n","protected":false},"excerpt":{"rendered":"","protected":false},"author":1,"featured_media":0,"parent":0,"menu_order":0,"comment_status":"closed","ping_status":"closed","template":"","meta":{"footnotes":""},"class_list":["post-15267","page","type-page","status-publish","hentry"],"_links":{"self":[{"href":"https:\/\/kurt-singer.com\/thailand\/wp-json\/wp\/v2\/pages\/15267","targetHints":{"allow":["GET"]}}],"collection":[{"href":"https:\/\/kurt-singer.com\/thailand\/wp-json\/wp\/v2\/pages"}],"about":[{"href":"https:\/\/kurt-singer.com\/thailand\/wp-json\/wp\/v2\/types\/page"}],"author":[{"embeddable":true,"href":"https:\/\/kurt-singer.com\/thailand\/wp-json\/wp\/v2\/users\/1"}],"replies":[{"embeddable":true,"href":"https:\/\/kurt-singer.com\/thailand\/wp-json\/wp\/v2\/comments?post=15267"}],"version-history":[{"count":5,"href":"https:\/\/kurt-singer.com\/thailand\/wp-json\/wp\/v2\/pages\/15267\/revisions"}],"predecessor-version":[{"id":16105,"href":"https:\/\/kurt-singer.com\/thailand\/wp-json\/wp\/v2\/pages\/15267\/revisions\/16105"}],"wp:attachment":[{"href":"https:\/\/kurt-singer.com\/thailand\/wp-json\/wp\/v2\/media?parent=15267"}],"curies":[{"name":"wp","href":"https:\/\/api.w.org\/{rel}","templated":true}]}}