{"id":15283,"date":"2024-08-13T13:18:06","date_gmt":"2024-08-13T11:18:06","guid":{"rendered":"https:\/\/kurt-singer.com\/thailand\/?page_id=15283"},"modified":"2026-03-25T00:45:34","modified_gmt":"2026-03-24T23:45:34","slug":"2007-hua-hin","status":"publish","type":"page","link":"https:\/\/kurt-singer.com\/thailand\/2007-hua-hin\/","title":{"rendered":"2007 Hua Hin"},"content":{"rendered":"\n<div class=\"et_pb_section_0 et_pb_section et_section_regular et_block_section\"><div class=\"et_pb_row_0 et_pb_row et_block_row\"><div class=\"et_pb_column_0 et_pb_column et_pb_column_4_4 et-last-child et_block_column et_pb_css_mix_blend_mode_passthrough\"><div class=\"et_pb_menu_0 et_pb_menu et_pb_menu--without-logo et_pb_menu--style-left_aligned et_dropdown_animation_fade et_pb_bg_layout_light et_pb_text_align_right-tablet et_pb_text_align_right-phone et_pb_module et_flex_module\"><div class=\"et_pb_menu_inner_container et_flex_module\"><div class=\"et_pb_menu__wrap\"><div class=\"et_pb_menu__menu\"><nav class=\"et-menu-nav\"><ul id=\"menu-reise2007\" class=\"et-menu nav downwards\"><li id=\"menu-item-15311\" class=\"et_pb_menu_page_id-15257 menu-item menu-item-type-post_type menu-item-object-page menu-item-has-children menu-item-15311\"><a href=\"https:\/\/kurt-singer.com\/thailand\/2007-nach-hause\/\">Nach Hause<\/a>\n<ul class=\"sub-menu\">\n\t<li id=\"menu-item-15315\" class=\"et_pb_menu_page_id-15259 menu-item menu-item-type-post_type menu-item-object-page menu-item-15315\"><a href=\"https:\/\/kurt-singer.com\/thailand\/2007-hinflug\/\">2007 Hinflug<\/a><\/li>\n\t<li id=\"menu-item-15316\" class=\"et_pb_menu_page_id-15261 menu-item menu-item-type-post_type menu-item-object-page menu-item-15316\"><a href=\"https:\/\/kurt-singer.com\/thailand\/2007-ankunft\/\">2007 Ankunft<\/a><\/li>\n\t<li id=\"menu-item-15314\" class=\"et_pb_menu_page_id-15263 menu-item menu-item-type-post_type menu-item-object-page menu-item-15314\"><a href=\"https:\/\/kurt-singer.com\/thailand\/2007-zuhause\/\">2007 Zuhause<\/a><\/li>\n<\/ul>\n<\/li>\n<li id=\"menu-item-15309\" class=\"et_pb_menu_page_id-15265 menu-item menu-item-type-post_type menu-item-object-page menu-item-has-children menu-item-15309\"><a href=\"https:\/\/kurt-singer.com\/thailand\/2007-thailand-in-gelb\/\">Thailand in gelb<\/a>\n<ul class=\"sub-menu\">\n\t<li id=\"menu-item-15308\" class=\"et_pb_menu_page_id-15267 menu-item menu-item-type-post_type menu-item-object-page menu-item-15308\"><a href=\"https:\/\/kurt-singer.com\/thailand\/2007-telefonkunst\/\">2007 Telefonkunst<\/a><\/li>\n\t<li id=\"menu-item-15307\" class=\"et_pb_menu_page_id-15269 menu-item menu-item-type-post_type menu-item-object-page menu-item-15307\"><a href=\"https:\/\/kurt-singer.com\/thailand\/2007-fahnen\/\">2007 Fahnen<\/a><\/li>\n\t<li id=\"menu-item-15306\" class=\"et_pb_menu_page_id-15271 menu-item menu-item-type-post_type menu-item-object-page menu-item-15306\"><a href=\"https:\/\/kurt-singer.com\/thailand\/2007-volleyball-wm\/\">2007 Volleyball-WM<\/a><\/li>\n\t<li id=\"menu-item-15305\" class=\"et_pb_menu_page_id-15273 menu-item menu-item-type-post_type menu-item-object-page menu-item-15305\"><a href=\"https:\/\/kurt-singer.com\/thailand\/2007-nachbarschaft\/\">2007 Nachbarschaft<\/a><\/li>\n<\/ul>\n<\/li>\n<li id=\"menu-item-15304\" class=\"et_pb_menu_page_id-15275 menu-item menu-item-type-post_type menu-item-object-page menu-item-has-children menu-item-15304\"><a href=\"https:\/\/kurt-singer.com\/thailand\/2007-korat-inside\/\">Korat inside<\/a>\n<ul class=\"sub-menu\">\n\t<li id=\"menu-item-15303\" class=\"et_pb_menu_page_id-15277 menu-item menu-item-type-post_type menu-item-object-page menu-item-15303\"><a href=\"https:\/\/kurt-singer.com\/thailand\/2007-nationalmuseum\/\">2007 Nationalmuseum<\/a><\/li>\n\t<li id=\"menu-item-15302\" class=\"et_pb_menu_page_id-15279 menu-item menu-item-type-post_type menu-item-object-page menu-item-15302\"><a href=\"https:\/\/kurt-singer.com\/thailand\/2007-the-mall\/\">2007 The Mall<\/a><\/li>\n\t<li id=\"menu-item-15301\" class=\"et_pb_menu_page_id-15281 menu-item menu-item-type-post_type menu-item-object-page menu-item-15301\"><a href=\"https:\/\/kurt-singer.com\/thailand\/2007-ya-mo\/\">2007 Ya Mo<\/a><\/li>\n<\/ul>\n<\/li>\n<li id=\"menu-item-15300\" class=\"et_pb_menu_page_id-15283 menu-item menu-item-type-post_type menu-item-object-page menu-item-has-children menu-item-15300\"><a href=\"https:\/\/kurt-singer.com\/thailand\/2007-hua-hin\/\">Hua Hin<\/a>\n<ul class=\"sub-menu\">\n\t<li id=\"menu-item-15299\" class=\"et_pb_menu_page_id-15285 menu-item menu-item-type-post_type menu-item-object-page menu-item-15299\"><a href=\"https:\/\/kurt-singer.com\/thailand\/2007-unterkunft\/\">2007 Unterkunft<\/a><\/li>\n\t<li id=\"menu-item-15298\" class=\"et_pb_menu_page_id-15287 menu-item menu-item-type-post_type menu-item-object-page menu-item-15298\"><a href=\"https:\/\/kurt-singer.com\/thailand\/2007-am-strand\/\">2007 Am Strand<\/a><\/li>\n\t<li id=\"menu-item-15297\" class=\"et_pb_menu_page_id-15289 menu-item menu-item-type-post_type menu-item-object-page menu-item-15297\"><a href=\"https:\/\/kurt-singer.com\/thailand\/2007-wat-khao-takiab\/\">2007 Wat Khao Takiab<\/a><\/li>\n\t<li id=\"menu-item-15296\" class=\"et_pb_menu_page_id-15291 menu-item menu-item-type-post_type menu-item-object-page menu-item-15296\"><a href=\"https:\/\/kurt-singer.com\/thailand\/2007-pranburi\/\">2007 Pranburi<\/a><\/li>\n\t<li id=\"menu-item-15295\" class=\"et_pb_menu_page_id-15293 menu-item menu-item-type-post_type menu-item-object-page menu-item-15295\"><a href=\"https:\/\/kurt-singer.com\/thailand\/2007-ausklang\/\">2007 Ausklang<\/a><\/li>\n<\/ul>\n<\/li>\n<\/ul><\/nav><\/div><div class=\"et_mobile_nav_menu\"><div class=\"mobile_nav closed\"><span class=\"mobile_menu_bar\"><\/span><\/div><\/div><\/div><\/div><\/div><\/div><\/div><\/div><div class=\"et_pb_section_1 et_pb_section et_section_regular et_block_section\"><div class=\"et_pb_row_1 et_pb_row et_block_row\"><div class=\"et_pb_column_1 et_pb_column et_pb_column_4_4 et-last-child et_block_column et_pb_css_mix_blend_mode_passthrough\"><div class=\"et_pb_text_0 et_pb_text et_pb_bg_layout_light et_pb_module et_block_module\"><div class=\"et_pb_text_inner\"><h1>Familienausflug ans Meer von Hua Hin<\/h1>\n<\/div><\/div><\/div><\/div><div class=\"et_pb_row_2 et_pb_row et_pb_row_3-4_1-4 et_block_row et_block_row_3-4_1-4\"><div class=\"et_pb_column_2 et_pb_column et_pb_column_3_4 et_block_column et_pb_css_mix_blend_mode_passthrough\"><div class=\"et_pb_text_1 et_pb_text et_pb_bg_layout_light et_pb_module et_block_module\"><div class=\"et_pb_text_inner\"><p><strong>Samstag, 28. Juli<\/strong><\/p>\n<p>Um vier Uhr, wie ich jetzt auch weiss am Samstag morgen, soll Abfahrt nach Hua Hin sein. Obwohl ich es kenne und genau weiss, was ich davon zu halten habe, stehe ich bereits um 3:30 Uhr auf. Ich will in Ruhe duschen, und auf meinen morgendlichen Kaffe werde ich trotz der Fahrt nicht verzichten.<\/p>\n<p>Und so ist es denn, um vier Uhr fahren bedeutet bei den Thais, sie stehen alle um vier Uhr auf. Wir treffen uns um 5 Uhr in der Soi 5. Jetzt wird erst einmal beratschlagt, wo wir denn wirklich hinfahren. Ich trage vor, dass heute der Beginn von Khao Pansa ist, also der Beginn von 4 freien Tagen in Thailand. Alle Thais machen jetzt Urlaub, und viele werden nach Hua Hin fahren. Besser w\u00e4re doch vielleicht Rayong, das auch in Thailand nicht so sehr als Urlaubsst\u00e4tte bekannt ist, und wo man vielleicht besser ein Hotel finden k\u00f6nne. Es werden auch noch Pattaya und Chanthaburi diskutiert. Ich kann mich aber gegen 11 Thais nicht durchsetzen, meine Aussagen erscheinen niemandem logisch. Ich zweifle an mir.<\/p>\n<p>Als wir dann kurz vor sechs Uhr wirklich losfahren sind wir 12 Personen in zwei Autos. Bis gestern war die Rede noch von vier Autos und ca zwanzig Personen, aber Neffe Nan wurde kurzfristig nach Bangkok berufen zu seiner Polizeidienststelle und fuhr mit seiner Familie zur\u00fcck nach Hause, und Yiam, der Schwiegervater meiner Tochter will jetzt auch nicht mehr mit und f\u00e4hrt nach Roi Et zur\u00fcck.<\/p>\n<p>Ich habe immer noch Bedenken und schlafe schon mal im Auto etwas vor.<\/p>\n<p>Von Hua Hin gibt es <a href=\"https:\/\/gallery.jalbum.net\/de\/browse\/user\/album\/2060134;jsessionid=f8uu72klyyav19iysrmjac9ed161285\" target=\"_blank\" rel=\"noopener noreferrer\">Fotos im Fotoalbum<\/a>.<\/p>\n<\/div><\/div><\/div><div class=\"et_pb_column_3 et_pb_column et_pb_column_1_4 et-last-child et_block_column et_pb_css_mix_blend_mode_passthrough\"><div class=\"et_pb_image_0 et_pb_image et_pb_has_overlay et_pb_module et_block_module\"><a href=\"https:\/\/kurt-singer.com\/thailand\/wp-content\/uploads\/sites\/7\/2024\/08\/Hua-Hin-01.jpg\" class=\"et_pb_lightbox_image\"><span class=\"et_pb_image_wrap\"><img loading=\"lazy\" decoding=\"async\" src=\"https:\/\/kurt-singer.com\/thailand\/wp-content\/uploads\/sites\/7\/2024\/08\/Hua-Hin-01.jpg\" width=\"980\" height=\"735\" srcset=\"https:\/\/kurt-singer.com\/thailand\/wp-content\/uploads\/sites\/7\/2024\/08\/Hua-Hin-01.jpg 980w, https:\/\/kurt-singer.com\/thailand\/wp-content\/uploads\/sites\/7\/2024\/08\/Hua-Hin-01-480x360.jpg 480w\" sizes=\"(min-width: 0px) and (max-width: 480px) 480px, (min-width: 481px) 980px, 100vw\" class=\"wp-image-15343\" \/><span class=\"et_overlay et_pb_inline_icon\" data-icon=\"T\"><\/span><\/span><\/a><\/div><div class=\"et_pb_text_2 et_pb_text et_pb_bg_layout_light et_pb_module et_block_module\"><div class=\"et_pb_text_inner\"><pre style=\"text-align: center;\">Fahrt nach Hua Hin<\/pre>\n<\/div><\/div><div class=\"et_pb_image_1 et_pb_image et_pb_has_overlay et_pb_module et_block_module\"><a href=\"https:\/\/kurt-singer.com\/thailand\/wp-content\/uploads\/sites\/7\/2024\/08\/Hua-Hin-02.jpg\" class=\"et_pb_lightbox_image\"><span class=\"et_pb_image_wrap\"><img loading=\"lazy\" decoding=\"async\" src=\"https:\/\/kurt-singer.com\/thailand\/wp-content\/uploads\/sites\/7\/2024\/08\/Hua-Hin-02.jpg\" width=\"980\" height=\"735\" srcset=\"https:\/\/kurt-singer.com\/thailand\/wp-content\/uploads\/sites\/7\/2024\/08\/Hua-Hin-02.jpg 980w, https:\/\/kurt-singer.com\/thailand\/wp-content\/uploads\/sites\/7\/2024\/08\/Hua-Hin-02-480x360.jpg 480w\" sizes=\"(min-width: 0px) and (max-width: 480px) 480px, (min-width: 481px) 980px, 100vw\" class=\"wp-image-15344\" \/><span class=\"et_overlay et_pb_inline_icon\" data-icon=\"T\"><\/span><\/span><\/a><\/div><div class=\"et_pb_text_3 et_pb_text et_pb_bg_layout_light et_pb_module et_block_module\"><div class=\"et_pb_text_inner\"><pre style=\"text-align: center;\">Fr\u00fchst\u00fcckspause<\/pre>\n<\/div><\/div><\/div><\/div><\/div>\n","protected":false},"excerpt":{"rendered":"","protected":false},"author":1,"featured_media":0,"parent":0,"menu_order":0,"comment_status":"closed","ping_status":"closed","template":"","meta":{"footnotes":""},"class_list":["post-15283","page","type-page","status-publish","hentry"],"_links":{"self":[{"href":"https:\/\/kurt-singer.com\/thailand\/wp-json\/wp\/v2\/pages\/15283","targetHints":{"allow":["GET"]}}],"collection":[{"href":"https:\/\/kurt-singer.com\/thailand\/wp-json\/wp\/v2\/pages"}],"about":[{"href":"https:\/\/kurt-singer.com\/thailand\/wp-json\/wp\/v2\/types\/page"}],"author":[{"embeddable":true,"href":"https:\/\/kurt-singer.com\/thailand\/wp-json\/wp\/v2\/users\/1"}],"replies":[{"embeddable":true,"href":"https:\/\/kurt-singer.com\/thailand\/wp-json\/wp\/v2\/comments?post=15283"}],"version-history":[{"count":5,"href":"https:\/\/kurt-singer.com\/thailand\/wp-json\/wp\/v2\/pages\/15283\/revisions"}],"predecessor-version":[{"id":16113,"href":"https:\/\/kurt-singer.com\/thailand\/wp-json\/wp\/v2\/pages\/15283\/revisions\/16113"}],"wp:attachment":[{"href":"https:\/\/kurt-singer.com\/thailand\/wp-json\/wp\/v2\/media?parent=15283"}],"curies":[{"name":"wp","href":"https:\/\/api.w.org\/{rel}","templated":true}]}}