{"id":15285,"date":"2024-08-13T13:18:27","date_gmt":"2024-08-13T11:18:27","guid":{"rendered":"https:\/\/kurt-singer.com\/thailand\/?page_id=15285"},"modified":"2026-03-25T00:45:35","modified_gmt":"2026-03-24T23:45:35","slug":"2007-unterkunft","status":"publish","type":"page","link":"https:\/\/kurt-singer.com\/thailand\/2007-unterkunft\/","title":{"rendered":"2007 Unterkunft"},"content":{"rendered":"\n<div class=\"et_pb_section_0 et_pb_section et_section_regular et_block_section\"><div class=\"et_pb_row_0 et_pb_row et_block_row\"><div class=\"et_pb_column_0 et_pb_column et_pb_column_4_4 et-last-child et_block_column et_pb_css_mix_blend_mode_passthrough\"><div class=\"et_pb_menu_0 et_pb_menu et_pb_menu--without-logo et_pb_menu--style-left_aligned et_dropdown_animation_fade et_pb_bg_layout_light et_pb_text_align_right-tablet et_pb_text_align_right-phone et_pb_module et_flex_module\"><div class=\"et_pb_menu_inner_container et_flex_module\"><div class=\"et_pb_menu__wrap\"><div class=\"et_pb_menu__menu\"><nav class=\"et-menu-nav\"><ul id=\"menu-reise2007\" class=\"et-menu nav downwards\"><li id=\"menu-item-15311\" class=\"et_pb_menu_page_id-15257 menu-item menu-item-type-post_type menu-item-object-page menu-item-has-children menu-item-15311\"><a href=\"https:\/\/kurt-singer.com\/thailand\/2007-nach-hause\/\">Nach Hause<\/a>\n<ul class=\"sub-menu\">\n\t<li id=\"menu-item-15315\" class=\"et_pb_menu_page_id-15259 menu-item menu-item-type-post_type menu-item-object-page menu-item-15315\"><a href=\"https:\/\/kurt-singer.com\/thailand\/2007-hinflug\/\">2007 Hinflug<\/a><\/li>\n\t<li id=\"menu-item-15316\" class=\"et_pb_menu_page_id-15261 menu-item menu-item-type-post_type menu-item-object-page menu-item-15316\"><a href=\"https:\/\/kurt-singer.com\/thailand\/2007-ankunft\/\">2007 Ankunft<\/a><\/li>\n\t<li id=\"menu-item-15314\" class=\"et_pb_menu_page_id-15263 menu-item menu-item-type-post_type menu-item-object-page menu-item-15314\"><a href=\"https:\/\/kurt-singer.com\/thailand\/2007-zuhause\/\">2007 Zuhause<\/a><\/li>\n<\/ul>\n<\/li>\n<li id=\"menu-item-15309\" class=\"et_pb_menu_page_id-15265 menu-item menu-item-type-post_type menu-item-object-page menu-item-has-children menu-item-15309\"><a href=\"https:\/\/kurt-singer.com\/thailand\/2007-thailand-in-gelb\/\">Thailand in gelb<\/a>\n<ul class=\"sub-menu\">\n\t<li id=\"menu-item-15308\" class=\"et_pb_menu_page_id-15267 menu-item menu-item-type-post_type menu-item-object-page menu-item-15308\"><a href=\"https:\/\/kurt-singer.com\/thailand\/2007-telefonkunst\/\">2007 Telefonkunst<\/a><\/li>\n\t<li id=\"menu-item-15307\" class=\"et_pb_menu_page_id-15269 menu-item menu-item-type-post_type menu-item-object-page menu-item-15307\"><a href=\"https:\/\/kurt-singer.com\/thailand\/2007-fahnen\/\">2007 Fahnen<\/a><\/li>\n\t<li id=\"menu-item-15306\" class=\"et_pb_menu_page_id-15271 menu-item menu-item-type-post_type menu-item-object-page menu-item-15306\"><a href=\"https:\/\/kurt-singer.com\/thailand\/2007-volleyball-wm\/\">2007 Volleyball-WM<\/a><\/li>\n\t<li id=\"menu-item-15305\" class=\"et_pb_menu_page_id-15273 menu-item menu-item-type-post_type menu-item-object-page menu-item-15305\"><a href=\"https:\/\/kurt-singer.com\/thailand\/2007-nachbarschaft\/\">2007 Nachbarschaft<\/a><\/li>\n<\/ul>\n<\/li>\n<li id=\"menu-item-15304\" class=\"et_pb_menu_page_id-15275 menu-item menu-item-type-post_type menu-item-object-page menu-item-has-children menu-item-15304\"><a href=\"https:\/\/kurt-singer.com\/thailand\/2007-korat-inside\/\">Korat inside<\/a>\n<ul class=\"sub-menu\">\n\t<li id=\"menu-item-15303\" class=\"et_pb_menu_page_id-15277 menu-item menu-item-type-post_type menu-item-object-page menu-item-15303\"><a href=\"https:\/\/kurt-singer.com\/thailand\/2007-nationalmuseum\/\">2007 Nationalmuseum<\/a><\/li>\n\t<li id=\"menu-item-15302\" class=\"et_pb_menu_page_id-15279 menu-item menu-item-type-post_type menu-item-object-page menu-item-15302\"><a href=\"https:\/\/kurt-singer.com\/thailand\/2007-the-mall\/\">2007 The Mall<\/a><\/li>\n\t<li id=\"menu-item-15301\" class=\"et_pb_menu_page_id-15281 menu-item menu-item-type-post_type menu-item-object-page menu-item-15301\"><a href=\"https:\/\/kurt-singer.com\/thailand\/2007-ya-mo\/\">2007 Ya Mo<\/a><\/li>\n<\/ul>\n<\/li>\n<li id=\"menu-item-15300\" class=\"et_pb_menu_page_id-15283 menu-item menu-item-type-post_type menu-item-object-page menu-item-has-children menu-item-15300\"><a href=\"https:\/\/kurt-singer.com\/thailand\/2007-hua-hin\/\">Hua Hin<\/a>\n<ul class=\"sub-menu\">\n\t<li id=\"menu-item-15299\" class=\"et_pb_menu_page_id-15285 menu-item menu-item-type-post_type menu-item-object-page menu-item-15299\"><a href=\"https:\/\/kurt-singer.com\/thailand\/2007-unterkunft\/\">2007 Unterkunft<\/a><\/li>\n\t<li id=\"menu-item-15298\" class=\"et_pb_menu_page_id-15287 menu-item menu-item-type-post_type menu-item-object-page menu-item-15298\"><a href=\"https:\/\/kurt-singer.com\/thailand\/2007-am-strand\/\">2007 Am Strand<\/a><\/li>\n\t<li id=\"menu-item-15297\" class=\"et_pb_menu_page_id-15289 menu-item menu-item-type-post_type menu-item-object-page menu-item-15297\"><a href=\"https:\/\/kurt-singer.com\/thailand\/2007-wat-khao-takiab\/\">2007 Wat Khao Takiab<\/a><\/li>\n\t<li id=\"menu-item-15296\" class=\"et_pb_menu_page_id-15291 menu-item menu-item-type-post_type menu-item-object-page menu-item-15296\"><a href=\"https:\/\/kurt-singer.com\/thailand\/2007-pranburi\/\">2007 Pranburi<\/a><\/li>\n\t<li id=\"menu-item-15295\" class=\"et_pb_menu_page_id-15293 menu-item menu-item-type-post_type menu-item-object-page menu-item-15295\"><a href=\"https:\/\/kurt-singer.com\/thailand\/2007-ausklang\/\">2007 Ausklang<\/a><\/li>\n<\/ul>\n<\/li>\n<\/ul><\/nav><\/div><div class=\"et_mobile_nav_menu\"><div class=\"mobile_nav closed\"><span class=\"mobile_menu_bar\"><\/span><\/div><\/div><\/div><\/div><\/div><\/div><\/div><\/div><div class=\"et_pb_section_1 et_pb_section et_section_regular et_block_section\"><div class=\"et_pb_row_1 et_pb_row et_block_row\"><div class=\"et_pb_column_1 et_pb_column et_pb_column_4_4 et-last-child et_block_column et_pb_css_mix_blend_mode_passthrough\"><div class=\"et_pb_text_0 et_pb_text et_pb_bg_layout_light et_pb_module et_block_module\"><div class=\"et_pb_text_inner\"><h1>Wir finden noch ein H\u00e4uschen<\/h1>\n<\/div><\/div><\/div><\/div><div class=\"et_pb_row_2 et_pb_row et_pb_row_3-4_1-4 et_block_row et_block_row_3-4_1-4\"><div class=\"et_pb_column_2 et_pb_column et_pb_column_3_4 et_block_column et_pb_css_mix_blend_mode_passthrough\"><div class=\"et_pb_text_1 et_pb_text et_pb_bg_layout_light et_pb_module et_block_module\"><div class=\"et_pb_text_inner\"><p><strong>Immer noch Samstag, 28. Juli<\/strong><\/p>\n<p>Die Fahrt ist dann auch wirklich nicht so das grosse Vergnuegen, und ich kann meinem Schlafvorsatz nicht lange folgen. Tats\u00e4chlich bewegt sich eine einzige Autokolonne in Richtung S\u00fcden (und ich bef\u00fcrchte wirklich nach Hua Hin). Auf der Strasse durch Bangkok staut sich der Verkehr auch noch mehr als sonst. Zudem wird auf der N4 nach Bangkok viel gebaut. Don, der Besitzer unseres Autos ist dann auch ganz froh, dass ich ihn unterwegs abl\u00f6se. Es schaut sich die Geschichte ca 10 Minuten an und schl\u00e4ft dann beruhigt ein, w\u00e4hrend ich mich mit den vielen Baustellen jetzt herum\u00e4rgern muss. Nun ist es aber so, dass keine der Baustellen mit irgendwelchen Einschr\u00e4nkungen versorgt ist, keine Geschwindigkeitsbegrenzungen, da sich das ja ganz von selbst regelt, keine Schilder, nur feste Barken, die keinem Auto bei Ber\u00fchrung gut tun werden. So ist der Baustellenverkehr eigentlich besser geregelt als in Deutschland, wo bei noch normaler Fahrbahnbreite trotzdem die Geschwindigkeit gedrosselt wird. Insgesamt ist es beim Fahren wie schon bei vielen Gelegenheiten zuvor so, dass es auch hier die Ausnahmefahrer gibt, die Kolonnenspringer, die \u00dcberholer trotz wenig Platz. Erstmals sehe ich einen Thai aus der Haut fahren. Ein Bauarbeiter geht auf der rechten, gesperrten, Fahrspur und stellt diese rot-weissen H\u00fctchen auf. Schon einige Meter vorher schert einer der Sprinter schon nach rechts aus und f\u00e4hrt ganz dicht an eben jenem Arbeiter vorbei. Dieser schmeisst ihm offensichtlich w\u00fctend alle seine H\u00fctchen nach, leider trifft er nicht. Aber sonst ist alles total friedlich und entspannt, ausser mir schlafen jetzt alle anderen im Auto.<\/p>\n<p>In Hua Hin kommen wir gegen 14 Uhr an, denn unterwegs muss ja auch gegessen und getrunken werden. Und das dann auch in \u00fcberfuellten Rastst\u00e4tten und Tankstellen. Da ich etwas schneller gefahren bin als Lek im zweiten Auto kommen wir etwas fr\u00fcher in Hua Hin an, und so mache ich mich schon auf die Suche nach einer Unterkunft.<\/p>\n<p>Absage \u00fcber Absage, ich entdecke ein Schild mit \u201cBed and Breakfast\u201d, aber das Schild war vor langer Zeit vergessen worden zu entfernen. Dort aber treffen wir einen hilfsbereiten Menschen, der uns helfen will. Mit ihm suchen wir zwei Schlafm\u00f6glichkeiten auf, das erste besetzt, das zweite mit einem Raum fuer 20 Personen zu 6000 Baht die Nacht. Daf\u00fcr bedanke ich mich nicht mal f\u00fcrs Zeigen des Zimmers. Wir treffen uns mit dem zweiten Auto im Wat Hua Hin, wo noch einmal gegessen wird. Hier treffen wir dann auch einen M\u00f6nch, der aus Hua Hin stammt und der uns noch eine Adresse gibt. Dort fahre ich schon mal mit meiner Frau hin. Angeboten werden uns zwei H\u00e4user mit je 2 Schlafzimmern, einer K\u00fcche und einem Wohnraum fuer je 2000 Baht die Nacht.<\/p>\n<p>Umgerechnet auf die Kopfzahl und die Urlaubszeit ist das eigentlich in Ordnung und auch wohl die allerletzte M\u00f6glichkeit, noch was zu finden, denn inzwischen ist es auch f\u00fcnf Uhr nachmittags. Ich hole also den Rest nach hier, und alle sind begeistert, zumal der Meer nur knapp 100 m weit entfernt ist.<\/p>\n<p>Und so kommt es abends zur ersten Begegnung meiner Enkelkinder mit dem Meer. Allerdings auch zur ersten abendlichen Begegnung mit Quallen, die sp\u00e4t abends noch angesp\u00fclt werden.<\/p>\n<p>Bei der Ausstattung mit zwei K\u00fcchen ist nat\u00fcrlich bald auch wieder Zeit zum Essen, ich bin eigentlich noch satt vom letzten Mahl, aber unerbittlich wird mein Teller gef\u00fcllt, mein Glas nachgeschenkt.<\/p>\n<p>Was willst du? Wir sind im Urlaub, nicht beim Arbeiten. Wie Recht sie doch alle haben. Es lebe der Urlaub.<\/p>\n<\/div><\/div><\/div><div class=\"et_pb_column_3 et_pb_column et_pb_column_1_4 et-last-child et_block_column et_pb_css_mix_blend_mode_passthrough\"><div class=\"et_pb_image_0 et_pb_image et_pb_has_overlay et_pb_module et_block_module\"><a href=\"https:\/\/kurt-singer.com\/thailand\/wp-content\/uploads\/sites\/7\/2024\/08\/Hua-Hin-04.jpg\" class=\"et_pb_lightbox_image\"><span class=\"et_pb_image_wrap\"><img loading=\"lazy\" decoding=\"async\" src=\"https:\/\/kurt-singer.com\/thailand\/wp-content\/uploads\/sites\/7\/2024\/08\/Hua-Hin-04.jpg\" width=\"980\" height=\"735\" srcset=\"https:\/\/kurt-singer.com\/thailand\/wp-content\/uploads\/sites\/7\/2024\/08\/Hua-Hin-04.jpg 980w, https:\/\/kurt-singer.com\/thailand\/wp-content\/uploads\/sites\/7\/2024\/08\/Hua-Hin-04-480x360.jpg 480w\" sizes=\"(min-width: 0px) and (max-width: 480px) 480px, (min-width: 481px) 980px, 100vw\" class=\"wp-image-15340\" \/><span class=\"et_overlay et_pb_inline_icon\" data-icon=\"T\"><\/span><\/span><\/a><\/div><div class=\"et_pb_text_2 et_pb_text et_pb_bg_layout_light et_pb_module et_block_module\"><div class=\"et_pb_text_inner\"><pre style=\"text-align: center;\">Warten auf ein Bett<\/pre>\n<\/div><\/div><div class=\"et_pb_image_1 et_pb_image et_pb_has_overlay et_pb_module et_block_module\"><a href=\"https:\/\/kurt-singer.com\/thailand\/wp-content\/uploads\/sites\/7\/2024\/08\/Hua-Hin-03.jpg\" class=\"et_pb_lightbox_image\"><span class=\"et_pb_image_wrap\"><img loading=\"lazy\" decoding=\"async\" src=\"https:\/\/kurt-singer.com\/thailand\/wp-content\/uploads\/sites\/7\/2024\/08\/Hua-Hin-03.jpg\" width=\"980\" height=\"735\" srcset=\"https:\/\/kurt-singer.com\/thailand\/wp-content\/uploads\/sites\/7\/2024\/08\/Hua-Hin-03.jpg 980w, https:\/\/kurt-singer.com\/thailand\/wp-content\/uploads\/sites\/7\/2024\/08\/Hua-Hin-03-480x360.jpg 480w\" sizes=\"(min-width: 0px) and (max-width: 480px) 480px, (min-width: 481px) 980px, 100vw\" class=\"wp-image-15341\" \/><span class=\"et_overlay et_pb_inline_icon\" data-icon=\"T\"><\/span><\/span><\/a><\/div><div class=\"et_pb_text_3 et_pb_text et_pb_bg_layout_light et_pb_module et_block_module\"><div class=\"et_pb_text_inner\"><pre style=\"text-align: center;\">Er hat schon eins<\/pre>\n<\/div><\/div><div class=\"et_pb_image_2 et_pb_image et_pb_has_overlay et_pb_module et_block_module\"><a href=\"https:\/\/kurt-singer.com\/thailand\/wp-content\/uploads\/sites\/7\/2024\/08\/Hua-Hin-05.jpg\" class=\"et_pb_lightbox_image\"><span class=\"et_pb_image_wrap\"><img loading=\"lazy\" decoding=\"async\" src=\"https:\/\/kurt-singer.com\/thailand\/wp-content\/uploads\/sites\/7\/2024\/08\/Hua-Hin-05.jpg\" width=\"980\" height=\"735\" srcset=\"https:\/\/kurt-singer.com\/thailand\/wp-content\/uploads\/sites\/7\/2024\/08\/Hua-Hin-05.jpg 980w, https:\/\/kurt-singer.com\/thailand\/wp-content\/uploads\/sites\/7\/2024\/08\/Hua-Hin-05-480x360.jpg 480w\" sizes=\"(min-width: 0px) and (max-width: 480px) 480px, (min-width: 481px) 980px, 100vw\" class=\"wp-image-15342\" \/><span class=\"et_overlay et_pb_inline_icon\" data-icon=\"T\"><\/span><\/span><\/a><\/div><div class=\"et_pb_text_4 et_pb_text et_pb_bg_layout_light et_pb_module et_block_module\"><div class=\"et_pb_text_inner\"><pre style=\"text-align: center;\">Unser Bungalow<\/pre>\n<\/div><\/div><\/div><\/div><\/div>\n","protected":false},"excerpt":{"rendered":"","protected":false},"author":1,"featured_media":0,"parent":0,"menu_order":0,"comment_status":"closed","ping_status":"closed","template":"","meta":{"footnotes":""},"class_list":["post-15285","page","type-page","status-publish","hentry"],"_links":{"self":[{"href":"https:\/\/kurt-singer.com\/thailand\/wp-json\/wp\/v2\/pages\/15285","targetHints":{"allow":["GET"]}}],"collection":[{"href":"https:\/\/kurt-singer.com\/thailand\/wp-json\/wp\/v2\/pages"}],"about":[{"href":"https:\/\/kurt-singer.com\/thailand\/wp-json\/wp\/v2\/types\/page"}],"author":[{"embeddable":true,"href":"https:\/\/kurt-singer.com\/thailand\/wp-json\/wp\/v2\/users\/1"}],"replies":[{"embeddable":true,"href":"https:\/\/kurt-singer.com\/thailand\/wp-json\/wp\/v2\/comments?post=15285"}],"version-history":[{"count":4,"href":"https:\/\/kurt-singer.com\/thailand\/wp-json\/wp\/v2\/pages\/15285\/revisions"}],"predecessor-version":[{"id":16114,"href":"https:\/\/kurt-singer.com\/thailand\/wp-json\/wp\/v2\/pages\/15285\/revisions\/16114"}],"wp:attachment":[{"href":"https:\/\/kurt-singer.com\/thailand\/wp-json\/wp\/v2\/media?parent=15285"}],"curies":[{"name":"wp","href":"https:\/\/api.w.org\/{rel}","templated":true}]}}