{"id":15588,"date":"2024-08-13T17:28:11","date_gmt":"2024-08-13T15:28:11","guid":{"rendered":"https:\/\/kurt-singer.com\/thailand\/?page_id=15588"},"modified":"2026-03-25T00:45:47","modified_gmt":"2026-03-24T23:45:47","slug":"2009-bangkok-sightseeing","status":"publish","type":"page","link":"https:\/\/kurt-singer.com\/thailand\/2009-bangkok-sightseeing\/","title":{"rendered":"2009 Bangkok Sightseeing"},"content":{"rendered":"\n<div class=\"et_pb_section_0 et_pb_section et_section_regular et_block_section\"><div class=\"et_pb_row_0 et_pb_row et_block_row\"><div class=\"et_pb_column_0 et_pb_column et_pb_column_4_4 et-last-child et_block_column et_pb_css_mix_blend_mode_passthrough\"><div class=\"et_pb_menu_0 et_pb_menu et_pb_menu--without-logo et_pb_menu--style-left_aligned et_dropdown_animation_fade et_pb_bg_layout_light et_pb_text_align_right-tablet et_pb_text_align_right-phone et_pb_module et_flex_module\"><div class=\"et_pb_menu_inner_container et_flex_module\"><div class=\"et_pb_menu__wrap\"><div class=\"et_pb_menu__menu\"><nav class=\"et-menu-nav\"><ul id=\"menu-reise-2009\" class=\"et-menu nav downwards\"><li id=\"menu-item-15636\" class=\"et_pb_menu_page_id-15582 menu-item menu-item-type-post_type menu-item-object-page menu-item-has-children menu-item-15636\"><a href=\"https:\/\/kurt-singer.com\/thailand\/2009-reiseablauf\/\">Reiseablauf<\/a>\n<ul class=\"sub-menu\">\n\t<li id=\"menu-item-15635\" class=\"et_pb_menu_page_id-15584 menu-item menu-item-type-post_type menu-item-object-page menu-item-15635\"><a href=\"https:\/\/kurt-singer.com\/thailand\/2009-hinflug\/\">2009 Hinflug<\/a><\/li>\n\t<li id=\"menu-item-15633\" class=\"et_pb_menu_page_id-15586 menu-item menu-item-type-post_type menu-item-object-page menu-item-15633\"><a href=\"https:\/\/kurt-singer.com\/thailand\/2009-bangkok-2\/\">2009 Bangkok<\/a><\/li>\n\t<li id=\"menu-item-15634\" class=\"et_pb_menu_page_id-15588 menu-item menu-item-type-post_type menu-item-object-page menu-item-15634\"><a href=\"https:\/\/kurt-singer.com\/thailand\/2009-bangkok-sightseeing\/\">2009 Sightseeing<\/a><\/li>\n<\/ul>\n<\/li>\n<li id=\"menu-item-15639\" class=\"et_pb_menu_page_id-15590 menu-item menu-item-type-post_type menu-item-object-page menu-item-has-children menu-item-15639\"><a href=\"https:\/\/kurt-singer.com\/thailand\/2009-provinz-nan\/\">Provinz Nan<\/a>\n<ul class=\"sub-menu\">\n\t<li id=\"menu-item-15640\" class=\"et_pb_menu_page_id-15592 menu-item menu-item-type-post_type menu-item-object-page menu-item-15640\"><a href=\"https:\/\/kurt-singer.com\/thailand\/2009-sukhothai-4\/\">2009 Sukhothai<\/a><\/li>\n\t<li id=\"menu-item-15638\" class=\"et_pb_menu_page_id-15594 menu-item menu-item-type-post_type menu-item-object-page menu-item-15638\"><a href=\"https:\/\/kurt-singer.com\/thailand\/2009-phitsanuloke\/\">2009 Phitsanuloke<\/a><\/li>\n\t<li id=\"menu-item-15637\" class=\"et_pb_menu_page_id-15596 menu-item menu-item-type-post_type menu-item-object-page menu-item-15637\"><a href=\"https:\/\/kurt-singer.com\/thailand\/2009-chaloem-phra-kiat\/\">2009 Chaloem Phra Kiat<\/a><\/li>\n\t<li id=\"menu-item-15642\" class=\"et_pb_menu_page_id-15598 menu-item menu-item-type-post_type menu-item-object-page menu-item-15642\"><a href=\"https:\/\/kurt-singer.com\/thailand\/2009-polizeiappelle\/\">2009 Polizeiappelle<\/a><\/li>\n\t<li id=\"menu-item-15641\" class=\"et_pb_menu_page_id-15600 menu-item menu-item-type-post_type menu-item-object-page menu-item-15641\"><a href=\"https:\/\/kurt-singer.com\/thailand\/2009-laos\/\">2009 Laos<\/a><\/li>\n<\/ul>\n<\/li>\n<li id=\"menu-item-15691\" class=\"et_pb_menu_page_id-15602 menu-item menu-item-type-post_type menu-item-object-page menu-item-has-children menu-item-15691\"><a href=\"https:\/\/kurt-singer.com\/thailand\/2009-mae-hong-son\/\">Mae Hong Son<\/a>\n<ul class=\"sub-menu\">\n\t<li id=\"menu-item-15689\" class=\"et_pb_menu_page_id-15604 menu-item menu-item-type-post_type menu-item-object-page menu-item-15689\"><a href=\"https:\/\/kurt-singer.com\/thailand\/2009-bei-den-padong\/\">2009 Bei den Padong<\/a><\/li>\n\t<li id=\"menu-item-15690\" class=\"et_pb_menu_page_id-15606 menu-item menu-item-type-post_type menu-item-object-page menu-item-15690\"><a href=\"https:\/\/kurt-singer.com\/thailand\/2009-doi-kong-mu\/\">2009 Doi Kong Mu<\/a><\/li>\n\t<li id=\"menu-item-15688\" class=\"et_pb_menu_page_id-15608 menu-item menu-item-type-post_type menu-item-object-page menu-item-15688\"><a href=\"https:\/\/kurt-singer.com\/thailand\/2009-airport\/\">2009 Airport<\/a><\/li>\n<\/ul>\n<\/li>\n<li id=\"menu-item-15647\" class=\"et_pb_menu_page_id-15645 menu-item menu-item-type-post_type menu-item-object-page menu-item-has-children menu-item-15647\"><a href=\"https:\/\/kurt-singer.com\/thailand\/2009-chiang-mai\/\">Chiang Mai<\/a>\n<ul class=\"sub-menu\">\n\t<li id=\"menu-item-15648\" class=\"et_pb_menu_page_id-15610 menu-item menu-item-type-post_type menu-item-object-page menu-item-15648\"><a href=\"https:\/\/kurt-singer.com\/thailand\/2009-doi-suthep\/\">2009 Doi Suthep<\/a><\/li>\n<\/ul>\n<\/li>\n<li id=\"menu-item-15653\" class=\"et_pb_menu_page_id-15612 menu-item menu-item-type-post_type menu-item-object-page menu-item-has-children menu-item-15653\"><a href=\"https:\/\/kurt-singer.com\/thailand\/2009-korat-2\/\">Korat<\/a>\n<ul class=\"sub-menu\">\n\t<li id=\"menu-item-15657\" class=\"et_pb_menu_page_id-15614 menu-item menu-item-type-post_type menu-item-object-page menu-item-15657\"><a href=\"https:\/\/kurt-singer.com\/thailand\/2009-zuhause\/\">2009 Zuhause<\/a><\/li>\n\t<li id=\"menu-item-15655\" class=\"et_pb_menu_page_id-15616 menu-item menu-item-type-post_type menu-item-object-page menu-item-15655\"><a href=\"https:\/\/kurt-singer.com\/thailand\/2009-ruhetag-in-korat\/\">2009 Ruhetag in Korat<\/a><\/li>\n\t<li id=\"menu-item-15656\" class=\"et_pb_menu_page_id-15618 menu-item menu-item-type-post_type menu-item-object-page menu-item-15656\"><a href=\"https:\/\/kurt-singer.com\/thailand\/2009-wood-museum\/\">2009 Wood Museum<\/a><\/li>\n\t<li id=\"menu-item-15650\" class=\"et_pb_menu_page_id-15620 menu-item menu-item-type-post_type menu-item-object-page menu-item-15650\"><a href=\"https:\/\/kurt-singer.com\/thailand\/2009-dan-kwian\/\">2009 Dan Kwian<\/a><\/li>\n\t<li id=\"menu-item-15651\" class=\"et_pb_menu_page_id-15622 menu-item menu-item-type-post_type menu-item-object-page menu-item-15651\"><a href=\"https:\/\/kurt-singer.com\/thailand\/2009-familientag\/\">2009 Familientag<\/a><\/li>\n\t<li id=\"menu-item-15649\" class=\"et_pb_menu_page_id-15624 menu-item menu-item-type-post_type menu-item-object-page menu-item-15649\"><a href=\"https:\/\/kurt-singer.com\/thailand\/2009-ban-non-wat\/\">2009 Ban Non Wat<\/a><\/li>\n\t<li id=\"menu-item-15654\" class=\"et_pb_menu_page_id-15626 menu-item menu-item-type-post_type menu-item-object-page menu-item-15654\"><a href=\"https:\/\/kurt-singer.com\/thailand\/2009-lam-thakong\/\">2009 Lam Thakong<\/a><\/li>\n<\/ul>\n<\/li>\n<li id=\"menu-item-15652\" class=\"et_pb_menu_page_id-15628 menu-item menu-item-type-post_type menu-item-object-page menu-item-15652\"><a href=\"https:\/\/kurt-singer.com\/thailand\/2009-heimflug\/\">Heimflug<\/a><\/li>\n<\/ul><\/nav><\/div><div class=\"et_mobile_nav_menu\"><div class=\"mobile_nav closed\"><span class=\"mobile_menu_bar\"><\/span><\/div><\/div><\/div><\/div><\/div><\/div><\/div><\/div><div class=\"et_pb_section_1 et_pb_section et_section_regular et_block_section\"><div class=\"et_pb_row_1 et_pb_row et_block_row\"><div class=\"et_pb_column_1 et_pb_column et_pb_column_4_4 et-last-child et_block_column et_pb_css_mix_blend_mode_passthrough\"><div class=\"et_pb_text_0 et_pb_text et_pb_bg_layout_light et_pb_module et_block_module\"><div class=\"et_pb_text_inner\"><h1>Eine Sightseeing-Tour durch Bangkok<\/h1>\n<\/div><\/div><\/div><\/div><div class=\"et_pb_row_2 et_pb_row et_pb_row_3-4_1-4 et_block_row et_block_row_3-4_1-4\"><div class=\"et_pb_column_2 et_pb_column et_pb_column_3_4 et_block_column et_pb_css_mix_blend_mode_passthrough\"><div class=\"et_pb_text_1 et_pb_text et_pb_bg_layout_light et_pb_module et_block_module\"><div class=\"et_pb_text_inner\"><p>Weiter <strong>Mittwoch, 10.6.<\/strong><\/p>\n<p><strong>Lak Mueang<br \/> <\/strong>Bis zur Regierungszeit von K\u00f6nig Chulalongkorn (Rama V.) waren die provinziellen St\u00e4dte (Mueang) relativ autonom. Viele haben noch heute ein Relikt aus diesen alten Zeiten, die Lak Mueang. Er wurde im Namen der h\u00f6chsten politischen Autorit\u00e4t errichtet und verbinden religi\u00f6se Praktiken um den W\u00e4chtergeist der Stadt (Chao Phor Lak Mueang) mit dem Sitz der politischen Macht.<\/p>\n<p>In Bangkok ist der Lak Mueang an der s\u00fcd\u00f6stlichen Ecke des Sanam Luang gelegen. Dort gegen\u00fcber dem Wat Phra Kheo steht dieser Schrein, der den Grundstein von Bangkok beherbergt. Dieser besteht aus einer S\u00e4ule, und er wurde von K\u00f6nig Rama I errichtet. Viele Menschen glauben, da\u00df die Gr\u00fcndungss\u00e4ule der thail\u00e4ndischen Hauptstadt die Kraft besitze, W\u00fcnsche in Erf\u00fcllung gehen zu lassen. Und so findet man immer gl\u00e4ubige Menschen, die hier ihre Verehrungszeremonie verrichten mit R\u00e4ucherst\u00e4bchen und vielen Opfergaben. Vom Lak Mueang aus werden alle Entfernungen ab Bangkok berechnet.<\/p>\n<p>Von hier aus laufe ich zum <strong>Wat Phra Kheo<\/strong>. Auf dem Weg dorthin versuchen mich Taxi- und Tuk Tuk- Fahrer vom Besuch abzuhalten, weil der Palast geschlossen sei, oder weil gerade eine Feier nur f\u00fcr Thais stattfindet und dergleichen. Sie m\u00f6chten mich stattdessen lieber zu einem anderen Ziel fahren. Nein, la\u00dft das doch sein, ich besuche den<\/p>\n<p><strong>Wat Phra Kheo<\/strong><br \/> Die Geschichte des Wat Phra Kheo oder mit vollem richtigen Namen Wat Phra Si Rattana Satsadaram beginnt in der Regierungszeit von K\u00f6nig Rama I (1782 - 1809). Als dieser die Stadt Bangkok gr\u00fcndete, damals noch Ratanakosin, hatte er den Tempel im \u00f6stlichen Abschnitt seines k\u00f6niglichen Palastes errichtet, Dort wollte er dem Smaragd- Buddha, den er aus der Stadt Vientiane in Laos mitgebracht hatte, seinen Platz geben. Der Bau dauerte 2 Jahre, und die ber\u00fchmte Statue wurde 1784 aus Thonburi an seinen jetzigen Platz gebracht. Wat Phra Kheo liegt im Komplex des Grossen Palastes, der dem Wat Phra Si Sanphet aus der Ayutthaya Periode nachgebaut ist. Weiterhin beherbergt das Gel\u00e4nde den Royal Thai Decorations and Coins Pavillon, der eine st\u00e4ndige Ausstellung von k\u00f6niglichen Insignien, Ehrenzeichen, Medaillen und M\u00fcnzen zeigt, die bis ins fr\u00fche 11. Jh. zur\u00fcckreichen. Nicht zu vergessen ist das Museum des Wat Phra Kheo, welches unter anderem die Kleidungsst\u00fccke zu den verschiedenen Jahrezeiten des Smaragd Buddha zeigt.<\/p>\n<p><strong>Wat Pho<\/strong><br \/> Der Weg zum <strong>Wat Pho<\/strong> ist nicht allzu weit, und ich mache ihn gerne zu Fu\u00df. Unterwegs habe ich dann auch noch einige kleine Erlebnisse, bevor ich Wat Pho erreiche.<\/p>\n<p>In der Nachbarschaft des Wat Phra Kheo und des Grossen Palastes steht dieser Tempel, erbaut im Jahr 1688, der den ber\u00fchmten ruhenden Buddha beherbergt. Es ist der gr\u00f6sste und \u00e4lteste Tempel Bangkoks, in dem auch die meisten Buddhabildnisse zu sehen sind. Die mit Gold \u00fcberzogene Figur des Buddha ist 46 m lang und 15 m hoch, seine Augen und F\u00fcsse sind mit Perlmutt ausgelegt. Sie soll an den Eintritt des Buddha in das Nirwana erinnern.<\/p>\n<p>Bekannt ist er auch unter dem Namen \u201eTempel des liegenden Buddha\u201c. Er ist ein K\u00f6niglicher Tempel Erster Klasse, ein buddhistischer Tempel (Wat), der im Zentrum der historischen Altstadt von Bangkok liegt, unmittelbar s\u00fcdlich des K\u00f6nigspalastes. Sein offizieller Name wird zu Wat Phra Chetuphon abgek\u00fcrzt, Einheimische nennen ihn aber noch immer Wat Pho nach seinem historischen Namen Wat Potharam, welcher an das Kloster des Bodhi-Baumes in Bodhgaya erinnern soll.<\/p>\n<p>Zur Gr\u00fcndung seiner neuen Hauptstadt Bangkok restaurierte und erweiterte K\u00f6nig Rama I. den Tempel (das dauerte von 1789-1801) und gab ihm den Namen \u201eWat Phra Chetuphon Vimolmangkalaram Rajaworamahaviharn\u201c. Auch alle weiteren K\u00f6nige der Chakri-Dynastie erweiterten und restaurierten ebenfalls diesen Tempel (Wat Luang).<\/p>\n<p><strong>Wat Arun<br \/> <\/strong>Um zu meinem n\u00e4chsten Ziel zu kommen, mu\u00df ich die F\u00e4hre nehmen. Wat Arun (Tempel der Morgenr\u00f6te, ehemals: Wat Chaeng) ist ein buddhistischer Tempel in Bangkoks Ortsteil Bangkok Yai am westlichen Ufer des Chao Phraya-Flusses. Der vollst\u00e4ndige Name des Tempels lautet Wat Arun Ratchawararam Ratchaworamahaviharn.<\/p>\n<p>Der Tempel wurde w\u00e4hrend der Ayutthaya-Periode errichtet und hie\u00df urspr\u00fcnglich Wat Makok. Als nach dem Fall Ayutthayas Thonburi die Hauptstadt des neuen siamesischen Reiches wurde, baute K\u00f6nig Taksin im Jahre 1768 seinen Palast auf dem Gebiet des alten Fort Wichayen, welches bereits seit Anfang des 16. Jahrhunderts den Eingang per Schiff zum siamesischen Reich bewacht. In das Palastgel\u00e4nde eingeschlossen wurden zwei Tempel, Wat Makok und Wat Tai Talad (heute Wat Moli Lokayaram). In beiden<\/p>\n<p>Tempel durften sodann keine M\u00f6nche mehr leben, wie es heute auch im Wat Phra Kaeo der Fall ist, der auf dem Gel\u00e4nde des Grand Palace liegt. Der K\u00f6nig \u00e4nderte dabei den Namen von Wat Makok in Wat Chaeng . Als Chao Phraya Chakri, der sp\u00e4tere K\u00f6nig Phra Puttha Yotfa Chulalok (Rama I.) den Smaragd-Buddha, den er in Vientiane erbeutet hatte, in einer feierlichen Prozession in die Hauptstadt brachte, bekam die heilige Buddha-Statue im Tempel des K\u00f6nigs, im Wat Chaeng seine vorl\u00e4ufige Unterkunft.<\/p>\n<p><strong>Khao San Road<\/strong><br \/> Ich habe mir vorgenommen, nach gut 20 Jahren wieder einmal die <strong>Khao San Road<\/strong> zu besuchen, nat\u00fcrlich zu Fu\u00df und hautnah. Sie war nach der Soi Ngam Dupli einmal ein Zentrum f\u00fcr Backpacker, f\u00fcr die das Reisen noch Kontakt zur Natur, zum Land und den Menschen war. Doch was ich heute dort antreffe hat den Charme von Pat Pong oder Soi Cowboy, wobei ich die Menschen dieser Vergn\u00fcgungsstra\u00dfen damit nicht beleidigen m\u00f6chte. Ich treffe keinen an, mit dem ich eine Reise antreten w\u00fcrde, ich h\u00e4tte keine Chance, einen Reisekameraden zu finden. Und die Thais haben sich dem angepa\u00dft, machen keine freundlichen Gesichter, selbst auf einen Scherz bez\u00fcglich Som Tam geht keiner ein. Und ich bin sicher - verstanden haben sie mich.<\/p>\n<p>Daf\u00fcr kann man gef\u00e4lschte Ausweise aller Art dort kaufen, zu stark \u00fcberh\u00f6hten Preisen, denn mit einem PC, einem guten Farbdrucker und einem Bildbearbeitungsprogramm baue ich alles das f\u00fcr einige Cent nach, was hier f\u00fcr viele Dollars verkauft wird. Welche Narren m\u00fcssen dort verkehren, welche diese Stra\u00dfe auch noch f\u00fcr das \u201cauthentische Bangkok\u201d halten?<\/p>\n<p>Ich jedenfalls erlebe meinen ersten t\u00fcrkischen Kebab Stand in Thailand (nat\u00fcrlich ohne dort zu essen), anderswo soll es die schon lange geben. Ich kaufe mir noch eine neue PIN- lose Sim- Karte, damit ich in Thailand auch meine Kontakte halten kann. Jetzt z.B. rufe ich meine Familie in Korat an und erfahre, da\u00df die zweite Nichte, also die Schwester meiner Abholerin, es nicht abwarten konnte, mich zu sehen und schon auf dem Weg nach Bangkok ist. Mit dem Bus nat\u00fcrlich, denn das ist einfacher und billiger als mit dem Auto. Mir kommt da schon ein Gedanke. Aber die Khao San Road ist es nicht, was mich dazu inspiriert. Es ist einfach Bangkok, die Stadt, die ich einmal geliebt habe und von der ich jetzt feststelle, dass sie mich irgendwie \u00e4rgert. Vielleicht ist es ja so, da\u00df sie mich nicht mehr mag. Sie kommt mir unfreundlich, fast feindlich vor. Dabei wollte ich mir doch noch so viel ansehen,, das Elefantenmuseum, das forensische Museum, das Prasat Museum, das ... Museum, Wat Benchamabophit, Wat ... - ich wei\u00df nicht, wie ich das durchstehen soll.<\/p>\n<p>Ich fahre mit dem Taxi zur\u00fcck zum Haus meines Neffen nach Thonburi auf der anderen Seite des Chao Phraya, und wirklich treffe ich dort auf Pat. Sie f\u00e4hrt am n\u00e4chsten Morgen bereits wieder zur\u00fcck nach Korat, hat die Strecke nur zur\u00fcck gelegt, um mich zu sehen, denn planm\u00e4\u00dfig komme ich ja erst viel sp\u00e4ter nach Hause. Kurzum, ich plane um. Ich werde morgen fr\u00fch mit ihr nach Mo Chit zum Busbahnhof fahren, und meine Reise nach Chainat fortsetzen oder mit dem erstbesten Bus nach irgendwohin.<\/p>\n<p>Nur weg von Bangkok, der Stadt, die mich nicht mehr liebt.<\/p>\n<\/div><\/div><div class=\"et_pb_text_2 et_pb_text et_pb_bg_layout_light et_pb_module et_block_module\"><div class=\"et_pb_text_inner\"><p>Hier geht es zum <a href=\"https:\/\/kurtsinger.jalbum.net\/Meine%20Thailandreise%202009\/06-10%20Bangkok\/index.html\" target=\"_blank\" rel=\"noopener noreferrer\">Fotoalbum<\/a><\/p>\n<\/div><\/div><\/div><div class=\"et_pb_column_3 et_pb_column et_pb_column_1_4 et-last-child et_block_column et_pb_css_mix_blend_mode_passthrough\"><div class=\"et_pb_image_0 et_pb_image et_pb_image_sticky et_pb_has_overlay et_pb_module et_block_module\"><a href=\"https:\/\/kurt-singer.com\/thailand\/wp-content\/uploads\/sites\/7\/2024\/08\/2009-LakMueang.jpg\" class=\"et_pb_lightbox_image\"><span class=\"et_pb_image_wrap\"><img loading=\"lazy\" decoding=\"async\" src=\"https:\/\/kurt-singer.com\/thailand\/wp-content\/uploads\/sites\/7\/2024\/08\/2009-LakMueang.jpg\" width=\"980\" height=\"735\" srcset=\"https:\/\/kurt-singer.com\/thailand\/wp-content\/uploads\/sites\/7\/2024\/08\/2009-LakMueang.jpg 980w, https:\/\/kurt-singer.com\/thailand\/wp-content\/uploads\/sites\/7\/2024\/08\/2009-LakMueang-480x360.jpg 480w\" sizes=\"(min-width: 0px) and (max-width: 480px) 480px, (min-width: 481px) 980px, 100vw\" class=\"wp-image-15532\" \/><span class=\"et_overlay et_pb_inline_icon\" data-icon=\"T\"><\/span><\/span><\/a><\/div><div class=\"et_pb_text_3 et_pb_text et_pb_bg_layout_light et_pb_module et_block_module\"><div class=\"et_pb_text_inner\"><pre style=\"text-align: center;\">Der Lak Mueang<\/pre>\n<\/div><\/div><div class=\"et_pb_image_1 et_pb_image et_pb_image_sticky et_pb_has_overlay et_pb_module et_block_module\"><a href=\"https:\/\/kurt-singer.com\/thailand\/wp-content\/uploads\/sites\/7\/2024\/08\/2009-WPK.jpg\" class=\"et_pb_lightbox_image\"><span class=\"et_pb_image_wrap\"><img loading=\"lazy\" decoding=\"async\" src=\"https:\/\/kurt-singer.com\/thailand\/wp-content\/uploads\/sites\/7\/2024\/08\/2009-WPK.jpg\" width=\"980\" height=\"735\" srcset=\"https:\/\/kurt-singer.com\/thailand\/wp-content\/uploads\/sites\/7\/2024\/08\/2009-WPK.jpg 980w, https:\/\/kurt-singer.com\/thailand\/wp-content\/uploads\/sites\/7\/2024\/08\/2009-WPK-480x360.jpg 480w\" sizes=\"(min-width: 0px) and (max-width: 480px) 480px, (min-width: 481px) 980px, 100vw\" class=\"wp-image-15533\" \/><span class=\"et_overlay et_pb_inline_icon\" data-icon=\"T\"><\/span><\/span><\/a><\/div><div class=\"et_pb_text_4 et_pb_text et_pb_bg_layout_light et_pb_module et_block_module\"><div class=\"et_pb_text_inner\"><pre style=\"text-align: center;\">Wat Phra Kheo<\/pre>\n<\/div><\/div><div class=\"et_pb_image_2 et_pb_image et_pb_image_sticky et_pb_has_overlay et_pb_module et_block_module\"><a href=\"https:\/\/kurt-singer.com\/thailand\/wp-content\/uploads\/sites\/7\/2024\/08\/2009-WatPho.jpg\" class=\"et_pb_lightbox_image\"><span class=\"et_pb_image_wrap\"><img loading=\"lazy\" decoding=\"async\" src=\"https:\/\/kurt-singer.com\/thailand\/wp-content\/uploads\/sites\/7\/2024\/08\/2009-WatPho.jpg\" width=\"980\" height=\"735\" srcset=\"https:\/\/kurt-singer.com\/thailand\/wp-content\/uploads\/sites\/7\/2024\/08\/2009-WatPho.jpg 980w, https:\/\/kurt-singer.com\/thailand\/wp-content\/uploads\/sites\/7\/2024\/08\/2009-WatPho-480x360.jpg 480w\" sizes=\"(min-width: 0px) and (max-width: 480px) 480px, (min-width: 481px) 980px, 100vw\" class=\"wp-image-15534\" \/><span class=\"et_overlay et_pb_inline_icon\" data-icon=\"T\"><\/span><\/span><\/a><\/div><div class=\"et_pb_text_5 et_pb_text et_pb_bg_layout_light et_pb_module et_block_module\"><div class=\"et_pb_text_inner\"><pre style=\"text-align: center;\">Wat Pho<\/pre>\n<\/div><\/div><div class=\"et_pb_image_3 et_pb_image et_pb_image_sticky et_pb_has_overlay et_pb_module et_block_module\"><a href=\"https:\/\/kurt-singer.com\/thailand\/wp-content\/uploads\/sites\/7\/2024\/08\/2009-WatArun.jpg\" class=\"et_pb_lightbox_image\"><span class=\"et_pb_image_wrap\"><img loading=\"lazy\" decoding=\"async\" src=\"https:\/\/kurt-singer.com\/thailand\/wp-content\/uploads\/sites\/7\/2024\/08\/2009-WatArun.jpg\" width=\"980\" height=\"735\" srcset=\"https:\/\/kurt-singer.com\/thailand\/wp-content\/uploads\/sites\/7\/2024\/08\/2009-WatArun.jpg 980w, https:\/\/kurt-singer.com\/thailand\/wp-content\/uploads\/sites\/7\/2024\/08\/2009-WatArun-480x360.jpg 480w\" sizes=\"(min-width: 0px) and (max-width: 480px) 480px, (min-width: 481px) 980px, 100vw\" class=\"wp-image-15535\" \/><span class=\"et_overlay et_pb_inline_icon\" data-icon=\"T\"><\/span><\/span><\/a><\/div><div class=\"et_pb_text_6 et_pb_text et_pb_bg_layout_light et_pb_module et_block_module\"><div class=\"et_pb_text_inner\"><pre style=\"text-align: center;\">Wat Arun<\/pre>\n<\/div><\/div><div class=\"et_pb_image_4 et_pb_image et_pb_image_sticky et_pb_has_overlay et_pb_module et_block_module\"><a href=\"https:\/\/kurt-singer.com\/thailand\/wp-content\/uploads\/sites\/7\/2024\/08\/2009-KhauSan1.jpg\" class=\"et_pb_lightbox_image\"><span class=\"et_pb_image_wrap\"><img loading=\"lazy\" decoding=\"async\" src=\"https:\/\/kurt-singer.com\/thailand\/wp-content\/uploads\/sites\/7\/2024\/08\/2009-KhauSan1.jpg\" width=\"980\" height=\"735\" srcset=\"https:\/\/kurt-singer.com\/thailand\/wp-content\/uploads\/sites\/7\/2024\/08\/2009-KhauSan1.jpg 980w, https:\/\/kurt-singer.com\/thailand\/wp-content\/uploads\/sites\/7\/2024\/08\/2009-KhauSan1-480x360.jpg 480w\" sizes=\"(min-width: 0px) and (max-width: 480px) 480px, (min-width: 481px) 980px, 100vw\" class=\"wp-image-15536\" \/><span class=\"et_overlay et_pb_inline_icon\" data-icon=\"T\"><\/span><\/span><\/a><\/div><div class=\"et_pb_text_7 et_pb_text et_pb_bg_layout_light et_pb_module et_block_module\"><div class=\"et_pb_text_inner\"><pre style=\"text-align: center;\">Khao San Road<\/pre>\n<\/div><\/div><div class=\"et_pb_image_5 et_pb_image et_pb_image_sticky et_pb_has_overlay et_pb_module et_block_module\"><a href=\"https:\/\/kurt-singer.com\/thailand\/wp-content\/uploads\/sites\/7\/2024\/08\/2009-KhaoSan2.jpg\" class=\"et_pb_lightbox_image\"><span class=\"et_pb_image_wrap\"><img loading=\"lazy\" decoding=\"async\" src=\"https:\/\/kurt-singer.com\/thailand\/wp-content\/uploads\/sites\/7\/2024\/08\/2009-KhaoSan2.jpg\" width=\"980\" height=\"735\" srcset=\"https:\/\/kurt-singer.com\/thailand\/wp-content\/uploads\/sites\/7\/2024\/08\/2009-KhaoSan2.jpg 980w, https:\/\/kurt-singer.com\/thailand\/wp-content\/uploads\/sites\/7\/2024\/08\/2009-KhaoSan2-480x360.jpg 480w\" sizes=\"(min-width: 0px) and (max-width: 480px) 480px, (min-width: 481px) 980px, 100vw\" class=\"wp-image-15537\" \/><span class=\"et_overlay et_pb_inline_icon\" data-icon=\"T\"><\/span><\/span><\/a><\/div><div class=\"et_pb_text_8 et_pb_text et_pb_bg_layout_light et_pb_module et_block_module\"><div class=\"et_pb_text_inner\"><pre style=\"text-align: center;\">Khao San Road<\/pre>\n<\/div><\/div><div class=\"et_pb_image_6 et_pb_image et_pb_image_sticky et_pb_has_overlay et_pb_module et_block_module\"><a href=\"https:\/\/kurt-singer.com\/thailand\/wp-content\/uploads\/sites\/7\/2024\/08\/2009-Busbahnhof-2-1.jpg\" class=\"et_pb_lightbox_image\"><span class=\"et_pb_image_wrap\"><img loading=\"lazy\" decoding=\"async\" src=\"https:\/\/kurt-singer.com\/thailand\/wp-content\/uploads\/sites\/7\/2024\/08\/2009-Busbahnhof-2-1.jpg\" width=\"980\" height=\"551\" srcset=\"https:\/\/kurt-singer.com\/thailand\/wp-content\/uploads\/sites\/7\/2024\/08\/2009-Busbahnhof-2-1.jpg 980w, https:\/\/kurt-singer.com\/thailand\/wp-content\/uploads\/sites\/7\/2024\/08\/2009-Busbahnhof-2-1-480x270.jpg 480w\" sizes=\"(min-width: 0px) and (max-width: 480px) 480px, (min-width: 481px) 980px, 100vw\" class=\"wp-image-15538\" \/><span class=\"et_overlay et_pb_inline_icon\" data-icon=\"T\"><\/span><\/span><\/a><\/div><div class=\"et_pb_text_9 et_pb_text et_pb_bg_layout_light et_pb_module et_block_module\"><div class=\"et_pb_text_inner\"><pre style=\"text-align: center;\">Busbahnhof Bangkok<\/pre>\n<\/div><\/div><div class=\"et_pb_image_7 et_pb_image et_pb_image_sticky et_pb_has_overlay et_pb_module et_block_module\"><a href=\"https:\/\/kurt-singer.com\/thailand\/wp-content\/uploads\/sites\/7\/2024\/08\/2009-Busbahnhof-1.jpg\" class=\"et_pb_lightbox_image\"><span class=\"et_pb_image_wrap\"><img loading=\"lazy\" decoding=\"async\" src=\"https:\/\/kurt-singer.com\/thailand\/wp-content\/uploads\/sites\/7\/2024\/08\/2009-Busbahnhof-1.jpg\" width=\"980\" height=\"551\" srcset=\"https:\/\/kurt-singer.com\/thailand\/wp-content\/uploads\/sites\/7\/2024\/08\/2009-Busbahnhof-1.jpg 980w, https:\/\/kurt-singer.com\/thailand\/wp-content\/uploads\/sites\/7\/2024\/08\/2009-Busbahnhof-1-480x270.jpg 480w\" sizes=\"(min-width: 0px) and (max-width: 480px) 480px, (min-width: 481px) 980px, 100vw\" class=\"wp-image-15539\" \/><span class=\"et_overlay et_pb_inline_icon\" data-icon=\"T\"><\/span><\/span><\/a><\/div><div class=\"et_pb_text_10 et_pb_text et_pb_bg_layout_light et_pb_module et_block_module\"><div class=\"et_pb_text_inner\"><pre style=\"text-align: center;\">Im Busbahnhof<\/pre>\n<\/div><\/div><\/div><\/div><\/div>\n","protected":false},"excerpt":{"rendered":"","protected":false},"author":1,"featured_media":0,"parent":0,"menu_order":0,"comment_status":"closed","ping_status":"closed","template":"","meta":{"footnotes":""},"class_list":["post-15588","page","type-page","status-publish","hentry"],"_links":{"self":[{"href":"https:\/\/kurt-singer.com\/thailand\/wp-json\/wp\/v2\/pages\/15588","targetHints":{"allow":["GET"]}}],"collection":[{"href":"https:\/\/kurt-singer.com\/thailand\/wp-json\/wp\/v2\/pages"}],"about":[{"href":"https:\/\/kurt-singer.com\/thailand\/wp-json\/wp\/v2\/types\/page"}],"author":[{"embeddable":true,"href":"https:\/\/kurt-singer.com\/thailand\/wp-json\/wp\/v2\/users\/1"}],"replies":[{"embeddable":true,"href":"https:\/\/kurt-singer.com\/thailand\/wp-json\/wp\/v2\/comments?post=15588"}],"version-history":[{"count":4,"href":"https:\/\/kurt-singer.com\/thailand\/wp-json\/wp\/v2\/pages\/15588\/revisions"}],"predecessor-version":[{"id":16123,"href":"https:\/\/kurt-singer.com\/thailand\/wp-json\/wp\/v2\/pages\/15588\/revisions\/16123"}],"wp:attachment":[{"href":"https:\/\/kurt-singer.com\/thailand\/wp-json\/wp\/v2\/media?parent=15588"}],"curies":[{"name":"wp","href":"https:\/\/api.w.org\/{rel}","templated":true}]}}