{"id":15590,"date":"2024-08-13T17:28:34","date_gmt":"2024-08-13T15:28:34","guid":{"rendered":"https:\/\/kurt-singer.com\/thailand\/?page_id=15590"},"modified":"2026-03-25T00:45:48","modified_gmt":"2026-03-24T23:45:48","slug":"2009-provinz-nan","status":"publish","type":"page","link":"https:\/\/kurt-singer.com\/thailand\/2009-provinz-nan\/","title":{"rendered":"2009 Provinz Nan"},"content":{"rendered":"\n<div class=\"et_pb_section_0 et_pb_section et_section_regular et_block_section\"><div class=\"et_pb_row_0 et_pb_row et_block_row\"><div class=\"et_pb_column_0 et_pb_column et_pb_column_4_4 et-last-child et_block_column et_pb_css_mix_blend_mode_passthrough\"><div class=\"et_pb_menu_0 et_pb_menu et_pb_menu--without-logo et_pb_menu--style-left_aligned et_dropdown_animation_fade et_pb_bg_layout_light et_pb_text_align_right-tablet et_pb_text_align_right-phone et_pb_module et_flex_module\"><div class=\"et_pb_menu_inner_container et_flex_module\"><div class=\"et_pb_menu__wrap\"><div class=\"et_pb_menu__menu\"><nav class=\"et-menu-nav\"><ul id=\"menu-reise-2009\" class=\"et-menu nav downwards\"><li id=\"menu-item-15636\" class=\"et_pb_menu_page_id-15582 menu-item menu-item-type-post_type menu-item-object-page menu-item-has-children menu-item-15636\"><a href=\"https:\/\/kurt-singer.com\/thailand\/2009-reiseablauf\/\">Reiseablauf<\/a>\n<ul class=\"sub-menu\">\n\t<li id=\"menu-item-15635\" class=\"et_pb_menu_page_id-15584 menu-item menu-item-type-post_type menu-item-object-page menu-item-15635\"><a href=\"https:\/\/kurt-singer.com\/thailand\/2009-hinflug\/\">2009 Hinflug<\/a><\/li>\n\t<li id=\"menu-item-15633\" class=\"et_pb_menu_page_id-15586 menu-item menu-item-type-post_type menu-item-object-page menu-item-15633\"><a href=\"https:\/\/kurt-singer.com\/thailand\/2009-bangkok-2\/\">2009 Bangkok<\/a><\/li>\n\t<li id=\"menu-item-15634\" class=\"et_pb_menu_page_id-15588 menu-item menu-item-type-post_type menu-item-object-page menu-item-15634\"><a href=\"https:\/\/kurt-singer.com\/thailand\/2009-bangkok-sightseeing\/\">2009 Sightseeing<\/a><\/li>\n<\/ul>\n<\/li>\n<li id=\"menu-item-15639\" class=\"et_pb_menu_page_id-15590 menu-item menu-item-type-post_type menu-item-object-page menu-item-has-children menu-item-15639\"><a href=\"https:\/\/kurt-singer.com\/thailand\/2009-provinz-nan\/\">Provinz Nan<\/a>\n<ul class=\"sub-menu\">\n\t<li id=\"menu-item-15640\" class=\"et_pb_menu_page_id-15592 menu-item menu-item-type-post_type menu-item-object-page menu-item-15640\"><a href=\"https:\/\/kurt-singer.com\/thailand\/2009-sukhothai-4\/\">2009 Sukhothai<\/a><\/li>\n\t<li id=\"menu-item-15638\" class=\"et_pb_menu_page_id-15594 menu-item menu-item-type-post_type menu-item-object-page menu-item-15638\"><a href=\"https:\/\/kurt-singer.com\/thailand\/2009-phitsanuloke\/\">2009 Phitsanuloke<\/a><\/li>\n\t<li id=\"menu-item-15637\" class=\"et_pb_menu_page_id-15596 menu-item menu-item-type-post_type menu-item-object-page menu-item-15637\"><a href=\"https:\/\/kurt-singer.com\/thailand\/2009-chaloem-phra-kiat\/\">2009 Chaloem Phra Kiat<\/a><\/li>\n\t<li id=\"menu-item-15642\" class=\"et_pb_menu_page_id-15598 menu-item menu-item-type-post_type menu-item-object-page menu-item-15642\"><a href=\"https:\/\/kurt-singer.com\/thailand\/2009-polizeiappelle\/\">2009 Polizeiappelle<\/a><\/li>\n\t<li id=\"menu-item-15641\" class=\"et_pb_menu_page_id-15600 menu-item menu-item-type-post_type menu-item-object-page menu-item-15641\"><a href=\"https:\/\/kurt-singer.com\/thailand\/2009-laos\/\">2009 Laos<\/a><\/li>\n<\/ul>\n<\/li>\n<li id=\"menu-item-15691\" class=\"et_pb_menu_page_id-15602 menu-item menu-item-type-post_type menu-item-object-page menu-item-has-children menu-item-15691\"><a href=\"https:\/\/kurt-singer.com\/thailand\/2009-mae-hong-son\/\">Mae Hong Son<\/a>\n<ul class=\"sub-menu\">\n\t<li id=\"menu-item-15689\" class=\"et_pb_menu_page_id-15604 menu-item menu-item-type-post_type menu-item-object-page menu-item-15689\"><a href=\"https:\/\/kurt-singer.com\/thailand\/2009-bei-den-padong\/\">2009 Bei den Padong<\/a><\/li>\n\t<li id=\"menu-item-15690\" class=\"et_pb_menu_page_id-15606 menu-item menu-item-type-post_type menu-item-object-page menu-item-15690\"><a href=\"https:\/\/kurt-singer.com\/thailand\/2009-doi-kong-mu\/\">2009 Doi Kong Mu<\/a><\/li>\n\t<li id=\"menu-item-15688\" class=\"et_pb_menu_page_id-15608 menu-item menu-item-type-post_type menu-item-object-page menu-item-15688\"><a href=\"https:\/\/kurt-singer.com\/thailand\/2009-airport\/\">2009 Airport<\/a><\/li>\n<\/ul>\n<\/li>\n<li id=\"menu-item-15647\" class=\"et_pb_menu_page_id-15645 menu-item menu-item-type-post_type menu-item-object-page menu-item-has-children menu-item-15647\"><a href=\"https:\/\/kurt-singer.com\/thailand\/2009-chiang-mai\/\">Chiang Mai<\/a>\n<ul class=\"sub-menu\">\n\t<li id=\"menu-item-15648\" class=\"et_pb_menu_page_id-15610 menu-item menu-item-type-post_type menu-item-object-page menu-item-15648\"><a href=\"https:\/\/kurt-singer.com\/thailand\/2009-doi-suthep\/\">2009 Doi Suthep<\/a><\/li>\n<\/ul>\n<\/li>\n<li id=\"menu-item-15653\" class=\"et_pb_menu_page_id-15612 menu-item menu-item-type-post_type menu-item-object-page menu-item-has-children menu-item-15653\"><a href=\"https:\/\/kurt-singer.com\/thailand\/2009-korat-2\/\">Korat<\/a>\n<ul class=\"sub-menu\">\n\t<li id=\"menu-item-15657\" class=\"et_pb_menu_page_id-15614 menu-item menu-item-type-post_type menu-item-object-page menu-item-15657\"><a href=\"https:\/\/kurt-singer.com\/thailand\/2009-zuhause\/\">2009 Zuhause<\/a><\/li>\n\t<li id=\"menu-item-15655\" class=\"et_pb_menu_page_id-15616 menu-item menu-item-type-post_type menu-item-object-page menu-item-15655\"><a href=\"https:\/\/kurt-singer.com\/thailand\/2009-ruhetag-in-korat\/\">2009 Ruhetag in Korat<\/a><\/li>\n\t<li id=\"menu-item-15656\" class=\"et_pb_menu_page_id-15618 menu-item menu-item-type-post_type menu-item-object-page menu-item-15656\"><a href=\"https:\/\/kurt-singer.com\/thailand\/2009-wood-museum\/\">2009 Wood Museum<\/a><\/li>\n\t<li id=\"menu-item-15650\" class=\"et_pb_menu_page_id-15620 menu-item menu-item-type-post_type menu-item-object-page menu-item-15650\"><a href=\"https:\/\/kurt-singer.com\/thailand\/2009-dan-kwian\/\">2009 Dan Kwian<\/a><\/li>\n\t<li id=\"menu-item-15651\" class=\"et_pb_menu_page_id-15622 menu-item menu-item-type-post_type menu-item-object-page menu-item-15651\"><a href=\"https:\/\/kurt-singer.com\/thailand\/2009-familientag\/\">2009 Familientag<\/a><\/li>\n\t<li id=\"menu-item-15649\" class=\"et_pb_menu_page_id-15624 menu-item menu-item-type-post_type menu-item-object-page menu-item-15649\"><a href=\"https:\/\/kurt-singer.com\/thailand\/2009-ban-non-wat\/\">2009 Ban Non Wat<\/a><\/li>\n\t<li id=\"menu-item-15654\" class=\"et_pb_menu_page_id-15626 menu-item menu-item-type-post_type menu-item-object-page menu-item-15654\"><a href=\"https:\/\/kurt-singer.com\/thailand\/2009-lam-thakong\/\">2009 Lam Thakong<\/a><\/li>\n<\/ul>\n<\/li>\n<li id=\"menu-item-15652\" class=\"et_pb_menu_page_id-15628 menu-item menu-item-type-post_type menu-item-object-page menu-item-15652\"><a href=\"https:\/\/kurt-singer.com\/thailand\/2009-heimflug\/\">Heimflug<\/a><\/li>\n<\/ul><\/nav><\/div><div class=\"et_mobile_nav_menu\"><div class=\"mobile_nav closed\"><span class=\"mobile_menu_bar\"><\/span><\/div><\/div><\/div><\/div><\/div><\/div><\/div><\/div><div class=\"et_pb_section_1 et_pb_section et_section_regular et_block_section\"><div class=\"et_pb_row_1 et_pb_row et_block_row\"><div class=\"et_pb_column_1 et_pb_column et_pb_column_4_4 et-last-child et_block_column et_pb_css_mix_blend_mode_passthrough\"><div class=\"et_pb_text_0 et_pb_text et_pb_bg_layout_light et_pb_module et_block_module\"><div class=\"et_pb_text_inner\"><h1>Auf dem Weg nach Nan - Station in Chainat<\/h1>\n<\/div><\/div><\/div><\/div><div class=\"et_pb_row_2 et_pb_row et_pb_row_3-4_1-4 et_block_row et_block_row_3-4_1-4\"><div class=\"et_pb_column_2 et_pb_column et_pb_column_3_4 et_block_column et_pb_css_mix_blend_mode_passthrough\"><div class=\"et_pb_text_1 et_pb_text et_pb_bg_layout_light et_pb_module et_block_module\"><div class=\"et_pb_text_inner\"><p><strong>Donnerstag, 11.6.<\/strong><\/p>\n<p>Nachdem ich ja quasi aus Bangkok geflohen bin und den Besuch auf einen sp\u00e4teren Zeitpunkt meines Lebens verschoben habe, steht heute die Fahrt nach Chainat auf dem neuen Plan. Ich stand also um 03:45 Uhr auf, Fr\u00fchst\u00fcck war ja bekannterma\u00dfen nicht vorhanden. Um 04:40 Uhr mache ich mich zusammen mit Nichte Pat auf den Weg nach Mo Chit, also zum Busbahnhof. Und es gab dann tats\u00e4chlich um 05:30 Uhr einen Bus nach Chainat. Schnelle Verabschiedung von Pat, die um die gleiche Zeit einen Bus nach Korat hat. Ich mu\u00df nun dazu sagen, da\u00df der Bus nach Chainat tats\u00e4chlich der erstbeste war, den ich buchen konnte. Chainat stand zwar lose im Reiseplan, ich h\u00e4tte aber auch jede andere Stadt in Richtung Norden genommen. Der Fahrpreis nach Chainat ist 155 Baht, etwa so viel, wie ich gestern f\u00fcr den Bus von Ehrenbreitstein zum Hauptbahnhof in Koblenz bezahlt habe. :O: . Es war zwar kein VIP Bus, den gibt es nach Chainat nicht, vielleicht ist die Fahrstrecke zu kurz. Es ist ein Kategorie 1 Bus, also einer mit Klimaanlage. Bei der Abfahrt befinden sich 5 Passagiere an Bord, daf\u00fcr h\u00e4lt er unterwegs aber an jeder Milchkanne, und die Leute steigen ein und aus, so da\u00df ich die wirklich bef\u00f6rderte Personenzahl nicht angeben kann.<\/p>\n<p>Die Fahrt geht zuerst am \"International Airport Don Muang\" vorbei, und alte Erinnerungen kommen hoch. Mehr als 100 Mal bin ich dort gelandet und habe ihn irgendwie geliebt, den alten Airport. Wir haben eine nette \"Bustess\" an Bord, welche wie selbverst\u00e4ndlich mit mir Thai spricht. Naja, wenn ein Farang so fr\u00fch in einen Bus Kat. 1 nach Chainat steigt - der mu\u00df einfach Thai sprechen, ein normaler Mensch kann das nicht sein. Um 8 Uhr erreichen wir Chainat.<\/p>\n<p>Wie schon geschrieben, wollte ich ja meine alte Backpackerzeit aufleben lassen, hatte einen kleinen Etat in bar, aber geizig wollte ich doch nicht sein. Ich hatte aber f\u00fcr die ganze Reise kein Hotel vorgebucht, mich nur informiert, was es denn so g\u00e4be. In Chainat ist das das Chainat Hotel als das erste am Ort. Ich lasse mich von einem Tuk Tuk f\u00fcr 30 Baht dorthin fahren und begehe den ersten Fehler, der mir fr\u00fcher nicht passiert w\u00e4re. Davon ausgehend, da\u00df in Chainat um diese Jahreszeit alle Hotels nur auf mich warten, schicke ich den Fahrer weg. Und: das Hotel ist wegen einer Veranstaltung ausgebucht! Ich lasse mir ein anderes Hotel empfehlen, das Chainat Resort, eta 1,5 km entfernt. Auto? Hotel hat keins. Taxi? Fahren hier nicht. Tuk Tuk? Kommt keins vorbei. So schultere ich also mein Reisegep\u00e4ck, das ich ja gottlob in Bangkok halbiert habe. Ich hatte die Mitbringsel einfach der Nichte Pat nach Korat mitgegeben, und so waren es noch ca 8 kg in der Reisetasche und 2 kg in einer Umh\u00e4ngetasche. auf einen kleinen Rucksack hatte ich dummerweise verzichtet. Also zu Fu\u00df. Nun sind es halt keine 1,5 km, sondern max. 800 m, und das konnte selbst ich in meinem Alter noch bew\u00e4ltigen. Das Resort ist ganz in Ordnung, und am besten gef\u00e4llt mir der riesige Pool.<\/p>\n<p>Zun\u00e4chst m\u00f6chte ich aber fr\u00fchst\u00fccken, denn das war ja in Bangkok ausgefallen. Fr\u00fchst\u00fcck? Haben wir nicht. Das Restaurant \u00f6ffnet nur abends. Nun war ich auf dem Herweg an einem kleinen Hotel vorbeigekommen, das mir aber keinen so einladenden Eindruck machte. Trotzdem hin, und dort gab es auch Fr\u00fchst\u00fcck. Einfach American Breakfast, aber Kaffee, Brot und Eier.<\/p>\n<p>Nun war es an der Zeit, Bruno anzurufen. Er hatte zwar gebeten, dies am Vortag der Anreise zu machen, aber das war ja der Planung bzw. Umplanung wegen nicht m\u00f6glich gewesen. \"Oh, du bist schon da? Ok, treffen wir uns in 1 Stunde in deinem Hotel.\" Das h\u00f6rte sich doch sehr unkompliziert an. Und tats\u00e4chlich nach 45 Minuten treffen Bruno und seine Frau ein. Erstmals sahen wir uns pers\u00f6nlich, nachdem wir uns virtuell in Foren oft auseinander gesetzt hatten. Ich treffe ein liebenswertes, freundliches, nettes Paar an, das sich anbietet, mit mir eine Sight Seeing Tour Chainat zu machen, und ich nehme gerne an. Zun\u00e4chst fahren wir zum Essen in ein Restaurant am Flu\u00df. Um mehr Zeit f\u00fcr mich zu haben holen wir dann die Tochter aus der Schule ab. Dabei fuhren wir am Chao Phraya Staudamm von Chainat, der bereits 1957 eingeweiht wurde, vorbei.<\/p>\n<p>Hier geht es zum <a href=\"https:\/\/kurtsinger.jalbum.net\/Meine%20Thailandreise%202009\/06-11%20Chainat\/index.html\" target=\"_blank\" rel=\"noopener noreferrer\">Fotoalbum Chainat<\/a><\/p>\n<p>Sie wollen mir auch die sch\u00f6nsten Wat zeigen, allerdings fahren wir dazu nach Uthai Thani. Zun\u00e4chst besuchen wir Wat Thasung, der zirka 10 Kilometer vom Stadtzentrum Uthai Thani entfernt liegt.<\/p>\n<p>Er ist der gr\u00f6sste Tempelbau auf der Welt, bei welchem Glas im grossen Umfang als Baumaterial verwendet wurde. Der erste Tempel hier wurde in der Zeit von Ayuthaya erbaut. Er war sehr verfallen, als Pra Rajpromyanthera (Luang Po Rusi Lingdum) zu diesem Tempel kam. Er machte ihn dann zum gr\u00f6ssten und exquisitesten Tempel in und um Uthai Thani. Neu erbaut wurde der Tempel dann von Viharn Kaew (Glass Building) und Prasart Thong-kam (Golden Castle). Hier nur einige Eindr\u00fccke, die nicht das wieder geben k\u00f6nnen, was man in Natura dort erblickt.<\/p>\n<p>Hier geht es zum <a href=\"https:\/\/kurtsinger.jalbum.net\/Meine%20Thailandreise%202009\/06-11%20Wat%20Thasung\/index.html\" target=\"_blank\" rel=\"noopener noreferrer\">Fotoalbum Wat Thasung<\/a><\/p>\n<p>Als n\u00e4chstes besichtigen wir einen Bergtempel, Wat Phra Saksit Suthat. Er z\u00e4hlt zu den bedeutendsten Kultst\u00e4tten Thailands. Vom Bergfuss f\u00fchrt ein Treppenaufgang und eine 11 Kilometer lange H\u00f6henstrasse bergauf. Letztere wurde auf Veranlassung von Sri Wichai, dem heiligen Abt von Lampoon, im Jahre 1935 angelegt. Man hat von hier aus eine wundersch\u00f6ne \u00dcbersicht \u00fcber die Stadt Uthai Thani.<\/p>\n<p>Hier geht es zum <a href=\"https:\/\/kurtsinger.jalbum.net\/Meine%20Thailandreise%202009\/06-11%20Wat%20Phra%20Saksit\/index.html\" target=\"_blank\" rel=\"noopener noreferrer\">Fotoalbum Wat Phra Saksit<\/a><\/p>\n<p>Nachdem wir dann noch zum Pizza Essen waren bringt mich Bruno zum Hotel zur\u00fcck. Wir hatten noch verabredet, dass ich am n\u00e4chsten Tag mit ihm nach Nakhon Sawan fahre, da von Chainat aus kein direkter Bus nach Sukhothai f\u00e4hrt. Mangels weiterer Besch\u00e4ftigung r\u00e4ume ich meine Tasche auf, benutze noch kurz den sauberen Pool und versuche zu schlafen, obwohl im Nachbarbungalow der Fernseher auf volle Lautst\u00e4rke l\u00e4uft.<\/p>\n<p>Gute Nacht, Freunde.<\/p>\n<\/div><\/div><\/div><div class=\"et_pb_column_3 et_pb_column et_pb_column_1_4 et-last-child et_block_column et_pb_css_mix_blend_mode_passthrough\"><div class=\"et_pb_image_0 et_pb_image et_pb_image_sticky et_pb_has_overlay et_pb_module et_block_module\"><a href=\"https:\/\/kurt-singer.com\/thailand\/wp-content\/uploads\/sites\/7\/2024\/08\/2009-Chainat-1.jpg\" class=\"et_pb_lightbox_image\"><span class=\"et_pb_image_wrap\"><img loading=\"lazy\" decoding=\"async\" src=\"https:\/\/kurt-singer.com\/thailand\/wp-content\/uploads\/sites\/7\/2024\/08\/2009-Chainat-1.jpg\" width=\"980\" height=\"735\" srcset=\"https:\/\/kurt-singer.com\/thailand\/wp-content\/uploads\/sites\/7\/2024\/08\/2009-Chainat-1.jpg 980w, https:\/\/kurt-singer.com\/thailand\/wp-content\/uploads\/sites\/7\/2024\/08\/2009-Chainat-1-480x360.jpg 480w\" sizes=\"(min-width: 0px) and (max-width: 480px) 480px, (min-width: 481px) 980px, 100vw\" class=\"wp-image-15526\" \/><span class=\"et_overlay et_pb_inline_icon\" data-icon=\"T\"><\/span><\/span><\/a><\/div><div class=\"et_pb_text_2 et_pb_text et_pb_bg_layout_light et_pb_module et_block_module\"><div class=\"et_pb_text_inner\"><pre style=\"text-align: center;\">Mein rustikaler Bungalow<\/pre>\n<\/div><\/div><div class=\"et_pb_image_1 et_pb_image et_pb_image_sticky et_pb_has_overlay et_pb_module et_block_module\"><a href=\"https:\/\/kurt-singer.com\/thailand\/wp-content\/uploads\/sites\/7\/2024\/08\/2009-Chainat-2.jpg\" class=\"et_pb_lightbox_image\"><span class=\"et_pb_image_wrap\"><img loading=\"lazy\" decoding=\"async\" src=\"https:\/\/kurt-singer.com\/thailand\/wp-content\/uploads\/sites\/7\/2024\/08\/2009-Chainat-2.jpg\" width=\"980\" height=\"735\" srcset=\"https:\/\/kurt-singer.com\/thailand\/wp-content\/uploads\/sites\/7\/2024\/08\/2009-Chainat-2.jpg 980w, https:\/\/kurt-singer.com\/thailand\/wp-content\/uploads\/sites\/7\/2024\/08\/2009-Chainat-2-480x360.jpg 480w\" sizes=\"(min-width: 0px) and (max-width: 480px) 480px, (min-width: 481px) 980px, 100vw\" class=\"wp-image-15527\" \/><span class=\"et_overlay et_pb_inline_icon\" data-icon=\"T\"><\/span><\/span><\/a><\/div><div class=\"et_pb_text_3 et_pb_text et_pb_bg_layout_light et_pb_module et_block_module\"><div class=\"et_pb_text_inner\"><pre style=\"text-align: center;\">\"Mein\" Pool<\/pre>\n<\/div><\/div><div class=\"et_pb_image_2 et_pb_image et_pb_image_sticky et_pb_has_overlay et_pb_module et_block_module\"><a href=\"https:\/\/kurt-singer.com\/thailand\/wp-content\/uploads\/sites\/7\/2024\/08\/2009-Chainat-3.jpg\" class=\"et_pb_lightbox_image\"><span class=\"et_pb_image_wrap\"><img loading=\"lazy\" decoding=\"async\" src=\"https:\/\/kurt-singer.com\/thailand\/wp-content\/uploads\/sites\/7\/2024\/08\/2009-Chainat-3.jpg\" width=\"980\" height=\"735\" srcset=\"https:\/\/kurt-singer.com\/thailand\/wp-content\/uploads\/sites\/7\/2024\/08\/2009-Chainat-3.jpg 980w, https:\/\/kurt-singer.com\/thailand\/wp-content\/uploads\/sites\/7\/2024\/08\/2009-Chainat-3-480x360.jpg 480w\" sizes=\"(min-width: 0px) and (max-width: 480px) 480px, (min-width: 481px) 980px, 100vw\" class=\"wp-image-15528\" \/><span class=\"et_overlay et_pb_inline_icon\" data-icon=\"T\"><\/span><\/span><\/a><\/div><div class=\"et_pb_text_4 et_pb_text et_pb_bg_layout_light et_pb_module et_block_module\"><div class=\"et_pb_text_inner\"><pre style=\"text-align: center;\">Bruno und Frau<\/pre>\n<\/div><\/div><div class=\"et_pb_image_3 et_pb_image et_pb_image_sticky et_pb_has_overlay et_pb_module et_block_module\"><a href=\"https:\/\/kurt-singer.com\/thailand\/wp-content\/uploads\/sites\/7\/2024\/08\/2009-Chainat-4.jpg\" class=\"et_pb_lightbox_image\"><span class=\"et_pb_image_wrap\"><img loading=\"lazy\" decoding=\"async\" src=\"https:\/\/kurt-singer.com\/thailand\/wp-content\/uploads\/sites\/7\/2024\/08\/2009-Chainat-4.jpg\" width=\"980\" height=\"735\" srcset=\"https:\/\/kurt-singer.com\/thailand\/wp-content\/uploads\/sites\/7\/2024\/08\/2009-Chainat-4.jpg 980w, https:\/\/kurt-singer.com\/thailand\/wp-content\/uploads\/sites\/7\/2024\/08\/2009-Chainat-4-480x360.jpg 480w\" sizes=\"(min-width: 0px) and (max-width: 480px) 480px, (min-width: 481px) 980px, 100vw\" class=\"wp-image-15529\" \/><span class=\"et_overlay et_pb_inline_icon\" data-icon=\"T\"><\/span><\/span><\/a><\/div><div class=\"et_pb_text_5 et_pb_text et_pb_bg_layout_light et_pb_module et_block_module\"><div class=\"et_pb_text_inner\"><pre style=\"text-align: center;\">Staudamm in Chainat<\/pre>\n<\/div><\/div><div class=\"et_pb_image_4 et_pb_image et_pb_image_sticky et_pb_has_overlay et_pb_module et_block_module\"><a href=\"https:\/\/kurt-singer.com\/thailand\/wp-content\/uploads\/sites\/7\/2024\/08\/2009-Chainat-5.jpg\" class=\"et_pb_lightbox_image\"><span class=\"et_pb_image_wrap\"><img loading=\"lazy\" decoding=\"async\" src=\"https:\/\/kurt-singer.com\/thailand\/wp-content\/uploads\/sites\/7\/2024\/08\/2009-Chainat-5.jpg\" width=\"980\" height=\"735\" srcset=\"https:\/\/kurt-singer.com\/thailand\/wp-content\/uploads\/sites\/7\/2024\/08\/2009-Chainat-5.jpg 980w, https:\/\/kurt-singer.com\/thailand\/wp-content\/uploads\/sites\/7\/2024\/08\/2009-Chainat-5-480x360.jpg 480w\" sizes=\"(min-width: 0px) and (max-width: 480px) 480px, (min-width: 481px) 980px, 100vw\" class=\"wp-image-15530\" \/><span class=\"et_overlay et_pb_inline_icon\" data-icon=\"T\"><\/span><\/span><\/a><\/div><div class=\"et_pb_text_6 et_pb_text et_pb_bg_layout_light et_pb_module et_block_module\"><div class=\"et_pb_text_inner\"><pre style=\"text-align: center;\">Wat Thasung, der gl\u00e4serne Wat<\/pre>\n<\/div><\/div><div class=\"et_pb_image_5 et_pb_image et_pb_image_sticky et_pb_has_overlay et_pb_module et_block_module\"><a href=\"https:\/\/kurt-singer.com\/thailand\/wp-content\/uploads\/sites\/7\/2024\/08\/2009-Chainat-6.jpg\" class=\"et_pb_lightbox_image\"><span class=\"et_pb_image_wrap\"><img loading=\"lazy\" decoding=\"async\" src=\"https:\/\/kurt-singer.com\/thailand\/wp-content\/uploads\/sites\/7\/2024\/08\/2009-Chainat-6.jpg\" width=\"980\" height=\"735\" srcset=\"https:\/\/kurt-singer.com\/thailand\/wp-content\/uploads\/sites\/7\/2024\/08\/2009-Chainat-6.jpg 980w, https:\/\/kurt-singer.com\/thailand\/wp-content\/uploads\/sites\/7\/2024\/08\/2009-Chainat-6-480x360.jpg 480w\" sizes=\"(min-width: 0px) and (max-width: 480px) 480px, (min-width: 481px) 980px, 100vw\" class=\"wp-image-15531\" \/><span class=\"et_overlay et_pb_inline_icon\" data-icon=\"T\"><\/span><\/span><\/a><\/div><div class=\"et_pb_text_7 et_pb_text et_pb_bg_layout_light et_pb_module et_block_module\"><div class=\"et_pb_text_inner\"><pre style=\"text-align: center;\">Blick vom Wat Saksit<\/pre>\n<\/div><\/div><\/div><\/div><\/div>\n","protected":false},"excerpt":{"rendered":"","protected":false},"author":1,"featured_media":0,"parent":0,"menu_order":0,"comment_status":"closed","ping_status":"closed","template":"","meta":{"footnotes":""},"class_list":["post-15590","page","type-page","status-publish","hentry"],"_links":{"self":[{"href":"https:\/\/kurt-singer.com\/thailand\/wp-json\/wp\/v2\/pages\/15590","targetHints":{"allow":["GET"]}}],"collection":[{"href":"https:\/\/kurt-singer.com\/thailand\/wp-json\/wp\/v2\/pages"}],"about":[{"href":"https:\/\/kurt-singer.com\/thailand\/wp-json\/wp\/v2\/types\/page"}],"author":[{"embeddable":true,"href":"https:\/\/kurt-singer.com\/thailand\/wp-json\/wp\/v2\/users\/1"}],"replies":[{"embeddable":true,"href":"https:\/\/kurt-singer.com\/thailand\/wp-json\/wp\/v2\/comments?post=15590"}],"version-history":[{"count":4,"href":"https:\/\/kurt-singer.com\/thailand\/wp-json\/wp\/v2\/pages\/15590\/revisions"}],"predecessor-version":[{"id":16124,"href":"https:\/\/kurt-singer.com\/thailand\/wp-json\/wp\/v2\/pages\/15590\/revisions\/16124"}],"wp:attachment":[{"href":"https:\/\/kurt-singer.com\/thailand\/wp-json\/wp\/v2\/media?parent=15590"}],"curies":[{"name":"wp","href":"https:\/\/api.w.org\/{rel}","templated":true}]}}