{"id":15594,"date":"2024-08-13T17:29:11","date_gmt":"2024-08-13T15:29:11","guid":{"rendered":"https:\/\/kurt-singer.com\/thailand\/?page_id=15594"},"modified":"2026-03-25T00:45:51","modified_gmt":"2026-03-24T23:45:51","slug":"2009-phitsanuloke","status":"publish","type":"page","link":"https:\/\/kurt-singer.com\/thailand\/2009-phitsanuloke\/","title":{"rendered":"2009 Phitsanuloke"},"content":{"rendered":"\n<div class=\"et_pb_section_0 et_pb_section et_section_regular et_block_section\"><div class=\"et_pb_row_0 et_pb_row et_block_row\"><div class=\"et_pb_column_0 et_pb_column et_pb_column_4_4 et-last-child et_block_column et_pb_css_mix_blend_mode_passthrough\"><div class=\"et_pb_menu_0 et_pb_menu et_pb_menu--without-logo et_pb_menu--style-left_aligned et_dropdown_animation_fade et_pb_bg_layout_light et_pb_text_align_right-tablet et_pb_text_align_right-phone et_pb_module et_flex_module\"><div class=\"et_pb_menu_inner_container et_flex_module\"><div class=\"et_pb_menu__wrap\"><div class=\"et_pb_menu__menu\"><nav class=\"et-menu-nav\"><ul id=\"menu-reise-2009\" class=\"et-menu nav downwards\"><li id=\"menu-item-15636\" class=\"et_pb_menu_page_id-15582 menu-item menu-item-type-post_type menu-item-object-page menu-item-has-children menu-item-15636\"><a href=\"https:\/\/kurt-singer.com\/thailand\/2009-reiseablauf\/\">Reiseablauf<\/a>\n<ul class=\"sub-menu\">\n\t<li id=\"menu-item-15635\" class=\"et_pb_menu_page_id-15584 menu-item menu-item-type-post_type menu-item-object-page menu-item-15635\"><a href=\"https:\/\/kurt-singer.com\/thailand\/2009-hinflug\/\">2009 Hinflug<\/a><\/li>\n\t<li id=\"menu-item-15633\" class=\"et_pb_menu_page_id-15586 menu-item menu-item-type-post_type menu-item-object-page menu-item-15633\"><a href=\"https:\/\/kurt-singer.com\/thailand\/2009-bangkok-2\/\">2009 Bangkok<\/a><\/li>\n\t<li id=\"menu-item-15634\" class=\"et_pb_menu_page_id-15588 menu-item menu-item-type-post_type menu-item-object-page menu-item-15634\"><a href=\"https:\/\/kurt-singer.com\/thailand\/2009-bangkok-sightseeing\/\">2009 Sightseeing<\/a><\/li>\n<\/ul>\n<\/li>\n<li id=\"menu-item-15639\" class=\"et_pb_menu_page_id-15590 menu-item menu-item-type-post_type menu-item-object-page menu-item-has-children menu-item-15639\"><a href=\"https:\/\/kurt-singer.com\/thailand\/2009-provinz-nan\/\">Provinz Nan<\/a>\n<ul class=\"sub-menu\">\n\t<li id=\"menu-item-15640\" class=\"et_pb_menu_page_id-15592 menu-item menu-item-type-post_type menu-item-object-page menu-item-15640\"><a href=\"https:\/\/kurt-singer.com\/thailand\/2009-sukhothai-4\/\">2009 Sukhothai<\/a><\/li>\n\t<li id=\"menu-item-15638\" class=\"et_pb_menu_page_id-15594 menu-item menu-item-type-post_type menu-item-object-page menu-item-15638\"><a href=\"https:\/\/kurt-singer.com\/thailand\/2009-phitsanuloke\/\">2009 Phitsanuloke<\/a><\/li>\n\t<li id=\"menu-item-15637\" class=\"et_pb_menu_page_id-15596 menu-item menu-item-type-post_type menu-item-object-page menu-item-15637\"><a href=\"https:\/\/kurt-singer.com\/thailand\/2009-chaloem-phra-kiat\/\">2009 Chaloem Phra Kiat<\/a><\/li>\n\t<li id=\"menu-item-15642\" class=\"et_pb_menu_page_id-15598 menu-item menu-item-type-post_type menu-item-object-page menu-item-15642\"><a href=\"https:\/\/kurt-singer.com\/thailand\/2009-polizeiappelle\/\">2009 Polizeiappelle<\/a><\/li>\n\t<li id=\"menu-item-15641\" class=\"et_pb_menu_page_id-15600 menu-item menu-item-type-post_type menu-item-object-page menu-item-15641\"><a href=\"https:\/\/kurt-singer.com\/thailand\/2009-laos\/\">2009 Laos<\/a><\/li>\n<\/ul>\n<\/li>\n<li id=\"menu-item-15691\" class=\"et_pb_menu_page_id-15602 menu-item menu-item-type-post_type menu-item-object-page menu-item-has-children menu-item-15691\"><a href=\"https:\/\/kurt-singer.com\/thailand\/2009-mae-hong-son\/\">Mae Hong Son<\/a>\n<ul class=\"sub-menu\">\n\t<li id=\"menu-item-15689\" class=\"et_pb_menu_page_id-15604 menu-item menu-item-type-post_type menu-item-object-page menu-item-15689\"><a href=\"https:\/\/kurt-singer.com\/thailand\/2009-bei-den-padong\/\">2009 Bei den Padong<\/a><\/li>\n\t<li id=\"menu-item-15690\" class=\"et_pb_menu_page_id-15606 menu-item menu-item-type-post_type menu-item-object-page menu-item-15690\"><a href=\"https:\/\/kurt-singer.com\/thailand\/2009-doi-kong-mu\/\">2009 Doi Kong Mu<\/a><\/li>\n\t<li id=\"menu-item-15688\" class=\"et_pb_menu_page_id-15608 menu-item menu-item-type-post_type menu-item-object-page menu-item-15688\"><a href=\"https:\/\/kurt-singer.com\/thailand\/2009-airport\/\">2009 Airport<\/a><\/li>\n<\/ul>\n<\/li>\n<li id=\"menu-item-15647\" class=\"et_pb_menu_page_id-15645 menu-item menu-item-type-post_type menu-item-object-page menu-item-has-children menu-item-15647\"><a href=\"https:\/\/kurt-singer.com\/thailand\/2009-chiang-mai\/\">Chiang Mai<\/a>\n<ul class=\"sub-menu\">\n\t<li id=\"menu-item-15648\" class=\"et_pb_menu_page_id-15610 menu-item menu-item-type-post_type menu-item-object-page menu-item-15648\"><a href=\"https:\/\/kurt-singer.com\/thailand\/2009-doi-suthep\/\">2009 Doi Suthep<\/a><\/li>\n<\/ul>\n<\/li>\n<li id=\"menu-item-15653\" class=\"et_pb_menu_page_id-15612 menu-item menu-item-type-post_type menu-item-object-page menu-item-has-children menu-item-15653\"><a href=\"https:\/\/kurt-singer.com\/thailand\/2009-korat-2\/\">Korat<\/a>\n<ul class=\"sub-menu\">\n\t<li id=\"menu-item-15657\" class=\"et_pb_menu_page_id-15614 menu-item menu-item-type-post_type menu-item-object-page menu-item-15657\"><a href=\"https:\/\/kurt-singer.com\/thailand\/2009-zuhause\/\">2009 Zuhause<\/a><\/li>\n\t<li id=\"menu-item-15655\" class=\"et_pb_menu_page_id-15616 menu-item menu-item-type-post_type menu-item-object-page menu-item-15655\"><a href=\"https:\/\/kurt-singer.com\/thailand\/2009-ruhetag-in-korat\/\">2009 Ruhetag in Korat<\/a><\/li>\n\t<li id=\"menu-item-15656\" class=\"et_pb_menu_page_id-15618 menu-item menu-item-type-post_type menu-item-object-page menu-item-15656\"><a href=\"https:\/\/kurt-singer.com\/thailand\/2009-wood-museum\/\">2009 Wood Museum<\/a><\/li>\n\t<li id=\"menu-item-15650\" class=\"et_pb_menu_page_id-15620 menu-item menu-item-type-post_type menu-item-object-page menu-item-15650\"><a href=\"https:\/\/kurt-singer.com\/thailand\/2009-dan-kwian\/\">2009 Dan Kwian<\/a><\/li>\n\t<li id=\"menu-item-15651\" class=\"et_pb_menu_page_id-15622 menu-item menu-item-type-post_type menu-item-object-page menu-item-15651\"><a href=\"https:\/\/kurt-singer.com\/thailand\/2009-familientag\/\">2009 Familientag<\/a><\/li>\n\t<li id=\"menu-item-15649\" class=\"et_pb_menu_page_id-15624 menu-item menu-item-type-post_type menu-item-object-page menu-item-15649\"><a href=\"https:\/\/kurt-singer.com\/thailand\/2009-ban-non-wat\/\">2009 Ban Non Wat<\/a><\/li>\n\t<li id=\"menu-item-15654\" class=\"et_pb_menu_page_id-15626 menu-item menu-item-type-post_type menu-item-object-page menu-item-15654\"><a href=\"https:\/\/kurt-singer.com\/thailand\/2009-lam-thakong\/\">2009 Lam Thakong<\/a><\/li>\n<\/ul>\n<\/li>\n<li id=\"menu-item-15652\" class=\"et_pb_menu_page_id-15628 menu-item menu-item-type-post_type menu-item-object-page menu-item-15652\"><a href=\"https:\/\/kurt-singer.com\/thailand\/2009-heimflug\/\">Heimflug<\/a><\/li>\n<\/ul><\/nav><\/div><div class=\"et_mobile_nav_menu\"><div class=\"mobile_nav closed\"><span class=\"mobile_menu_bar\"><\/span><\/div><\/div><\/div><\/div><\/div><\/div><\/div><\/div><div class=\"et_pb_section_1 et_pb_section et_section_regular et_block_section\"><div class=\"et_pb_row_1 et_pb_row et_block_row\"><div class=\"et_pb_column_1 et_pb_column et_pb_column_4_4 et-last-child et_block_column et_pb_css_mix_blend_mode_passthrough\"><div class=\"et_pb_text_0 et_pb_text et_pb_bg_layout_light et_pb_module et_block_module\"><div class=\"et_pb_text_inner\"><h1>Fahrt \u00fcber Phitsanuloke nach Nan und Chaloem Phra Kiat<\/h1>\n<\/div><\/div><\/div><\/div><div class=\"et_pb_row_2 et_pb_row et_pb_row_3-4_1-4 et_block_row et_block_row_3-4_1-4\"><div class=\"et_pb_column_2 et_pb_column et_pb_column_3_4 et_block_column et_pb_css_mix_blend_mode_passthrough\"><div class=\"et_pb_text_1 et_pb_text et_pb_bg_layout_light et_pb_module et_block_module\"><div class=\"et_pb_text_inner\"><p><strong>Samstag, 13.6.<\/strong><\/p>\n<p>Nach dem kargen Fr\u00fchst\u00fcck im Nachbarhotel, das ein Verbrechen an der Menschheit darstellt, unter Zuhilfenahme der gestern im 7eleven gekauften Zutaten doch noch satt geworden, schlendere ich zu dieser fr\u00fchen Zeit noch ein wenig durch die Stadt<\/p>\n<p>Meinen Tuk Tuk Fahrer\u00a0 von gestern habe ich rechtzeitig bestellt, und er bringt mich f\u00fcr 40 Baht zum Busbahnhof. Gestern mit dem Song Thaew habe ich noch 80 Baht f\u00fcr die gleiche Entfernung bezahlt. Da auch von hier aus kein durchgehender Bus nach Nan f\u00e4hrt, habe ich einen Zwischenstopp in Pithsanulok eingeplant, um dort den ber\u00fchmten Buddha Pha Putthachinnarat zu besuchen. Die Busfahrt nach Pithsanulok kostet 30 Baht im Kategorie 1-Bus.<br \/>\nDer Zufall will es, da\u00df ich einer Thai- Tanzgruppe beim Trainieren zusehen kann. Es sind durchweg junge M\u00e4dels und Jungens, aber sie sind mit Begeisterung und K\u00f6nnen dabei.<br \/>\nPhitsanulok - Nan ist schon eine recht lange Strecke, und wir kommen bald in eine richtig bergige Gegend, die ich im weiteren Bericht noch zeigen werde. Der Bus, dieses Mal ein Kategorie 2 Bus mit Klimaanlage, hat unterwegs ganz sch\u00f6n zu arbeiten, und unterwegs muss die Besatzung das K\u00fchlwasser nachf\u00fcllen. Diese Fahrt \u00fcbrigens kostet 186 Baht.<\/p>\n<p>Um 17 Uhr komme ich dann in Nan an. Mit dem Neffen Nan, der bei der dortigen Polizei ist, habe ich Abholung verabredet und ebenfalls, dass ich ihn von der Ankunftszeit informiere. Nun habe ich aber fast die ganze Strecke geschlafen und auch zwei seiner Anrufe verpasst. Also am Busbahnhof kein Abholer. Ich erwehre mich der vielen freundlichen, und das meine ich ernst, Helfer, Tuk Tuk Fahrer, Sang Thaew Fahrer und andere, die mich gerne in ein Hotel bringen wollen. Und wie selbverst\u00e4ndlich sprechen alle Thai mit mir und halten es f\u00fcr selbverst\u00e4ndlich, da\u00df ich sie verstehe. Nun habe ich auch bisher nat\u00fcrlich kein Deutsch, und, au\u00dfer in Bangkok, auch kein Englisch reden k\u00f6nnen. Ich erreiche aber nun Nan telefonisch, und er verspricht, sofort zu kommen, er sei gerade beim Essen mit Freunden. Nun habe ich keine Vorstellung davon, wo er ist und richte mich auf eine l\u00e4ngere Wartezeit ein.<\/p>\n<p>Wenige Minuten sp\u00e4ter biegt ein Polizeiwagen mit Rotlicht in den Busbahnhof ein - und stoppt direkt vor mir. Es steigt aus - Nan, und zwar in Zivil, denn er hat ja Freizeit. Die L\u00f6sung ist schnell erkl\u00e4rt: seine Polizeistation ist nicht in Nan, sondern in Charoem Phra Kiat, ca 140 km weiter n\u00f6rdlich, direkt an der Grenze zu Laos. Und er hat hier kein privates Auto zur Verf\u00fcgung, das steht ja, wie ich selbst hatte sehen k\u00f6nnen, in Bangkok. Also haben sie sich diesen Polizeiwagen geholt, ich selbst war als offizieller Besuch dort angek\u00fcndigt worden. Das sollte noch Folgen haben. Wir fahren dann nat\u00fcrlich zuerst zum Restaurant, wo ich von einem Kollegen und zwei Gesch\u00e4ftsleuten aus Nan herzlich begr\u00fc\u00dft werde. Sage einer, Thais k\u00f6nnten nicht herzlich sein.<\/p>\n<p>Obwohl alle, also auch Nan und sein Kollege, dem Alkohol reichlich zugesprochen hatten, treten wir den 140-km-Weg nach dem Essen an. Keine Angst, wir sind Polizei . Alle gehen\/fahren uns aus dem Weg. In Chaloem Phra Kiat gibt es kein Hotel, aber im Nationalpark Doi Phu Ka. Dort scheinen die Polizisten des \u00f6fteren ihre N\u00e4chte zu verbringen, denn Nan bucht telefonisch ein bestimmtes Haus. Wir kommen auch noch im Hellen an, und von der Terrasse des Hauses bietet sich ein wundervoller Blick.<\/p>\n<p>Sp\u00e4ter in der Dunkelheit habe ich einen Sternenhimmel zu bewundern, wie ich ihn noch nie im Leben sah. Mehr Sterne als wir es gewohnt sind, und das mit einer Klarheit, die an ein Wunder grenzt. Aber alle Versuche, diesen Blick fotografisch festzuhalten, scheitern leider. So habe ich daran nur eine wundervolle Erinnerung.<\/p>\n<p>Aber, wie sich bereits jeder denken kann: das Nationalparkhotel hat kein Restaurant, damit kein Fr\u00fchst\u00fcck. Wir kaufen deshalb unterwegs noch bei 7eleven Nescaf\u00e9 in der T\u00fcte und Brot und Kuchen f\u00fcrs Fr\u00fchst\u00fcck ein.<\/p>\n<p>Was macht ein armer Farang in dieser Gegend ohne 7eleven?<\/p>\n<\/div><\/div><div class=\"et_pb_text_2 et_pb_text et_pb_bg_layout_light et_pb_module et_block_module\"><div class=\"et_pb_text_inner\"><p>Hier geht es zum <a href=\"https:\/\/kurtsinger.jalbum.net\/Meine%20Thailandreise%202009\/06-13%20Phitsanuloke\/index.html\" target=\"_blank\" rel=\"noopener noreferrer\">Fotoalbum<\/a><\/p>\n<\/div><\/div><\/div><div class=\"et_pb_column_3 et_pb_column et_pb_column_1_4 et-last-child et_block_column et_pb_css_mix_blend_mode_passthrough\"><div class=\"et_pb_image_0 et_pb_image et_pb_image_sticky et_pb_has_overlay et_pb_module et_block_module\"><a href=\"https:\/\/kurt-singer.com\/thailand\/wp-content\/uploads\/sites\/7\/2024\/08\/2009-PIT-1.jpg\" class=\"et_pb_lightbox_image\"><span class=\"et_pb_image_wrap\"><img loading=\"lazy\" decoding=\"async\" src=\"https:\/\/kurt-singer.com\/thailand\/wp-content\/uploads\/sites\/7\/2024\/08\/2009-PIT-1.jpg\" width=\"980\" height=\"735\" srcset=\"https:\/\/kurt-singer.com\/thailand\/wp-content\/uploads\/sites\/7\/2024\/08\/2009-PIT-1.jpg 980w, https:\/\/kurt-singer.com\/thailand\/wp-content\/uploads\/sites\/7\/2024\/08\/2009-PIT-1-480x360.jpg 480w\" sizes=\"(min-width: 0px) and (max-width: 480px) 480px, (min-width: 481px) 980px, 100vw\" class=\"wp-image-15519\" \/><span class=\"et_overlay et_pb_inline_icon\" data-icon=\"T\"><\/span><\/span><\/a><\/div><div class=\"et_pb_text_3 et_pb_text et_pb_bg_layout_light et_pb_module et_block_module\"><div class=\"et_pb_text_inner\"><pre style=\"text-align: center;\">Pha Putthachinnarat in Phitsanuloke<\/pre>\n<\/div><\/div><div class=\"et_pb_image_1 et_pb_image et_pb_image_sticky et_pb_has_overlay et_pb_module et_block_module\"><a href=\"https:\/\/kurt-singer.com\/thailand\/wp-content\/uploads\/sites\/7\/2024\/08\/2009-PIT-2.jpg\" class=\"et_pb_lightbox_image\"><span class=\"et_pb_image_wrap\"><img loading=\"lazy\" decoding=\"async\" src=\"https:\/\/kurt-singer.com\/thailand\/wp-content\/uploads\/sites\/7\/2024\/08\/2009-PIT-2.jpg\" width=\"980\" height=\"735\" srcset=\"https:\/\/kurt-singer.com\/thailand\/wp-content\/uploads\/sites\/7\/2024\/08\/2009-PIT-2.jpg 980w, https:\/\/kurt-singer.com\/thailand\/wp-content\/uploads\/sites\/7\/2024\/08\/2009-PIT-2-480x360.jpg 480w\" sizes=\"(min-width: 0px) and (max-width: 480px) 480px, (min-width: 481px) 980px, 100vw\" class=\"wp-image-15520\" \/><span class=\"et_overlay et_pb_inline_icon\" data-icon=\"T\"><\/span><\/span><\/a><\/div><div class=\"et_pb_text_4 et_pb_text et_pb_bg_layout_light et_pb_module et_block_module\"><div class=\"et_pb_text_inner\"><pre style=\"text-align: center;\">Mein Urlaubsauto<\/pre>\n<\/div><\/div><div class=\"et_pb_image_2 et_pb_image et_pb_image_sticky et_pb_has_overlay et_pb_module et_block_module\"><a href=\"https:\/\/kurt-singer.com\/thailand\/wp-content\/uploads\/sites\/7\/2024\/08\/2009-PIT-3.jpg\" class=\"et_pb_lightbox_image\"><span class=\"et_pb_image_wrap\"><img loading=\"lazy\" decoding=\"async\" src=\"https:\/\/kurt-singer.com\/thailand\/wp-content\/uploads\/sites\/7\/2024\/08\/2009-PIT-3.jpg\" width=\"980\" height=\"735\" srcset=\"https:\/\/kurt-singer.com\/thailand\/wp-content\/uploads\/sites\/7\/2024\/08\/2009-PIT-3.jpg 980w, https:\/\/kurt-singer.com\/thailand\/wp-content\/uploads\/sites\/7\/2024\/08\/2009-PIT-3-480x360.jpg 480w\" sizes=\"(min-width: 0px) and (max-width: 480px) 480px, (min-width: 481px) 980px, 100vw\" class=\"wp-image-15521\" \/><span class=\"et_overlay et_pb_inline_icon\" data-icon=\"T\"><\/span><\/span><\/a><\/div><div class=\"et_pb_text_5 et_pb_text et_pb_bg_layout_light et_pb_module et_block_module\"><div class=\"et_pb_text_inner\"><pre style=\"text-align: center;\">Neffe Nan und Freunde<\/pre>\n<\/div><\/div><div class=\"et_pb_image_3 et_pb_image et_pb_image_sticky et_pb_has_overlay et_pb_module et_block_module\"><a href=\"https:\/\/kurt-singer.com\/thailand\/wp-content\/uploads\/sites\/7\/2024\/08\/2009-Blockhaus.jpg\" class=\"et_pb_lightbox_image\"><span class=\"et_pb_image_wrap\"><img loading=\"lazy\" decoding=\"async\" src=\"https:\/\/kurt-singer.com\/thailand\/wp-content\/uploads\/sites\/7\/2024\/08\/2009-Blockhaus.jpg\" width=\"980\" height=\"735\" srcset=\"https:\/\/kurt-singer.com\/thailand\/wp-content\/uploads\/sites\/7\/2024\/08\/2009-Blockhaus.jpg 980w, https:\/\/kurt-singer.com\/thailand\/wp-content\/uploads\/sites\/7\/2024\/08\/2009-Blockhaus-480x360.jpg 480w\" sizes=\"(min-width: 0px) and (max-width: 480px) 480px, (min-width: 481px) 980px, 100vw\" class=\"wp-image-15522\" \/><span class=\"et_overlay et_pb_inline_icon\" data-icon=\"T\"><\/span><\/span><\/a><\/div><div class=\"et_pb_text_6 et_pb_text et_pb_bg_layout_light et_pb_module et_block_module\"><div class=\"et_pb_text_inner\"><pre style=\"text-align: center;\">Auf der Terrasse<\/pre>\n<\/div><\/div><\/div><\/div><\/div>\n","protected":false},"excerpt":{"rendered":"","protected":false},"author":1,"featured_media":0,"parent":0,"menu_order":0,"comment_status":"closed","ping_status":"closed","template":"","meta":{"footnotes":""},"class_list":["post-15594","page","type-page","status-publish","hentry"],"_links":{"self":[{"href":"https:\/\/kurt-singer.com\/thailand\/wp-json\/wp\/v2\/pages\/15594","targetHints":{"allow":["GET"]}}],"collection":[{"href":"https:\/\/kurt-singer.com\/thailand\/wp-json\/wp\/v2\/pages"}],"about":[{"href":"https:\/\/kurt-singer.com\/thailand\/wp-json\/wp\/v2\/types\/page"}],"author":[{"embeddable":true,"href":"https:\/\/kurt-singer.com\/thailand\/wp-json\/wp\/v2\/users\/1"}],"replies":[{"embeddable":true,"href":"https:\/\/kurt-singer.com\/thailand\/wp-json\/wp\/v2\/comments?post=15594"}],"version-history":[{"count":4,"href":"https:\/\/kurt-singer.com\/thailand\/wp-json\/wp\/v2\/pages\/15594\/revisions"}],"predecessor-version":[{"id":16126,"href":"https:\/\/kurt-singer.com\/thailand\/wp-json\/wp\/v2\/pages\/15594\/revisions\/16126"}],"wp:attachment":[{"href":"https:\/\/kurt-singer.com\/thailand\/wp-json\/wp\/v2\/media?parent=15594"}],"curies":[{"name":"wp","href":"https:\/\/api.w.org\/{rel}","templated":true}]}}