{"id":15602,"date":"2024-08-13T17:30:43","date_gmt":"2024-08-13T15:30:43","guid":{"rendered":"https:\/\/kurt-singer.com\/thailand\/?page_id=15602"},"modified":"2026-03-25T00:45:55","modified_gmt":"2026-03-24T23:45:55","slug":"2009-mae-hong-son","status":"publish","type":"page","link":"https:\/\/kurt-singer.com\/thailand\/2009-mae-hong-son\/","title":{"rendered":"2009 Mae Hong Son"},"content":{"rendered":"\n<div class=\"et_pb_section_0 et_pb_section et_section_regular et_block_section\"><div class=\"et_pb_row_0 et_pb_row et_block_row\"><div class=\"et_pb_column_0 et_pb_column et_pb_column_4_4 et-last-child et_block_column et_pb_css_mix_blend_mode_passthrough\"><div class=\"et_pb_menu_0 et_pb_menu et_pb_menu--without-logo et_pb_menu--style-left_aligned et_dropdown_animation_fade et_pb_bg_layout_light et_pb_text_align_right-tablet et_pb_text_align_right-phone et_pb_module et_flex_module\"><div class=\"et_pb_menu_inner_container et_flex_module\"><div class=\"et_pb_menu__wrap\"><div class=\"et_pb_menu__menu\"><nav class=\"et-menu-nav\"><ul id=\"menu-reise-2009\" class=\"et-menu nav downwards\"><li id=\"menu-item-15636\" class=\"et_pb_menu_page_id-15582 menu-item menu-item-type-post_type menu-item-object-page menu-item-has-children menu-item-15636\"><a href=\"https:\/\/kurt-singer.com\/thailand\/2009-reiseablauf\/\">Reiseablauf<\/a>\n<ul class=\"sub-menu\">\n\t<li id=\"menu-item-15635\" class=\"et_pb_menu_page_id-15584 menu-item menu-item-type-post_type menu-item-object-page menu-item-15635\"><a href=\"https:\/\/kurt-singer.com\/thailand\/2009-hinflug\/\">2009 Hinflug<\/a><\/li>\n\t<li id=\"menu-item-15633\" class=\"et_pb_menu_page_id-15586 menu-item menu-item-type-post_type menu-item-object-page menu-item-15633\"><a href=\"https:\/\/kurt-singer.com\/thailand\/2009-bangkok-2\/\">2009 Bangkok<\/a><\/li>\n\t<li id=\"menu-item-15634\" class=\"et_pb_menu_page_id-15588 menu-item menu-item-type-post_type menu-item-object-page menu-item-15634\"><a href=\"https:\/\/kurt-singer.com\/thailand\/2009-bangkok-sightseeing\/\">2009 Sightseeing<\/a><\/li>\n<\/ul>\n<\/li>\n<li id=\"menu-item-15639\" class=\"et_pb_menu_page_id-15590 menu-item menu-item-type-post_type menu-item-object-page menu-item-has-children menu-item-15639\"><a href=\"https:\/\/kurt-singer.com\/thailand\/2009-provinz-nan\/\">Provinz Nan<\/a>\n<ul class=\"sub-menu\">\n\t<li id=\"menu-item-15640\" class=\"et_pb_menu_page_id-15592 menu-item menu-item-type-post_type menu-item-object-page menu-item-15640\"><a href=\"https:\/\/kurt-singer.com\/thailand\/2009-sukhothai-4\/\">2009 Sukhothai<\/a><\/li>\n\t<li id=\"menu-item-15638\" class=\"et_pb_menu_page_id-15594 menu-item menu-item-type-post_type menu-item-object-page menu-item-15638\"><a href=\"https:\/\/kurt-singer.com\/thailand\/2009-phitsanuloke\/\">2009 Phitsanuloke<\/a><\/li>\n\t<li id=\"menu-item-15637\" class=\"et_pb_menu_page_id-15596 menu-item menu-item-type-post_type menu-item-object-page menu-item-15637\"><a href=\"https:\/\/kurt-singer.com\/thailand\/2009-chaloem-phra-kiat\/\">2009 Chaloem Phra Kiat<\/a><\/li>\n\t<li id=\"menu-item-15642\" class=\"et_pb_menu_page_id-15598 menu-item menu-item-type-post_type menu-item-object-page menu-item-15642\"><a href=\"https:\/\/kurt-singer.com\/thailand\/2009-polizeiappelle\/\">2009 Polizeiappelle<\/a><\/li>\n\t<li id=\"menu-item-15641\" class=\"et_pb_menu_page_id-15600 menu-item menu-item-type-post_type menu-item-object-page menu-item-15641\"><a href=\"https:\/\/kurt-singer.com\/thailand\/2009-laos\/\">2009 Laos<\/a><\/li>\n<\/ul>\n<\/li>\n<li id=\"menu-item-15691\" class=\"et_pb_menu_page_id-15602 menu-item menu-item-type-post_type menu-item-object-page menu-item-has-children menu-item-15691\"><a href=\"https:\/\/kurt-singer.com\/thailand\/2009-mae-hong-son\/\">Mae Hong Son<\/a>\n<ul class=\"sub-menu\">\n\t<li id=\"menu-item-15689\" class=\"et_pb_menu_page_id-15604 menu-item menu-item-type-post_type menu-item-object-page menu-item-15689\"><a href=\"https:\/\/kurt-singer.com\/thailand\/2009-bei-den-padong\/\">2009 Bei den Padong<\/a><\/li>\n\t<li id=\"menu-item-15690\" class=\"et_pb_menu_page_id-15606 menu-item menu-item-type-post_type menu-item-object-page menu-item-15690\"><a href=\"https:\/\/kurt-singer.com\/thailand\/2009-doi-kong-mu\/\">2009 Doi Kong Mu<\/a><\/li>\n\t<li id=\"menu-item-15688\" class=\"et_pb_menu_page_id-15608 menu-item menu-item-type-post_type menu-item-object-page menu-item-15688\"><a href=\"https:\/\/kurt-singer.com\/thailand\/2009-airport\/\">2009 Airport<\/a><\/li>\n<\/ul>\n<\/li>\n<li id=\"menu-item-15647\" class=\"et_pb_menu_page_id-15645 menu-item menu-item-type-post_type menu-item-object-page menu-item-has-children menu-item-15647\"><a href=\"https:\/\/kurt-singer.com\/thailand\/2009-chiang-mai\/\">Chiang Mai<\/a>\n<ul class=\"sub-menu\">\n\t<li id=\"menu-item-15648\" class=\"et_pb_menu_page_id-15610 menu-item menu-item-type-post_type menu-item-object-page menu-item-15648\"><a href=\"https:\/\/kurt-singer.com\/thailand\/2009-doi-suthep\/\">2009 Doi Suthep<\/a><\/li>\n<\/ul>\n<\/li>\n<li id=\"menu-item-15653\" class=\"et_pb_menu_page_id-15612 menu-item menu-item-type-post_type menu-item-object-page menu-item-has-children menu-item-15653\"><a href=\"https:\/\/kurt-singer.com\/thailand\/2009-korat-2\/\">Korat<\/a>\n<ul class=\"sub-menu\">\n\t<li id=\"menu-item-15657\" class=\"et_pb_menu_page_id-15614 menu-item menu-item-type-post_type menu-item-object-page menu-item-15657\"><a href=\"https:\/\/kurt-singer.com\/thailand\/2009-zuhause\/\">2009 Zuhause<\/a><\/li>\n\t<li id=\"menu-item-15655\" class=\"et_pb_menu_page_id-15616 menu-item menu-item-type-post_type menu-item-object-page menu-item-15655\"><a href=\"https:\/\/kurt-singer.com\/thailand\/2009-ruhetag-in-korat\/\">2009 Ruhetag in Korat<\/a><\/li>\n\t<li id=\"menu-item-15656\" class=\"et_pb_menu_page_id-15618 menu-item menu-item-type-post_type menu-item-object-page menu-item-15656\"><a href=\"https:\/\/kurt-singer.com\/thailand\/2009-wood-museum\/\">2009 Wood Museum<\/a><\/li>\n\t<li id=\"menu-item-15650\" class=\"et_pb_menu_page_id-15620 menu-item menu-item-type-post_type menu-item-object-page menu-item-15650\"><a href=\"https:\/\/kurt-singer.com\/thailand\/2009-dan-kwian\/\">2009 Dan Kwian<\/a><\/li>\n\t<li id=\"menu-item-15651\" class=\"et_pb_menu_page_id-15622 menu-item menu-item-type-post_type menu-item-object-page menu-item-15651\"><a href=\"https:\/\/kurt-singer.com\/thailand\/2009-familientag\/\">2009 Familientag<\/a><\/li>\n\t<li id=\"menu-item-15649\" class=\"et_pb_menu_page_id-15624 menu-item menu-item-type-post_type menu-item-object-page menu-item-15649\"><a href=\"https:\/\/kurt-singer.com\/thailand\/2009-ban-non-wat\/\">2009 Ban Non Wat<\/a><\/li>\n\t<li id=\"menu-item-15654\" class=\"et_pb_menu_page_id-15626 menu-item menu-item-type-post_type menu-item-object-page menu-item-15654\"><a href=\"https:\/\/kurt-singer.com\/thailand\/2009-lam-thakong\/\">2009 Lam Thakong<\/a><\/li>\n<\/ul>\n<\/li>\n<li id=\"menu-item-15652\" class=\"et_pb_menu_page_id-15628 menu-item menu-item-type-post_type menu-item-object-page menu-item-15652\"><a href=\"https:\/\/kurt-singer.com\/thailand\/2009-heimflug\/\">Heimflug<\/a><\/li>\n<\/ul><\/nav><\/div><div class=\"et_mobile_nav_menu\"><div class=\"mobile_nav closed\"><span class=\"mobile_menu_bar\"><\/span><\/div><\/div><\/div><\/div><\/div><\/div><\/div><\/div><div class=\"et_pb_section_1 et_pb_section et_section_regular et_block_section\"><div class=\"et_pb_row_1 et_pb_row et_block_row\"><div class=\"et_pb_column_1 et_pb_column et_pb_column_4_4 et-last-child et_block_column et_pb_css_mix_blend_mode_passthrough\"><div class=\"et_pb_text_0 et_pb_text et_pb_bg_layout_light et_pb_module et_block_module\"><div class=\"et_pb_text_inner\"><h1>\u00a0Fahrt nach Mae Hong Son<\/h1>\n<\/div><\/div><\/div><\/div><div class=\"et_pb_row_2 et_pb_row et_pb_row_3-4_1-4 et_block_row et_block_row_3-4_1-4\"><div class=\"et_pb_column_2 et_pb_column et_pb_column_3_4 et_block_column et_pb_css_mix_blend_mode_passthrough\"><div class=\"et_pb_text_1 et_pb_text et_pb_bg_layout_light et_pb_module et_block_module\"><div class=\"et_pb_text_inner\"><p><strong>Dienstag, 16.6.<\/strong><\/p>\n<p>Heute reise ich von Thung Chang in der Provinz Nan \u00fcber Chiang Mai nach Mae Hong Son. Es wird der aufregendste Teil meiner Reise, breche ich doch ein selbst verordnetes Tabu.<\/p>\n<p>Der Busbahnhof Chiang Mai bietet am Tage schon wenig, am fr\u00fchen Morgen um 4 Uhr ist er trostlos. Das gilt nicht nur f\u00fcr mich, sondern auch f\u00fcr um diese Zeit anwesende Thais.<\/p>\n<p>Ich komme ja gerade aus Nan, und im Bus \u2026 was war da mit Fr\u00fchst\u00fcck?. So schaue ich mich also nach einem geeigneten Lokal um und finde 7eleven. Hole mir dort hei\u00dfen Kaffee und belegtes Brot und au\u00dferdem eine Salbe gegen M\u00fcckenstiche, Saem Bat, das beste was es gibt und auch innerhalb weniger Minuten meine eingefangenen M\u00fcckenstichfolgen beseitigt. Mein opulentes Fr\u00fchst\u00fcck nehme ich im Stehen vor dem Laden ein und schaue mich dann weiter um, denn mein Ziel ist ja Mae Hong Son. Es gibt nur einen Schalter f\u00fcr diese Fahrt. Die Routen f\u00fchren n\u00f6rdlich \u00fcber Pai 8 Stunden oder s\u00fcdlich \u00fcber Mae Sariang 9 Stunden sowie n\u00f6rdlich mit dem Minibus 6 Stunden. Leider macht der Schalter erst kurz vor Abfahrt auf, und bevor ich mich anstellen kann sind die besten Pl\u00e4tze im Minibus schon vergeben.<\/p>\n<p>So sitze ich in der letzten Reihe, daf\u00fcr habe ich neben mir zwei nette M\u00e4del. Nett deshalb, weil sie Thais sind und ich somit gen\u00fcgend Platz auch in der Breite habe. Unser Bus f\u00e4hrt durch eine sehr bergige Landschaft und macht mehrfach auch Toiletten- und Verpflegungspausen.<\/p>\n<p>Richtig interessant wird es bei einem Halt auf einem Markt. Nicht nur, weil er sch\u00f6n anzusehen ist, sondern auch weil er zeigt, da\u00df die Bergv\u00f6lker nicht hinter dem Berg leben, und da\u00df M\u00e4nner durchaus auch dazu geeignet sind, auf Kinder aufzupassen.<\/p>\n<p>In Mae Hong Son angekommen lasse ich mich vor dem Hotel absetzen, das an der Strecke zum Busbahnhof liegt. Ich habe eine Anregung aus dem Forum aufgenommen und das Panorama Hotel gew\u00e4hlt, und damit auch eine recht gute Wahl getroffen. Es liegt zentral, die Zimmer sind sch\u00f6n und gro\u00df mit Air Con, nette M\u00e4dels hinter dem Counter \u2013 und es gibt Fr\u00fchst\u00fcck !!!!!!!!!!!!<\/p>\n<p>Ich m\u00f6chte aber nur ein Dorf der Padong und ein Dorf der Lisu besuchen und das an einem halben Tag. Irgendwo finde ich dann eine Agentur, welche auch auf meine W\u00fcnsche eingeht. Ein halber Tag mit Padong, Lisu und Fischcave, f\u00fcr mich alleine 1200 Baht. Das buche ich sofort und mache 9 Uhr am n\u00e4chsten Morgen als Abholzeitpunkt in meinem Hotel aus. Zahlung am n\u00e4chsten Tag. Da\u00df ich eine gute Wahl getroffen habe wird der n\u00e4chste Tag zeigen. Ich jedenfalls kann die Agentur sehr gerne empfehlen.<\/p>\n<p>F\u00fcr den Abend finde ich an einer Stra\u00dfenkreuzung eine urige Kneipe mit vielen alten Einrichtungsgegenst\u00e4nden und genehmige mir zur Feier des Tages ein Steak, was auch gut schmeckt, und ein Chang Beer, was auch gut schmeckt, und dann noch ein Zweites, was immer noch gut schmeckt.<\/p>\n<p>Was mir w\u00e4hrend des Essens auff\u00e4llt ist die extreme Verkabelung an dieser Kreuzung. Mit einer einfachen Sprengung mit einfachen Mitteln w\u00e4re die Stadt, die eigentlich nur ein Dorf ist, sicher in weiten Teilen ohne Strom.<\/p>\n<\/div><\/div><\/div><div class=\"et_pb_column_3 et_pb_column et_pb_column_1_4 et-last-child et_block_column et_pb_css_mix_blend_mode_passthrough\"><div class=\"et_pb_image_0 et_pb_image et_pb_image_sticky et_pb_has_overlay et_pb_module et_block_module\"><a href=\"https:\/\/kurt-singer.com\/thailand\/wp-content\/uploads\/sites\/7\/2024\/08\/2009-MHS-1.jpg\" class=\"et_pb_lightbox_image\"><span class=\"et_pb_image_wrap\"><img loading=\"lazy\" decoding=\"async\" src=\"https:\/\/kurt-singer.com\/thailand\/wp-content\/uploads\/sites\/7\/2024\/08\/2009-MHS-1.jpg\" width=\"980\" height=\"735\" srcset=\"https:\/\/kurt-singer.com\/thailand\/wp-content\/uploads\/sites\/7\/2024\/08\/2009-MHS-1.jpg 980w, https:\/\/kurt-singer.com\/thailand\/wp-content\/uploads\/sites\/7\/2024\/08\/2009-MHS-1-480x360.jpg 480w\" sizes=\"(min-width: 0px) and (max-width: 480px) 480px, (min-width: 481px) 980px, 100vw\" class=\"wp-image-15503\" \/><span class=\"et_overlay et_pb_inline_icon\" data-icon=\"T\"><\/span><\/span><\/a><\/div><div class=\"et_pb_text_2 et_pb_text et_pb_bg_layout_light et_pb_module et_block_module\"><div class=\"et_pb_text_inner\"><pre>\u00a0Unser Minibus<\/pre>\n<\/div><\/div><div class=\"et_pb_image_1 et_pb_image et_pb_image_sticky et_pb_has_overlay et_pb_module et_block_module\"><a href=\"https:\/\/kurt-singer.com\/thailand\/wp-content\/uploads\/sites\/7\/2024\/08\/2009-MHS-2.jpg\" class=\"et_pb_lightbox_image\"><span class=\"et_pb_image_wrap\"><img loading=\"lazy\" decoding=\"async\" src=\"https:\/\/kurt-singer.com\/thailand\/wp-content\/uploads\/sites\/7\/2024\/08\/2009-MHS-2.jpg\" width=\"980\" height=\"735\" srcset=\"https:\/\/kurt-singer.com\/thailand\/wp-content\/uploads\/sites\/7\/2024\/08\/2009-MHS-2.jpg 980w, https:\/\/kurt-singer.com\/thailand\/wp-content\/uploads\/sites\/7\/2024\/08\/2009-MHS-2-480x360.jpg 480w\" sizes=\"(min-width: 0px) and (max-width: 480px) 480px, (min-width: 481px) 980px, 100vw\" class=\"wp-image-15504\" \/><span class=\"et_overlay et_pb_inline_icon\" data-icon=\"T\"><\/span><\/span><\/a><\/div><div class=\"et_pb_text_3 et_pb_text et_pb_bg_layout_light et_pb_module et_block_module\"><div class=\"et_pb_text_inner\"><pre>\u00a0Marktszene<\/pre>\n<\/div><\/div><div class=\"et_pb_image_2 et_pb_image et_pb_image_sticky et_pb_has_overlay et_pb_module et_block_module\"><a href=\"https:\/\/kurt-singer.com\/thailand\/wp-content\/uploads\/sites\/7\/2024\/08\/2009-MHS-3.jpg\" class=\"et_pb_lightbox_image\"><span class=\"et_pb_image_wrap\"><img loading=\"lazy\" decoding=\"async\" src=\"https:\/\/kurt-singer.com\/thailand\/wp-content\/uploads\/sites\/7\/2024\/08\/2009-MHS-3.jpg\" width=\"980\" height=\"735\" srcset=\"https:\/\/kurt-singer.com\/thailand\/wp-content\/uploads\/sites\/7\/2024\/08\/2009-MHS-3.jpg 980w, https:\/\/kurt-singer.com\/thailand\/wp-content\/uploads\/sites\/7\/2024\/08\/2009-MHS-3-480x360.jpg 480w\" sizes=\"(min-width: 0px) and (max-width: 480px) 480px, (min-width: 481px) 980px, 100vw\" class=\"wp-image-15505\" \/><span class=\"et_overlay et_pb_inline_icon\" data-icon=\"T\"><\/span><\/span><\/a><\/div><div class=\"et_pb_text_4 et_pb_text et_pb_bg_layout_light et_pb_module et_block_module\"><div class=\"et_pb_text_inner\"><pre>\u00a0Hotel mit Fr\u00fchst\u00fcck<\/pre>\n<\/div><\/div><div class=\"et_pb_image_3 et_pb_image et_pb_image_sticky et_pb_has_overlay et_pb_module et_block_module\"><a href=\"https:\/\/kurt-singer.com\/thailand\/wp-content\/uploads\/sites\/7\/2024\/08\/2009-MHS-4.jpg\" class=\"et_pb_lightbox_image\"><span class=\"et_pb_image_wrap\"><img loading=\"lazy\" decoding=\"async\" src=\"https:\/\/kurt-singer.com\/thailand\/wp-content\/uploads\/sites\/7\/2024\/08\/2009-MHS-4.jpg\" width=\"980\" height=\"735\" srcset=\"https:\/\/kurt-singer.com\/thailand\/wp-content\/uploads\/sites\/7\/2024\/08\/2009-MHS-4.jpg 980w, https:\/\/kurt-singer.com\/thailand\/wp-content\/uploads\/sites\/7\/2024\/08\/2009-MHS-4-480x360.jpg 480w\" sizes=\"(min-width: 0px) and (max-width: 480px) 480px, (min-width: 481px) 980px, 100vw\" class=\"wp-image-15506\" \/><span class=\"et_overlay et_pb_inline_icon\" data-icon=\"T\"><\/span><\/span><\/a><\/div><div class=\"et_pb_text_5 et_pb_text et_pb_bg_layout_light et_pb_module et_block_module\"><div class=\"et_pb_text_inner\"><pre>Verkabelung<\/pre>\n<\/div><\/div><\/div><\/div><\/div>\n","protected":false},"excerpt":{"rendered":"","protected":false},"author":1,"featured_media":0,"parent":0,"menu_order":0,"comment_status":"closed","ping_status":"closed","template":"","meta":{"footnotes":""},"class_list":["post-15602","page","type-page","status-publish","hentry"],"_links":{"self":[{"href":"https:\/\/kurt-singer.com\/thailand\/wp-json\/wp\/v2\/pages\/15602","targetHints":{"allow":["GET"]}}],"collection":[{"href":"https:\/\/kurt-singer.com\/thailand\/wp-json\/wp\/v2\/pages"}],"about":[{"href":"https:\/\/kurt-singer.com\/thailand\/wp-json\/wp\/v2\/types\/page"}],"author":[{"embeddable":true,"href":"https:\/\/kurt-singer.com\/thailand\/wp-json\/wp\/v2\/users\/1"}],"replies":[{"embeddable":true,"href":"https:\/\/kurt-singer.com\/thailand\/wp-json\/wp\/v2\/comments?post=15602"}],"version-history":[{"count":4,"href":"https:\/\/kurt-singer.com\/thailand\/wp-json\/wp\/v2\/pages\/15602\/revisions"}],"predecessor-version":[{"id":16130,"href":"https:\/\/kurt-singer.com\/thailand\/wp-json\/wp\/v2\/pages\/15602\/revisions\/16130"}],"wp:attachment":[{"href":"https:\/\/kurt-singer.com\/thailand\/wp-json\/wp\/v2\/media?parent=15602"}],"curies":[{"name":"wp","href":"https:\/\/api.w.org\/{rel}","templated":true}]}}