{"id":15618,"date":"2024-08-13T17:33:38","date_gmt":"2024-08-13T15:33:38","guid":{"rendered":"https:\/\/kurt-singer.com\/thailand\/?page_id=15618"},"modified":"2026-03-25T00:46:07","modified_gmt":"2026-03-24T23:46:07","slug":"2009-wood-museum","status":"publish","type":"page","link":"https:\/\/kurt-singer.com\/thailand\/2009-wood-museum\/","title":{"rendered":"2009 Wood Museum"},"content":{"rendered":"\n<div class=\"et_pb_section_0 et_pb_section et_section_regular et_block_section\"><div class=\"et_pb_row_0 et_pb_row et_block_row\"><div class=\"et_pb_column_0 et_pb_column et_pb_column_4_4 et-last-child et_block_column et_pb_css_mix_blend_mode_passthrough\"><div class=\"et_pb_menu_0 et_pb_menu et_pb_menu--without-logo et_pb_menu--style-left_aligned et_dropdown_animation_fade et_pb_bg_layout_light et_pb_text_align_right-tablet et_pb_text_align_right-phone et_pb_module et_flex_module\"><div class=\"et_pb_menu_inner_container et_flex_module\"><div class=\"et_pb_menu__wrap\"><div class=\"et_pb_menu__menu\"><nav class=\"et-menu-nav\"><ul id=\"menu-reise-2009\" class=\"et-menu nav downwards\"><li id=\"menu-item-15636\" class=\"et_pb_menu_page_id-15582 menu-item menu-item-type-post_type menu-item-object-page menu-item-has-children menu-item-15636\"><a href=\"https:\/\/kurt-singer.com\/thailand\/2009-reiseablauf\/\">Reiseablauf<\/a>\n<ul class=\"sub-menu\">\n\t<li id=\"menu-item-15635\" class=\"et_pb_menu_page_id-15584 menu-item menu-item-type-post_type menu-item-object-page menu-item-15635\"><a href=\"https:\/\/kurt-singer.com\/thailand\/2009-hinflug\/\">2009 Hinflug<\/a><\/li>\n\t<li id=\"menu-item-15633\" class=\"et_pb_menu_page_id-15586 menu-item menu-item-type-post_type menu-item-object-page menu-item-15633\"><a href=\"https:\/\/kurt-singer.com\/thailand\/2009-bangkok-2\/\">2009 Bangkok<\/a><\/li>\n\t<li id=\"menu-item-15634\" class=\"et_pb_menu_page_id-15588 menu-item menu-item-type-post_type menu-item-object-page menu-item-15634\"><a href=\"https:\/\/kurt-singer.com\/thailand\/2009-bangkok-sightseeing\/\">2009 Sightseeing<\/a><\/li>\n<\/ul>\n<\/li>\n<li id=\"menu-item-15639\" class=\"et_pb_menu_page_id-15590 menu-item menu-item-type-post_type menu-item-object-page menu-item-has-children menu-item-15639\"><a href=\"https:\/\/kurt-singer.com\/thailand\/2009-provinz-nan\/\">Provinz Nan<\/a>\n<ul class=\"sub-menu\">\n\t<li id=\"menu-item-15640\" class=\"et_pb_menu_page_id-15592 menu-item menu-item-type-post_type menu-item-object-page menu-item-15640\"><a href=\"https:\/\/kurt-singer.com\/thailand\/2009-sukhothai-4\/\">2009 Sukhothai<\/a><\/li>\n\t<li id=\"menu-item-15638\" class=\"et_pb_menu_page_id-15594 menu-item menu-item-type-post_type menu-item-object-page menu-item-15638\"><a href=\"https:\/\/kurt-singer.com\/thailand\/2009-phitsanuloke\/\">2009 Phitsanuloke<\/a><\/li>\n\t<li id=\"menu-item-15637\" class=\"et_pb_menu_page_id-15596 menu-item menu-item-type-post_type menu-item-object-page menu-item-15637\"><a href=\"https:\/\/kurt-singer.com\/thailand\/2009-chaloem-phra-kiat\/\">2009 Chaloem Phra Kiat<\/a><\/li>\n\t<li id=\"menu-item-15642\" class=\"et_pb_menu_page_id-15598 menu-item menu-item-type-post_type menu-item-object-page menu-item-15642\"><a href=\"https:\/\/kurt-singer.com\/thailand\/2009-polizeiappelle\/\">2009 Polizeiappelle<\/a><\/li>\n\t<li id=\"menu-item-15641\" class=\"et_pb_menu_page_id-15600 menu-item menu-item-type-post_type menu-item-object-page menu-item-15641\"><a href=\"https:\/\/kurt-singer.com\/thailand\/2009-laos\/\">2009 Laos<\/a><\/li>\n<\/ul>\n<\/li>\n<li id=\"menu-item-15691\" class=\"et_pb_menu_page_id-15602 menu-item menu-item-type-post_type menu-item-object-page menu-item-has-children menu-item-15691\"><a href=\"https:\/\/kurt-singer.com\/thailand\/2009-mae-hong-son\/\">Mae Hong Son<\/a>\n<ul class=\"sub-menu\">\n\t<li id=\"menu-item-15689\" class=\"et_pb_menu_page_id-15604 menu-item menu-item-type-post_type menu-item-object-page menu-item-15689\"><a href=\"https:\/\/kurt-singer.com\/thailand\/2009-bei-den-padong\/\">2009 Bei den Padong<\/a><\/li>\n\t<li id=\"menu-item-15690\" class=\"et_pb_menu_page_id-15606 menu-item menu-item-type-post_type menu-item-object-page menu-item-15690\"><a href=\"https:\/\/kurt-singer.com\/thailand\/2009-doi-kong-mu\/\">2009 Doi Kong Mu<\/a><\/li>\n\t<li id=\"menu-item-15688\" class=\"et_pb_menu_page_id-15608 menu-item menu-item-type-post_type menu-item-object-page menu-item-15688\"><a href=\"https:\/\/kurt-singer.com\/thailand\/2009-airport\/\">2009 Airport<\/a><\/li>\n<\/ul>\n<\/li>\n<li id=\"menu-item-15647\" class=\"et_pb_menu_page_id-15645 menu-item menu-item-type-post_type menu-item-object-page menu-item-has-children menu-item-15647\"><a href=\"https:\/\/kurt-singer.com\/thailand\/2009-chiang-mai\/\">Chiang Mai<\/a>\n<ul class=\"sub-menu\">\n\t<li id=\"menu-item-15648\" class=\"et_pb_menu_page_id-15610 menu-item menu-item-type-post_type menu-item-object-page menu-item-15648\"><a href=\"https:\/\/kurt-singer.com\/thailand\/2009-doi-suthep\/\">2009 Doi Suthep<\/a><\/li>\n<\/ul>\n<\/li>\n<li id=\"menu-item-15653\" class=\"et_pb_menu_page_id-15612 menu-item menu-item-type-post_type menu-item-object-page menu-item-has-children menu-item-15653\"><a href=\"https:\/\/kurt-singer.com\/thailand\/2009-korat-2\/\">Korat<\/a>\n<ul class=\"sub-menu\">\n\t<li id=\"menu-item-15657\" class=\"et_pb_menu_page_id-15614 menu-item menu-item-type-post_type menu-item-object-page menu-item-15657\"><a href=\"https:\/\/kurt-singer.com\/thailand\/2009-zuhause\/\">2009 Zuhause<\/a><\/li>\n\t<li id=\"menu-item-15655\" class=\"et_pb_menu_page_id-15616 menu-item menu-item-type-post_type menu-item-object-page menu-item-15655\"><a href=\"https:\/\/kurt-singer.com\/thailand\/2009-ruhetag-in-korat\/\">2009 Ruhetag in Korat<\/a><\/li>\n\t<li id=\"menu-item-15656\" class=\"et_pb_menu_page_id-15618 menu-item menu-item-type-post_type menu-item-object-page menu-item-15656\"><a href=\"https:\/\/kurt-singer.com\/thailand\/2009-wood-museum\/\">2009 Wood Museum<\/a><\/li>\n\t<li id=\"menu-item-15650\" class=\"et_pb_menu_page_id-15620 menu-item menu-item-type-post_type menu-item-object-page menu-item-15650\"><a href=\"https:\/\/kurt-singer.com\/thailand\/2009-dan-kwian\/\">2009 Dan Kwian<\/a><\/li>\n\t<li id=\"menu-item-15651\" class=\"et_pb_menu_page_id-15622 menu-item menu-item-type-post_type menu-item-object-page menu-item-15651\"><a href=\"https:\/\/kurt-singer.com\/thailand\/2009-familientag\/\">2009 Familientag<\/a><\/li>\n\t<li id=\"menu-item-15649\" class=\"et_pb_menu_page_id-15624 menu-item menu-item-type-post_type menu-item-object-page menu-item-15649\"><a href=\"https:\/\/kurt-singer.com\/thailand\/2009-ban-non-wat\/\">2009 Ban Non Wat<\/a><\/li>\n\t<li id=\"menu-item-15654\" class=\"et_pb_menu_page_id-15626 menu-item menu-item-type-post_type menu-item-object-page menu-item-15654\"><a href=\"https:\/\/kurt-singer.com\/thailand\/2009-lam-thakong\/\">2009 Lam Thakong<\/a><\/li>\n<\/ul>\n<\/li>\n<li id=\"menu-item-15652\" class=\"et_pb_menu_page_id-15628 menu-item menu-item-type-post_type menu-item-object-page menu-item-15652\"><a href=\"https:\/\/kurt-singer.com\/thailand\/2009-heimflug\/\">Heimflug<\/a><\/li>\n<\/ul><\/nav><\/div><div class=\"et_mobile_nav_menu\"><div class=\"mobile_nav closed\"><span class=\"mobile_menu_bar\"><\/span><\/div><\/div><\/div><\/div><\/div><\/div><\/div><\/div><div class=\"et_pb_section_1 et_pb_section et_section_regular et_block_section\"><div class=\"et_pb_row_1 et_pb_row et_block_row\"><div class=\"et_pb_column_1 et_pb_column et_pb_column_4_4 et-last-child et_block_column et_pb_css_mix_blend_mode_passthrough\"><div class=\"et_pb_text_0 et_pb_text et_pb_bg_layout_light et_pb_module et_block_module\"><div class=\"et_pb_text_inner\"><h1>\u00a0Das Wood Museum und weitere Erlebnisse<\/h1>\n<\/div><\/div><\/div><\/div><div class=\"et_pb_row_2 et_pb_row et_pb_row_3-4_1-4 et_block_row et_block_row_3-4_1-4\"><div class=\"et_pb_column_2 et_pb_column et_pb_column_3_4 et_block_column et_pb_css_mix_blend_mode_passthrough\"><div class=\"et_pb_text_1 et_pb_text et_pb_bg_layout_light et_pb_module et_block_module\"><div class=\"et_pb_text_inner\"><p><strong>Dienstag, 23.6.<\/strong><\/p>\n<p>Heute morgen fliegt die Air Force schon ab 7 Uhr, kein Wunder, es ist wolkenlos. Bei uns haben wir das fr\u00fcher das Eichenlaubwetter genannt, weil an solchen Tagen viele h\u00f6here Offiziere ihre Erhaltungsfl\u00fcge machten wegen der vorhandenen Bodensicht. Aber um diese Zeit bin ich schon wach und sitze beim Fr\u00fchst\u00fcck. Werner ist gegen 9 Uhr bei mir, wir fahren zu ihm nach Hause, um Frau und Tochter abzuholen f\u00fcr einen Tagesausflug. Im Nakhon Ratchasima Petrified Wood Museum wollen wir uns Versteinerungen anschauen.<\/p>\n<p>Zun\u00e4chst aber m\u00fcssen wir Eintritt zahlen, Thais 30 Baht, Ausl\u00e4nder 100 Baht. Werner besitzt den thail\u00e4ndischen F\u00fchrerschein in zwei Ausfertigungen. Diese vorzulegen erspart uns je 70 Baht, denn wir werden als Residenten angesehen und zahlen den gleichen Eintritt wie die Thais. Ich werde bei n\u00e4chster Gelegenheit, sollte ich wieder mal eine Sight Seeing Reise durchf\u00fchren, auch den thail\u00e4ndischen F\u00fchrerschein wieder machen, meiner ist schon seit 10 Jahren abgelaufen. Denn er f\u00fchrt auch in Nationalparks und anderen \u00f6ffentlichen Einrichtungen dazu, nur den Eintrittspreis f\u00fcr Einheimische zu zahlen.<\/p>\n<p>Es ist schon interessant, versteinertes Holz in dieser Gr\u00f6\u00dfe und Menge anzuschauen. Auch die Geschichte der Elefanten und der Dinosaurier wird recht eindrucksvoll gezeigt, letztere auch in einer kleinen Videoshow.<\/p>\n<p>Unsere weitere Fahrt f\u00fchrt zum Stausee am Phra Phloeng Dam, der noch recht einfach \u00fcber Stra\u00dfen zu erreichen ist. Er ist eines der vielen Wasserreservoire Thailands. Von der Dammkrone aus sehen wir ein weiteres gr\u00f6\u00dferes Gew\u00e4ssen, und wir kommen auf die Idee, auch dieses aufzusuchen. Leider hat keiner von uns eine genaue Karte dabei, und so suchen und fragen wir uns durch. Hier treffe ich wieder das Ph\u00e4nomen an, da\u00df auch die Einheimischen aus der Umgebung zwar etwas wissen, aber nix Genaues, und das auch noch ungenau weiter geben.<\/p>\n<p>Ich frage einen LKW Fahrer nach einer Stra\u00dfe dorthin, und er bezeichnet uns den genauen Weg. Dort treffen wir aber nur einen schmalen Feldweg an, den er mit seinem LKW ganz sicher nie gefahren ist. Auf diesem frage ich wiederum Leute, welche eindeutig hier sind zum Fischen, und sie schicken uns eingegensesetzt, geben uns genaue Ortsmarken an, und mit der Beschreibung kommen wir tats\u00e4chlich zu einem weiteren Stausee, dem Lam Sam Lai Reservoir. Wegen der fehlenden Karte frage ich dort einen fahrenden H\u00e4ndler, ob wir weiterfahren k\u00f6nnen, um nach Korat zur\u00fcck zu kehren. Ja, sagt er, immer der Stra\u00dfe nach, da geht es dann auf die gro\u00dfe Stra\u00dfe. Wir vertrauen ihm. Er hat den Weg richtig voraus gesagt, aber kein Wort \u00fcber den Zustand des Weges. So treffen wir auf eine rote Stra\u00dfe in aller- schlechtestem Zustand. So schlecht, da\u00df die Frauen sogar ein wenig Angst bekommen. Wir wollen nicht mal anhalten, um ein Foto zu machen, aus Sorge stecken zu bleiben. Dazu kommt, da\u00df der Sprit langsam zu Ende geht. Nun, ich finde eine kleine Dorftankstelle mit Fa\u00dfbetankung, wir finden auch wieder die gro\u00dfe Stra\u00dfe und den Weg zur\u00fcck nach Korat.<\/p>\n<p>Nach dieser doch recht abenteuerlichen Fahrt schmeckt mir eine deftige Erbensuppe in Werners Haus. Ein sch\u00f6ner Tag mit einem guten Ende.<\/p>\n<\/div><\/div><\/div><div class=\"et_pb_column_3 et_pb_column et_pb_column_1_4 et-last-child et_block_column et_pb_css_mix_blend_mode_passthrough\"><div class=\"et_pb_image_0 et_pb_image et_pb_image_sticky et_pb_has_overlay et_pb_module et_block_module\"><a href=\"https:\/\/kurt-singer.com\/thailand\/wp-content\/uploads\/sites\/7\/2024\/08\/2009-Flugzeug.jpg\" class=\"et_pb_lightbox_image\"><span class=\"et_pb_image_wrap\"><img loading=\"lazy\" decoding=\"async\" src=\"https:\/\/kurt-singer.com\/thailand\/wp-content\/uploads\/sites\/7\/2024\/08\/2009-Flugzeug.jpg\" width=\"980\" height=\"735\" srcset=\"https:\/\/kurt-singer.com\/thailand\/wp-content\/uploads\/sites\/7\/2024\/08\/2009-Flugzeug.jpg 980w, https:\/\/kurt-singer.com\/thailand\/wp-content\/uploads\/sites\/7\/2024\/08\/2009-Flugzeug-480x360.jpg 480w\" sizes=\"(min-width: 0px) and (max-width: 480px) 480px, (min-width: 481px) 980px, 100vw\" class=\"wp-image-15473\" \/><span class=\"et_overlay et_pb_inline_icon\" data-icon=\"T\"><\/span><\/span><\/a><\/div><div class=\"et_pb_text_2 et_pb_text et_pb_bg_layout_light et_pb_module et_block_module\"><div class=\"et_pb_text_inner\"><pre>\u00a0Landeanflug \u00fcberm Haus<\/pre>\n<\/div><\/div><div class=\"et_pb_image_1 et_pb_image et_pb_image_sticky et_pb_has_overlay et_pb_module et_block_module\"><a href=\"https:\/\/kurt-singer.com\/thailand\/wp-content\/uploads\/sites\/7\/2024\/08\/2009-Woodmuseum.jpg\" class=\"et_pb_lightbox_image\"><span class=\"et_pb_image_wrap\"><img loading=\"lazy\" decoding=\"async\" src=\"https:\/\/kurt-singer.com\/thailand\/wp-content\/uploads\/sites\/7\/2024\/08\/2009-Woodmuseum.jpg\" width=\"980\" height=\"735\" srcset=\"https:\/\/kurt-singer.com\/thailand\/wp-content\/uploads\/sites\/7\/2024\/08\/2009-Woodmuseum.jpg 980w, https:\/\/kurt-singer.com\/thailand\/wp-content\/uploads\/sites\/7\/2024\/08\/2009-Woodmuseum-480x360.jpg 480w\" sizes=\"(min-width: 0px) and (max-width: 480px) 480px, (min-width: 481px) 980px, 100vw\" class=\"wp-image-15474\" \/><span class=\"et_overlay et_pb_inline_icon\" data-icon=\"T\"><\/span><\/span><\/a><\/div><div class=\"et_pb_text_3 et_pb_text et_pb_bg_layout_light et_pb_module et_block_module\"><div class=\"et_pb_text_inner\"><pre>\u00a0Wood Museum<\/pre>\n<\/div><\/div><div class=\"et_pb_image_2 et_pb_image et_pb_image_sticky et_pb_has_overlay et_pb_module et_block_module\"><a href=\"https:\/\/kurt-singer.com\/thailand\/wp-content\/uploads\/sites\/7\/2024\/08\/2009-Lam-PhraPloeng.jpg\" class=\"et_pb_lightbox_image\"><span class=\"et_pb_image_wrap\"><img loading=\"lazy\" decoding=\"async\" src=\"https:\/\/kurt-singer.com\/thailand\/wp-content\/uploads\/sites\/7\/2024\/08\/2009-Lam-PhraPloeng.jpg\" width=\"980\" height=\"735\" srcset=\"https:\/\/kurt-singer.com\/thailand\/wp-content\/uploads\/sites\/7\/2024\/08\/2009-Lam-PhraPloeng.jpg 980w, https:\/\/kurt-singer.com\/thailand\/wp-content\/uploads\/sites\/7\/2024\/08\/2009-Lam-PhraPloeng-480x360.jpg 480w\" sizes=\"(min-width: 0px) and (max-width: 480px) 480px, (min-width: 481px) 980px, 100vw\" class=\"wp-image-15475\" \/><span class=\"et_overlay et_pb_inline_icon\" data-icon=\"T\"><\/span><\/span><\/a><\/div><div class=\"et_pb_text_4 et_pb_text et_pb_bg_layout_light et_pb_module et_block_module\"><div class=\"et_pb_text_inner\"><pre>\u00a0Lam Phra Ploeng Stausee<\/pre>\n<\/div><\/div><div class=\"et_pb_image_3 et_pb_image et_pb_image_sticky et_pb_has_overlay et_pb_module et_block_module\"><a href=\"https:\/\/kurt-singer.com\/thailand\/wp-content\/uploads\/sites\/7\/2024\/08\/2009-Lam-Samlai.jpg\" class=\"et_pb_lightbox_image\"><span class=\"et_pb_image_wrap\"><img loading=\"lazy\" decoding=\"async\" src=\"https:\/\/kurt-singer.com\/thailand\/wp-content\/uploads\/sites\/7\/2024\/08\/2009-Lam-Samlai.jpg\" width=\"980\" height=\"735\" srcset=\"https:\/\/kurt-singer.com\/thailand\/wp-content\/uploads\/sites\/7\/2024\/08\/2009-Lam-Samlai.jpg 980w, https:\/\/kurt-singer.com\/thailand\/wp-content\/uploads\/sites\/7\/2024\/08\/2009-Lam-Samlai-480x360.jpg 480w\" sizes=\"(min-width: 0px) and (max-width: 480px) 480px, (min-width: 481px) 980px, 100vw\" class=\"wp-image-15476\" \/><span class=\"et_overlay et_pb_inline_icon\" data-icon=\"T\"><\/span><\/span><\/a><\/div><div class=\"et_pb_text_5 et_pb_text et_pb_bg_layout_light et_pb_module et_block_module\"><div class=\"et_pb_text_inner\"><pre>Lam Samlai Stausee<\/pre>\n<\/div><\/div><\/div><\/div><\/div>\n","protected":false},"excerpt":{"rendered":"","protected":false},"author":1,"featured_media":0,"parent":0,"menu_order":0,"comment_status":"closed","ping_status":"closed","template":"","meta":{"footnotes":""},"class_list":["post-15618","page","type-page","status-publish","hentry"],"_links":{"self":[{"href":"https:\/\/kurt-singer.com\/thailand\/wp-json\/wp\/v2\/pages\/15618","targetHints":{"allow":["GET"]}}],"collection":[{"href":"https:\/\/kurt-singer.com\/thailand\/wp-json\/wp\/v2\/pages"}],"about":[{"href":"https:\/\/kurt-singer.com\/thailand\/wp-json\/wp\/v2\/types\/page"}],"author":[{"embeddable":true,"href":"https:\/\/kurt-singer.com\/thailand\/wp-json\/wp\/v2\/users\/1"}],"replies":[{"embeddable":true,"href":"https:\/\/kurt-singer.com\/thailand\/wp-json\/wp\/v2\/comments?post=15618"}],"version-history":[{"count":4,"href":"https:\/\/kurt-singer.com\/thailand\/wp-json\/wp\/v2\/pages\/15618\/revisions"}],"predecessor-version":[{"id":16138,"href":"https:\/\/kurt-singer.com\/thailand\/wp-json\/wp\/v2\/pages\/15618\/revisions\/16138"}],"wp:attachment":[{"href":"https:\/\/kurt-singer.com\/thailand\/wp-json\/wp\/v2\/media?parent=15618"}],"curies":[{"name":"wp","href":"https:\/\/api.w.org\/{rel}","templated":true}]}}