{"id":15624,"date":"2024-08-13T17:34:42","date_gmt":"2024-08-13T15:34:42","guid":{"rendered":"https:\/\/kurt-singer.com\/thailand\/?page_id=15624"},"modified":"2026-03-25T00:46:10","modified_gmt":"2026-03-24T23:46:10","slug":"2009-ban-non-wat","status":"publish","type":"page","link":"https:\/\/kurt-singer.com\/thailand\/2009-ban-non-wat\/","title":{"rendered":"2009 Ban Non Wat"},"content":{"rendered":"\n<div class=\"et_pb_section_0 et_pb_section et_section_regular et_block_section\"><div class=\"et_pb_row_0 et_pb_row et_block_row\"><div class=\"et_pb_column_0 et_pb_column et_pb_column_4_4 et-last-child et_block_column et_pb_css_mix_blend_mode_passthrough\"><div class=\"et_pb_menu_0 et_pb_menu et_pb_menu--without-logo et_pb_menu--style-left_aligned et_dropdown_animation_fade et_pb_bg_layout_light et_pb_text_align_right-tablet et_pb_text_align_right-phone et_pb_module et_flex_module\"><div class=\"et_pb_menu_inner_container et_flex_module\"><div class=\"et_pb_menu__wrap\"><div class=\"et_pb_menu__menu\"><nav class=\"et-menu-nav\"><ul id=\"menu-reise-2009\" class=\"et-menu nav downwards\"><li id=\"menu-item-15636\" class=\"et_pb_menu_page_id-15582 menu-item menu-item-type-post_type menu-item-object-page menu-item-has-children menu-item-15636\"><a href=\"https:\/\/kurt-singer.com\/thailand\/2009-reiseablauf\/\">Reiseablauf<\/a>\n<ul class=\"sub-menu\">\n\t<li id=\"menu-item-15635\" class=\"et_pb_menu_page_id-15584 menu-item menu-item-type-post_type menu-item-object-page menu-item-15635\"><a href=\"https:\/\/kurt-singer.com\/thailand\/2009-hinflug\/\">2009 Hinflug<\/a><\/li>\n\t<li id=\"menu-item-15633\" class=\"et_pb_menu_page_id-15586 menu-item menu-item-type-post_type menu-item-object-page menu-item-15633\"><a href=\"https:\/\/kurt-singer.com\/thailand\/2009-bangkok-2\/\">2009 Bangkok<\/a><\/li>\n\t<li id=\"menu-item-15634\" class=\"et_pb_menu_page_id-15588 menu-item menu-item-type-post_type menu-item-object-page menu-item-15634\"><a href=\"https:\/\/kurt-singer.com\/thailand\/2009-bangkok-sightseeing\/\">2009 Sightseeing<\/a><\/li>\n<\/ul>\n<\/li>\n<li id=\"menu-item-15639\" class=\"et_pb_menu_page_id-15590 menu-item menu-item-type-post_type menu-item-object-page menu-item-has-children menu-item-15639\"><a href=\"https:\/\/kurt-singer.com\/thailand\/2009-provinz-nan\/\">Provinz Nan<\/a>\n<ul class=\"sub-menu\">\n\t<li id=\"menu-item-15640\" class=\"et_pb_menu_page_id-15592 menu-item menu-item-type-post_type menu-item-object-page menu-item-15640\"><a href=\"https:\/\/kurt-singer.com\/thailand\/2009-sukhothai-4\/\">2009 Sukhothai<\/a><\/li>\n\t<li id=\"menu-item-15638\" class=\"et_pb_menu_page_id-15594 menu-item menu-item-type-post_type menu-item-object-page menu-item-15638\"><a href=\"https:\/\/kurt-singer.com\/thailand\/2009-phitsanuloke\/\">2009 Phitsanuloke<\/a><\/li>\n\t<li id=\"menu-item-15637\" class=\"et_pb_menu_page_id-15596 menu-item menu-item-type-post_type menu-item-object-page menu-item-15637\"><a href=\"https:\/\/kurt-singer.com\/thailand\/2009-chaloem-phra-kiat\/\">2009 Chaloem Phra Kiat<\/a><\/li>\n\t<li id=\"menu-item-15642\" class=\"et_pb_menu_page_id-15598 menu-item menu-item-type-post_type menu-item-object-page menu-item-15642\"><a href=\"https:\/\/kurt-singer.com\/thailand\/2009-polizeiappelle\/\">2009 Polizeiappelle<\/a><\/li>\n\t<li id=\"menu-item-15641\" class=\"et_pb_menu_page_id-15600 menu-item menu-item-type-post_type menu-item-object-page menu-item-15641\"><a href=\"https:\/\/kurt-singer.com\/thailand\/2009-laos\/\">2009 Laos<\/a><\/li>\n<\/ul>\n<\/li>\n<li id=\"menu-item-15691\" class=\"et_pb_menu_page_id-15602 menu-item menu-item-type-post_type menu-item-object-page menu-item-has-children menu-item-15691\"><a href=\"https:\/\/kurt-singer.com\/thailand\/2009-mae-hong-son\/\">Mae Hong Son<\/a>\n<ul class=\"sub-menu\">\n\t<li id=\"menu-item-15689\" class=\"et_pb_menu_page_id-15604 menu-item menu-item-type-post_type menu-item-object-page menu-item-15689\"><a href=\"https:\/\/kurt-singer.com\/thailand\/2009-bei-den-padong\/\">2009 Bei den Padong<\/a><\/li>\n\t<li id=\"menu-item-15690\" class=\"et_pb_menu_page_id-15606 menu-item menu-item-type-post_type menu-item-object-page menu-item-15690\"><a href=\"https:\/\/kurt-singer.com\/thailand\/2009-doi-kong-mu\/\">2009 Doi Kong Mu<\/a><\/li>\n\t<li id=\"menu-item-15688\" class=\"et_pb_menu_page_id-15608 menu-item menu-item-type-post_type menu-item-object-page menu-item-15688\"><a href=\"https:\/\/kurt-singer.com\/thailand\/2009-airport\/\">2009 Airport<\/a><\/li>\n<\/ul>\n<\/li>\n<li id=\"menu-item-15647\" class=\"et_pb_menu_page_id-15645 menu-item menu-item-type-post_type menu-item-object-page menu-item-has-children menu-item-15647\"><a href=\"https:\/\/kurt-singer.com\/thailand\/2009-chiang-mai\/\">Chiang Mai<\/a>\n<ul class=\"sub-menu\">\n\t<li id=\"menu-item-15648\" class=\"et_pb_menu_page_id-15610 menu-item menu-item-type-post_type menu-item-object-page menu-item-15648\"><a href=\"https:\/\/kurt-singer.com\/thailand\/2009-doi-suthep\/\">2009 Doi Suthep<\/a><\/li>\n<\/ul>\n<\/li>\n<li id=\"menu-item-15653\" class=\"et_pb_menu_page_id-15612 menu-item menu-item-type-post_type menu-item-object-page menu-item-has-children menu-item-15653\"><a href=\"https:\/\/kurt-singer.com\/thailand\/2009-korat-2\/\">Korat<\/a>\n<ul class=\"sub-menu\">\n\t<li id=\"menu-item-15657\" class=\"et_pb_menu_page_id-15614 menu-item menu-item-type-post_type menu-item-object-page menu-item-15657\"><a href=\"https:\/\/kurt-singer.com\/thailand\/2009-zuhause\/\">2009 Zuhause<\/a><\/li>\n\t<li id=\"menu-item-15655\" class=\"et_pb_menu_page_id-15616 menu-item menu-item-type-post_type menu-item-object-page menu-item-15655\"><a href=\"https:\/\/kurt-singer.com\/thailand\/2009-ruhetag-in-korat\/\">2009 Ruhetag in Korat<\/a><\/li>\n\t<li id=\"menu-item-15656\" class=\"et_pb_menu_page_id-15618 menu-item menu-item-type-post_type menu-item-object-page menu-item-15656\"><a href=\"https:\/\/kurt-singer.com\/thailand\/2009-wood-museum\/\">2009 Wood Museum<\/a><\/li>\n\t<li id=\"menu-item-15650\" class=\"et_pb_menu_page_id-15620 menu-item menu-item-type-post_type menu-item-object-page menu-item-15650\"><a href=\"https:\/\/kurt-singer.com\/thailand\/2009-dan-kwian\/\">2009 Dan Kwian<\/a><\/li>\n\t<li id=\"menu-item-15651\" class=\"et_pb_menu_page_id-15622 menu-item menu-item-type-post_type menu-item-object-page menu-item-15651\"><a href=\"https:\/\/kurt-singer.com\/thailand\/2009-familientag\/\">2009 Familientag<\/a><\/li>\n\t<li id=\"menu-item-15649\" class=\"et_pb_menu_page_id-15624 menu-item menu-item-type-post_type menu-item-object-page menu-item-15649\"><a href=\"https:\/\/kurt-singer.com\/thailand\/2009-ban-non-wat\/\">2009 Ban Non Wat<\/a><\/li>\n\t<li id=\"menu-item-15654\" class=\"et_pb_menu_page_id-15626 menu-item menu-item-type-post_type menu-item-object-page menu-item-15654\"><a href=\"https:\/\/kurt-singer.com\/thailand\/2009-lam-thakong\/\">2009 Lam Thakong<\/a><\/li>\n<\/ul>\n<\/li>\n<li id=\"menu-item-15652\" class=\"et_pb_menu_page_id-15628 menu-item menu-item-type-post_type menu-item-object-page menu-item-15652\"><a href=\"https:\/\/kurt-singer.com\/thailand\/2009-heimflug\/\">Heimflug<\/a><\/li>\n<\/ul><\/nav><\/div><div class=\"et_mobile_nav_menu\"><div class=\"mobile_nav closed\"><span class=\"mobile_menu_bar\"><\/span><\/div><\/div><\/div><\/div><\/div><\/div><\/div><\/div><div class=\"et_pb_section_1 et_pb_section et_section_regular et_block_section\"><div class=\"et_pb_row_1 et_pb_row et_block_row\"><div class=\"et_pb_column_1 et_pb_column et_pb_column_4_4 et-last-child et_block_column et_pb_css_mix_blend_mode_passthrough\"><div class=\"et_pb_text_0 et_pb_text et_pb_bg_layout_light et_pb_module et_block_module\"><div class=\"et_pb_text_inner\"><h1>\u00a0Eine (fast) vergebliche Suche nach der Ausgrabungsst\u00e4tte Ban Non Wat<\/h1>\n<\/div><\/div><\/div><\/div><div class=\"et_pb_row_2 et_pb_row et_pb_row_3-4_1-4 et_block_row et_block_row_3-4_1-4\"><div class=\"et_pb_column_2 et_pb_column et_pb_column_3_4 et_block_column et_pb_css_mix_blend_mode_passthrough\"><div class=\"et_pb_text_1 et_pb_text et_pb_bg_layout_light et_pb_module et_block_module\"><div class=\"et_pb_text_inner\"><p><strong>Freitag, 26.6.<\/strong><\/p>\n<p>Wieder einmal treffe ich mich mit Werner Schwalm. Gemeinsam wollen wir den Betreiber eines Korat Forums namens Klaus aufsuchen. Ich freue mich, auch hier wieder einen netten und aufgeschlossenen Menschen anzutreffen, und langsam sollte ich meine Einstellung bez\u00fcglich der in Thailand lebenden Landsleute \u00fcberdenken, zu denen ich bisher Kontakt weitgehend vermieden habe. Nach ein wenig Fachsimpeln kommen wir auf eine neuere Berichterstattung im thail\u00e4ndischen Fernsehen und dazu vorhandenen Internet Links zu sprechen.<\/p>\n<p>Es kommt die Idee auf, das doch vor Ort anzuschauen, denn es befindet sich ja im Amphoe Non Sung, in welchem auch Klaus wohnt. Dieses Mal mit Karte, aber trotzdem einigen Fragestopps, gelangen wir in das Dorf Ban Non Wat. Aber keine aufregenden Hinweisschilder, eigentlich gar keine. Die erste Frage dort verursacht nur Kopfsch\u00fctteln. Nein, da gibt es nichts. Intensive Nachfrage ergibt, da war mal was.<\/p>\n<p>Ich treibe eine alte Dame auf, die sich noch gut erinnern kann. Sie bringt uns zu einer Wiese, und hier erz\u00e4hlt sie mir, was ich auch schon vorher geh\u00f6rt habe. Die Ausgrabungen sind schon vor einem Jahr (man bedenke die erst wenige Wochen zur\u00fcckliegende Berichterstattung im TV) beendet, die Gruben zugesch\u00fcttet worden. An dieser Stelle war die Gr\u00f6\u00dfte davon. Eine kleine zeigt sie uns auch noch, wo auch noch etwas zu sehen ist, in die Wand eingesteckte Papiernotizen sind noch erhalten. In einem offenen Geb\u00e4ude, so erz\u00e4hlt sie mir, wurden die ausgegrabenen Funde gelagert bis zum Abtransport. Im n\u00e4chsten Jahr wollen die Forscher wiederkommen und weiter graben. Wo die Funde jetzt sind wu\u00dfte auch sie nicht<\/p>\n<p>Wir sind nat\u00fcrlich sehr entt\u00e4uscht ob dieser Irref\u00fchrung, andererseits aber haben wir alle etwas Neues gesehen und gelernt. Auf der R\u00fcckfahrt sto\u00dfen wir noch auf ein Wat mit einem au\u00dfergew\u00f6hnlichen Aussehen, das wir noch besuchen. Es hei\u00dft Wat Ban Ma Rum. Dort werden uns angeblich sehr alte Palmbl\u00e4tter gezeigt mit buddhistischen Texten. Ich habe meine Zweifel am Alter, scheint mir doch der Text aufgedruckt zu sein.<\/p>\n<\/div><\/div><\/div><div class=\"et_pb_column_3 et_pb_column et_pb_column_1_4 et-last-child et_block_column et_pb_css_mix_blend_mode_passthrough\"><div class=\"et_pb_image_0 et_pb_image et_pb_image_sticky et_pb_has_overlay et_pb_module et_block_module\"><a href=\"https:\/\/kurt-singer.com\/thailand\/wp-content\/uploads\/sites\/7\/2024\/08\/2009-BanNonWat.jpg\" class=\"et_pb_lightbox_image\"><span class=\"et_pb_image_wrap\"><img loading=\"lazy\" decoding=\"async\" src=\"https:\/\/kurt-singer.com\/thailand\/wp-content\/uploads\/sites\/7\/2024\/08\/2009-BanNonWat.jpg\" width=\"980\" height=\"735\" srcset=\"https:\/\/kurt-singer.com\/thailand\/wp-content\/uploads\/sites\/7\/2024\/08\/2009-BanNonWat.jpg 980w, https:\/\/kurt-singer.com\/thailand\/wp-content\/uploads\/sites\/7\/2024\/08\/2009-BanNonWat-480x360.jpg 480w\" sizes=\"(min-width: 0px) and (max-width: 480px) 480px, (min-width: 481px) 980px, 100vw\" class=\"wp-image-15465\" \/><span class=\"et_overlay et_pb_inline_icon\" data-icon=\"T\"><\/span><\/span><\/a><\/div><div class=\"et_pb_text_2 et_pb_text et_pb_bg_layout_light et_pb_module et_block_module\"><div class=\"et_pb_text_inner\"><pre>\u00a0Ausgrabungsst\u00e4tte<\/pre>\n<\/div><\/div><div class=\"et_pb_image_1 et_pb_image et_pb_image_sticky et_pb_has_overlay et_pb_module et_block_module\"><a href=\"https:\/\/kurt-singer.com\/thailand\/wp-content\/uploads\/sites\/7\/2024\/08\/2009-BanMaRum-1.jpg\" class=\"et_pb_lightbox_image\"><span class=\"et_pb_image_wrap\"><img loading=\"lazy\" decoding=\"async\" src=\"https:\/\/kurt-singer.com\/thailand\/wp-content\/uploads\/sites\/7\/2024\/08\/2009-BanMaRum-1.jpg\" width=\"980\" height=\"735\" srcset=\"https:\/\/kurt-singer.com\/thailand\/wp-content\/uploads\/sites\/7\/2024\/08\/2009-BanMaRum-1.jpg 980w, https:\/\/kurt-singer.com\/thailand\/wp-content\/uploads\/sites\/7\/2024\/08\/2009-BanMaRum-1-480x360.jpg 480w\" sizes=\"(min-width: 0px) and (max-width: 480px) 480px, (min-width: 481px) 980px, 100vw\" class=\"wp-image-15466\" \/><span class=\"et_overlay et_pb_inline_icon\" data-icon=\"T\"><\/span><\/span><\/a><\/div><div class=\"et_pb_text_3 et_pb_text et_pb_bg_layout_light et_pb_module et_block_module\"><div class=\"et_pb_text_inner\"><pre>\u00a0Wat Ban Ma Rum<\/pre>\n<\/div><\/div><div class=\"et_pb_image_2 et_pb_image et_pb_image_sticky et_pb_has_overlay et_pb_module et_block_module\"><a href=\"https:\/\/kurt-singer.com\/thailand\/wp-content\/uploads\/sites\/7\/2024\/08\/2009-BanMaRum-2.jpg\" class=\"et_pb_lightbox_image\"><span class=\"et_pb_image_wrap\"><img loading=\"lazy\" decoding=\"async\" src=\"https:\/\/kurt-singer.com\/thailand\/wp-content\/uploads\/sites\/7\/2024\/08\/2009-BanMaRum-2.jpg\" width=\"980\" height=\"735\" srcset=\"https:\/\/kurt-singer.com\/thailand\/wp-content\/uploads\/sites\/7\/2024\/08\/2009-BanMaRum-2.jpg 980w, https:\/\/kurt-singer.com\/thailand\/wp-content\/uploads\/sites\/7\/2024\/08\/2009-BanMaRum-2-480x360.jpg 480w\" sizes=\"(min-width: 0px) and (max-width: 480px) 480px, (min-width: 481px) 980px, 100vw\" class=\"wp-image-15467\" \/><span class=\"et_overlay et_pb_inline_icon\" data-icon=\"T\"><\/span><\/span><\/a><\/div><div class=\"et_pb_text_4 et_pb_text et_pb_bg_layout_light et_pb_module et_block_module\"><div class=\"et_pb_text_inner\"><pre>Palmblatttext<\/pre>\n<\/div><\/div><\/div><\/div><\/div>\n","protected":false},"excerpt":{"rendered":"","protected":false},"author":1,"featured_media":0,"parent":0,"menu_order":0,"comment_status":"closed","ping_status":"closed","template":"","meta":{"footnotes":""},"class_list":["post-15624","page","type-page","status-publish","hentry"],"_links":{"self":[{"href":"https:\/\/kurt-singer.com\/thailand\/wp-json\/wp\/v2\/pages\/15624","targetHints":{"allow":["GET"]}}],"collection":[{"href":"https:\/\/kurt-singer.com\/thailand\/wp-json\/wp\/v2\/pages"}],"about":[{"href":"https:\/\/kurt-singer.com\/thailand\/wp-json\/wp\/v2\/types\/page"}],"author":[{"embeddable":true,"href":"https:\/\/kurt-singer.com\/thailand\/wp-json\/wp\/v2\/users\/1"}],"replies":[{"embeddable":true,"href":"https:\/\/kurt-singer.com\/thailand\/wp-json\/wp\/v2\/comments?post=15624"}],"version-history":[{"count":4,"href":"https:\/\/kurt-singer.com\/thailand\/wp-json\/wp\/v2\/pages\/15624\/revisions"}],"predecessor-version":[{"id":16141,"href":"https:\/\/kurt-singer.com\/thailand\/wp-json\/wp\/v2\/pages\/15624\/revisions\/16141"}],"wp:attachment":[{"href":"https:\/\/kurt-singer.com\/thailand\/wp-json\/wp\/v2\/media?parent=15624"}],"curies":[{"name":"wp","href":"https:\/\/api.w.org\/{rel}","templated":true}]}}