{"id":15765,"date":"2024-08-13T22:12:47","date_gmt":"2024-08-13T20:12:47","guid":{"rendered":"https:\/\/kurt-singer.com\/thailand\/?page_id=15765"},"modified":"2026-03-25T00:46:16","modified_gmt":"2026-03-24T23:46:16","slug":"2012-buchung","status":"publish","type":"page","link":"https:\/\/kurt-singer.com\/thailand\/2012-buchung\/","title":{"rendered":"2012 Buchung"},"content":{"rendered":"\n<div class=\"et_pb_section_0 et_pb_section et_section_regular et_block_section\"><div class=\"et_pb_row_0 et_pb_row et_block_row\"><div class=\"et_pb_column_0 et_pb_column et_pb_column_4_4 et-last-child et_block_column et_pb_css_mix_blend_mode_passthrough\"><div class=\"et_pb_menu_0 et_pb_menu et_pb_menu--without-logo et_pb_menu--style-left_aligned et_dropdown_animation_fade et_pb_bg_layout_light et_pb_text_align_right-tablet et_pb_text_align_right-phone et_pb_module et_flex_module\"><div class=\"et_pb_menu_inner_container et_flex_module\"><div class=\"et_pb_menu__wrap\"><div class=\"et_pb_menu__menu\"><nav class=\"et-menu-nav\"><ul id=\"menu-reise2012\" class=\"et-menu nav downwards\"><li id=\"menu-item-15763\" class=\"et_pb_menu_page_id-15761 menu-item menu-item-type-post_type menu-item-object-page menu-item-has-children menu-item-15763\"><a href=\"https:\/\/kurt-singer.com\/thailand\/2012-vorwort\/\">Vorwort<\/a>\n<ul class=\"sub-menu\">\n\t<li id=\"menu-item-15804\" class=\"et_pb_menu_page_id-15765 menu-item menu-item-type-post_type menu-item-object-page menu-item-15804\"><a href=\"https:\/\/kurt-singer.com\/thailand\/2012-buchung\/\">2012 Buchung<\/a><\/li>\n\t<li id=\"menu-item-15803\" class=\"et_pb_menu_page_id-15767 menu-item menu-item-type-post_type menu-item-object-page menu-item-15803\"><a href=\"https:\/\/kurt-singer.com\/thailand\/2012-bangkok\/\">2012 Bangkok<\/a><\/li>\n\t<li id=\"menu-item-15801\" class=\"et_pb_menu_page_id-15769 menu-item menu-item-type-post_type menu-item-object-page menu-item-15801\"><a href=\"https:\/\/kurt-singer.com\/thailand\/2012-susanne-und-peter\/\">2012 Susanne und Peter<\/a><\/li>\n<\/ul>\n<\/li>\n<li id=\"menu-item-15816\" class=\"et_pb_menu_page_id-15771 menu-item menu-item-type-post_type menu-item-object-page menu-item-has-children menu-item-15816\"><a href=\"https:\/\/kurt-singer.com\/thailand\/2012-korat\/\">Korat<\/a>\n<ul class=\"sub-menu\">\n\t<li id=\"menu-item-15817\" class=\"et_pb_menu_page_id-15773 menu-item menu-item-type-post_type menu-item-object-page menu-item-15817\"><a href=\"https:\/\/kurt-singer.com\/thailand\/2012-nachbarskinder\/\">2012 Nachbarskinder<\/a><\/li>\n\t<li id=\"menu-item-15808\" class=\"et_pb_menu_page_id-15775 menu-item menu-item-type-post_type menu-item-object-page menu-item-15808\"><a href=\"https:\/\/kurt-singer.com\/thailand\/2012-begegnungen\/\">2012 Begegnungen<\/a><\/li>\n\t<li id=\"menu-item-15811\" class=\"et_pb_menu_page_id-15777 menu-item menu-item-type-post_type menu-item-object-page menu-item-15811\"><a href=\"https:\/\/kurt-singer.com\/thailand\/2012-die-toilette\/\">2012 Die Toilette<\/a><\/li>\n\t<li id=\"menu-item-15819\" class=\"et_pb_menu_page_id-15779 menu-item menu-item-type-post_type menu-item-object-page menu-item-15819\"><a href=\"https:\/\/kurt-singer.com\/thailand\/2012-nichtstun\/\">2012 Nichtstun<\/a><\/li>\n\t<li id=\"menu-item-15813\" class=\"et_pb_menu_page_id-15781 menu-item menu-item-type-post_type menu-item-object-page menu-item-15813\"><a href=\"https:\/\/kurt-singer.com\/thailand\/2012-erinnerungen\/\">2012 Erinnerungen<\/a><\/li>\n\t<li id=\"menu-item-15805\" class=\"et_pb_menu_page_id-15783 menu-item menu-item-type-post_type menu-item-object-page menu-item-15805\"><a href=\"https:\/\/kurt-singer.com\/thailand\/2012-29-wat\/\">2012 29 Wat<\/a><\/li>\n\t<li id=\"menu-item-15812\" class=\"et_pb_menu_page_id-15785 menu-item menu-item-type-post_type menu-item-object-page menu-item-15812\"><a href=\"https:\/\/kurt-singer.com\/thailand\/2012-die-treppe\/\">2012 Die Treppe<\/a><\/li>\n\t<li id=\"menu-item-15815\" class=\"et_pb_menu_page_id-15787 menu-item menu-item-type-post_type menu-item-object-page menu-item-15815\"><a href=\"https:\/\/kurt-singer.com\/thailand\/2012-gluecksprinzip\/\">2012 Gl\u00fccksprinzip<\/a><\/li>\n\t<li id=\"menu-item-15814\" class=\"et_pb_menu_page_id-15789 menu-item menu-item-type-post_type menu-item-object-page menu-item-15814\"><a href=\"https:\/\/kurt-singer.com\/thailand\/2012-gedanken\/\">2012 Gedanken<\/a><\/li>\n<\/ul>\n<\/li>\n<li id=\"menu-item-15806\" class=\"et_pb_menu_page_id-15791 menu-item menu-item-type-post_type menu-item-object-page menu-item-has-children menu-item-15806\"><a href=\"https:\/\/kurt-singer.com\/thailand\/2012-ausfluege\/\">Ausfl\u00fcge<\/a>\n<ul class=\"sub-menu\">\n\t<li id=\"menu-item-15810\" class=\"et_pb_menu_page_id-15793 menu-item menu-item-type-post_type menu-item-object-page menu-item-15810\"><a href=\"https:\/\/kurt-singer.com\/thailand\/2012-chaiyaphum\/\">2012 Chaiyaphum<\/a><\/li>\n\t<li id=\"menu-item-15820\" class=\"et_pb_menu_page_id-15795 menu-item menu-item-type-post_type menu-item-object-page menu-item-15820\"><a href=\"https:\/\/kurt-singer.com\/thailand\/2012-pak-tong-chai\/\">2012 Pak Tong Chai<\/a><\/li>\n<\/ul>\n<\/li>\n<li id=\"menu-item-15821\" class=\"et_pb_menu_page_id-15797 menu-item menu-item-type-post_type menu-item-object-page menu-item-15821\"><a href=\"https:\/\/kurt-singer.com\/thailand\/2012-rueckreise\/\">R\u00fcckreise<\/a><\/li>\n<li id=\"menu-item-15818\" class=\"et_pb_menu_page_id-15799 menu-item menu-item-type-post_type menu-item-object-page menu-item-15818\"><a href=\"https:\/\/kurt-singer.com\/thailand\/2012-nachbetrachtung\/\">Nachbetrachtung<\/a><\/li>\n<\/ul><\/nav><\/div><div class=\"et_mobile_nav_menu\"><div class=\"mobile_nav closed\"><span class=\"mobile_menu_bar\"><\/span><\/div><\/div><\/div><\/div><\/div><\/div><\/div><\/div><div class=\"et_pb_section_1 et_pb_section et_section_regular et_block_section\"><div class=\"et_pb_row_1 et_pb_row et_block_row\"><div class=\"et_pb_column_1 et_pb_column et_pb_column_4_4 et-last-child et_block_column et_pb_css_mix_blend_mode_passthrough\"><div class=\"et_pb_text_0 et_pb_text et_pb_bg_layout_light et_pb_module et_block_module\"><div class=\"et_pb_text_inner\"><h1>\u00a0Buchung und Flug<\/h1>\n<\/div><\/div><\/div><\/div><div class=\"et_pb_row_2 et_pb_row et_pb_row_3-4_1-4 et_block_row et_block_row_3-4_1-4\"><div class=\"et_pb_column_2 et_pb_column et_pb_column_3_4 et_block_column et_pb_css_mix_blend_mode_passthrough\"><div class=\"et_pb_text_1 et_pb_text et_pb_bg_layout_light et_pb_module et_block_module\"><div class=\"et_pb_text_inner\"><p>F\u00fcr meinen Flug habe ich mir Emirates Airlines ausgesucht, und da ich stets gerne bei der Buchung einem Menschen gegen\u00fcber sitze, ist meine Wahl auf die Flugb\u00f6rse in Koblenz gefallen. Dort sitzt auch Marcel, ein ehemaliger Kollege, mit dem ich gerne auch ab und zu ein Schw\u00e4tzchen halte. Der hier angebotene Preis unterscheidet sich nicht wesentlich von allen Internetangeboten, aber ich kann mir eine Option bis kurz vor Ticketing vorbehalten. Und das war gut so, denn bereits im November 2011 suchte ich meine Reisetermine aus, und durch famili\u00e4re Umst\u00e4nde habe ich dann die auf 3 Monate angelegte Reise um gut 3 Wochen abgek\u00fcrzt. Dass ich nachher beim Umbuchen auf eine h\u00f6here Buchungsklasse umsteigen muss, nehme ich dann halt in Kauf. Im Preis von 684,- Euro ist die Bahnfahrt mit einbegriffen, und so ist das f\u00fcr mich ok.<\/p>\n<p>Am Abflugtag, <strong>Mittwoch der 16. Mai<\/strong>, ist es einfach nur kalt. Meine Frau bringt mich zum Bahnhof, aber auf dem Bahnsteig dr\u00e4nge ich sie dazu, nach Hause zu fahren. Sie tut mir einfach leid auf dem \"zugigen\" Bahnsteig (welches Wortspiel), und ich fliege ja in die W\u00e4rme. Ade, meine All.<\/p>\n<p>Weil der ICE unplanm\u00e4ssig auf dem Regiobahnhof h\u00e4lt, kann ich das Einchecken am AIRail-Schalter nicht wahrnehmen, was sich aber nicht als Nachteil herausstellt. Am Emirates-Schalter in Terminal 2 stehen keine Leute an, und ich bin sofort an der Reihe. Meine bereits online reservierten Sitzpl\u00e4tze machen eine Auswahl unn\u00f6tig, und so stehe ich nach 4 Minuten wieder in der Halle. Wie immer setze ich mich einfach nur irgendwo hin und beobachte die Leute. Ist euch schon mal aufgefallen, wie viele Paare sich noch vor dem Abflug \u00fcber irgend etwas streiten?<\/p>\n<p>Und wie immer sind die Lautsprecherdurchsagen zum Boarding einfach f\u00fcr die Katz. Reihe 40 bis 48 wird aufgerufen, vor mir stehen zwei Frauen und trauen sich der Kontrolle auch noch zu sagen, dass sie Reihe 34 sitzen. Ich kann es mir nicht verkneifen, zu meiner zuf\u00e4lligen Nachbarin, welche das auch am\u00fcsiert beobachtet, zu sagen, es sei doch gut, dass jetzt Reihe 40 bis 48 aufgerufen seien. Die beiden aus Reihe 34 schauen einfach nur verst\u00e4ndnislos, als sie auf die Seite gewunken werden. Ich habe mir gute Sitzpl\u00e4tze ausgesucht, aber meine Hoffnung, in der letzten Reihe Mitte schlafen zu k\u00f6nnen, erf\u00fcllt sich nicht. Am anderen Ende der Reihe hat sich ebenfalls jemand das ausgedacht, und irgendwie schauen wir uns verst\u00e4ndnisvoll an. Schade, kein Liegen.<\/p>\n<p>Zur Ankunft in Bangkok habe ich mir ab Dubai einen Fensterplatz ausgesucht, und der jetzt schon fast altbekannte neue Flughafen begr\u00fcsst mich. Auch hier kein Dr\u00e4ngeln, aber ein paar kurze scherzhafte Bemerkungen zum \"Leitpersonal\" vor der Immigration verschaffen mir einen Begleiter zum Thaischalter, der noch ganz leer ist und wo man mich ohne weitere Nachfrage abfertigt. Die Koffer sind wie immer schnell da. Peter und Susanne werden erst 2 Stunden sp\u00e4ter mit Swissair ankommen, und so kann ich mich dem Transfer zum gebuchten Hotel Royal widmen. Das ist, ganz wie erwartet, ein \u00e4lteres und abgewohntes Hotel, daf\u00fcr liegt es aber direkt am Sanam Luang und somit in Gehweite zum Wat Phra Kheo, Wat Pho und der Khao San Road, deren Besuch ich meinem Sohn versprochen habe. Dort treffen wir uns auch abends mit meinem Neffen Lek und besprechen bei einem guten Essen den Transfer am Samstag nach Korat. Die Khao San Road selbst hat f\u00fcr mich nichts Anziehendes, als Geheimtipp f\u00fcr Traveller habe ich sie auch immer abgelehnt, denn das war sie eigentlich nie. Wir Backpacker haben uns fr\u00fcher anderswo getroffen, in der Soi Ngam Dupli beispielsweise, und das Hotel Malaysia hatte damals noch eine andere Bedeutung als heute. Heute treffen wir in der Strasse die, welche sich f\u00fcr tough halten. Bei meinem Schlendern, w\u00e4hrend Peter und Susanne sich eine Fussmassage verpassen lassen, sehe ich, wie drei toughe Typen fortgeschafft werden, zugedr\u00f6hnt bis \u00fcber die Ohren, eines davon ein M\u00e4del mit einer fast leeren Flasche Jim Beam in der Hand. Nein, das muss und das will ich nicht haben. Wenden wir uns also anderem zu, Thailand ist nicht nur Bangkok ist nicht Khao San Road.<\/p>\n<\/div><\/div><\/div><div class=\"et_pb_column_3 et_pb_column et_pb_column_1_4 et-last-child et_block_column et_pb_css_mix_blend_mode_passthrough\"><div class=\"et_pb_image_0 et_pb_image et_pb_image_sticky et_pb_has_overlay et_pb_module et_block_module\"><a href=\"https:\/\/kurt-singer.com\/thailand\/wp-content\/uploads\/sites\/7\/2024\/08\/2012-Koffer.jpg\" class=\"et_pb_lightbox_image\"><span class=\"et_pb_image_wrap\"><img loading=\"lazy\" decoding=\"async\" src=\"https:\/\/kurt-singer.com\/thailand\/wp-content\/uploads\/sites\/7\/2024\/08\/2012-Koffer.jpg\" width=\"980\" height=\"735\" srcset=\"https:\/\/kurt-singer.com\/thailand\/wp-content\/uploads\/sites\/7\/2024\/08\/2012-Koffer.jpg 980w, https:\/\/kurt-singer.com\/thailand\/wp-content\/uploads\/sites\/7\/2024\/08\/2012-Koffer-480x360.jpg 480w\" sizes=\"(min-width: 0px) and (max-width: 480px) 480px, (min-width: 481px) 980px, 100vw\" class=\"wp-image-13618\" \/><span class=\"et_overlay et_pb_inline_icon\" data-icon=\"T\"><\/span><\/span><\/a><\/div><div class=\"et_pb_text_2 et_pb_text et_pb_bg_layout_light et_pb_module et_block_module\"><div class=\"et_pb_text_inner\"><pre>\u00a0Mein Reisegep\u00e4ck<\/pre>\n<\/div><\/div><div class=\"et_pb_image_1 et_pb_image et_pb_image_sticky et_pb_has_overlay et_pb_module et_block_module\"><a href=\"https:\/\/kurt-singer.com\/thailand\/wp-content\/uploads\/sites\/7\/2024\/08\/2012-Einchecken.jpg\" class=\"et_pb_lightbox_image\"><span class=\"et_pb_image_wrap\"><img loading=\"lazy\" decoding=\"async\" src=\"https:\/\/kurt-singer.com\/thailand\/wp-content\/uploads\/sites\/7\/2024\/08\/2012-Einchecken.jpg\" width=\"980\" height=\"735\" srcset=\"https:\/\/kurt-singer.com\/thailand\/wp-content\/uploads\/sites\/7\/2024\/08\/2012-Einchecken.jpg 980w, https:\/\/kurt-singer.com\/thailand\/wp-content\/uploads\/sites\/7\/2024\/08\/2012-Einchecken-480x360.jpg 480w\" sizes=\"(min-width: 0px) and (max-width: 480px) 480px, (min-width: 481px) 980px, 100vw\" class=\"wp-image-13619\" \/><span class=\"et_overlay et_pb_inline_icon\" data-icon=\"T\"><\/span><\/span><\/a><\/div><div class=\"et_pb_text_3 et_pb_text et_pb_bg_layout_light et_pb_module et_block_module\"><div class=\"et_pb_text_inner\"><pre>\u00a0Einchecken in Frankfurt<\/pre>\n<\/div><\/div><div class=\"et_pb_image_2 et_pb_image et_pb_image_sticky et_pb_has_overlay et_pb_module et_block_module\"><a href=\"https:\/\/kurt-singer.com\/thailand\/wp-content\/uploads\/sites\/7\/2024\/08\/2012-KhaoSan.jpg\" class=\"et_pb_lightbox_image\"><span class=\"et_pb_image_wrap\"><img loading=\"lazy\" decoding=\"async\" src=\"https:\/\/kurt-singer.com\/thailand\/wp-content\/uploads\/sites\/7\/2024\/08\/2012-KhaoSan.jpg\" width=\"980\" height=\"735\" srcset=\"https:\/\/kurt-singer.com\/thailand\/wp-content\/uploads\/sites\/7\/2024\/08\/2012-KhaoSan.jpg 980w, https:\/\/kurt-singer.com\/thailand\/wp-content\/uploads\/sites\/7\/2024\/08\/2012-KhaoSan-480x360.jpg 480w\" sizes=\"(min-width: 0px) and (max-width: 480px) 480px, (min-width: 481px) 980px, 100vw\" class=\"wp-image-13620\" \/><span class=\"et_overlay et_pb_inline_icon\" data-icon=\"T\"><\/span><\/span><\/a><\/div><div class=\"et_pb_text_4 et_pb_text et_pb_bg_layout_light et_pb_module et_block_module\"><div class=\"et_pb_text_inner\"><pre>\u00a0Khao San Kebab<\/pre>\n<\/div><\/div><div class=\"et_pb_image_3 et_pb_image et_pb_image_sticky et_pb_has_overlay et_pb_module et_block_module\"><a href=\"https:\/\/kurt-singer.com\/thailand\/wp-content\/uploads\/sites\/7\/2024\/08\/2012-KhaoSanLek.jpg\" class=\"et_pb_lightbox_image\"><span class=\"et_pb_image_wrap\"><img loading=\"lazy\" decoding=\"async\" src=\"https:\/\/kurt-singer.com\/thailand\/wp-content\/uploads\/sites\/7\/2024\/08\/2012-KhaoSanLek.jpg\" width=\"980\" height=\"735\" srcset=\"https:\/\/kurt-singer.com\/thailand\/wp-content\/uploads\/sites\/7\/2024\/08\/2012-KhaoSanLek.jpg 980w, https:\/\/kurt-singer.com\/thailand\/wp-content\/uploads\/sites\/7\/2024\/08\/2012-KhaoSanLek-480x360.jpg 480w\" sizes=\"(min-width: 0px) and (max-width: 480px) 480px, (min-width: 481px) 980px, 100vw\" class=\"wp-image-13621\" \/><span class=\"et_overlay et_pb_inline_icon\" data-icon=\"T\"><\/span><\/span><\/a><\/div><div class=\"et_pb_text_5 et_pb_text et_pb_bg_layout_light et_pb_module et_block_module\"><div class=\"et_pb_text_inner\"><pre>\u00a0Treffen mit Lek und Don<\/pre>\n<\/div><\/div><\/div><\/div><\/div>\n","protected":false},"excerpt":{"rendered":"","protected":false},"author":1,"featured_media":0,"parent":0,"menu_order":0,"comment_status":"closed","ping_status":"closed","template":"","meta":{"footnotes":""},"class_list":["post-15765","page","type-page","status-publish","hentry"],"_links":{"self":[{"href":"https:\/\/kurt-singer.com\/thailand\/wp-json\/wp\/v2\/pages\/15765","targetHints":{"allow":["GET"]}}],"collection":[{"href":"https:\/\/kurt-singer.com\/thailand\/wp-json\/wp\/v2\/pages"}],"about":[{"href":"https:\/\/kurt-singer.com\/thailand\/wp-json\/wp\/v2\/types\/page"}],"author":[{"embeddable":true,"href":"https:\/\/kurt-singer.com\/thailand\/wp-json\/wp\/v2\/users\/1"}],"replies":[{"embeddable":true,"href":"https:\/\/kurt-singer.com\/thailand\/wp-json\/wp\/v2\/comments?post=15765"}],"version-history":[{"count":4,"href":"https:\/\/kurt-singer.com\/thailand\/wp-json\/wp\/v2\/pages\/15765\/revisions"}],"predecessor-version":[{"id":16146,"href":"https:\/\/kurt-singer.com\/thailand\/wp-json\/wp\/v2\/pages\/15765\/revisions\/16146"}],"wp:attachment":[{"href":"https:\/\/kurt-singer.com\/thailand\/wp-json\/wp\/v2\/media?parent=15765"}],"curies":[{"name":"wp","href":"https:\/\/api.w.org\/{rel}","templated":true}]}}