{"id":15767,"date":"2024-08-13T22:13:04","date_gmt":"2024-08-13T20:13:04","guid":{"rendered":"https:\/\/kurt-singer.com\/thailand\/?page_id=15767"},"modified":"2026-03-25T00:46:17","modified_gmt":"2026-03-24T23:46:17","slug":"2012-bangkok","status":"publish","type":"page","link":"https:\/\/kurt-singer.com\/thailand\/2012-bangkok\/","title":{"rendered":"2012 Bangkok"},"content":{"rendered":"\n<div class=\"et_pb_section_0 et_pb_section et_section_regular et_block_section\"><div class=\"et_pb_row_0 et_pb_row et_block_row\"><div class=\"et_pb_column_0 et_pb_column et_pb_column_4_4 et-last-child et_block_column et_pb_css_mix_blend_mode_passthrough\"><div class=\"et_pb_menu_0 et_pb_menu et_pb_menu--without-logo et_pb_menu--style-left_aligned et_dropdown_animation_fade et_pb_bg_layout_light et_pb_text_align_right-tablet et_pb_text_align_right-phone et_pb_module et_flex_module\"><div class=\"et_pb_menu_inner_container et_flex_module\"><div class=\"et_pb_menu__wrap\"><div class=\"et_pb_menu__menu\"><nav class=\"et-menu-nav\"><ul id=\"menu-reise2012\" class=\"et-menu nav downwards\"><li id=\"menu-item-15763\" class=\"et_pb_menu_page_id-15761 menu-item menu-item-type-post_type menu-item-object-page menu-item-has-children menu-item-15763\"><a href=\"https:\/\/kurt-singer.com\/thailand\/2012-vorwort\/\">Vorwort<\/a>\n<ul class=\"sub-menu\">\n\t<li id=\"menu-item-15804\" class=\"et_pb_menu_page_id-15765 menu-item menu-item-type-post_type menu-item-object-page menu-item-15804\"><a href=\"https:\/\/kurt-singer.com\/thailand\/2012-buchung\/\">2012 Buchung<\/a><\/li>\n\t<li id=\"menu-item-15803\" class=\"et_pb_menu_page_id-15767 menu-item menu-item-type-post_type menu-item-object-page menu-item-15803\"><a href=\"https:\/\/kurt-singer.com\/thailand\/2012-bangkok\/\">2012 Bangkok<\/a><\/li>\n\t<li id=\"menu-item-15801\" class=\"et_pb_menu_page_id-15769 menu-item menu-item-type-post_type menu-item-object-page menu-item-15801\"><a href=\"https:\/\/kurt-singer.com\/thailand\/2012-susanne-und-peter\/\">2012 Susanne und Peter<\/a><\/li>\n<\/ul>\n<\/li>\n<li id=\"menu-item-15816\" class=\"et_pb_menu_page_id-15771 menu-item menu-item-type-post_type menu-item-object-page menu-item-has-children menu-item-15816\"><a href=\"https:\/\/kurt-singer.com\/thailand\/2012-korat\/\">Korat<\/a>\n<ul class=\"sub-menu\">\n\t<li id=\"menu-item-15817\" class=\"et_pb_menu_page_id-15773 menu-item menu-item-type-post_type menu-item-object-page menu-item-15817\"><a href=\"https:\/\/kurt-singer.com\/thailand\/2012-nachbarskinder\/\">2012 Nachbarskinder<\/a><\/li>\n\t<li id=\"menu-item-15808\" class=\"et_pb_menu_page_id-15775 menu-item menu-item-type-post_type menu-item-object-page menu-item-15808\"><a href=\"https:\/\/kurt-singer.com\/thailand\/2012-begegnungen\/\">2012 Begegnungen<\/a><\/li>\n\t<li id=\"menu-item-15811\" class=\"et_pb_menu_page_id-15777 menu-item menu-item-type-post_type menu-item-object-page menu-item-15811\"><a href=\"https:\/\/kurt-singer.com\/thailand\/2012-die-toilette\/\">2012 Die Toilette<\/a><\/li>\n\t<li id=\"menu-item-15819\" class=\"et_pb_menu_page_id-15779 menu-item menu-item-type-post_type menu-item-object-page menu-item-15819\"><a href=\"https:\/\/kurt-singer.com\/thailand\/2012-nichtstun\/\">2012 Nichtstun<\/a><\/li>\n\t<li id=\"menu-item-15813\" class=\"et_pb_menu_page_id-15781 menu-item menu-item-type-post_type menu-item-object-page menu-item-15813\"><a href=\"https:\/\/kurt-singer.com\/thailand\/2012-erinnerungen\/\">2012 Erinnerungen<\/a><\/li>\n\t<li id=\"menu-item-15805\" class=\"et_pb_menu_page_id-15783 menu-item menu-item-type-post_type menu-item-object-page menu-item-15805\"><a href=\"https:\/\/kurt-singer.com\/thailand\/2012-29-wat\/\">2012 29 Wat<\/a><\/li>\n\t<li id=\"menu-item-15812\" class=\"et_pb_menu_page_id-15785 menu-item menu-item-type-post_type menu-item-object-page menu-item-15812\"><a href=\"https:\/\/kurt-singer.com\/thailand\/2012-die-treppe\/\">2012 Die Treppe<\/a><\/li>\n\t<li id=\"menu-item-15815\" class=\"et_pb_menu_page_id-15787 menu-item menu-item-type-post_type menu-item-object-page menu-item-15815\"><a href=\"https:\/\/kurt-singer.com\/thailand\/2012-gluecksprinzip\/\">2012 Gl\u00fccksprinzip<\/a><\/li>\n\t<li id=\"menu-item-15814\" class=\"et_pb_menu_page_id-15789 menu-item menu-item-type-post_type menu-item-object-page menu-item-15814\"><a href=\"https:\/\/kurt-singer.com\/thailand\/2012-gedanken\/\">2012 Gedanken<\/a><\/li>\n<\/ul>\n<\/li>\n<li id=\"menu-item-15806\" class=\"et_pb_menu_page_id-15791 menu-item menu-item-type-post_type menu-item-object-page menu-item-has-children menu-item-15806\"><a href=\"https:\/\/kurt-singer.com\/thailand\/2012-ausfluege\/\">Ausfl\u00fcge<\/a>\n<ul class=\"sub-menu\">\n\t<li id=\"menu-item-15810\" class=\"et_pb_menu_page_id-15793 menu-item menu-item-type-post_type menu-item-object-page menu-item-15810\"><a href=\"https:\/\/kurt-singer.com\/thailand\/2012-chaiyaphum\/\">2012 Chaiyaphum<\/a><\/li>\n\t<li id=\"menu-item-15820\" class=\"et_pb_menu_page_id-15795 menu-item menu-item-type-post_type menu-item-object-page menu-item-15820\"><a href=\"https:\/\/kurt-singer.com\/thailand\/2012-pak-tong-chai\/\">2012 Pak Tong Chai<\/a><\/li>\n<\/ul>\n<\/li>\n<li id=\"menu-item-15821\" class=\"et_pb_menu_page_id-15797 menu-item menu-item-type-post_type menu-item-object-page menu-item-15821\"><a href=\"https:\/\/kurt-singer.com\/thailand\/2012-rueckreise\/\">R\u00fcckreise<\/a><\/li>\n<li id=\"menu-item-15818\" class=\"et_pb_menu_page_id-15799 menu-item menu-item-type-post_type menu-item-object-page menu-item-15818\"><a href=\"https:\/\/kurt-singer.com\/thailand\/2012-nachbetrachtung\/\">Nachbetrachtung<\/a><\/li>\n<\/ul><\/nav><\/div><div class=\"et_mobile_nav_menu\"><div class=\"mobile_nav closed\"><span class=\"mobile_menu_bar\"><\/span><\/div><\/div><\/div><\/div><\/div><\/div><\/div><\/div><div class=\"et_pb_section_1 et_pb_section et_section_regular et_block_section\"><div class=\"et_pb_row_1 et_pb_row et_block_row\"><div class=\"et_pb_column_1 et_pb_column et_pb_column_4_4 et-last-child et_block_column et_pb_css_mix_blend_mode_passthrough\"><div class=\"et_pb_text_0 et_pb_text et_pb_bg_layout_light et_pb_module et_block_module\"><div class=\"et_pb_text_inner\"><h1>\u00a0Sightseeing in Bangkok - die Stadt als Moloch und Naturparadies<\/h1>\n<\/div><\/div><\/div><\/div><div class=\"et_pb_row_2 et_pb_row et_pb_row_3-4_1-4 et_block_row et_block_row_3-4_1-4\"><div class=\"et_pb_column_2 et_pb_column et_pb_column_3_4 et_block_column et_pb_css_mix_blend_mode_passthrough\"><div class=\"et_pb_text_1 et_pb_text et_pb_bg_layout_light et_pb_module et_block_module\"><div class=\"et_pb_text_inner\"><p>H\u00e4tte mir jemand gesagt, dass es in Bangkok freilaufende, freischwimmende oder freitauchende Warane gibt, w\u00fcrde ich ihn auf der Stelle der L\u00fcge bezichtigt haben. Aber der Reihe nach.<\/p>\n<p>Wat Phra Kheo \u00f6ffnet um 08:30 Uhr, und danach richten wir unsere Fr\u00fchst\u00fcckszeit im Hotel Royal ein. Ich habe hier schon fr\u00fcher einmal ein Breakfast eingenommen, 2009 zuletzt, aber in diesem Jahr kein Vergleich am Buffet. Keine Wurst, kein Schinken, kalte Spiegelformeier, seltsam schmeckender Kaffee - gut, dass wir uns auf den sonstigen Tag gefreut haben. Zu Fuss, am Lak Mueang vorbei, welchen wir nat\u00fcrlich ebenfalls besichtigen, machen wir uns auf den kurzen Weg zum Grossen Palast, und wie immer am\u00fcsiere ich mich \u00fcber die d\u00e4mlichen Touris, die einfach nicht wahrhaben wollen, was unter angemessener Kleidung zu verstehen ist. Schickt sie doch einfach weg, liebe Thais, statt ihnen auch noch Sarong und Bluse auszuleihen. Aber dazu seid ihr viel zu freundlich.<\/p>\n<p>Ich bin zu jeder Zeit so gekleidet, dass ich ohne Weiteres einen Wat besuchen kann, ohne mich vor mir selbst zu sch\u00e4men. Das trifft sowohl auf Bangkok als auch auf alle Ausfl\u00fcge in der Provinz zu. In welcher Aufmachung hier einige Touristen und Touristinnen einen buddhistischen Tempel besuchen wollen - vor ihrem heimischen Pfarrer oder Pastor w\u00fcrden sie sich sch\u00e4men beim Versuch, so ausgezogen eine Kirche betreten zu wollen.<\/p>\n<p>Was soll ich zu dem pr\u00e4chtigen Wat Phra Kheo noch schreiben? Und zu dem beeindruckenden Bildnis des liegenden Buddha im Wat Pho? Gegen Mittag haben wir uns satt gesehen, es ist auch ganz sch\u00f6n dr\u00fcckend heiss, und so kehren wir ins Hotel zur\u00fcck, um uns frisch zu machen. Dort frage ich an der Rezeption, ob man einen Tipp f\u00fcr uns habe f\u00fcr eine Klonghrundfahrt, und sofort wird uns eine Fahrt angeboten, Taxi bis zum Fluss 600 Baht, Rundfahrt pro Person 900 Baht. Ich bedanke mich artig f\u00fcr die freundlichen Vorschl\u00e4ge, und zu Fuss machen wir uns auf den Weg zum Chao Phraya. Ein Mitarbeiter des Nationalmuseums, wo wir vorbeikommen, spricht uns beim Versuch, die Strasse zu \u00fcberqueren an, und gibt uns danach gefragt ebenfalls einen Tipp, dort koste es so um die 700 Baht, aber wir m\u00fcssten vor Ort noch verhandeln. Nach wenigen Metern erreichen wir ein Restaurantboot am Fluss, und als ich einen recht vertrauenserweckenden Mann nach der n\u00e4chsten Pier frage, bietet er uns sofort ein Speedboot an zum Preis von 300 Baht pro Person, mein Wunsch nach Aussteigen am Wat Arun, wo wir ja auch noch hinwollen, macht kein Problem. Der Preis ist ok, und das Boot sofort verf\u00fcgbar. In einem der Kan\u00e4le macht der Bootsf\u00fchrer dann pl\u00f6tzlich langsam und weist uns auf eine breite Treppe hin. Und wahrlich, ich sage Euch - dort sonnen sich zwei Tiere, die wir als Warane identifizieren. Das gr\u00f6ssere der beiden Tiere ist gut 2 m von der Nasenspitze zum Schwanzende, aber irgendwie scheinen wir die Tiere zu st\u00f6ren, und sie wandern langsam und majest\u00e4tisch die Treppe hinunter zum Wasser. Vor lauter Staunen kann ich gerade noch zwei Fotos machen, Peter ebenfalls, und so k\u00f6nnen wir unser Erlebnis dokumentieren. Wir waren zur richtigen Zeit am richtigen Ort, und jemand, der mir erz\u00e4hlen m\u00f6chte, dass es in Bangkok freilaufende, freischwimmende oder freitauchende Warane gibt, kann mit meiner vollen Unterst\u00fctzung rechnen. Ja, es gibt sie.<\/p>\n<p>Nachtrag: nachdem ich meiner Nichte Pat die Fotos gezeigt habe, war sie garnicht erstaunt, sondern sie erkl\u00e4rte mir, dass diese Tiere in Bangkok schon fast zu den Haustieren geh\u00f6rten. An ihrer Uni in Bangkok trifft man sie in allen Gr\u00f6ssen und Altersklassen an, und erste Versuche sollen schon stattgefunden haben, sie zu z\u00e4hmen und an der Leine spazieren zu f\u00fchren. Nein, das nicht, aber ich wusste nicht, dass das schon so bekannt ist. Ich bin halt zu selten im Lande<\/p>\n<p>Am Wat Arun dann merke ich, was drei Jahre und ein Herzinfarkt ausmachen. War ich zuletzt noch leichten Schrittes (naja, so kam es mir halt vor) die sicherlich bekannten Treppen zur oberen Plattform hinaufgestiegen, so sind mir diese Stufen heute doch sehr beschwerlich, und so geniesse ich auch hier die herrliche Aussicht und nutze den 30fachen Zoom meiner Fuji-Kamera kr\u00e4ftig aus. Mein Stolz wird nur durch die Kamera von Susanne getr\u00fcbt, hat sie doch das neueste Canon Modell mit 35fachem und einem tollen und ungew\u00f6hnlich guten digitalen Zoom dazu. Aber zoomen ist ja nicht alles beim Fotografieren.<\/p>\n<p>F\u00fcr den R\u00fcckweg nehmen wir die F\u00e4hre, welche immer noch 3 Baht pro Person kostet, und machen den Weg zum Hotel Royal Orchid Sheraton zu Fuss. Warum das Sheraton? Peter hat mich zu einem Nachmittagsap\u00e9ro auf der Terrasse eingeladen, und das hat was ganz Besonderes. Es ist der Dank daf\u00fcr, dass ich Peter und Susanne eingeladen habe, mich nach Thailand zu begleiten und dort, wie lange es ihnen auch beliebt, eine Zeit mir mir zusammen zu verbringen. Danach nehmen wir die BTS von der Taksin Br\u00fccke bis zur Sala Daeng und besuchen noch die Pat Pong, wo es im \"Madrid\" noch immer eine schmackhafte, aber g\u00fcnstige, Riesenpizza zu Essen gibt, die f\u00fcr uns alle drei bei weitem ausreicht. Mit dem Taxi geht es zur\u00fcck, und wir besuchen noch einmal die Khao San Road. Ach, und damit ich es nicht vergesse - ich trinke dort ein Bier auf Claus (verstehen jetzt nur Eingeweihte). Ein gar langer, ausgef\u00fcllter und erlebnisreicher Tag.<br \/>\nDas Leben ist sch\u00f6n.<\/p>\n<\/div><\/div><\/div><div class=\"et_pb_column_3 et_pb_column et_pb_column_1_4 et-last-child et_block_column et_pb_css_mix_blend_mode_passthrough\"><div class=\"et_pb_image_0 et_pb_image et_pb_image_sticky et_pb_has_overlay et_pb_module et_block_module\"><a href=\"https:\/\/kurt-singer.com\/thailand\/wp-content\/uploads\/sites\/7\/2024\/08\/2012-BKK-4.jpg\" class=\"et_pb_lightbox_image\"><span class=\"et_pb_image_wrap\"><img loading=\"lazy\" decoding=\"async\" src=\"https:\/\/kurt-singer.com\/thailand\/wp-content\/uploads\/sites\/7\/2024\/08\/2012-BKK-4.jpg\" width=\"980\" height=\"735\" srcset=\"https:\/\/kurt-singer.com\/thailand\/wp-content\/uploads\/sites\/7\/2024\/08\/2012-BKK-4.jpg 980w, https:\/\/kurt-singer.com\/thailand\/wp-content\/uploads\/sites\/7\/2024\/08\/2012-BKK-4-480x360.jpg 480w\" sizes=\"(min-width: 0px) and (max-width: 480px) 480px, (min-width: 481px) 980px, 100vw\" class=\"wp-image-13613\" \/><span class=\"et_overlay et_pb_inline_icon\" data-icon=\"T\"><\/span><\/span><\/a><\/div><div class=\"et_pb_text_2 et_pb_text et_pb_bg_layout_light et_pb_module et_block_module\"><div class=\"et_pb_text_inner\"><pre>\u00a0Bootsfahrt auf einem Klongh<\/pre>\n<\/div><\/div><div class=\"et_pb_image_1 et_pb_image et_pb_image_sticky et_pb_has_overlay et_pb_module et_block_module\"><a href=\"https:\/\/kurt-singer.com\/thailand\/wp-content\/uploads\/sites\/7\/2024\/08\/2012-BKK-3.jpg\" class=\"et_pb_lightbox_image\"><span class=\"et_pb_image_wrap\"><img loading=\"lazy\" decoding=\"async\" src=\"https:\/\/kurt-singer.com\/thailand\/wp-content\/uploads\/sites\/7\/2024\/08\/2012-BKK-3.jpg\" width=\"980\" height=\"735\" srcset=\"https:\/\/kurt-singer.com\/thailand\/wp-content\/uploads\/sites\/7\/2024\/08\/2012-BKK-3.jpg 980w, https:\/\/kurt-singer.com\/thailand\/wp-content\/uploads\/sites\/7\/2024\/08\/2012-BKK-3-480x360.jpg 480w\" sizes=\"(min-width: 0px) and (max-width: 480px) 480px, (min-width: 481px) 980px, 100vw\" class=\"wp-image-13614\" \/><span class=\"et_overlay et_pb_inline_icon\" data-icon=\"T\"><\/span><\/span><\/a><\/div><div class=\"et_pb_text_3 et_pb_text et_pb_bg_layout_light et_pb_module et_block_module\"><div class=\"et_pb_text_inner\"><pre>\u00a0Warane<\/pre>\n<\/div><\/div><div class=\"et_pb_image_2 et_pb_image et_pb_image_sticky et_pb_has_overlay et_pb_module et_block_module\"><a href=\"https:\/\/kurt-singer.com\/thailand\/wp-content\/uploads\/sites\/7\/2024\/08\/2012-BKK-2.jpg\" class=\"et_pb_lightbox_image\"><span class=\"et_pb_image_wrap\"><img loading=\"lazy\" decoding=\"async\" src=\"https:\/\/kurt-singer.com\/thailand\/wp-content\/uploads\/sites\/7\/2024\/08\/2012-BKK-2.jpg\" width=\"980\" height=\"735\" srcset=\"https:\/\/kurt-singer.com\/thailand\/wp-content\/uploads\/sites\/7\/2024\/08\/2012-BKK-2.jpg 980w, https:\/\/kurt-singer.com\/thailand\/wp-content\/uploads\/sites\/7\/2024\/08\/2012-BKK-2-480x360.jpg 480w\" sizes=\"(min-width: 0px) and (max-width: 480px) 480px, (min-width: 481px) 980px, 100vw\" class=\"wp-image-13615\" \/><span class=\"et_overlay et_pb_inline_icon\" data-icon=\"T\"><\/span><\/span><\/a><\/div><div class=\"et_pb_text_4 et_pb_text et_pb_bg_layout_light et_pb_module et_block_module\"><div class=\"et_pb_text_inner\"><pre>\u00a0Wat Phra Kheo<\/pre>\n<\/div><\/div><div class=\"et_pb_image_3 et_pb_image et_pb_image_sticky et_pb_has_overlay et_pb_module et_block_module\"><a href=\"https:\/\/kurt-singer.com\/thailand\/wp-content\/uploads\/sites\/7\/2024\/08\/2012-BKK-5.jpg\" class=\"et_pb_lightbox_image\"><span class=\"et_pb_image_wrap\"><img loading=\"lazy\" decoding=\"async\" src=\"https:\/\/kurt-singer.com\/thailand\/wp-content\/uploads\/sites\/7\/2024\/08\/2012-BKK-5.jpg\" width=\"980\" height=\"735\" srcset=\"https:\/\/kurt-singer.com\/thailand\/wp-content\/uploads\/sites\/7\/2024\/08\/2012-BKK-5.jpg 980w, https:\/\/kurt-singer.com\/thailand\/wp-content\/uploads\/sites\/7\/2024\/08\/2012-BKK-5-480x360.jpg 480w\" sizes=\"(min-width: 0px) and (max-width: 480px) 480px, (min-width: 481px) 980px, 100vw\" class=\"wp-image-13616\" \/><span class=\"et_overlay et_pb_inline_icon\" data-icon=\"T\"><\/span><\/span><\/a><\/div><div class=\"et_pb_text_5 et_pb_text et_pb_bg_layout_light et_pb_module et_block_module\"><div class=\"et_pb_text_inner\"><pre>\u00a0Wat Arun<\/pre>\n<\/div><\/div><div class=\"et_pb_image_4 et_pb_image et_pb_image_sticky et_pb_has_overlay et_pb_module et_block_module\"><a href=\"https:\/\/kurt-singer.com\/thailand\/wp-content\/uploads\/sites\/7\/2024\/08\/2012-BKK-6.jpg\" class=\"et_pb_lightbox_image\"><span class=\"et_pb_image_wrap\"><img loading=\"lazy\" decoding=\"async\" src=\"https:\/\/kurt-singer.com\/thailand\/wp-content\/uploads\/sites\/7\/2024\/08\/2012-BKK-6.jpg\" width=\"980\" height=\"735\" srcset=\"https:\/\/kurt-singer.com\/thailand\/wp-content\/uploads\/sites\/7\/2024\/08\/2012-BKK-6.jpg 980w, https:\/\/kurt-singer.com\/thailand\/wp-content\/uploads\/sites\/7\/2024\/08\/2012-BKK-6-480x360.jpg 480w\" sizes=\"(min-width: 0px) and (max-width: 480px) 480px, (min-width: 481px) 980px, 100vw\" class=\"wp-image-13617\" \/><span class=\"et_overlay et_pb_inline_icon\" data-icon=\"T\"><\/span><\/span><\/a><\/div><div class=\"et_pb_text_6 et_pb_text et_pb_bg_layout_light et_pb_module et_block_module\"><div class=\"et_pb_text_inner\"><pre>Ap\u00e9ro<\/pre>\n<\/div><\/div><\/div><\/div><\/div>\n","protected":false},"excerpt":{"rendered":"","protected":false},"author":1,"featured_media":0,"parent":0,"menu_order":0,"comment_status":"closed","ping_status":"closed","template":"","meta":{"footnotes":""},"class_list":["post-15767","page","type-page","status-publish","hentry"],"_links":{"self":[{"href":"https:\/\/kurt-singer.com\/thailand\/wp-json\/wp\/v2\/pages\/15767","targetHints":{"allow":["GET"]}}],"collection":[{"href":"https:\/\/kurt-singer.com\/thailand\/wp-json\/wp\/v2\/pages"}],"about":[{"href":"https:\/\/kurt-singer.com\/thailand\/wp-json\/wp\/v2\/types\/page"}],"author":[{"embeddable":true,"href":"https:\/\/kurt-singer.com\/thailand\/wp-json\/wp\/v2\/users\/1"}],"replies":[{"embeddable":true,"href":"https:\/\/kurt-singer.com\/thailand\/wp-json\/wp\/v2\/comments?post=15767"}],"version-history":[{"count":4,"href":"https:\/\/kurt-singer.com\/thailand\/wp-json\/wp\/v2\/pages\/15767\/revisions"}],"predecessor-version":[{"id":16147,"href":"https:\/\/kurt-singer.com\/thailand\/wp-json\/wp\/v2\/pages\/15767\/revisions\/16147"}],"wp:attachment":[{"href":"https:\/\/kurt-singer.com\/thailand\/wp-json\/wp\/v2\/media?parent=15767"}],"curies":[{"name":"wp","href":"https:\/\/api.w.org\/{rel}","templated":true}]}}