{"id":15777,"date":"2024-08-13T22:14:41","date_gmt":"2024-08-13T20:14:41","guid":{"rendered":"https:\/\/kurt-singer.com\/thailand\/?page_id=15777"},"modified":"2026-03-25T00:46:23","modified_gmt":"2026-03-24T23:46:23","slug":"2012-die-toilette","status":"publish","type":"page","link":"https:\/\/kurt-singer.com\/thailand\/2012-die-toilette\/","title":{"rendered":"2012 Die Toilette"},"content":{"rendered":"\n<div class=\"et_pb_section_0 et_pb_section et_section_regular et_block_section\"><div class=\"et_pb_row_0 et_pb_row et_block_row\"><div class=\"et_pb_column_0 et_pb_column et_pb_column_4_4 et-last-child et_block_column et_pb_css_mix_blend_mode_passthrough\"><div class=\"et_pb_menu_0 et_pb_menu et_pb_menu--without-logo et_pb_menu--style-left_aligned et_dropdown_animation_fade et_pb_bg_layout_light et_pb_text_align_right-tablet et_pb_text_align_right-phone et_pb_module et_flex_module\"><div class=\"et_pb_menu_inner_container et_flex_module\"><div class=\"et_pb_menu__wrap\"><div class=\"et_pb_menu__menu\"><nav class=\"et-menu-nav\"><ul id=\"menu-reise2012\" class=\"et-menu nav downwards\"><li id=\"menu-item-15763\" class=\"et_pb_menu_page_id-15761 menu-item menu-item-type-post_type menu-item-object-page menu-item-has-children menu-item-15763\"><a href=\"https:\/\/kurt-singer.com\/thailand\/2012-vorwort\/\">Vorwort<\/a>\n<ul class=\"sub-menu\">\n\t<li id=\"menu-item-15804\" class=\"et_pb_menu_page_id-15765 menu-item menu-item-type-post_type menu-item-object-page menu-item-15804\"><a href=\"https:\/\/kurt-singer.com\/thailand\/2012-buchung\/\">2012 Buchung<\/a><\/li>\n\t<li id=\"menu-item-15803\" class=\"et_pb_menu_page_id-15767 menu-item menu-item-type-post_type menu-item-object-page menu-item-15803\"><a href=\"https:\/\/kurt-singer.com\/thailand\/2012-bangkok\/\">2012 Bangkok<\/a><\/li>\n\t<li id=\"menu-item-15801\" class=\"et_pb_menu_page_id-15769 menu-item menu-item-type-post_type menu-item-object-page menu-item-15801\"><a href=\"https:\/\/kurt-singer.com\/thailand\/2012-susanne-und-peter\/\">2012 Susanne und Peter<\/a><\/li>\n<\/ul>\n<\/li>\n<li id=\"menu-item-15816\" class=\"et_pb_menu_page_id-15771 menu-item menu-item-type-post_type menu-item-object-page menu-item-has-children menu-item-15816\"><a href=\"https:\/\/kurt-singer.com\/thailand\/2012-korat\/\">Korat<\/a>\n<ul class=\"sub-menu\">\n\t<li id=\"menu-item-15817\" class=\"et_pb_menu_page_id-15773 menu-item menu-item-type-post_type menu-item-object-page menu-item-15817\"><a href=\"https:\/\/kurt-singer.com\/thailand\/2012-nachbarskinder\/\">2012 Nachbarskinder<\/a><\/li>\n\t<li id=\"menu-item-15808\" class=\"et_pb_menu_page_id-15775 menu-item menu-item-type-post_type menu-item-object-page menu-item-15808\"><a href=\"https:\/\/kurt-singer.com\/thailand\/2012-begegnungen\/\">2012 Begegnungen<\/a><\/li>\n\t<li id=\"menu-item-15811\" class=\"et_pb_menu_page_id-15777 menu-item menu-item-type-post_type menu-item-object-page menu-item-15811\"><a href=\"https:\/\/kurt-singer.com\/thailand\/2012-die-toilette\/\">2012 Die Toilette<\/a><\/li>\n\t<li id=\"menu-item-15819\" class=\"et_pb_menu_page_id-15779 menu-item menu-item-type-post_type menu-item-object-page menu-item-15819\"><a href=\"https:\/\/kurt-singer.com\/thailand\/2012-nichtstun\/\">2012 Nichtstun<\/a><\/li>\n\t<li id=\"menu-item-15813\" class=\"et_pb_menu_page_id-15781 menu-item menu-item-type-post_type menu-item-object-page menu-item-15813\"><a href=\"https:\/\/kurt-singer.com\/thailand\/2012-erinnerungen\/\">2012 Erinnerungen<\/a><\/li>\n\t<li id=\"menu-item-15805\" class=\"et_pb_menu_page_id-15783 menu-item menu-item-type-post_type menu-item-object-page menu-item-15805\"><a href=\"https:\/\/kurt-singer.com\/thailand\/2012-29-wat\/\">2012 29 Wat<\/a><\/li>\n\t<li id=\"menu-item-15812\" class=\"et_pb_menu_page_id-15785 menu-item menu-item-type-post_type menu-item-object-page menu-item-15812\"><a href=\"https:\/\/kurt-singer.com\/thailand\/2012-die-treppe\/\">2012 Die Treppe<\/a><\/li>\n\t<li id=\"menu-item-15815\" class=\"et_pb_menu_page_id-15787 menu-item menu-item-type-post_type menu-item-object-page menu-item-15815\"><a href=\"https:\/\/kurt-singer.com\/thailand\/2012-gluecksprinzip\/\">2012 Gl\u00fccksprinzip<\/a><\/li>\n\t<li id=\"menu-item-15814\" class=\"et_pb_menu_page_id-15789 menu-item menu-item-type-post_type menu-item-object-page menu-item-15814\"><a href=\"https:\/\/kurt-singer.com\/thailand\/2012-gedanken\/\">2012 Gedanken<\/a><\/li>\n<\/ul>\n<\/li>\n<li id=\"menu-item-15806\" class=\"et_pb_menu_page_id-15791 menu-item menu-item-type-post_type menu-item-object-page menu-item-has-children menu-item-15806\"><a href=\"https:\/\/kurt-singer.com\/thailand\/2012-ausfluege\/\">Ausfl\u00fcge<\/a>\n<ul class=\"sub-menu\">\n\t<li id=\"menu-item-15810\" class=\"et_pb_menu_page_id-15793 menu-item menu-item-type-post_type menu-item-object-page menu-item-15810\"><a href=\"https:\/\/kurt-singer.com\/thailand\/2012-chaiyaphum\/\">2012 Chaiyaphum<\/a><\/li>\n\t<li id=\"menu-item-15820\" class=\"et_pb_menu_page_id-15795 menu-item menu-item-type-post_type menu-item-object-page menu-item-15820\"><a href=\"https:\/\/kurt-singer.com\/thailand\/2012-pak-tong-chai\/\">2012 Pak Tong Chai<\/a><\/li>\n<\/ul>\n<\/li>\n<li id=\"menu-item-15821\" class=\"et_pb_menu_page_id-15797 menu-item menu-item-type-post_type menu-item-object-page menu-item-15821\"><a href=\"https:\/\/kurt-singer.com\/thailand\/2012-rueckreise\/\">R\u00fcckreise<\/a><\/li>\n<li id=\"menu-item-15818\" class=\"et_pb_menu_page_id-15799 menu-item menu-item-type-post_type menu-item-object-page menu-item-15818\"><a href=\"https:\/\/kurt-singer.com\/thailand\/2012-nachbetrachtung\/\">Nachbetrachtung<\/a><\/li>\n<\/ul><\/nav><\/div><div class=\"et_mobile_nav_menu\"><div class=\"mobile_nav closed\"><span class=\"mobile_menu_bar\"><\/span><\/div><\/div><\/div><\/div><\/div><\/div><\/div><\/div><div class=\"et_pb_section_1 et_pb_section et_section_regular et_block_section\"><div class=\"et_pb_row_1 et_pb_row et_block_row\"><div class=\"et_pb_column_1 et_pb_column et_pb_column_4_4 et-last-child et_block_column et_pb_css_mix_blend_mode_passthrough\"><div class=\"et_pb_text_0 et_pb_text et_pb_bg_layout_light et_pb_module et_block_module\"><div class=\"et_pb_text_inner\"><h1>\u00a0Die unendliche Geschichte einer Toilette - ist das auch typisch Thai?<\/h1>\n<\/div><\/div><\/div><\/div><div class=\"et_pb_row_2 et_pb_row et_pb_row_3-4_1-4 et_block_row et_block_row_3-4_1-4\"><div class=\"et_pb_column_2 et_pb_column et_pb_column_3_4 et_block_column et_pb_css_mix_blend_mode_passthrough\"><div class=\"et_pb_text_1 et_pb_text et_pb_bg_layout_light et_pb_module et_block_module\"><div class=\"et_pb_text_inner\"><p>Seit gestern widme ich mich verst\u00e4rkt dem Thema Kalk im Badezimmer, quasi die Fortsetzung der Toilettengeschichte von 2009. Schon damals war mir aufgefallen, dass die Schw\u00e4gerin meiner Tochter, also die Schwester meines Ex-Schwiegersohnes, halt, eine Schw\u00e4gerschaft endet lt. BGB niemals, also meines Schwiegersohnes das Haus zwar einigermassen sauber gehalten hat, aber dem typischen deutschen Sauberkeitswahn nicht entsprechen konnte. Was hat sie \u00fcbrigens mit dem Haus zu tun? Nun, es war ja von Anfang an klar, dass wir nur wenige Wochen hier wohnen w\u00fcrden. Sie aber mit Mann und Tochter hatte damals, damals war das Jahr 2005, kein eigenes Haus, und so kamen wir \u00fcberein, dass sie das Haus bewohnen kann. Sie zahlte keine Miete daf\u00fcr, aber sie sorgte f\u00fcr Ordnung und, s.o., Sauberkeit. Ausserdem hatten wir so w\u00e4hrend unserer kurzen Urlaube alles, was das Haus so braucht, also K\u00fchlschrank, Waschmaschine, Kochgelegenheit u.s.w. Ein Schlafzimmer war sowieso \u00fcbrig von dreien, das sie dann bewohnte, alles andere nutzten wir gemeinsam, sie aber haupts\u00e4chlich das untere Bad, um dessen Kalkbesatz ich mir jetzt Gedanken mache. Ihre Mutter ist eine Schulfreundin von All, sie wuchsen zusammen in Baan Nong Waeng auf. Anfang vergangenen Jahres erkrankte ihr Mann an Krebs, und sie beschlossen, auszuziehen. Er war nicht sicher, ob er die Krankheit w\u00fcrde besiegen k\u00f6nnen, und er wollte nicht in unserem Haus sterben. Das w\u00fcrde grosses Ungl\u00fcck \u00fcber das Haus und damit uns bringen. Unsinn, das Ungl\u00fcck war seine Krankheit; aber er hat sich so entschieden, und so bezogen sie ein winziges Haus in der N\u00e4he seiner Felder. Inzwischen hat er sich gut erholt, ist gesundet, seine Sorgen gelten nun meiner Tochter Mi, welche ja ebenfalls Anfang dieses Jahres an Krebs erkrankte. Sie haben ein neues, gro\u00dfes Haus bezogen und werden dort jetzt auch wohnen bleiben, unser Haus steht somit leer. In diesem Zusammenhang bringe ich die damalige Toilettengeschichte zu einem Ende. Es ist einfach so, dass deutsche Gewohnheiten nicht in der ganzen Welt gl\u00fccklich machen. Thail\u00e4ndische Toilettenabwasserrohre sind nicht f\u00fcr Papier gedacht, sondern f\u00fcr die Wasser-Hand-Reinigung, und Papier verstopfte damals eben die Leitung. Heute steht f\u00fcr Papier ein Abfalleimer bereit, der Rest ist der Fantasie des Lesers \u00fcberlassen.<\/p>\n<p>Susanne, die Freundin meines Sohnes, ausgebildete und schweizerisch staatlich gepr\u00fcfte Drogistin, empfahl mir als Mittel gegen Kalk Ameisens\u00e4ure. Werner Schick, den ich darauf hin bat, mir welche aus Deutschland mitzubringen, weigerte sich strikt, da diese S\u00e4ure im Falle eines Auslaufens im Koffer wohl grossen Schaden anrichten kann, und empfahl mir seinerseits Zitronens\u00e4ure (grod manau). Letztendlich kann ich beides in Korat nicht finden. Ich habe mir als Wort f\u00fcr Kalk im W\u00f6rterbuch \"bun\" herausgesucht, das ist aber wohl das Wort f\u00fcr Baukalk, und als ich bei Tesco danach fragte, wurde ich prompt an einen Baumarkt verwiesen. In der Apotheke verwiesen sie mich wegen grod manau an den Lebensmittelsupermarkt nebenan, dort an 7eleven, dort an den Homemarkt in The Mall und dort an Tesco. Heute morgen dann meine Frage in einem Koratforum, mit Erfolg. Jemand empfiehlt mir ein Mittel, das bei Tesco zu haben ist, und morgen werde ich das ausprobieren. Ich habe mir im Internetshop den Namen des Mittels von meiner PC-Nachbarin in Thai aufschreiben lassen, einem entz\u00fcckenden M\u00e4del von vielleicht 14 Jahren, denn das kann ich noch nicht schreiben. Die bisherigen \"normalen\" Putzmittel haben zwar ein wenig geholfen, aber nicht wirklich. Vielleicht kriege ich jetzt ein porentief reines Klobecken hin.<\/p>\n<p>Beim Nachhauseweg vom Tesco, der ja ganz in der N\u00e4he unseres Hauses ist und ich den Weg somit zu Fuss machen kann, fangen meine Ueberlegungen schon an. Zun\u00e4chst der Gedanke, wie ich mich mit Handschuhen und Mundschutz, was mir dringend bei der Arbeit empfohlen wurde, so mache, und als n\u00e4chste Ueberlegung, welche der T\u00fcten die schwerere sei. Auf dem Weg n\u00e4mlich lauern in aller Regel mehrere Hunde, die jeden Vorbeikommenden ankl\u00e4ffen, manchmal auch nachlaufen und ganz sch\u00f6n dicht herankommen. Ich habe immer etwas in der Hand, und so plane ich die T\u00fcte mit dem Reinigungsmittel nach rechts, um sie gegebenenfalls als Hundeabwehrwaffe zu benutzen. Doch ich bin gerade beim T\u00fctenwechsel, als ein schm\u00e4chtiges Moped neben mir anh\u00e4lt, und ein noch schm\u00e4chtigeres M\u00e4del darauf nach meinem Weg fragt. Soi 12, ist meine Antwort, und sie bedeutet mir, aufzusteigen. Gerne lasse ich mich darauf ein und w\u00fcnsche, der Weg m\u00f6ge doch noch doppelt so weit sein. Wir fahren dann auch an ihrem Haus vorbei, und ihre Familie schaut ebenso verbl\u00fcfft darein wie ich, machen noch scherzhafte Bemerkungen zum kleinen Moped und dem grossen Farang darauf, wohl wissend, dass ich sie verstehe. Unbeirrt setzen wir unsere Fahrt fort, und an Soi 12 steige ich ab. Danke, mai pen rai, ein kurzes Winken und sie f\u00e4hrt davon. Ein immer noch verbl\u00fcffter Farang geht nach Hause, das Putzmittel immer noch in der T\u00fcte der linken Hand. Ich will gerade das Tor aufschliessen, denn ich habe mich dem Verbarrikadierungswahn der Thais angeschlossen und das Hoftor, die Haust\u00fcr und die Fliegenschutzt\u00fcr abgeschlossen, als die Nachbarin gegen\u00fcber mich ruft. Sie hat eine Schale mit etwas in der Hand, was wie gef\u00fcllte Croissants aussieht und reicht mir diese. Die Frage nach dem Preis beantwortet sie mit 50 Baht, und ich habe was vermutlich Leckeres gekauft, worin ich nat\u00fcrlich sofort sicher sein will und gleich eines verspeise. Ja, lecker, und es sind gefuellte Croissants.<\/p>\n<p>Was sind die Thais heute alle so liebenwert zu mir. Es macht sich doch bemerkbar, dass ich alles im Ort bzw. im Moo Baan kaufe, dort auch die ein oder andere Mahlzeit zu mir nehme wie heute Mittag eine Nudelsuppe Guai Daeo, und so bereits \u00fcberall bekannt bin. Auf weiterhin gute Nachbarschaft im Rung Arun Villa, Tambon Huay Thale, Mueang Nakhon Ratchasima, Changwat Nakhon Ratchasima, Thailand.<\/p>\n<\/div><\/div><\/div><div class=\"et_pb_column_3 et_pb_column et_pb_column_1_4 et-last-child et_block_column et_pb_css_mix_blend_mode_passthrough\"><div class=\"et_pb_image_0 et_pb_image et_pb_image_sticky et_pb_has_overlay et_pb_module et_block_module\"><a href=\"https:\/\/kurt-singer.com\/thailand\/wp-content\/uploads\/sites\/7\/2024\/08\/2012-Kalkklo.jpg\" class=\"et_pb_lightbox_image\"><span class=\"et_pb_image_wrap\"><img loading=\"lazy\" decoding=\"async\" src=\"https:\/\/kurt-singer.com\/thailand\/wp-content\/uploads\/sites\/7\/2024\/08\/2012-Kalkklo.jpg\" width=\"980\" height=\"735\" srcset=\"https:\/\/kurt-singer.com\/thailand\/wp-content\/uploads\/sites\/7\/2024\/08\/2012-Kalkklo.jpg 980w, https:\/\/kurt-singer.com\/thailand\/wp-content\/uploads\/sites\/7\/2024\/08\/2012-Kalkklo-480x360.jpg 480w\" sizes=\"(min-width: 0px) and (max-width: 480px) 480px, (min-width: 481px) 980px, 100vw\" class=\"wp-image-13594\" \/><span class=\"et_overlay et_pb_inline_icon\" data-icon=\"T\"><\/span><\/span><\/a><\/div><div class=\"et_pb_text_2 et_pb_text et_pb_bg_layout_light et_pb_module et_block_module\"><div class=\"et_pb_text_inner\"><pre>\u00a0Verkalkt<\/pre>\n<\/div><\/div><div class=\"et_pb_image_1 et_pb_image et_pb_image_sticky et_pb_has_overlay et_pb_module et_block_module\"><a href=\"https:\/\/kurt-singer.com\/thailand\/wp-content\/uploads\/sites\/7\/2024\/08\/2012-Entkalkt.jpg\" class=\"et_pb_lightbox_image\"><span class=\"et_pb_image_wrap\"><img loading=\"lazy\" decoding=\"async\" src=\"https:\/\/kurt-singer.com\/thailand\/wp-content\/uploads\/sites\/7\/2024\/08\/2012-Entkalkt.jpg\" width=\"980\" height=\"735\" srcset=\"https:\/\/kurt-singer.com\/thailand\/wp-content\/uploads\/sites\/7\/2024\/08\/2012-Entkalkt.jpg 980w, https:\/\/kurt-singer.com\/thailand\/wp-content\/uploads\/sites\/7\/2024\/08\/2012-Entkalkt-480x360.jpg 480w\" sizes=\"(min-width: 0px) and (max-width: 480px) 480px, (min-width: 481px) 980px, 100vw\" class=\"wp-image-13595\" \/><span class=\"et_overlay et_pb_inline_icon\" data-icon=\"T\"><\/span><\/span><\/a><\/div><div class=\"et_pb_text_3 et_pb_text et_pb_bg_layout_light et_pb_module et_block_module\"><div class=\"et_pb_text_inner\"><pre>Ein bi\u00dfchen weniger<\/pre>\n<\/div><\/div><div class=\"et_pb_image_2 et_pb_image et_pb_image_sticky et_pb_has_overlay et_pb_module et_block_module\"><a href=\"https:\/\/kurt-singer.com\/thailand\/wp-content\/uploads\/sites\/7\/2024\/08\/2012-Siedlungsstrasse.jpg\" class=\"et_pb_lightbox_image\"><span class=\"et_pb_image_wrap\"><img loading=\"lazy\" decoding=\"async\" src=\"https:\/\/kurt-singer.com\/thailand\/wp-content\/uploads\/sites\/7\/2024\/08\/2012-Siedlungsstrasse.jpg\" width=\"980\" height=\"735\" srcset=\"https:\/\/kurt-singer.com\/thailand\/wp-content\/uploads\/sites\/7\/2024\/08\/2012-Siedlungsstrasse.jpg 980w, https:\/\/kurt-singer.com\/thailand\/wp-content\/uploads\/sites\/7\/2024\/08\/2012-Siedlungsstrasse-480x360.jpg 480w\" sizes=\"(min-width: 0px) and (max-width: 480px) 480px, (min-width: 481px) 980px, 100vw\" class=\"wp-image-13596\" \/><span class=\"et_overlay et_pb_inline_icon\" data-icon=\"T\"><\/span><\/span><\/a><\/div><div class=\"et_pb_text_4 et_pb_text et_pb_bg_layout_light et_pb_module et_block_module\"><div class=\"et_pb_text_inner\"><pre>\u00a0Hauptstrasse unserer Siedlung<\/pre>\n<\/div><\/div><div class=\"et_pb_image_3 et_pb_image et_pb_image_sticky et_pb_has_overlay et_pb_module et_block_module\"><a href=\"https:\/\/kurt-singer.com\/thailand\/wp-content\/uploads\/sites\/7\/2024\/08\/2012-Wachpersonal.jpg\" class=\"et_pb_lightbox_image\"><span class=\"et_pb_image_wrap\"><img loading=\"lazy\" decoding=\"async\" src=\"https:\/\/kurt-singer.com\/thailand\/wp-content\/uploads\/sites\/7\/2024\/08\/2012-Wachpersonal.jpg\" width=\"980\" height=\"735\" srcset=\"https:\/\/kurt-singer.com\/thailand\/wp-content\/uploads\/sites\/7\/2024\/08\/2012-Wachpersonal.jpg 980w, https:\/\/kurt-singer.com\/thailand\/wp-content\/uploads\/sites\/7\/2024\/08\/2012-Wachpersonal-480x360.jpg 480w\" sizes=\"(min-width: 0px) and (max-width: 480px) 480px, (min-width: 481px) 980px, 100vw\" class=\"wp-image-13597\" \/><span class=\"et_overlay et_pb_inline_icon\" data-icon=\"T\"><\/span><\/span><\/a><\/div><div class=\"et_pb_text_5 et_pb_text et_pb_bg_layout_light et_pb_module et_block_module\"><div class=\"et_pb_text_inner\"><pre>Wachpersonal<\/pre>\n<\/div><\/div><div class=\"et_pb_image_4 et_pb_image et_pb_image_sticky et_pb_has_overlay et_pb_module et_block_module\"><a href=\"https:\/\/kurt-singer.com\/thailand\/wp-content\/uploads\/sites\/7\/2024\/08\/2012-Aufmerksamkeit.jpg\" class=\"et_pb_lightbox_image\"><span class=\"et_pb_image_wrap\"><img loading=\"lazy\" decoding=\"async\" src=\"https:\/\/kurt-singer.com\/thailand\/wp-content\/uploads\/sites\/7\/2024\/08\/2012-Aufmerksamkeit.jpg\" width=\"980\" height=\"735\" srcset=\"https:\/\/kurt-singer.com\/thailand\/wp-content\/uploads\/sites\/7\/2024\/08\/2012-Aufmerksamkeit.jpg 980w, https:\/\/kurt-singer.com\/thailand\/wp-content\/uploads\/sites\/7\/2024\/08\/2012-Aufmerksamkeit-480x360.jpg 480w\" sizes=\"(min-width: 0px) and (max-width: 480px) 480px, (min-width: 481px) 980px, 100vw\" class=\"wp-image-13598\" \/><span class=\"et_overlay et_pb_inline_icon\" data-icon=\"T\"><\/span><\/span><\/a><\/div><div class=\"et_pb_text_6 et_pb_text et_pb_bg_layout_light et_pb_module et_block_module\"><div class=\"et_pb_text_inner\"><pre>Besorgte Nachbarin<\/pre>\n<\/div><\/div><\/div><\/div><\/div>\n","protected":false},"excerpt":{"rendered":"","protected":false},"author":1,"featured_media":0,"parent":0,"menu_order":0,"comment_status":"closed","ping_status":"closed","template":"","meta":{"footnotes":""},"class_list":["post-15777","page","type-page","status-publish","hentry"],"_links":{"self":[{"href":"https:\/\/kurt-singer.com\/thailand\/wp-json\/wp\/v2\/pages\/15777","targetHints":{"allow":["GET"]}}],"collection":[{"href":"https:\/\/kurt-singer.com\/thailand\/wp-json\/wp\/v2\/pages"}],"about":[{"href":"https:\/\/kurt-singer.com\/thailand\/wp-json\/wp\/v2\/types\/page"}],"author":[{"embeddable":true,"href":"https:\/\/kurt-singer.com\/thailand\/wp-json\/wp\/v2\/users\/1"}],"replies":[{"embeddable":true,"href":"https:\/\/kurt-singer.com\/thailand\/wp-json\/wp\/v2\/comments?post=15777"}],"version-history":[{"count":4,"href":"https:\/\/kurt-singer.com\/thailand\/wp-json\/wp\/v2\/pages\/15777\/revisions"}],"predecessor-version":[{"id":16152,"href":"https:\/\/kurt-singer.com\/thailand\/wp-json\/wp\/v2\/pages\/15777\/revisions\/16152"}],"wp:attachment":[{"href":"https:\/\/kurt-singer.com\/thailand\/wp-json\/wp\/v2\/media?parent=15777"}],"curies":[{"name":"wp","href":"https:\/\/api.w.org\/{rel}","templated":true}]}}