{"id":15783,"date":"2024-08-13T22:16:05","date_gmt":"2024-08-13T20:16:05","guid":{"rendered":"https:\/\/kurt-singer.com\/thailand\/?page_id=15783"},"modified":"2026-03-25T00:46:27","modified_gmt":"2026-03-24T23:46:27","slug":"2012-29-wat","status":"publish","type":"page","link":"https:\/\/kurt-singer.com\/thailand\/2012-29-wat\/","title":{"rendered":"2012 29 Wat"},"content":{"rendered":"\n<div class=\"et_pb_section_0 et_pb_section et_section_regular et_block_section\"><div class=\"et_pb_row_0 et_pb_row et_block_row\"><div class=\"et_pb_column_0 et_pb_column et_pb_column_4_4 et-last-child et_block_column et_pb_css_mix_blend_mode_passthrough\"><div class=\"et_pb_menu_0 et_pb_menu et_pb_menu--without-logo et_pb_menu--style-left_aligned et_dropdown_animation_fade et_pb_bg_layout_light et_pb_text_align_right-tablet et_pb_text_align_right-phone et_pb_module et_flex_module\"><div class=\"et_pb_menu_inner_container et_flex_module\"><div class=\"et_pb_menu__wrap\"><div class=\"et_pb_menu__menu\"><nav class=\"et-menu-nav\"><ul id=\"menu-reise2012\" class=\"et-menu nav downwards\"><li id=\"menu-item-15763\" class=\"et_pb_menu_page_id-15761 menu-item menu-item-type-post_type menu-item-object-page menu-item-has-children menu-item-15763\"><a href=\"https:\/\/kurt-singer.com\/thailand\/2012-vorwort\/\">Vorwort<\/a>\n<ul class=\"sub-menu\">\n\t<li id=\"menu-item-15804\" class=\"et_pb_menu_page_id-15765 menu-item menu-item-type-post_type menu-item-object-page menu-item-15804\"><a href=\"https:\/\/kurt-singer.com\/thailand\/2012-buchung\/\">2012 Buchung<\/a><\/li>\n\t<li id=\"menu-item-15803\" class=\"et_pb_menu_page_id-15767 menu-item menu-item-type-post_type menu-item-object-page menu-item-15803\"><a href=\"https:\/\/kurt-singer.com\/thailand\/2012-bangkok\/\">2012 Bangkok<\/a><\/li>\n\t<li id=\"menu-item-15801\" class=\"et_pb_menu_page_id-15769 menu-item menu-item-type-post_type menu-item-object-page menu-item-15801\"><a href=\"https:\/\/kurt-singer.com\/thailand\/2012-susanne-und-peter\/\">2012 Susanne und Peter<\/a><\/li>\n<\/ul>\n<\/li>\n<li id=\"menu-item-15816\" class=\"et_pb_menu_page_id-15771 menu-item menu-item-type-post_type menu-item-object-page menu-item-has-children menu-item-15816\"><a href=\"https:\/\/kurt-singer.com\/thailand\/2012-korat\/\">Korat<\/a>\n<ul class=\"sub-menu\">\n\t<li id=\"menu-item-15817\" class=\"et_pb_menu_page_id-15773 menu-item menu-item-type-post_type menu-item-object-page menu-item-15817\"><a href=\"https:\/\/kurt-singer.com\/thailand\/2012-nachbarskinder\/\">2012 Nachbarskinder<\/a><\/li>\n\t<li id=\"menu-item-15808\" class=\"et_pb_menu_page_id-15775 menu-item menu-item-type-post_type menu-item-object-page menu-item-15808\"><a href=\"https:\/\/kurt-singer.com\/thailand\/2012-begegnungen\/\">2012 Begegnungen<\/a><\/li>\n\t<li id=\"menu-item-15811\" class=\"et_pb_menu_page_id-15777 menu-item menu-item-type-post_type menu-item-object-page menu-item-15811\"><a href=\"https:\/\/kurt-singer.com\/thailand\/2012-die-toilette\/\">2012 Die Toilette<\/a><\/li>\n\t<li id=\"menu-item-15819\" class=\"et_pb_menu_page_id-15779 menu-item menu-item-type-post_type menu-item-object-page menu-item-15819\"><a href=\"https:\/\/kurt-singer.com\/thailand\/2012-nichtstun\/\">2012 Nichtstun<\/a><\/li>\n\t<li id=\"menu-item-15813\" class=\"et_pb_menu_page_id-15781 menu-item menu-item-type-post_type menu-item-object-page menu-item-15813\"><a href=\"https:\/\/kurt-singer.com\/thailand\/2012-erinnerungen\/\">2012 Erinnerungen<\/a><\/li>\n\t<li id=\"menu-item-15805\" class=\"et_pb_menu_page_id-15783 menu-item menu-item-type-post_type menu-item-object-page menu-item-15805\"><a href=\"https:\/\/kurt-singer.com\/thailand\/2012-29-wat\/\">2012 29 Wat<\/a><\/li>\n\t<li id=\"menu-item-15812\" class=\"et_pb_menu_page_id-15785 menu-item menu-item-type-post_type menu-item-object-page menu-item-15812\"><a href=\"https:\/\/kurt-singer.com\/thailand\/2012-die-treppe\/\">2012 Die Treppe<\/a><\/li>\n\t<li id=\"menu-item-15815\" class=\"et_pb_menu_page_id-15787 menu-item menu-item-type-post_type menu-item-object-page menu-item-15815\"><a href=\"https:\/\/kurt-singer.com\/thailand\/2012-gluecksprinzip\/\">2012 Gl\u00fccksprinzip<\/a><\/li>\n\t<li id=\"menu-item-15814\" class=\"et_pb_menu_page_id-15789 menu-item menu-item-type-post_type menu-item-object-page menu-item-15814\"><a href=\"https:\/\/kurt-singer.com\/thailand\/2012-gedanken\/\">2012 Gedanken<\/a><\/li>\n<\/ul>\n<\/li>\n<li id=\"menu-item-15806\" class=\"et_pb_menu_page_id-15791 menu-item menu-item-type-post_type menu-item-object-page menu-item-has-children menu-item-15806\"><a href=\"https:\/\/kurt-singer.com\/thailand\/2012-ausfluege\/\">Ausfl\u00fcge<\/a>\n<ul class=\"sub-menu\">\n\t<li id=\"menu-item-15810\" class=\"et_pb_menu_page_id-15793 menu-item menu-item-type-post_type menu-item-object-page menu-item-15810\"><a href=\"https:\/\/kurt-singer.com\/thailand\/2012-chaiyaphum\/\">2012 Chaiyaphum<\/a><\/li>\n\t<li id=\"menu-item-15820\" class=\"et_pb_menu_page_id-15795 menu-item menu-item-type-post_type menu-item-object-page menu-item-15820\"><a href=\"https:\/\/kurt-singer.com\/thailand\/2012-pak-tong-chai\/\">2012 Pak Tong Chai<\/a><\/li>\n<\/ul>\n<\/li>\n<li id=\"menu-item-15821\" class=\"et_pb_menu_page_id-15797 menu-item menu-item-type-post_type menu-item-object-page menu-item-15821\"><a href=\"https:\/\/kurt-singer.com\/thailand\/2012-rueckreise\/\">R\u00fcckreise<\/a><\/li>\n<li id=\"menu-item-15818\" class=\"et_pb_menu_page_id-15799 menu-item menu-item-type-post_type menu-item-object-page menu-item-15818\"><a href=\"https:\/\/kurt-singer.com\/thailand\/2012-nachbetrachtung\/\">Nachbetrachtung<\/a><\/li>\n<\/ul><\/nav><\/div><div class=\"et_mobile_nav_menu\"><div class=\"mobile_nav closed\"><span class=\"mobile_menu_bar\"><\/span><\/div><\/div><\/div><\/div><\/div><\/div><\/div><\/div><div class=\"et_pb_section_1 et_pb_section et_section_regular et_block_section\"><div class=\"et_pb_row_1 et_pb_row et_block_row\"><div class=\"et_pb_column_1 et_pb_column et_pb_column_4_4 et-last-child et_block_column et_pb_css_mix_blend_mode_passthrough\"><div class=\"et_pb_text_0 et_pb_text et_pb_bg_layout_light et_pb_module et_block_module\"><div class=\"et_pb_text_inner\"><h1>\u00a029 Wat in Korat<\/h1>\n<\/div><\/div><\/div><\/div><div class=\"et_pb_row_2 et_pb_row et_pb_row_3-4_1-4 et_block_row et_block_row_3-4_1-4\"><div class=\"et_pb_column_2 et_pb_column et_pb_column_3_4 et_block_column et_pb_css_mix_blend_mode_passthrough\"><div class=\"et_pb_text_1 et_pb_text et_pb_bg_layout_light et_pb_module et_block_module\"><div class=\"et_pb_text_inner\"><p>Ich hatte ja bereits geschrieben, dass ich m\u00f6glichst viele Tempel (Wat) in Korat fotografieren m\u00f6chte, denn ich will eine Fotodokumentation anlegen auf einer speziellen Homepage \u00fcber Korat. Heute, also am Donnerstag, 19.7.2012, verf\u00fcge ich \u00fcber Fotos von 29 Wat im Amphoe Nai Mueang, also im direkten Stadtbereich von Korat. Und Pat fragt mich doch tats\u00e4chlich, ob ich Wat soundso schon kenne, das ich eben noch nicht kenne. Sie \u00fcberrascht mich jetzt schon zum zweiten Mal, denn gestern hat sie mir verraten, dass in ihrer fr\u00fcheren Schule, nur wenige hundert Meter von meinem Haus entfernt, ein grosses Schwimmbad besteht, das f\u00fcr die \u00d6ffentlichkeit zug\u00e4nglich ist. Ich laufe da jeden Tag auf dem Weg zum Song Thaew Soi 2 vorbei, wusste, dass es ein Schwimmbad ist, hielt es aber nicht f\u00fcr mich zug\u00e4nglich. Liebe Pat, hier w\u00e4re ich dann doch des \u00f6fteren Baden gegangen, hatte ich es nur gewusst. Also beim (hoffentlich gegebenen) n\u00e4chsten Mal werde ich es sicher tun.<\/p>\n<p>Nach der \u00fcberraschend angek\u00fcndigten eint\u00e4gigen Vorverschiebung der Fahrt nach Bangkok werde ich jetzt auch nicht mehr noch ein Wat fotografieren. Oder vielleicht noch morgen vormittag, aber da will ich mich noch mit Werner Schick in der Stadt treffen. Am Sonntag habe ich ja noch das Auto. Ich fahre also am Vormittag ein wenig durch Mueang Korat, entdecke dabei 6 Tempel, die ich noch nicht fotografiert hatte. Hunde waren kaum anzutreffen, so dass ich auch keine Probleme hatte. Allerdings sind die Bot meistens abgeschlossen, und der Zeitaufwand, den Abt nach dem Schl\u00fcssel zu fragen plus einem M\u00f6nch, der auch die Schl\u00fcssel zum Aufschliessen anwendet, ist mir dann doch zu aufw\u00e4ndig, und ich fotografiere nur die zug\u00e4nglichen Geb\u00e4ude wie den jeweiligen Viharn, also die Versammlungshalle f\u00fcr alle. Denkt jetzt nicht, dass ich einem Budhismustempelwahn verfallen bin, es ist haupts\u00e4chlich das Interesse an den Baulichkeiten, aber auch das stete Staunen \u00fcber die \u00fcberaus grosse Vielfalt der Bauweisen und die herrlichen feinen Stuckarbeiten. Eine \u00fcberaus grosse Pracht, die mich immer wieder aufs Neue fasziniert. Und wie das alles finanziert wird, wissen wir ja alle durch unsere gelegentlichen Tambuns im Namen und auf zarten Druck unserer Frauen.<\/p>\n<p>In einem Tempel an der Pferderennbahn denke ich zun\u00e4chst, dass Pferde im Tempel gehalten werden. Aber sie werden nur \u00fcber das Tempelgel\u00e4nde zum nahen See gef\u00fchrt, wo sie dann ausgiebig schwimmen, Pferde und Pferdef\u00fchrer. Und ein meiner Meinung nach wohliges Schnauben (der Pferde) gibt davon eindrucksvoll Kenntnis.<\/p>\n<p>Am Dienstag morgen werde ich dann endlich wieder die vielen angesammelten Plastikflaschen los. Ich sehe, dass der Flaschensammler wieder da ist und kriege immerhin 10 Baht f\u00fcr das Kilo leerer Flaschen, und noch 130 Baht nach Verhandlung f\u00fcr einen defekten Fernseher. Das nur zum Recycling in Thailand. Den Erl\u00f6s gehe ich abends verprassen.<\/p>\n<p>Ja, und gestern abend war ich wieder in der Stadt, um noch Nachtaufnahmen von Ya Moo zu machen, die mir auch ganz gut gelingen. Ich habe mir extra f\u00fcr diese Aufnahmen ein Stativ aus Deutschland mitgebracht, es aber auch zu anderen Gelegenheiten verwendet. Dabei erfahren wir, dass es mitten in der Stadt einen Brand gegeben hat. Ein Kaufhaus, in welchem ich Tage zuvor noch ein T-Shirt von der Deutschen Fussballnationalmannschaft gekauft hatte, ist mittags abgebrannt. Das Trikot hat sich Mo zum Geburtstag gew\u00fcnscht, und ich hatte zun\u00e4chst keine Hoffnung, so etwas in Korat kaufen zu k\u00f6nnen. Jetzt gilt das aber wohl, zumindest bis zur Wiederherstellung des Ladens, der wirklich sehr gut sortiert war. Die Verk\u00e4uferin hatte mir auch Trikots verschiedener deutscher Vereinsmannschaften angeboten. Und Nang und ihre Tochter Pat bringen mir dann noch bei, dass sie Hunger auf Steak haben. Thais und Hunger, da muss sofort etwas passieren wegen der drohenden Ohnmacht. Ich habe bei meiner Fahrt zu den Wat ein europ\u00e4isches Restaurant gesehen in der N\u00e4he des Sima Hotels, und da fahren wir jetzt hin. Und tats\u00e4chlich gibt es zarte Steaks mit guten Beilagen, drei Steaks mit Salat und je einem Getr\u00e4nk f\u00fcr zusammen 470 Baht. Kann man nicht meckern, und meine Thais sind zufrieden und satt und gerettet vor einem m\u00f6glicherweise drohenden k\u00f6rperlichen Verfall.<\/p>\n<p>Heute morgen habe ich dann als gr\u00fcndlicher Deutscher noch Fotos von der Brandstelle gemacht. Gute Nacht, nach der dritten Dose Bier werde ich sicher ganz gut schlafen. Es ist jetzt 20:54 Uhr und das Thermometer zeigt 29,8 Grad an, also noch kein Anlass, den Ventilator zu starten. Aber die vierte Dose Leo ist wohl nicht dicht, denn auch sie ist fast leer. Gute Nacht. Jetzt isse leer. Ich f\u00fchre \u00fcbrigens t\u00e4glich ein handschriftliches Tagebuch, wo ich auch die Temparaturen notiere. Zur Fr\u00fchst\u00fcckszeit, meisten so um 7 Uhr, habe ich fast immer zwischen 26 und 27 Grad C, abends nach dem Abendessen so um 20 Uhr schwankt die Temparatur zwischen 28 und 31 Grad je nach Tageshitze. Mittags bin ich kaum zuhause, aber ich habe doch dreimal die Temparatur mittags in der Sonne mit mehr als 44 Grad C gemessen. Da habe selbst ich Zuflucht gesucht im klimatisierten Schlafzimmer. Oh Mann, f\u00fcnf Dosen Leo. Ob ich die sechste auch noch schaffe? Ich werde es ganz bestimmt NICHT verraten, aber gleich noch meinen Blutzucker messen und heute vermutlich keinen Film mehr anschauen.<\/p>\n<\/div><\/div><\/div><div class=\"et_pb_column_3 et_pb_column et_pb_column_1_4 et-last-child et_block_column et_pb_css_mix_blend_mode_passthrough\"><div class=\"et_pb_image_0 et_pb_image et_pb_image_sticky et_pb_has_overlay et_pb_module et_block_module\"><a href=\"https:\/\/kurt-singer.com\/thailand\/wp-content\/uploads\/sites\/7\/2024\/08\/2013-Pranarai.jpg\" class=\"et_pb_lightbox_image\"><span class=\"et_pb_image_wrap\"><img loading=\"lazy\" decoding=\"async\" src=\"https:\/\/kurt-singer.com\/thailand\/wp-content\/uploads\/sites\/7\/2024\/08\/2013-Pranarai.jpg\" width=\"980\" height=\"735\" srcset=\"https:\/\/kurt-singer.com\/thailand\/wp-content\/uploads\/sites\/7\/2024\/08\/2013-Pranarai.jpg 980w, https:\/\/kurt-singer.com\/thailand\/wp-content\/uploads\/sites\/7\/2024\/08\/2013-Pranarai-480x360.jpg 480w\" sizes=\"(min-width: 0px) and (max-width: 480px) 480px, (min-width: 481px) 980px, 100vw\" class=\"wp-image-13583\" \/><span class=\"et_overlay et_pb_inline_icon\" data-icon=\"T\"><\/span><\/span><\/a><\/div><div class=\"et_pb_text_2 et_pb_text et_pb_bg_layout_light et_pb_module et_block_module\"><div class=\"et_pb_text_inner\"><pre>\u00a0Wat Pranarai<\/pre>\n<\/div><\/div><div class=\"et_pb_image_1 et_pb_image et_pb_image_sticky et_pb_has_overlay et_pb_module et_block_module\"><a href=\"https:\/\/kurt-singer.com\/thailand\/wp-content\/uploads\/sites\/7\/2024\/08\/2012-Sutthahinda.jpg\" class=\"et_pb_lightbox_image\"><span class=\"et_pb_image_wrap\"><img loading=\"lazy\" decoding=\"async\" src=\"https:\/\/kurt-singer.com\/thailand\/wp-content\/uploads\/sites\/7\/2024\/08\/2012-Sutthahinda.jpg\" width=\"980\" height=\"735\" srcset=\"https:\/\/kurt-singer.com\/thailand\/wp-content\/uploads\/sites\/7\/2024\/08\/2012-Sutthahinda.jpg 980w, https:\/\/kurt-singer.com\/thailand\/wp-content\/uploads\/sites\/7\/2024\/08\/2012-Sutthahinda-480x360.jpg 480w\" sizes=\"(min-width: 0px) and (max-width: 480px) 480px, (min-width: 481px) 980px, 100vw\" class=\"wp-image-13584\" \/><span class=\"et_overlay et_pb_inline_icon\" data-icon=\"T\"><\/span><\/span><\/a><\/div><div class=\"et_pb_text_3 et_pb_text et_pb_bg_layout_light et_pb_module et_block_module\"><div class=\"et_pb_text_inner\"><pre>\u00a0Wat Sutthahinda<\/pre>\n<\/div><\/div><div class=\"et_pb_image_2 et_pb_image et_pb_image_sticky et_pb_has_overlay et_pb_module et_block_module\"><a href=\"https:\/\/kurt-singer.com\/thailand\/wp-content\/uploads\/sites\/7\/2024\/08\/2012-Salawan.jpg\" class=\"et_pb_lightbox_image\"><span class=\"et_pb_image_wrap\"><img loading=\"lazy\" decoding=\"async\" src=\"https:\/\/kurt-singer.com\/thailand\/wp-content\/uploads\/sites\/7\/2024\/08\/2012-Salawan.jpg\" width=\"980\" height=\"735\" srcset=\"https:\/\/kurt-singer.com\/thailand\/wp-content\/uploads\/sites\/7\/2024\/08\/2012-Salawan.jpg 980w, https:\/\/kurt-singer.com\/thailand\/wp-content\/uploads\/sites\/7\/2024\/08\/2012-Salawan-480x360.jpg 480w\" sizes=\"(min-width: 0px) and (max-width: 480px) 480px, (min-width: 481px) 980px, 100vw\" class=\"wp-image-13585\" \/><span class=\"et_overlay et_pb_inline_icon\" data-icon=\"T\"><\/span><\/span><\/a><\/div><div class=\"et_pb_text_4 et_pb_text et_pb_bg_layout_light et_pb_module et_block_module\"><div class=\"et_pb_text_inner\"><pre>\u00a0Wat Phra Salawan<\/pre>\n<\/div><\/div><div class=\"et_pb_image_3 et_pb_image et_pb_image_sticky et_pb_has_overlay et_pb_module et_block_module\"><a href=\"https:\/\/kurt-singer.com\/thailand\/wp-content\/uploads\/sites\/7\/2024\/08\/2012-Pferde.jpg\" class=\"et_pb_lightbox_image\"><span class=\"et_pb_image_wrap\"><img loading=\"lazy\" decoding=\"async\" src=\"https:\/\/kurt-singer.com\/thailand\/wp-content\/uploads\/sites\/7\/2024\/08\/2012-Pferde.jpg\" width=\"980\" height=\"735\" srcset=\"https:\/\/kurt-singer.com\/thailand\/wp-content\/uploads\/sites\/7\/2024\/08\/2012-Pferde.jpg 980w, https:\/\/kurt-singer.com\/thailand\/wp-content\/uploads\/sites\/7\/2024\/08\/2012-Pferde-480x360.jpg 480w\" sizes=\"(min-width: 0px) and (max-width: 480px) 480px, (min-width: 481px) 980px, 100vw\" class=\"wp-image-13586\" \/><span class=\"et_overlay et_pb_inline_icon\" data-icon=\"T\"><\/span><\/span><\/a><\/div><div class=\"et_pb_text_5 et_pb_text et_pb_bg_layout_light et_pb_module et_block_module\"><div class=\"et_pb_text_inner\"><pre>Pferdebad<\/pre>\n<\/div><\/div><div class=\"et_pb_image_4 et_pb_image et_pb_image_sticky et_pb_has_overlay et_pb_module et_block_module\"><a href=\"https:\/\/kurt-singer.com\/thailand\/wp-content\/uploads\/sites\/7\/2024\/08\/2012-YaMo.jpg\" class=\"et_pb_lightbox_image\"><span class=\"et_pb_image_wrap\"><img loading=\"lazy\" decoding=\"async\" src=\"https:\/\/kurt-singer.com\/thailand\/wp-content\/uploads\/sites\/7\/2024\/08\/2012-YaMo.jpg\" width=\"980\" height=\"735\" srcset=\"https:\/\/kurt-singer.com\/thailand\/wp-content\/uploads\/sites\/7\/2024\/08\/2012-YaMo.jpg 980w, https:\/\/kurt-singer.com\/thailand\/wp-content\/uploads\/sites\/7\/2024\/08\/2012-YaMo-480x360.jpg 480w\" sizes=\"(min-width: 0px) and (max-width: 480px) 480px, (min-width: 481px) 980px, 100vw\" class=\"wp-image-13587\" \/><span class=\"et_overlay et_pb_inline_icon\" data-icon=\"T\"><\/span><\/span><\/a><\/div><div class=\"et_pb_text_6 et_pb_text et_pb_bg_layout_light et_pb_module et_block_module\"><div class=\"et_pb_text_inner\"><pre>Ya Mo bei Nacht<\/pre>\n<\/div><\/div><\/div><\/div><\/div>\n","protected":false},"excerpt":{"rendered":"","protected":false},"author":1,"featured_media":0,"parent":0,"menu_order":0,"comment_status":"closed","ping_status":"closed","template":"","meta":{"footnotes":""},"class_list":["post-15783","page","type-page","status-publish","hentry"],"_links":{"self":[{"href":"https:\/\/kurt-singer.com\/thailand\/wp-json\/wp\/v2\/pages\/15783","targetHints":{"allow":["GET"]}}],"collection":[{"href":"https:\/\/kurt-singer.com\/thailand\/wp-json\/wp\/v2\/pages"}],"about":[{"href":"https:\/\/kurt-singer.com\/thailand\/wp-json\/wp\/v2\/types\/page"}],"author":[{"embeddable":true,"href":"https:\/\/kurt-singer.com\/thailand\/wp-json\/wp\/v2\/users\/1"}],"replies":[{"embeddable":true,"href":"https:\/\/kurt-singer.com\/thailand\/wp-json\/wp\/v2\/comments?post=15783"}],"version-history":[{"count":4,"href":"https:\/\/kurt-singer.com\/thailand\/wp-json\/wp\/v2\/pages\/15783\/revisions"}],"predecessor-version":[{"id":16155,"href":"https:\/\/kurt-singer.com\/thailand\/wp-json\/wp\/v2\/pages\/15783\/revisions\/16155"}],"wp:attachment":[{"href":"https:\/\/kurt-singer.com\/thailand\/wp-json\/wp\/v2\/media?parent=15783"}],"curies":[{"name":"wp","href":"https:\/\/api.w.org\/{rel}","templated":true}]}}