{"id":15787,"date":"2024-08-13T22:16:48","date_gmt":"2024-08-13T20:16:48","guid":{"rendered":"https:\/\/kurt-singer.com\/thailand\/?page_id=15787"},"modified":"2026-03-25T00:46:31","modified_gmt":"2026-03-24T23:46:31","slug":"2012-gluecksprinzip","status":"publish","type":"page","link":"https:\/\/kurt-singer.com\/thailand\/2012-gluecksprinzip\/","title":{"rendered":"2012 Gl\u00fccksprinzip"},"content":{"rendered":"\n<div class=\"et_pb_section_0 et_pb_section et_section_regular et_block_section\"><div class=\"et_pb_row_0 et_pb_row et_block_row\"><div class=\"et_pb_column_0 et_pb_column et_pb_column_4_4 et-last-child et_block_column et_pb_css_mix_blend_mode_passthrough\"><div class=\"et_pb_menu_0 et_pb_menu et_pb_menu--without-logo et_pb_menu--style-left_aligned et_dropdown_animation_fade et_pb_bg_layout_light et_pb_text_align_right-tablet et_pb_text_align_right-phone et_pb_module et_flex_module\"><div class=\"et_pb_menu_inner_container et_flex_module\"><div class=\"et_pb_menu__wrap\"><div class=\"et_pb_menu__menu\"><nav class=\"et-menu-nav\"><ul id=\"menu-reise2012\" class=\"et-menu nav downwards\"><li id=\"menu-item-15763\" class=\"et_pb_menu_page_id-15761 menu-item menu-item-type-post_type menu-item-object-page menu-item-has-children menu-item-15763\"><a href=\"https:\/\/kurt-singer.com\/thailand\/2012-vorwort\/\">Vorwort<\/a>\n<ul class=\"sub-menu\">\n\t<li id=\"menu-item-15804\" class=\"et_pb_menu_page_id-15765 menu-item menu-item-type-post_type menu-item-object-page menu-item-15804\"><a href=\"https:\/\/kurt-singer.com\/thailand\/2012-buchung\/\">2012 Buchung<\/a><\/li>\n\t<li id=\"menu-item-15803\" class=\"et_pb_menu_page_id-15767 menu-item menu-item-type-post_type menu-item-object-page menu-item-15803\"><a href=\"https:\/\/kurt-singer.com\/thailand\/2012-bangkok\/\">2012 Bangkok<\/a><\/li>\n\t<li id=\"menu-item-15801\" class=\"et_pb_menu_page_id-15769 menu-item menu-item-type-post_type menu-item-object-page menu-item-15801\"><a href=\"https:\/\/kurt-singer.com\/thailand\/2012-susanne-und-peter\/\">2012 Susanne und Peter<\/a><\/li>\n<\/ul>\n<\/li>\n<li id=\"menu-item-15816\" class=\"et_pb_menu_page_id-15771 menu-item menu-item-type-post_type menu-item-object-page menu-item-has-children menu-item-15816\"><a href=\"https:\/\/kurt-singer.com\/thailand\/2012-korat\/\">Korat<\/a>\n<ul class=\"sub-menu\">\n\t<li id=\"menu-item-15817\" class=\"et_pb_menu_page_id-15773 menu-item menu-item-type-post_type menu-item-object-page menu-item-15817\"><a href=\"https:\/\/kurt-singer.com\/thailand\/2012-nachbarskinder\/\">2012 Nachbarskinder<\/a><\/li>\n\t<li id=\"menu-item-15808\" class=\"et_pb_menu_page_id-15775 menu-item menu-item-type-post_type menu-item-object-page menu-item-15808\"><a href=\"https:\/\/kurt-singer.com\/thailand\/2012-begegnungen\/\">2012 Begegnungen<\/a><\/li>\n\t<li id=\"menu-item-15811\" class=\"et_pb_menu_page_id-15777 menu-item menu-item-type-post_type menu-item-object-page menu-item-15811\"><a href=\"https:\/\/kurt-singer.com\/thailand\/2012-die-toilette\/\">2012 Die Toilette<\/a><\/li>\n\t<li id=\"menu-item-15819\" class=\"et_pb_menu_page_id-15779 menu-item menu-item-type-post_type menu-item-object-page menu-item-15819\"><a href=\"https:\/\/kurt-singer.com\/thailand\/2012-nichtstun\/\">2012 Nichtstun<\/a><\/li>\n\t<li id=\"menu-item-15813\" class=\"et_pb_menu_page_id-15781 menu-item menu-item-type-post_type menu-item-object-page menu-item-15813\"><a href=\"https:\/\/kurt-singer.com\/thailand\/2012-erinnerungen\/\">2012 Erinnerungen<\/a><\/li>\n\t<li id=\"menu-item-15805\" class=\"et_pb_menu_page_id-15783 menu-item menu-item-type-post_type menu-item-object-page menu-item-15805\"><a href=\"https:\/\/kurt-singer.com\/thailand\/2012-29-wat\/\">2012 29 Wat<\/a><\/li>\n\t<li id=\"menu-item-15812\" class=\"et_pb_menu_page_id-15785 menu-item menu-item-type-post_type menu-item-object-page menu-item-15812\"><a href=\"https:\/\/kurt-singer.com\/thailand\/2012-die-treppe\/\">2012 Die Treppe<\/a><\/li>\n\t<li id=\"menu-item-15815\" class=\"et_pb_menu_page_id-15787 menu-item menu-item-type-post_type menu-item-object-page menu-item-15815\"><a href=\"https:\/\/kurt-singer.com\/thailand\/2012-gluecksprinzip\/\">2012 Gl\u00fccksprinzip<\/a><\/li>\n\t<li id=\"menu-item-15814\" class=\"et_pb_menu_page_id-15789 menu-item menu-item-type-post_type menu-item-object-page menu-item-15814\"><a href=\"https:\/\/kurt-singer.com\/thailand\/2012-gedanken\/\">2012 Gedanken<\/a><\/li>\n<\/ul>\n<\/li>\n<li id=\"menu-item-15806\" class=\"et_pb_menu_page_id-15791 menu-item menu-item-type-post_type menu-item-object-page menu-item-has-children menu-item-15806\"><a href=\"https:\/\/kurt-singer.com\/thailand\/2012-ausfluege\/\">Ausfl\u00fcge<\/a>\n<ul class=\"sub-menu\">\n\t<li id=\"menu-item-15810\" class=\"et_pb_menu_page_id-15793 menu-item menu-item-type-post_type menu-item-object-page menu-item-15810\"><a href=\"https:\/\/kurt-singer.com\/thailand\/2012-chaiyaphum\/\">2012 Chaiyaphum<\/a><\/li>\n\t<li id=\"menu-item-15820\" class=\"et_pb_menu_page_id-15795 menu-item menu-item-type-post_type menu-item-object-page menu-item-15820\"><a href=\"https:\/\/kurt-singer.com\/thailand\/2012-pak-tong-chai\/\">2012 Pak Tong Chai<\/a><\/li>\n<\/ul>\n<\/li>\n<li id=\"menu-item-15821\" class=\"et_pb_menu_page_id-15797 menu-item menu-item-type-post_type menu-item-object-page menu-item-15821\"><a href=\"https:\/\/kurt-singer.com\/thailand\/2012-rueckreise\/\">R\u00fcckreise<\/a><\/li>\n<li id=\"menu-item-15818\" class=\"et_pb_menu_page_id-15799 menu-item menu-item-type-post_type menu-item-object-page menu-item-15818\"><a href=\"https:\/\/kurt-singer.com\/thailand\/2012-nachbetrachtung\/\">Nachbetrachtung<\/a><\/li>\n<\/ul><\/nav><\/div><div class=\"et_mobile_nav_menu\"><div class=\"mobile_nav closed\"><span class=\"mobile_menu_bar\"><\/span><\/div><\/div><\/div><\/div><\/div><\/div><\/div><\/div><div class=\"et_pb_section_1 et_pb_section et_section_regular et_block_section\"><div class=\"et_pb_row_1 et_pb_row et_block_row\"><div class=\"et_pb_column_1 et_pb_column et_pb_column_4_4 et-last-child et_block_column et_pb_css_mix_blend_mode_passthrough\"><div class=\"et_pb_text_0 et_pb_text et_pb_bg_layout_light et_pb_module et_block_module\"><div class=\"et_pb_text_inner\"><h1>\u00a0Gedanken zum Weinen oder dem Gl\u00fccksprinzip<\/h1>\n<\/div><\/div><\/div><\/div><div class=\"et_pb_row_2 et_pb_row et_pb_row_3-4_1-4 et_block_row et_block_row_3-4_1-4\"><div class=\"et_pb_column_2 et_pb_column et_pb_column_3_4 et_block_column et_pb_css_mix_blend_mode_passthrough\"><div class=\"et_pb_text_1 et_pb_text et_pb_bg_layout_light et_pb_module et_block_module\"><div class=\"et_pb_text_inner\"><p>Ein Mann weint nicht. Weint nicht? Von wem habt Ihr diesen Unsinn gelernt? Ein Mann weint<\/p>\n<ul>\n<li>wenn er einen geliebten Menschen verloren hat<\/li>\n<li>wenn er seine Heimat gefunden und wieder verloren hat<\/li>\n<li>wenn er ein Sandkorn ins Auge kriegt<\/li>\n<li>wenn er den Film \"Das Gl\u00fccksprinzip\" bis zu Ende gesehen hat<\/li>\n<li>wenn er Abschied nehmen muss<\/li>\n<li>wenn er eine Treppe runterf\u00e4llt ud sich das Steissbein prellt<\/li>\n<li>wenn er nach drei Monaten seine Heimat verl\u00e4sst, um in seine Heimat zur\u00fcckzukehren<\/li>\n<li>wenn er sich von seiner Familie verabschiedet, um seine Familie wieder zu finden<\/li>\n<\/ul>\n<p>und tausend weitere Gr\u00fcnde findet, um zu weinen. Und ich meine wirklich weinen, nicht nur eine einzelne Tr\u00e4ne aus dem Auge dr\u00fccken.<\/p>\n<p>Ich habe heute alles so getan, wie es auch beschrieben wird, ohne dar\u00fcber nachzudenken. Ich habe achtsam gehandelt, das bedeutet aufmerksam und sehr bewusst. Ich habe zum letzten Mal den Weg von Tesco zum Haus in der Soi 12 zur\u00fcck gelegt, habe die Felder, die H\u00e4user, die B\u00e4ume und die Blumen betrachtet. Ich habe mittags zum letzten Mal mit Werner Gai Yang mit Som Dam in einem Foodstall in Korat gegessen, Ich habe abends zum letzten Mal eine Nudelsuppe in der Soi 6 gegessen und die W\u00e4sche in der Soi 8 abgeholt. Ich habe den Tisch abgewischt und das Notebook angeschlossen, und ich habe zum letzten Mal einen Tagebucheintrag gemacht. Und die Nachbarin von gegen\u00fcber, also die reiche Witwe, kommt, um sich zum dritten und vielleicht letzten Mal zu verabschieden. Mit einer grossen Geste zeigt sie auf ihre Brust und sagt, ich solle eine aussuchen. Verwirrt schaue ich, und sie h\u00e4lt in jeder Hand eine Schmuckhalskette. Sie sagt mir auch, welche ich aussuchen solle, die mit den grossen Steinen. Die halten k\u00fchl, fass doch mal an. Ich fasse einen der Steine an, er ist warm, und ich sage, dass er wirklich sch\u00f6n k\u00fchl ist. Und sie nimmt die Kette vom Hals und sie schenkt sie mir, ich solle sie doch auch wie den Ring und die Bluse f\u00fcr All mitnehmen. All wird sie m\u00f6gen und nie anziehen, aber ich nehme alles mit, damit sich All daf\u00fcr telefonisch bedanken kann, auch jetzt noch f\u00fcr die Halskette.<\/p>\n<p>Und ich habe bei allem gedacht, dass es das letzte Mal ist f\u00fcr dieses Jahr, und ich habe mich gefreut, dass ich es tun konnte. Und ich habe daran gedacht, wie es sein wird, wenn ich den Wechsel von daheim in Korat zu daheim in Koblenz vollzogen habe und am Montag meine geliebte Frau in die Arme nehme und meine Tochter und meine Enkelkinder.<\/p>\n<p>Ich habe eben noch im Bett einen Film (Das Gl\u00fccksprinzip) angeschaut und habe bei der Schussszene die Tr\u00e4nen nicht zur\u00fcckhalten k\u00f6nnen. Ich habe den Wecker gestellt auf 6 Uhr, und es ist jetzt eins, also nicht gen\u00fcgend Schlaf. Aber ich muss noch den Koffer packen, um 9 Uhr ist die Fahrt nach Bangkok geplant. Es wird sicher 10, denn wir sind ja in Thailand.<\/p>\n<p>Ich bin aufgeregt, der Heimflug naht. Ich kann nicht mehr richtig nachvollziehen, der wievielte Flug es auf einer Langstrecke wirklich ist, und bin trotzdem aufgeregt.<\/p>\n<p>Peter schrieb mir vor seinem R\u00fcckflug von Koh Samui in die Schweiz, dass auch der sch\u00f6nste Urlaub einmal zu Ende geht. F\u00fcr mich war es nicht nur Urlaub, denn ich war ja zu Hause. Und ich muss dar\u00fcber nachdenken, ob die Butter reicht zum Fr\u00fchst\u00fcck morgen oder besser heute fr\u00fch, Schinken habe ich keinen mehr, aber noch Streichk\u00e4se und Marmelade. Der Bohnenkaffee war vorgestern schon alle, seitdem trinke ich T\u00fctenkaffee. drei in eins, also Kaffee, Milch und Low Sugar aus der T\u00fcte, schmeckt nicht wirklich, aber der letzte Bohnenkaffee aus der Mall war auch nicht das Gelbe vom Ei.<\/p>\n<p>Dienstag wird es wieder der gewohnte Bohnenkaffe sein, frisch aufgebr\u00fcht, mit Br\u00f6tchen und einem Croissant. Und nicht alleine am Tisch, oder vielleicht doch, denn der Hunger kommt ja zu der von hier noch gewohnten Zeit, also 5 Stunden vor der Fr\u00fchstueckszeit in Koblenz. Ach, es wird sich ein wenig was \u00e4ndern, nicht alles, die Zeit wird sich wieder einpegeln, die drei Kilo mehr von der thail\u00e4ndischen K\u00fcche werde ich wahrscheinlich nicht so schnell wieder los. An meinem schon geschriebenen Resumee wird sich nichts \u00e4ndern.<\/p>\n<p>Gute Nacht. Ich habe fertig.<\/p>\n<\/div><\/div><\/div><div class=\"et_pb_column_3 et_pb_column et_pb_column_1_4 et-last-child et_block_column et_pb_css_mix_blend_mode_passthrough\"><div class=\"et_pb_text_2 et_pb_text et_pb_bg_layout_light et_pb_module et_block_module\"><div class=\"et_pb_text_inner\"><h2>\u00a0Korat Ansichten<\/h2>\n<\/div><\/div><div class=\"et_pb_image_0 et_pb_image et_pb_image_sticky et_pb_has_overlay et_pb_module et_block_module\"><a href=\"https:\/\/kurt-singer.com\/thailand\/wp-content\/uploads\/sites\/7\/2024\/08\/2012-Korat-1.jpg\" class=\"et_pb_lightbox_image\"><span class=\"et_pb_image_wrap\"><img loading=\"lazy\" decoding=\"async\" src=\"https:\/\/kurt-singer.com\/thailand\/wp-content\/uploads\/sites\/7\/2024\/08\/2012-Korat-1.jpg\" width=\"980\" height=\"735\" srcset=\"https:\/\/kurt-singer.com\/thailand\/wp-content\/uploads\/sites\/7\/2024\/08\/2012-Korat-1.jpg 980w, https:\/\/kurt-singer.com\/thailand\/wp-content\/uploads\/sites\/7\/2024\/08\/2012-Korat-1-480x360.jpg 480w\" sizes=\"(min-width: 0px) and (max-width: 480px) 480px, (min-width: 481px) 980px, 100vw\" class=\"wp-image-13574\" \/><span class=\"et_overlay et_pb_inline_icon\" data-icon=\"T\"><\/span><\/span><\/a><\/div><div class=\"et_pb_text_3 et_pb_text et_pb_bg_layout_light et_pb_module et_block_module\"><div class=\"et_pb_text_inner\"><pre>\u00a0Wassergraben<\/pre>\n<\/div><\/div><div class=\"et_pb_image_1 et_pb_image et_pb_image_sticky et_pb_has_overlay et_pb_module et_block_module\"><a href=\"https:\/\/kurt-singer.com\/thailand\/wp-content\/uploads\/sites\/7\/2024\/08\/2012-Korat-2.jpg\" class=\"et_pb_lightbox_image\"><span class=\"et_pb_image_wrap\"><img loading=\"lazy\" decoding=\"async\" src=\"https:\/\/kurt-singer.com\/thailand\/wp-content\/uploads\/sites\/7\/2024\/08\/2012-Korat-2.jpg\" width=\"980\" height=\"735\" srcset=\"https:\/\/kurt-singer.com\/thailand\/wp-content\/uploads\/sites\/7\/2024\/08\/2012-Korat-2.jpg 980w, https:\/\/kurt-singer.com\/thailand\/wp-content\/uploads\/sites\/7\/2024\/08\/2012-Korat-2-480x360.jpg 480w\" sizes=\"(min-width: 0px) and (max-width: 480px) 480px, (min-width: 481px) 980px, 100vw\" class=\"wp-image-13575\" \/><span class=\"et_overlay et_pb_inline_icon\" data-icon=\"T\"><\/span><\/span><\/a><\/div><div class=\"et_pb_text_4 et_pb_text et_pb_bg_layout_light et_pb_module et_block_module\"><div class=\"et_pb_text_inner\"><pre>Die Stadtmauer<\/pre>\n<\/div><\/div><div class=\"et_pb_image_2 et_pb_image et_pb_image_sticky et_pb_has_overlay et_pb_module et_block_module\"><a href=\"https:\/\/kurt-singer.com\/thailand\/wp-content\/uploads\/sites\/7\/2024\/08\/2012-Korat-3.jpg\" class=\"et_pb_lightbox_image\"><span class=\"et_pb_image_wrap\"><img loading=\"lazy\" decoding=\"async\" src=\"https:\/\/kurt-singer.com\/thailand\/wp-content\/uploads\/sites\/7\/2024\/08\/2012-Korat-3.jpg\" width=\"980\" height=\"735\" srcset=\"https:\/\/kurt-singer.com\/thailand\/wp-content\/uploads\/sites\/7\/2024\/08\/2012-Korat-3.jpg 980w, https:\/\/kurt-singer.com\/thailand\/wp-content\/uploads\/sites\/7\/2024\/08\/2012-Korat-3-480x360.jpg 480w\" sizes=\"(min-width: 0px) and (max-width: 480px) 480px, (min-width: 481px) 980px, 100vw\" class=\"wp-image-13576\" \/><span class=\"et_overlay et_pb_inline_icon\" data-icon=\"T\"><\/span><\/span><\/a><\/div><div class=\"et_pb_text_5 et_pb_text et_pb_bg_layout_light et_pb_module et_block_module\"><div class=\"et_pb_text_inner\"><pre>\u00a0Tiefschlaf im Park<\/pre>\n<\/div><\/div><div class=\"et_pb_image_3 et_pb_image et_pb_image_sticky et_pb_has_overlay et_pb_module et_block_module\"><a href=\"https:\/\/kurt-singer.com\/thailand\/wp-content\/uploads\/sites\/7\/2024\/08\/2012-Korat-5.jpg\" class=\"et_pb_lightbox_image\"><span class=\"et_pb_image_wrap\"><img loading=\"lazy\" decoding=\"async\" src=\"https:\/\/kurt-singer.com\/thailand\/wp-content\/uploads\/sites\/7\/2024\/08\/2012-Korat-5.jpg\" width=\"980\" height=\"735\" srcset=\"https:\/\/kurt-singer.com\/thailand\/wp-content\/uploads\/sites\/7\/2024\/08\/2012-Korat-5.jpg 980w, https:\/\/kurt-singer.com\/thailand\/wp-content\/uploads\/sites\/7\/2024\/08\/2012-Korat-5-480x360.jpg 480w\" sizes=\"(min-width: 0px) and (max-width: 480px) 480px, (min-width: 481px) 980px, 100vw\" class=\"wp-image-13577\" \/><span class=\"et_overlay et_pb_inline_icon\" data-icon=\"T\"><\/span><\/span><\/a><\/div><div class=\"et_pb_text_6 et_pb_text et_pb_bg_layout_light et_pb_module et_block_module\"><div class=\"et_pb_text_inner\"><pre>Marktszene<\/pre>\n<\/div><\/div><div class=\"et_pb_image_4 et_pb_image et_pb_image_sticky et_pb_has_overlay et_pb_module et_block_module\"><a href=\"https:\/\/kurt-singer.com\/thailand\/wp-content\/uploads\/sites\/7\/2024\/08\/2012-Korat-4.jpg\" class=\"et_pb_lightbox_image\"><span class=\"et_pb_image_wrap\"><img loading=\"lazy\" decoding=\"async\" src=\"https:\/\/kurt-singer.com\/thailand\/wp-content\/uploads\/sites\/7\/2024\/08\/2012-Korat-4.jpg\" width=\"980\" height=\"735\" srcset=\"https:\/\/kurt-singer.com\/thailand\/wp-content\/uploads\/sites\/7\/2024\/08\/2012-Korat-4.jpg 980w, https:\/\/kurt-singer.com\/thailand\/wp-content\/uploads\/sites\/7\/2024\/08\/2012-Korat-4-480x360.jpg 480w\" sizes=\"(min-width: 0px) and (max-width: 480px) 480px, (min-width: 481px) 980px, 100vw\" class=\"wp-image-13578\" \/><span class=\"et_overlay et_pb_inline_icon\" data-icon=\"T\"><\/span><\/span><\/a><\/div><div class=\"et_pb_text_7 et_pb_text et_pb_bg_layout_light et_pb_module et_block_module\"><div class=\"et_pb_text_inner\"><pre>Handwaffen<\/pre>\n<\/div><\/div><\/div><\/div><\/div>\n","protected":false},"excerpt":{"rendered":"","protected":false},"author":1,"featured_media":0,"parent":0,"menu_order":0,"comment_status":"closed","ping_status":"closed","template":"","meta":{"footnotes":""},"class_list":["post-15787","page","type-page","status-publish","hentry"],"_links":{"self":[{"href":"https:\/\/kurt-singer.com\/thailand\/wp-json\/wp\/v2\/pages\/15787","targetHints":{"allow":["GET"]}}],"collection":[{"href":"https:\/\/kurt-singer.com\/thailand\/wp-json\/wp\/v2\/pages"}],"about":[{"href":"https:\/\/kurt-singer.com\/thailand\/wp-json\/wp\/v2\/types\/page"}],"author":[{"embeddable":true,"href":"https:\/\/kurt-singer.com\/thailand\/wp-json\/wp\/v2\/users\/1"}],"replies":[{"embeddable":true,"href":"https:\/\/kurt-singer.com\/thailand\/wp-json\/wp\/v2\/comments?post=15787"}],"version-history":[{"count":4,"href":"https:\/\/kurt-singer.com\/thailand\/wp-json\/wp\/v2\/pages\/15787\/revisions"}],"predecessor-version":[{"id":16157,"href":"https:\/\/kurt-singer.com\/thailand\/wp-json\/wp\/v2\/pages\/15787\/revisions\/16157"}],"wp:attachment":[{"href":"https:\/\/kurt-singer.com\/thailand\/wp-json\/wp\/v2\/media?parent=15787"}],"curies":[{"name":"wp","href":"https:\/\/api.w.org\/{rel}","templated":true}]}}